{"id":8042,"date":"2024-12-16T20:39:32","date_gmt":"2024-12-16T20:39:32","guid":{"rendered":"https:\/\/www.curavitalis.nl\/webshop\/?product=verasupplements-super-magnesium-complex"},"modified":"2026-04-17T07:01:59","modified_gmt":"2026-04-17T06:01:59","slug":"super-magnesium-complex","status":"publish","type":"product","link":"https:\/\/www.curavitalis.nl\/webshop\/product\/super-magnesium-complex\/","title":{"rendered":"VeraSupplements Super Magnesium-Complex"},"content":{"rendered":"<h1 data-section-id=\"14xat94\" data-start=\"97\" data-end=\"157\"><span role=\"text\"><strong data-start=\"99\" data-end=\"157\">VeraSupplements Super Magnesium-Complex<\/strong><\/span><\/h1>\n<p data-start=\"159\" data-end=\"244\">VeraSupplements Super Magnesium-Complex met 4 magnesiumvormen voor dagelijks gebruik.<\/p>\n<hr data-start=\"246\" data-end=\"249\" \/>\n<h2 data-section-id=\"1qvz5np\" data-start=\"251\" data-end=\"297\"><span role=\"text\"><strong data-start=\"254\" data-end=\"297\">VeraSupplements Super Magnesium-Complex<\/strong><\/span><\/h2>\n<p data-start=\"299\" data-end=\"432\">Het <strong data-start=\"303\" data-end=\"346\">VeraSupplements Super Magnesium-Complex<\/strong> is een voedingssupplement met vier verschillende vormen van magnesium in \u00e9\u00e9n formule.<\/p>\n<p data-start=\"434\" data-end=\"632\">Door de combinatie van onder andere bisglycinaat, citraat, malaat en gluconaat wordt dit supplement gebruikt binnen een dagelijkse routine waarin aandacht is voor balans en aanvulling van magnesium.<\/p>\n<hr data-start=\"634\" data-end=\"637\" \/>\n<h2 data-section-id=\"1mfvd3a\" data-start=\"639\" data-end=\"699\"><span role=\"text\"><strong data-start=\"642\" data-end=\"699\">Kenmerken van VeraSupplements Super Magnesium-Complex<\/strong><\/span><\/h2>\n<ul data-start=\"701\" data-end=\"906\">\n<li data-section-id=\"z1pa9a\" data-start=\"701\" data-end=\"733\">Bevat 4 vormen van magnesium<\/li>\n<li data-section-id=\"1rhrq6d\" data-start=\"734\" data-end=\"771\">Met Albion\u00ae magnesiumbisglycinaat<\/li>\n<li data-section-id=\"wpedf4\" data-start=\"772\" data-end=\"818\">Aangevuld met citraat, malaat en gluconaat<\/li>\n<li data-section-id=\"13mqqzy\" data-start=\"819\" data-end=\"845\">Capsulevorm (vegicaps)<\/li>\n<li data-section-id=\"mcsldh\" data-start=\"846\" data-end=\"881\">Geschikt voor dagelijks gebruik<\/li>\n<li data-section-id=\"dflc9o\" data-start=\"882\" data-end=\"906\">Inhoud: 100 capsules<\/li>\n<\/ul>\n<hr data-start=\"908\" data-end=\"911\" \/>\n<h2 data-section-id=\"1rz1a6r\" data-start=\"913\" data-end=\"933\"><span role=\"text\"><strong data-start=\"916\" data-end=\"933\">Samenstelling<\/strong><\/span><\/h2>\n<h3 data-section-id=\"1dgalv5\" data-start=\"935\" data-end=\"971\"><span role=\"text\"><strong data-start=\"939\" data-end=\"971\">Per dagdosering (2 capsules)<\/strong><\/span><\/h3>\n<ul data-start=\"973\" data-end=\"1056\">\n<li data-section-id=\"1gppwt\" data-start=\"973\" data-end=\"1056\">Magnesium: 262,5 mg (70% RI)<br data-start=\"1003\" data-end=\"1006\" \/>(als bisglycinaat, citraat, malaat en gluconaat)<\/li>\n<\/ul>\n<hr data-start=\"1058\" data-end=\"1061\" \/>\n<h2 data-section-id=\"1y0wrvp\" data-start=\"1063\" data-end=\"1082\"><span role=\"text\"><strong data-start=\"1066\" data-end=\"1082\">Ingredi\u00ebnten<\/strong><\/span><\/h2>\n<p data-start=\"1084\" data-end=\"1266\">Magnesium (bisglycinaat, citraat, malaat, gluconaat), capsulewand (HPMC), vulstof (microkristallijne cellulose), antiklontermiddelen (plantaardig magnesiumstearaat, siliciumdioxide).<\/p>\n<p data-start=\"1268\" data-end=\"1329\">Vrij van dierlijke gelatine, gluten, lactose en melkeiwitten.<\/p>\n<hr data-start=\"1331\" data-end=\"1334\" \/>\n<h2 data-section-id=\"10dtsqh\" data-start=\"1336\" data-end=\"1394\"><span role=\"text\"><strong data-start=\"1339\" data-end=\"1394\">Gebruik van VeraSupplements Super Magnesium-Complex<\/strong><\/span><\/h2>\n<h3 data-section-id=\"1f8579v\" data-start=\"1396\" data-end=\"1421\"><span role=\"text\"><strong data-start=\"1400\" data-end=\"1421\">Dagelijks gebruik<\/strong><\/span><\/h3>\n<ul data-start=\"1423\" data-end=\"1497\">\n<li data-section-id=\"1n75016\" data-start=\"1423\" data-end=\"1451\">2 keer per dag 1 capsule<\/li>\n<li data-section-id=\"qh6qrd\" data-start=\"1452\" data-end=\"1497\">Bij voorkeur innemen tijdens een maaltijd<\/li>\n<\/ul>\n<p data-start=\"1499\" data-end=\"1582\">Gebruik kan worden afgestemd op persoonlijke behoefte of advies van een deskundige.<\/p>\n<hr data-start=\"1584\" data-end=\"1587\" \/>\n<h2 data-section-id=\"1qj6r4i\" data-start=\"1589\" data-end=\"1624\"><span role=\"text\"><strong data-start=\"1592\" data-end=\"1624\">Waarom kiezen voor magnesium<\/strong><\/span><\/h2>\n<p data-start=\"1626\" data-end=\"1694\">Magnesium draagt bij aan diverse functies in het lichaam, waaronder:<\/p>\n<ul data-start=\"1696\" data-end=\"1947\">\n<li data-section-id=\"2nf73w\" data-start=\"1696\" data-end=\"1740\">een normale werking van het zenuwstelsel<\/li>\n<li data-section-id=\"11b0x7v\" data-start=\"1741\" data-end=\"1769\">een normale spierfunctie<\/li>\n<li data-section-id=\"xwefm2\" data-start=\"1770\" data-end=\"1813\">een normaal energieleverend metabolisme<\/li>\n<li data-section-id=\"1w3bxov\" data-start=\"1814\" data-end=\"1861\">de vermindering van vermoeidheid en moeheid<\/li>\n<li data-section-id=\"11c6vry\" data-start=\"1862\" data-end=\"1904\">het behoud van sterke botten en tanden<\/li>\n<li data-section-id=\"snzzn5\" data-start=\"1905\" data-end=\"1947\">een normale eiwitsynthese en celdeling<\/li>\n<\/ul>\n<hr data-start=\"1949\" data-end=\"1952\" \/>\n<h2 data-section-id=\"7zyxx\" data-start=\"1954\" data-end=\"1982\"><span role=\"text\"><strong data-start=\"1957\" data-end=\"1982\">Praktische informatie<\/strong><\/span><\/h2>\n<ul data-start=\"1984\" data-end=\"2057\">\n<li data-section-id=\"1srsoip\" data-start=\"1984\" data-end=\"2012\">Inhoud: 100 vegicapsules<\/li>\n<li data-section-id=\"nif01m\" data-start=\"2013\" data-end=\"2031\">Vorm: capsules<\/li>\n<li data-section-id=\"hv2cst\" data-start=\"2032\" data-end=\"2057\">Merk: VeraSupplements<\/li>\n<\/ul>\n<hr data-start=\"2059\" data-end=\"2062\" \/>\n<h2 data-section-id=\"1w0ogb5\" data-start=\"2064\" data-end=\"2093\"><span role=\"text\"><strong data-start=\"2067\" data-end=\"2093\">Belangrijke informatie<\/strong><\/span><\/h2>\n<p data-start=\"2095\" data-end=\"2133\">Dit product is een voedingssupplement.<\/p>\n<p data-start=\"2135\" data-end=\"2331\">Aanbevolen dosering niet overschrijden.<br data-start=\"2174\" data-end=\"2177\" \/>Een gevarieerde, evenwichtige voeding en een gezonde levensstijl zijn belangrijk.<br data-start=\"2258\" data-end=\"2261\" \/>Een voedingssupplement is geen vervanging van een gevarieerde voeding.<\/p>\n<p data-start=\"2333\" data-end=\"2441\">Buiten bereik van jonge kinderen houden.<br data-start=\"2373\" data-end=\"2376\" \/>Niet gebruiken bij overgevoeligheid voor \u00e9\u00e9n van de ingredi\u00ebnten.<\/p>\n","protected":false},"excerpt":{"rendered":"<p>Super Magnesium-Complex met 4 vormen van magnesium.<\/p>\n","protected":false},"featured_media":8043,"comment_status":"open","ping_status":"closed","template":"","meta":[],"product_cat":[957,1000],"product_tag":[5196,1020,9257,9254,9253,9256,5194,2334,9255,4796],"class_list":{"0":"post-8042","1":"product","2":"type-product","3":"status-publish","4":"has-post-thumbnail","6":"product_brand-verasupplements-biovitaal","7":"product_cat-magnesium","8":"product_cat-voedingssupplementen","9":"product_tag-albion-aminozuurchelaat","10":"product_tag-cura-vitalis","11":"product_tag-energie-en-spieren-magnesium","12":"product_tag-magnesium-bisglycinaat-citraat-malaat","13":"product_tag-magnesium-complex-capsules","14":"product_tag-magnesium-supplement-capsules","15":"product_tag-magnesium-complex","16":"product_tag-super","17":"product_tag-verasupplements-magnesium","18":"product_tag-verasupplements-biovitaal","20":"first","21":"instock","22":"taxable","23":"shipping-taxable","24":"purchasable","25":"product-type-simple"},"yoast_head":"<!-- This site is optimized with the Yoast SEO plugin v25.7 - https:\/\/yoast.com\/wordpress\/plugins\/seo\/ -->\n<title>Super Magnesium-Complex | Cura Vitalis<\/title>\n<meta name=\"description\" content=\"VeraSupplements Super Magnesium-Complex met 4 vormen van magnesium. 100 vegicapsules voor dagelijks gebruik. Bestel bij Cura Vitalis.\" \/>\n<meta name=\"robots\" content=\"index, follow, max-snippet:-1, max-image-preview:large, max-video-preview:-1\" \/>\n<link rel=\"canonical\" href=\"https:\/\/www.curavitalis.nl\/webshop\/product\/super-magnesium-complex\/\" \/>\n<meta property=\"og:locale\" content=\"nl_NL\" \/>\n<meta property=\"og:type\" content=\"article\" \/>\n<meta property=\"og:title\" content=\"Super Magnesium-Complex | Cura Vitalis\" \/>\n<meta property=\"og:description\" content=\"VeraSupplements Super Magnesium-Complex met 4 vormen van magnesium. 100 vegicapsules voor dagelijks gebruik. Bestel bij Cura Vitalis.\" \/>\n<meta property=\"og:url\" content=\"https:\/\/www.curavitalis.nl\/webshop\/product\/super-magnesium-complex\/\" \/>\n<meta property=\"og:site_name\" content=\"Cura Vitalis\" \/>\n<meta property=\"article:publisher\" content=\"https:\/\/www.facebook.com\/curavitalisnl\" \/>\n<meta property=\"article:modified_time\" content=\"2026-04-17T06:01:59+00:00\" \/>\n<meta property=\"og:image\" content=\"https:\/\/www.curavitalis.nl\/webshop\/wp-content\/uploads\/nc\/catalog\/producten\/Biovitaal\/veraupplements-super-magnesium-compl-curavitalis.jpg\" \/>\n\t<meta property=\"og:image:width\" content=\"710\" \/>\n\t<meta property=\"og:image:height\" content=\"600\" \/>\n\t<meta property=\"og:image:type\" content=\"image\/jpeg\" \/>\n<meta name=\"twitter:card\" content=\"summary_large_image\" \/>\n<meta name=\"twitter:label1\" content=\"Geschatte leestijd\" \/>\n\t<meta name=\"twitter:data1\" content=\"2 minuten\" \/>\n<script type=\"application\/ld+json\" class=\"yoast-schema-graph\">{\"@context\":\"https:\/\/schema.org\",\"@graph\":[{\"@type\":\"WebPage\",\"@id\":\"https:\/\/www.curavitalis.nl\/webshop\/product\/super-magnesium-complex\/\",\"url\":\"https:\/\/www.curavitalis.nl\/webshop\/product\/super-magnesium-complex\/\",\"name\":\"Super Magnesium-Complex | Cura Vitalis\",\"isPartOf\":{\"@id\":\"https:\/\/www.curavitalis.nl\/webshop\/#website\"},\"primaryImageOfPage\":{\"@id\":\"https:\/\/www.curavitalis.nl\/webshop\/product\/super-magnesium-complex\/#primaryimage\"},\"image\":{\"@id\":\"https:\/\/www.curavitalis.nl\/webshop\/product\/super-magnesium-complex\/#primaryimage\"},\"thumbnailUrl\":\"https:\/\/www.curavitalis.nl\/webshop\/wp-content\/uploads\/nc\/catalog\/producten\/Biovitaal\/veraupplements-super-magnesium-compl-curavitalis.jpg\",\"datePublished\":\"2024-12-16T20:39:32+00:00\",\"dateModified\":\"2026-04-17T06:01:59+00:00\",\"description\":\"VeraSupplements Super Magnesium-Complex met 4 vormen van magnesium. 100 vegicapsules voor dagelijks gebruik. Bestel bij Cura Vitalis.\",\"breadcrumb\":{\"@id\":\"https:\/\/www.curavitalis.nl\/webshop\/product\/super-magnesium-complex\/#breadcrumb\"},\"inLanguage\":\"nl-NL\",\"potentialAction\":[{\"@type\":\"ReadAction\",\"target\":[\"https:\/\/www.curavitalis.nl\/webshop\/product\/super-magnesium-complex\/\"]}]},{\"@type\":\"ImageObject\",\"inLanguage\":\"nl-NL\",\"@id\":\"https:\/\/www.curavitalis.nl\/webshop\/product\/super-magnesium-complex\/#primaryimage\",\"url\":\"https:\/\/www.curavitalis.nl\/webshop\/wp-content\/uploads\/nc\/catalog\/producten\/Biovitaal\/veraupplements-super-magnesium-compl-curavitalis.jpg\",\"contentUrl\":\"https:\/\/www.curavitalis.nl\/webshop\/wp-content\/uploads\/nc\/catalog\/producten\/Biovitaal\/veraupplements-super-magnesium-compl-curavitalis.jpg\",\"width\":710,\"height\":600,\"caption\":\"VeraSupplements Super Magnesium Complex 100 vegicapsules met 4 magnesiumvormen\"},{\"@type\":\"BreadcrumbList\",\"@id\":\"https:\/\/www.curavitalis.nl\/webshop\/product\/super-magnesium-complex\/#breadcrumb\",\"itemListElement\":[{\"@type\":\"ListItem\",\"position\":1,\"name\":\"Home\",\"item\":\"https:\/\/www.curavitalis.nl\/webshop\/\"},{\"@type\":\"ListItem\",\"position\":2,\"name\":\"Webshop\",\"item\":\"https:\/\/www.curavitalis.nl\/webshop\/webshop\/\"},{\"@type\":\"ListItem\",\"position\":3,\"name\":\"VeraSupplements Super Magnesium-Complex\"}]},{\"@type\":\"WebSite\",\"@id\":\"https:\/\/www.curavitalis.nl\/webshop\/#website\",\"url\":\"https:\/\/www.curavitalis.nl\/webshop\/\",\"name\":\"Cura Vitalis\",\"description\":\"Webshop\",\"publisher\":{\"@id\":\"https:\/\/www.curavitalis.nl\/webshop\/#organization\"},\"potentialAction\":[{\"@type\":\"SearchAction\",\"target\":{\"@type\":\"EntryPoint\",\"urlTemplate\":\"https:\/\/www.curavitalis.nl\/webshop\/?s={search_term_string}\"},\"query-input\":{\"@type\":\"PropertyValueSpecification\",\"valueRequired\":true,\"valueName\":\"search_term_string\"}}],\"inLanguage\":\"nl-NL\"},{\"@type\":\"Organization\",\"@id\":\"https:\/\/www.curavitalis.nl\/webshop\/#organization\",\"name\":\"Cura Vitalis\",\"url\":\"https:\/\/www.curavitalis.nl\/webshop\/\",\"logo\":{\"@type\":\"ImageObject\",\"inLanguage\":\"nl-NL\",\"@id\":\"https:\/\/www.curavitalis.nl\/webshop\/#\/schema\/logo\/image\/\",\"url\":\"https:\/\/www.curavitalis.nl\/webshop\/wp-content\/uploads\/2024\/10\/logo-curavitalis-small.png\",\"contentUrl\":\"https:\/\/www.curavitalis.nl\/webshop\/wp-content\/uploads\/2024\/10\/logo-curavitalis-small.png\",\"width\":350,\"height\":158,\"caption\":\"Cura Vitalis\"},\"image\":{\"@id\":\"https:\/\/www.curavitalis.nl\/webshop\/#\/schema\/logo\/image\/\"},\"sameAs\":[\"https:\/\/www.facebook.com\/curavitalisnl\"]}]}<\/script>\n<!-- \/ Yoast SEO plugin. -->","yoast_head_json":{"title":"Super Magnesium-Complex | Cura Vitalis","description":"VeraSupplements Super Magnesium-Complex met 4 vormen van magnesium. 100 vegicapsules voor dagelijks gebruik. Bestel bij Cura Vitalis.","robots":{"index":"index","follow":"follow","max-snippet":"max-snippet:-1","max-image-preview":"max-image-preview:large","max-video-preview":"max-video-preview:-1"},"canonical":"https:\/\/www.curavitalis.nl\/webshop\/product\/super-magnesium-complex\/","og_locale":"nl_NL","og_type":"article","og_title":"Super Magnesium-Complex | Cura Vitalis","og_description":"VeraSupplements Super Magnesium-Complex met 4 vormen van magnesium. 100 vegicapsules voor dagelijks gebruik. Bestel bij Cura Vitalis.","og_url":"https:\/\/www.curavitalis.nl\/webshop\/product\/super-magnesium-complex\/","og_site_name":"Cura Vitalis","article_publisher":"https:\/\/www.facebook.com\/curavitalisnl","article_modified_time":"2026-04-17T06:01:59+00:00","og_image":[{"width":710,"height":600,"url":"https:\/\/www.curavitalis.nl\/webshop\/wp-content\/uploads\/nc\/catalog\/producten\/Biovitaal\/veraupplements-super-magnesium-compl-curavitalis.jpg","type":"image\/jpeg"}],"twitter_card":"summary_large_image","twitter_misc":{"Geschatte leestijd":"2 minuten"},"schema":{"@context":"https:\/\/schema.org","@graph":[{"@type":"WebPage","@id":"https:\/\/www.curavitalis.nl\/webshop\/product\/super-magnesium-complex\/","url":"https:\/\/www.curavitalis.nl\/webshop\/product\/super-magnesium-complex\/","name":"Super Magnesium-Complex | Cura Vitalis","isPartOf":{"@id":"https:\/\/www.curavitalis.nl\/webshop\/#website"},"primaryImageOfPage":{"@id":"https:\/\/www.curavitalis.nl\/webshop\/product\/super-magnesium-complex\/#primaryimage"},"image":{"@id":"https:\/\/www.curavitalis.nl\/webshop\/product\/super-magnesium-complex\/#primaryimage"},"thumbnailUrl":"https:\/\/www.curavitalis.nl\/webshop\/wp-content\/uploads\/nc\/catalog\/producten\/Biovitaal\/veraupplements-super-magnesium-compl-curavitalis.jpg","datePublished":"2024-12-16T20:39:32+00:00","dateModified":"2026-04-17T06:01:59+00:00","description":"VeraSupplements Super Magnesium-Complex met 4 vormen van magnesium. 100 vegicapsules voor dagelijks gebruik. Bestel bij Cura Vitalis.","breadcrumb":{"@id":"https:\/\/www.curavitalis.nl\/webshop\/product\/super-magnesium-complex\/#breadcrumb"},"inLanguage":"nl-NL","potentialAction":[{"@type":"ReadAction","target":["https:\/\/www.curavitalis.nl\/webshop\/product\/super-magnesium-complex\/"]}]},{"@type":"ImageObject","inLanguage":"nl-NL","@id":"https:\/\/www.curavitalis.nl\/webshop\/product\/super-magnesium-complex\/#primaryimage","url":"https:\/\/www.curavitalis.nl\/webshop\/wp-content\/uploads\/nc\/catalog\/producten\/Biovitaal\/veraupplements-super-magnesium-compl-curavitalis.jpg","contentUrl":"https:\/\/www.curavitalis.nl\/webshop\/wp-content\/uploads\/nc\/catalog\/producten\/Biovitaal\/veraupplements-super-magnesium-compl-curavitalis.jpg","width":710,"height":600,"caption":"VeraSupplements Super Magnesium Complex 100 vegicapsules met 4 magnesiumvormen"},{"@type":"BreadcrumbList","@id":"https:\/\/www.curavitalis.nl\/webshop\/product\/super-magnesium-complex\/#breadcrumb","itemListElement":[{"@type":"ListItem","position":1,"name":"Home","item":"https:\/\/www.curavitalis.nl\/webshop\/"},{"@type":"ListItem","position":2,"name":"Webshop","item":"https:\/\/www.curavitalis.nl\/webshop\/webshop\/"},{"@type":"ListItem","position":3,"name":"VeraSupplements Super Magnesium-Complex"}]},{"@type":"WebSite","@id":"https:\/\/www.curavitalis.nl\/webshop\/#website","url":"https:\/\/www.curavitalis.nl\/webshop\/","name":"Cura Vitalis","description":"Webshop","publisher":{"@id":"https:\/\/www.curavitalis.nl\/webshop\/#organization"},"potentialAction":[{"@type":"SearchAction","target":{"@type":"EntryPoint","urlTemplate":"https:\/\/www.curavitalis.nl\/webshop\/?s={search_term_string}"},"query-input":{"@type":"PropertyValueSpecification","valueRequired":true,"valueName":"search_term_string"}}],"inLanguage":"nl-NL"},{"@type":"Organization","@id":"https:\/\/www.curavitalis.nl\/webshop\/#organization","name":"Cura Vitalis","url":"https:\/\/www.curavitalis.nl\/webshop\/","logo":{"@type":"ImageObject","inLanguage":"nl-NL","@id":"https:\/\/www.curavitalis.nl\/webshop\/#\/schema\/logo\/image\/","url":"https:\/\/www.curavitalis.nl\/webshop\/wp-content\/uploads\/2024\/10\/logo-curavitalis-small.png","contentUrl":"https:\/\/www.curavitalis.nl\/webshop\/wp-content\/uploads\/2024\/10\/logo-curavitalis-small.png","width":350,"height":158,"caption":"Cura Vitalis"},"image":{"@id":"https:\/\/www.curavitalis.nl\/webshop\/#\/schema\/logo\/image\/"},"sameAs":["https:\/\/www.facebook.com\/curavitalisnl"]}]}},"_links":{"self":[{"href":"https:\/\/www.curavitalis.nl\/webshop\/wp-json\/wp\/v2\/product\/8042","targetHints":{"allow":["GET"]}}],"collection":[{"href":"https:\/\/www.curavitalis.nl\/webshop\/wp-json\/wp\/v2\/product"}],"about":[{"href":"https:\/\/www.curavitalis.nl\/webshop\/wp-json\/wp\/v2\/types\/product"}],"replies":[{"embeddable":true,"href":"https:\/\/www.curavitalis.nl\/webshop\/wp-json\/wp\/v2\/comments?post=8042"}],"wp:featuredmedia":[{"embeddable":true,"href":"https:\/\/www.curavitalis.nl\/webshop\/wp-json\/wp\/v2\/media\/8043"}],"wp:attachment":[{"href":"https:\/\/www.curavitalis.nl\/webshop\/wp-json\/wp\/v2\/media?parent=8042"}],"wp:term":[{"taxonomy":"product_cat","embeddable":true,"href":"https:\/\/www.curavitalis.nl\/webshop\/wp-json\/wp\/v2\/product_cat?post=8042"},{"taxonomy":"product_tag","embeddable":true,"href":"https:\/\/www.curavitalis.nl\/webshop\/wp-json\/wp\/v2\/product_tag?post=8042"}],"curies":[{"name":"wp","href":"https:\/\/api.w.org\/{rel}","templated":true}]}}