{"id":7624,"date":"2023-05-14T18:31:10","date_gmt":"2023-05-14T18:31:10","guid":{"rendered":"https:\/\/www.curavitalis.nl\/webshop\/?product=aromed-lavendel-bio"},"modified":"2023-10-07T13:50:49","modified_gmt":"2023-10-07T13:50:49","slug":"aromed-lavendel","status":"publish","type":"product","link":"https:\/\/www.curavitalis.nl\/webshop\/product\/aromed-lavendel\/","title":{"rendered":"Aromed Lavendel bio"},"content":{"rendered":"<h1><span style=\"font-weight: bold;\">Aromed Lavendel bio 10 ml<\/span><\/h1>\n<p style=\"margin-bottom: 0px; font-style: normal; font-variant-caps: normal; font-stretch: normal; font-size: 13px; line-height: normal; font-family: &quot;Helvetica Neue&quot;; font-size-adjust: none; font-kerning: auto; font-variant-alternates: normal; font-variant-ligatures: normal; font-variant-numeric: normal; font-variant-east-asian: normal; font-variant-position: normal; font-feature-settings: normal; font-optical-sizing: auto; font-variation-settings: normal;\">Lavendel is qua werking een veelzijdige plant en kan worden ingezet voor vele doeleinden. <\/p>\n<p style=\"margin-bottom: 0px; font-style: normal; font-variant-caps: normal; font-stretch: normal; font-size: 13px; line-height: normal; font-family: &quot;Helvetica Neue&quot;; font-size-adjust: none; font-kerning: auto; font-variant-alternates: normal; font-variant-ligatures: normal; font-variant-numeric: normal; font-variant-east-asian: normal; font-variant-position: normal; font-feature-settings: normal; font-optical-sizing: auto; font-variation-settings: normal;\">Lavendel werkt opbeurende, maar is vooral goed zuiverend. Het werkt verzachtend, rust gevend en ontspannend. <\/p>\n<p style=\"margin-bottom: 0px; font-style: normal; font-variant-caps: normal; font-stretch: normal; font-size: 13px; line-height: normal; font-family: &quot;Helvetica Neue&quot;; font-size-adjust: none; font-kerning: auto; font-variant-alternates: normal; font-variant-ligatures: normal; font-variant-numeric: normal; font-variant-east-asian: normal; font-variant-position: normal; font-feature-settings: normal; font-optical-sizing: auto; font-variation-settings: normal;\">Lavendel mag puur op de huid aangebracht worden. Vooral op een zon verbrande huid, het verzacht en hersteld de huid snel.&nbsp;<\/p>\n<p style=\"margin-bottom: 0px; font-style: normal; font-variant-caps: normal; font-stretch: normal; font-size: 13px; line-height: normal; font-family: &quot;Helvetica Neue&quot;; font-size-adjust: none; font-kerning: auto; font-variant-alternates: normal; font-variant-ligatures: normal; font-variant-numeric: normal; font-variant-east-asian: normal; font-variant-position: normal; font-feature-settings: normal; font-optical-sizing: auto; font-variation-settings: normal;\">Lavendel is een groenblijvende, houtige struik die tot 1 meter hoog kan groeien, met lichtgroene, smalle, draadvormige bladeren en bloemen met een violet blauwe kleur. <\/p>\n<p style=\"margin-bottom: 0px; font-style: normal; font-variant-caps: normal; font-stretch: normal; font-size: 13px; line-height: normal; font-family: &quot;Helvetica Neue&quot;; font-size-adjust: none; font-kerning: auto; font-variant-alternates: normal; font-variant-ligatures: normal; font-variant-numeric: normal; font-variant-east-asian: normal; font-variant-position: normal; font-feature-settings: normal; font-optical-sizing: auto; font-variation-settings: normal;\">De Lavendel wordt nu overal ter wereld gecultiveerd, maar oorspronkelijk komt de plant o.a. uit Frankrijk, Spanje, Itali\u00eb, Engeland, Australi\u00eb, Tasmani\u00eb, Griekenland. <\/p>\n<p style=\"margin-bottom: 0px; font-style: normal; font-variant-caps: normal; font-stretch: normal; font-size: 13px; line-height: normal; font-family: &quot;Helvetica Neue&quot;; font-size-adjust: none; font-kerning: auto; font-variant-alternates: normal; font-variant-ligatures: normal; font-variant-numeric: normal; font-variant-east-asian: normal; font-variant-position: normal; font-feature-settings: normal; font-optical-sizing: auto; font-variation-settings: normal;\">De olie wordt door stoomdestillatie uit de bloeiende toppen gehaald en is een kleurloos tot lichtgeel met een zoet, bloemig, kruidige geur. <\/p>\n<p style=\"margin-bottom: 0px; font-style: normal; font-variant-caps: normal; font-stretch: normal; font-size: 13px; line-height: normal; font-family: &quot;Helvetica Neue&quot;; font-size-adjust: none; font-kerning: auto; font-variant-alternates: normal; font-variant-ligatures: normal; font-variant-numeric: normal; font-variant-east-asian: normal; font-variant-position: normal; font-feature-settings: normal; font-optical-sizing: auto; font-variation-settings: normal;\">Het wordt gebruikt in antiseptische zalven en als geurstofcomponent in zepen, cosmetica, lotions, parfums, en als smaakmiddel in voedingsmiddelen en dranken.<\/p>\n<p style=\"margin-bottom: 0px; font-style: normal; font-variant-caps: normal; font-stretch: normal; font-size: 13px; line-height: normal; font-family: &quot;Helvetica Neue&quot;; font-size-adjust: none; font-kerning: auto; font-variant-alternates: normal; font-variant-ligatures: normal; font-variant-numeric: normal; font-variant-east-asian: normal; font-variant-position: normal; font-feature-settings: normal; font-optical-sizing: auto; font-variation-settings: normal;\"><b><br \/><\/b><\/p>\n<p style=\"margin-bottom: 0px; font-style: normal; font-variant-caps: normal; font-stretch: normal; font-size: 13px; line-height: normal; font-family: &quot;Helvetica Neue&quot;; font-size-adjust: none; font-kerning: auto; font-variant-alternates: normal; font-variant-ligatures: normal; font-variant-numeric: normal; font-variant-east-asian: normal; font-variant-position: normal; font-feature-settings: normal; font-optical-sizing: auto; font-variation-settings: normal;\"><b>Ingredienten Aromed Lavendelolie:<\/b><br \/>\nLavandula augustifolia<\/p>\n<p style=\"margin-bottom: 0px; font-style: normal; font-variant-caps: normal; font-stretch: normal; font-size: 13px; line-height: normal; font-family: &quot;Helvetica Neue&quot;; font-size-adjust: none; font-kerning: auto; font-variant-alternates: normal; font-variant-ligatures: normal; font-variant-numeric: normal; font-variant-east-asian: normal; font-variant-position: normal; font-feature-settings: normal; font-optical-sizing: auto; font-variation-settings: normal;\"><b><br \/><\/b><\/p>\n<p style=\"margin-bottom: 0px; font-style: normal; font-variant-caps: normal; font-stretch: normal; font-size: 13px; line-height: normal; font-family: &quot;Helvetica Neue&quot;; font-size-adjust: none; font-kerning: auto; font-variant-alternates: normal; font-variant-ligatures: normal; font-variant-numeric: normal; font-variant-east-asian: normal; font-variant-position: normal; font-feature-settings: normal; font-optical-sizing: auto; font-variation-settings: normal;\"><b>Gebruik<\/b><br \/>\nEnkele druppels verdampen &nbsp;<br \/>\nInname in samenspraak met aromatherapeute.<br \/>\nKan ook worden gebruikt als mengsel bij basisolie voor huid of massage olie.<\/p>\n","protected":false},"excerpt":{"rendered":"<p>Aromed Lavendel bio 10 ml Lavendel is qua werking een [&hellip;]<\/p>\n","protected":false},"featured_media":7625,"comment_status":"open","ping_status":"closed","template":"","meta":[],"product_cat":[1005],"product_tag":[1607,1444,1179,1445],"class_list":{"0":"post-7624","1":"product","2":"type-product","3":"status-publish","4":"has-post-thumbnail","6":"product_brand-aromed","7":"product_cat-etherische-olien-essentiele-olien","8":"product_tag-aromed","9":"product_tag-etherische","10":"product_tag-lavendel","11":"product_tag-olien","13":"first","14":"instock","15":"taxable","16":"shipping-taxable","17":"purchasable","18":"product-type-simple"},"yoast_head":"<!-- This site is optimized with the Yoast SEO plugin v25.7 - https:\/\/yoast.com\/wordpress\/plugins\/seo\/ -->\n<title>AroMed Lavendel | Cura Vitalis<\/title>\n<meta name=\"description\" content=\"AroMed Lavendel - 10 ml (AroMed). AroMed Lavendel Lavendel is qua werking een veelzijdige plant en kan worden ingezet voor vele doeleinde.\" \/>\n<meta name=\"robots\" content=\"index, follow, max-snippet:-1, max-image-preview:large, max-video-preview:-1\" \/>\n<link rel=\"canonical\" href=\"https:\/\/www.curavitalis.nl\/webshop\/product\/aromed-lavendel\/\" \/>\n<meta property=\"og:locale\" content=\"nl_NL\" \/>\n<meta property=\"og:type\" content=\"article\" \/>\n<meta property=\"og:title\" content=\"AroMed Lavendel | Cura Vitalis\" \/>\n<meta property=\"og:description\" content=\"AroMed Lavendel - 10 ml (AroMed). AroMed Lavendel Lavendel is qua werking een veelzijdige plant en kan worden ingezet voor vele doeleinde.\" \/>\n<meta property=\"og:url\" content=\"https:\/\/www.curavitalis.nl\/webshop\/product\/aromed-lavendel\/\" \/>\n<meta property=\"og:site_name\" content=\"Cura Vitalis\" \/>\n<meta property=\"article:publisher\" content=\"https:\/\/www.facebook.com\/curavitalisnl\" \/>\n<meta property=\"article:modified_time\" content=\"2023-10-07T13:50:49+00:00\" \/>\n<meta property=\"og:image\" content=\"https:\/\/www.curavitalis.nl\/webshop\/wp-content\/uploads\/nc\/catalog\/producten\/Aromed\/Aromed-lavendel-Cura-Vitalis.jpg\" \/>\n\t<meta property=\"og:image:width\" content=\"710\" \/>\n\t<meta property=\"og:image:height\" content=\"600\" \/>\n\t<meta property=\"og:image:type\" content=\"image\/jpeg\" \/>\n<meta name=\"twitter:card\" content=\"summary_large_image\" \/>\n<meta name=\"twitter:label1\" content=\"Geschatte leestijd\" \/>\n\t<meta name=\"twitter:data1\" content=\"1 minuut\" \/>\n<script type=\"application\/ld+json\" class=\"yoast-schema-graph\">{\"@context\":\"https:\/\/schema.org\",\"@graph\":[{\"@type\":\"WebPage\",\"@id\":\"https:\/\/www.curavitalis.nl\/webshop\/product\/aromed-lavendel\/\",\"url\":\"https:\/\/www.curavitalis.nl\/webshop\/product\/aromed-lavendel\/\",\"name\":\"AroMed Lavendel | Cura Vitalis\",\"isPartOf\":{\"@id\":\"https:\/\/www.curavitalis.nl\/webshop\/#website\"},\"primaryImageOfPage\":{\"@id\":\"https:\/\/www.curavitalis.nl\/webshop\/product\/aromed-lavendel\/#primaryimage\"},\"image\":{\"@id\":\"https:\/\/www.curavitalis.nl\/webshop\/product\/aromed-lavendel\/#primaryimage\"},\"thumbnailUrl\":\"https:\/\/www.curavitalis.nl\/webshop\/wp-content\/uploads\/nc\/catalog\/producten\/Aromed\/Aromed-lavendel-Cura-Vitalis.jpg\",\"datePublished\":\"2023-05-14T18:31:10+00:00\",\"dateModified\":\"2023-10-07T13:50:49+00:00\",\"description\":\"AroMed Lavendel - 10 ml (AroMed). AroMed Lavendel Lavendel is qua werking een veelzijdige plant en kan worden ingezet voor vele doeleinde.\",\"breadcrumb\":{\"@id\":\"https:\/\/www.curavitalis.nl\/webshop\/product\/aromed-lavendel\/#breadcrumb\"},\"inLanguage\":\"nl-NL\",\"potentialAction\":[{\"@type\":\"ReadAction\",\"target\":[\"https:\/\/www.curavitalis.nl\/webshop\/product\/aromed-lavendel\/\"]}]},{\"@type\":\"ImageObject\",\"inLanguage\":\"nl-NL\",\"@id\":\"https:\/\/www.curavitalis.nl\/webshop\/product\/aromed-lavendel\/#primaryimage\",\"url\":\"https:\/\/www.curavitalis.nl\/webshop\/wp-content\/uploads\/nc\/catalog\/producten\/Aromed\/Aromed-lavendel-Cura-Vitalis.jpg\",\"contentUrl\":\"https:\/\/www.curavitalis.nl\/webshop\/wp-content\/uploads\/nc\/catalog\/producten\/Aromed\/Aromed-lavendel-Cura-Vitalis.jpg\",\"width\":710,\"height\":600,\"caption\":\"Aromed Lavendel bio\"},{\"@type\":\"BreadcrumbList\",\"@id\":\"https:\/\/www.curavitalis.nl\/webshop\/product\/aromed-lavendel\/#breadcrumb\",\"itemListElement\":[{\"@type\":\"ListItem\",\"position\":1,\"name\":\"Home\",\"item\":\"https:\/\/www.curavitalis.nl\/webshop\/\"},{\"@type\":\"ListItem\",\"position\":2,\"name\":\"Webshop\",\"item\":\"https:\/\/www.curavitalis.nl\/webshop\/webshop\/\"},{\"@type\":\"ListItem\",\"position\":3,\"name\":\"Aromed Lavendel bio\"}]},{\"@type\":\"WebSite\",\"@id\":\"https:\/\/www.curavitalis.nl\/webshop\/#website\",\"url\":\"https:\/\/www.curavitalis.nl\/webshop\/\",\"name\":\"Cura Vitalis\",\"description\":\"Webshop\",\"publisher\":{\"@id\":\"https:\/\/www.curavitalis.nl\/webshop\/#organization\"},\"potentialAction\":[{\"@type\":\"SearchAction\",\"target\":{\"@type\":\"EntryPoint\",\"urlTemplate\":\"https:\/\/www.curavitalis.nl\/webshop\/?s={search_term_string}\"},\"query-input\":{\"@type\":\"PropertyValueSpecification\",\"valueRequired\":true,\"valueName\":\"search_term_string\"}}],\"inLanguage\":\"nl-NL\"},{\"@type\":\"Organization\",\"@id\":\"https:\/\/www.curavitalis.nl\/webshop\/#organization\",\"name\":\"Cura Vitalis\",\"url\":\"https:\/\/www.curavitalis.nl\/webshop\/\",\"logo\":{\"@type\":\"ImageObject\",\"inLanguage\":\"nl-NL\",\"@id\":\"https:\/\/www.curavitalis.nl\/webshop\/#\/schema\/logo\/image\/\",\"url\":\"https:\/\/www.curavitalis.nl\/webshop\/wp-content\/uploads\/2024\/10\/logo-curavitalis-small.png\",\"contentUrl\":\"https:\/\/www.curavitalis.nl\/webshop\/wp-content\/uploads\/2024\/10\/logo-curavitalis-small.png\",\"width\":350,\"height\":158,\"caption\":\"Cura Vitalis\"},\"image\":{\"@id\":\"https:\/\/www.curavitalis.nl\/webshop\/#\/schema\/logo\/image\/\"},\"sameAs\":[\"https:\/\/www.facebook.com\/curavitalisnl\"]}]}<\/script>\n<!-- \/ Yoast SEO plugin. -->","yoast_head_json":{"title":"AroMed Lavendel | Cura Vitalis","description":"AroMed Lavendel - 10 ml (AroMed). AroMed Lavendel Lavendel is qua werking een veelzijdige plant en kan worden ingezet voor vele doeleinde.","robots":{"index":"index","follow":"follow","max-snippet":"max-snippet:-1","max-image-preview":"max-image-preview:large","max-video-preview":"max-video-preview:-1"},"canonical":"https:\/\/www.curavitalis.nl\/webshop\/product\/aromed-lavendel\/","og_locale":"nl_NL","og_type":"article","og_title":"AroMed Lavendel | Cura Vitalis","og_description":"AroMed Lavendel - 10 ml (AroMed). AroMed Lavendel Lavendel is qua werking een veelzijdige plant en kan worden ingezet voor vele doeleinde.","og_url":"https:\/\/www.curavitalis.nl\/webshop\/product\/aromed-lavendel\/","og_site_name":"Cura Vitalis","article_publisher":"https:\/\/www.facebook.com\/curavitalisnl","article_modified_time":"2023-10-07T13:50:49+00:00","og_image":[{"width":710,"height":600,"url":"https:\/\/www.curavitalis.nl\/webshop\/wp-content\/uploads\/nc\/catalog\/producten\/Aromed\/Aromed-lavendel-Cura-Vitalis.jpg","type":"image\/jpeg"}],"twitter_card":"summary_large_image","twitter_misc":{"Geschatte leestijd":"1 minuut"},"schema":{"@context":"https:\/\/schema.org","@graph":[{"@type":"WebPage","@id":"https:\/\/www.curavitalis.nl\/webshop\/product\/aromed-lavendel\/","url":"https:\/\/www.curavitalis.nl\/webshop\/product\/aromed-lavendel\/","name":"AroMed Lavendel | Cura Vitalis","isPartOf":{"@id":"https:\/\/www.curavitalis.nl\/webshop\/#website"},"primaryImageOfPage":{"@id":"https:\/\/www.curavitalis.nl\/webshop\/product\/aromed-lavendel\/#primaryimage"},"image":{"@id":"https:\/\/www.curavitalis.nl\/webshop\/product\/aromed-lavendel\/#primaryimage"},"thumbnailUrl":"https:\/\/www.curavitalis.nl\/webshop\/wp-content\/uploads\/nc\/catalog\/producten\/Aromed\/Aromed-lavendel-Cura-Vitalis.jpg","datePublished":"2023-05-14T18:31:10+00:00","dateModified":"2023-10-07T13:50:49+00:00","description":"AroMed Lavendel - 10 ml (AroMed). AroMed Lavendel Lavendel is qua werking een veelzijdige plant en kan worden ingezet voor vele doeleinde.","breadcrumb":{"@id":"https:\/\/www.curavitalis.nl\/webshop\/product\/aromed-lavendel\/#breadcrumb"},"inLanguage":"nl-NL","potentialAction":[{"@type":"ReadAction","target":["https:\/\/www.curavitalis.nl\/webshop\/product\/aromed-lavendel\/"]}]},{"@type":"ImageObject","inLanguage":"nl-NL","@id":"https:\/\/www.curavitalis.nl\/webshop\/product\/aromed-lavendel\/#primaryimage","url":"https:\/\/www.curavitalis.nl\/webshop\/wp-content\/uploads\/nc\/catalog\/producten\/Aromed\/Aromed-lavendel-Cura-Vitalis.jpg","contentUrl":"https:\/\/www.curavitalis.nl\/webshop\/wp-content\/uploads\/nc\/catalog\/producten\/Aromed\/Aromed-lavendel-Cura-Vitalis.jpg","width":710,"height":600,"caption":"Aromed Lavendel bio"},{"@type":"BreadcrumbList","@id":"https:\/\/www.curavitalis.nl\/webshop\/product\/aromed-lavendel\/#breadcrumb","itemListElement":[{"@type":"ListItem","position":1,"name":"Home","item":"https:\/\/www.curavitalis.nl\/webshop\/"},{"@type":"ListItem","position":2,"name":"Webshop","item":"https:\/\/www.curavitalis.nl\/webshop\/webshop\/"},{"@type":"ListItem","position":3,"name":"Aromed Lavendel bio"}]},{"@type":"WebSite","@id":"https:\/\/www.curavitalis.nl\/webshop\/#website","url":"https:\/\/www.curavitalis.nl\/webshop\/","name":"Cura Vitalis","description":"Webshop","publisher":{"@id":"https:\/\/www.curavitalis.nl\/webshop\/#organization"},"potentialAction":[{"@type":"SearchAction","target":{"@type":"EntryPoint","urlTemplate":"https:\/\/www.curavitalis.nl\/webshop\/?s={search_term_string}"},"query-input":{"@type":"PropertyValueSpecification","valueRequired":true,"valueName":"search_term_string"}}],"inLanguage":"nl-NL"},{"@type":"Organization","@id":"https:\/\/www.curavitalis.nl\/webshop\/#organization","name":"Cura Vitalis","url":"https:\/\/www.curavitalis.nl\/webshop\/","logo":{"@type":"ImageObject","inLanguage":"nl-NL","@id":"https:\/\/www.curavitalis.nl\/webshop\/#\/schema\/logo\/image\/","url":"https:\/\/www.curavitalis.nl\/webshop\/wp-content\/uploads\/2024\/10\/logo-curavitalis-small.png","contentUrl":"https:\/\/www.curavitalis.nl\/webshop\/wp-content\/uploads\/2024\/10\/logo-curavitalis-small.png","width":350,"height":158,"caption":"Cura Vitalis"},"image":{"@id":"https:\/\/www.curavitalis.nl\/webshop\/#\/schema\/logo\/image\/"},"sameAs":["https:\/\/www.facebook.com\/curavitalisnl"]}]}},"_links":{"self":[{"href":"https:\/\/www.curavitalis.nl\/webshop\/wp-json\/wp\/v2\/product\/7624","targetHints":{"allow":["GET"]}}],"collection":[{"href":"https:\/\/www.curavitalis.nl\/webshop\/wp-json\/wp\/v2\/product"}],"about":[{"href":"https:\/\/www.curavitalis.nl\/webshop\/wp-json\/wp\/v2\/types\/product"}],"replies":[{"embeddable":true,"href":"https:\/\/www.curavitalis.nl\/webshop\/wp-json\/wp\/v2\/comments?post=7624"}],"wp:featuredmedia":[{"embeddable":true,"href":"https:\/\/www.curavitalis.nl\/webshop\/wp-json\/wp\/v2\/media\/7625"}],"wp:attachment":[{"href":"https:\/\/www.curavitalis.nl\/webshop\/wp-json\/wp\/v2\/media?parent=7624"}],"wp:term":[{"taxonomy":"product_cat","embeddable":true,"href":"https:\/\/www.curavitalis.nl\/webshop\/wp-json\/wp\/v2\/product_cat?post=7624"},{"taxonomy":"product_tag","embeddable":true,"href":"https:\/\/www.curavitalis.nl\/webshop\/wp-json\/wp\/v2\/product_tag?post=7624"}],"curies":[{"name":"wp","href":"https:\/\/api.w.org\/{rel}","templated":true}]}}