{"id":7451,"date":"2010-10-16T17:10:58","date_gmt":"2010-10-16T16:10:58","guid":{"rendered":"https:\/\/www.curavitalis.nl\/webshop\/?product=actief-met-schusslerzouten"},"modified":"2026-01-22T16:23:54","modified_gmt":"2026-01-22T15:23:54","slug":"actief-met-schusslerzouten","status":"publish","type":"product","link":"https:\/\/www.curavitalis.nl\/webshop\/product\/actief-met-schusslerzouten\/","title":{"rendered":"Actief met Schusslerzouten"},"content":{"rendered":"<h3 data-start=\"158\" data-end=\"238\"><strong data-start=\"162\" data-end=\"238\">Pfl\u00fcger Actief met Schusslerzouten \u2013 Praktisch boek over 27 levenszouten<\/strong><\/h3>\n<p data-start=\"239\" data-end=\"582\">Ontdek de kracht van alle <strong data-start=\"265\" data-end=\"287\">27 Schusslerzouten<\/strong> met dit praktische en inspirerende boek. <strong data-start=\"329\" data-end=\"367\">Pfl\u00fcger Actief met Schusslerzouten<\/strong> biedt twaalf uitgekiende Schusslerkuren die je vitaliteit en zelfherstellend vermogen ondersteunen \u2013 afgestemd op elk jaargetijde. Ideaal voor wie op een natuurlijke manier zijn <strong data-start=\"546\" data-end=\"581\">lichaam en geest wil versterken<\/strong>.<\/p>\n<p data-start=\"584\" data-end=\"894\">Het boek bevat overzichtelijke informatie over de toepassing van <strong data-start=\"649\" data-end=\"696\">biochemische celzouten volgens Dr. Sch\u00fc\u00dfler<\/strong>, inclusief seizoensgebonden kuurschema\u2019s \u00e9n smakelijke recepten die elke kuur ondersteunen. Perfect voor mensen die hun gezondheid in eigen hand willen nemen met <strong data-start=\"859\" data-end=\"893\">Schusslerzouten in de praktijk<\/strong>.<\/p>\n<p data-start=\"896\" data-end=\"910\"><strong data-start=\"896\" data-end=\"910\">Voordelen:<\/strong><\/p>\n<ul>\n<li data-start=\"913\" data-end=\"942\">Bevat alle 27 Schusslerzouten<\/li>\n<li data-start=\"945\" data-end=\"978\">Praktische kuren voor elk seizoen<\/li>\n<li data-start=\"981\" data-end=\"1013\">Ondersteunt vitaliteit en balans<\/li>\n<li data-start=\"1016\" data-end=\"1051\">Inspirerende recepten bij elke kuur<\/li>\n<\/ul>\n<p data-start=\"1053\" data-end=\"1080\"><strong data-start=\"1053\" data-end=\"1071\">Samenstelling:<\/strong><br data-start=\"1071\" data-end=\"1074\" \/>Papier<\/p>\n<p data-start=\"1082\" data-end=\"1115\"><strong data-start=\"1082\" data-end=\"1094\">Gebruik:<\/strong><br data-start=\"1094\" data-end=\"1097\" \/>Lezen en toepassen<\/p>\n<p data-start=\"1117\" data-end=\"1208\"><strong data-start=\"1117\" data-end=\"1146\">Fabrikant \/ Distributeur:<\/strong><br data-start=\"1146\" data-end=\"1149\" \/>Uitgeverij Akasha, Brammershoopstraat 16, 7858 TC Eeserveen<\/p>\n<h4 data-start=\"892\" data-end=\"927\"><strong data-start=\"897\" data-end=\"927\">Welke kuren komen aan bod?<\/strong><\/h4>\n<ul>\n<li data-start=\"930\" data-end=\"941\">Powerkuur<\/li>\n<li data-start=\"944\" data-end=\"958\">Allergiekuur<\/li>\n<li data-start=\"961\" data-end=\"981\">Stofwisselingskuur<\/li>\n<li data-start=\"984\" data-end=\"996\">Krachtkuur<\/li>\n<li data-start=\"999\" data-end=\"1016\">Mooie-benenkuur<\/li>\n<li data-start=\"1019\" data-end=\"1030\">Zomerkuur<\/li>\n<li data-start=\"1033\" data-end=\"1049\">Well-agingkuur<\/li>\n<li data-start=\"1052\" data-end=\"1068\">Eerstehulpkuur<\/li>\n<li data-start=\"1071\" data-end=\"1086\">Weerstandkuur<\/li>\n<li data-start=\"1089\" data-end=\"1112\">Sterke-gewrichtenkuur<\/li>\n<li data-start=\"1115\" data-end=\"1133\">Energie-pluskuur<\/li>\n<li data-start=\"1136\" data-end=\"1147\">Basenkuur<\/li>\n<\/ul>\n<hr data-start=\"1149\" data-end=\"1152\" \/>\n<h3 data-start=\"1154\" data-end=\"1187\"><strong data-start=\"1158\" data-end=\"1187\">Wat zijn Sch\u00fcsslerzouten?<\/strong><\/h3>\n<p data-start=\"1188\" data-end=\"1480\"><strong data-start=\"1188\" data-end=\"1207\">Sch\u00fcsslerzouten<\/strong>, ook wel celzouten genoemd, zijn verdunde minerale verbindingen die in elke lichaamscel voorkomen. Ze vormen een aanvulling op de mineralen die via voeding worden opgenomen. Deze zouten worden ingezet om het evenwicht in het lichaam op een subtiele manier te ondersteunen.<\/p>\n<hr data-start=\"1482\" data-end=\"1485\" \/>\n<h3 data-start=\"1487\" data-end=\"1509\"><strong data-start=\"1491\" data-end=\"1509\">Over de auteur<\/strong><\/h3>\n<p data-start=\"1510\" data-end=\"1792\"><strong data-start=\"1510\" data-end=\"1536\">Margit M\u00fcller-Frahling<\/strong> is gespecialiseerd in de biochemie volgens dr. Sch\u00fcssler. Ze werkt als adviseur, opleider en vakjournalist, en heeft opleidingen gevolgd in gezondheidsadvisering en psychologie. Haar benadering is toegankelijk, praktisch en gericht op het dagelijks leven.<\/p>\n<hr data-start=\"1794\" data-end=\"1797\" \/>\n<p data-start=\"1799\" data-end=\"1987\"><strong data-start=\"1799\" data-end=\"1814\">Uitvoering:<\/strong><br data-start=\"1814\" data-end=\"1817\" \/>Paperback, 128 pagina\u2019s<br data-start=\"1840\" data-end=\"1843\" \/>EAN: 9789460151477<br data-start=\"1861\" data-end=\"1864\" \/>Oktober 2016<br data-start=\"1876\" data-end=\"1879\" \/>Uitgever: T.S. Health Products BV<br data-start=\"1912\" data-end=\"1915\" \/>Distributie: Uitgeverij Akasha, Brammershoopstraat 16, 7858 TC Eeserveen<\/p>\n<hr data-start=\"1989\" data-end=\"1992\" \/>\n<h3 data-start=\"1994\" data-end=\"2047\"><strong data-start=\"1998\" data-end=\"2047\">Andere aanbevolen boeken over Sch\u00fcsslerzouten<\/strong><\/h3>\n<ul data-start=\"2048\" data-end=\"2133\">\n<li data-start=\"2048\" data-end=\"2099\">\n<p data-start=\"2050\" data-end=\"2099\"><em data-start=\"2050\" data-end=\"2097\">Geneeskrachtige kuren met Sch\u00fcssler celzouten<\/em><\/p>\n<\/li>\n<li data-start=\"2100\" data-end=\"2133\">\n<p data-start=\"2102\" data-end=\"2133\"><em data-start=\"2102\" data-end=\"2133\">In balans met Sch\u00fcsslerzouten<\/em><\/p>\n<\/li>\n<\/ul>\n","protected":false},"excerpt":{"rendered":"<p>Pfl\u00fcger Actief met Schusslerzouten \u2013 Praktisch boek over 27 levenszouten [&hellip;]<\/p>\n","protected":false},"featured_media":7452,"comment_status":"open","ping_status":"closed","template":"","meta":[],"product_cat":[1012,1003,1001],"product_tag":[6992,2363,6988,5485,6994,6995,5818,2362,6987,2612,6993,6996,6991,6990,6989],"class_list":{"0":"post-7451","1":"product","2":"type-product","3":"status-publish","4":"has-post-thumbnail","6":"product_brand-pfluger-schussler","7":"product_cat-homeopathie","8":"product_cat-overige-gezondheidsproducten","9":"product_cat-overige-producten","10":"product_tag-akasha","11":"product_tag-celzouten","12":"product_tag-dr-schussler","13":"product_tag-energetische-ondersteuning","14":"product_tag-gezondheid-versterken","15":"product_tag-holistische-gezondheid","16":"product_tag-natuurlijke-gezondheid","17":"product_tag-pfluger","18":"product_tag-schuslerzouten","19":"product_tag-schusslerzouten","20":"product_tag-schussler-boek","21":"product_tag-schusslerzoutkuren","22":"product_tag-seizoenskuren","23":"product_tag-vitaliteit","24":"product_tag-zelfherstel","26":"first","27":"instock","28":"taxable","29":"shipping-taxable","30":"purchasable","31":"product-type-simple"},"yoast_head":"<!-- This site is optimized with the Yoast SEO plugin v25.7 - https:\/\/yoast.com\/wordpress\/plugins\/seo\/ -->\n<title>Actief met Schusslerzouten | Cura Vitalis<\/title>\n<meta name=\"description\" content=\"Actief met Schusslerzouten - boek (Pfluger \/ Schussler). Actief met Sch\u00fcsslerzouten, P fl\u00fcger, boek homeopathie Alle 27 Sch\u00fcsslerzouten praktisch toegepast voor vitaliteit en gezondheid De &#039;levenszouten&#039;, zoals de celzouten worden genoemd door dr.\" \/>\n<meta name=\"robots\" content=\"index, follow, max-snippet:-1, max-image-preview:large, max-video-preview:-1\" \/>\n<link rel=\"canonical\" href=\"https:\/\/www.curavitalis.nl\/webshop\/product\/actief-met-schusslerzouten\/\" \/>\n<meta property=\"og:locale\" content=\"nl_NL\" \/>\n<meta property=\"og:type\" content=\"article\" \/>\n<meta property=\"og:title\" content=\"Actief met Schusslerzouten | Cura Vitalis\" \/>\n<meta property=\"og:description\" content=\"Actief met Schusslerzouten - boek (Pfluger \/ Schussler). Actief met Sch\u00fcsslerzouten, P fl\u00fcger, boek homeopathie Alle 27 Sch\u00fcsslerzouten praktisch toegepast voor vitaliteit en gezondheid De &#039;levenszouten&#039;, zoals de celzouten worden genoemd door dr.\" \/>\n<meta property=\"og:url\" content=\"https:\/\/www.curavitalis.nl\/webshop\/product\/actief-met-schusslerzouten\/\" \/>\n<meta property=\"og:site_name\" content=\"Cura Vitalis\" \/>\n<meta property=\"article:publisher\" content=\"https:\/\/www.facebook.com\/curavitalisnl\" \/>\n<meta property=\"article:modified_time\" content=\"2026-01-22T15:23:54+00:00\" \/>\n<meta property=\"og:image\" content=\"https:\/\/www.curavitalis.nl\/webshop\/wp-content\/uploads\/nc\/catalog\/producten\/G-M-overig\/actief-met-schusslerzouten-cura-vitalis.jpg\" \/>\n\t<meta property=\"og:image:width\" content=\"710\" \/>\n\t<meta property=\"og:image:height\" content=\"600\" \/>\n\t<meta property=\"og:image:type\" content=\"image\/jpeg\" \/>\n<meta name=\"twitter:card\" content=\"summary_large_image\" \/>\n<meta name=\"twitter:label1\" content=\"Geschatte leestijd\" \/>\n\t<meta name=\"twitter:data1\" content=\"1 minuut\" \/>\n<script type=\"application\/ld+json\" class=\"yoast-schema-graph\">{\"@context\":\"https:\/\/schema.org\",\"@graph\":[{\"@type\":\"WebPage\",\"@id\":\"https:\/\/www.curavitalis.nl\/webshop\/product\/actief-met-schusslerzouten\/\",\"url\":\"https:\/\/www.curavitalis.nl\/webshop\/product\/actief-met-schusslerzouten\/\",\"name\":\"Actief met Schusslerzouten | Cura Vitalis\",\"isPartOf\":{\"@id\":\"https:\/\/www.curavitalis.nl\/webshop\/#website\"},\"primaryImageOfPage\":{\"@id\":\"https:\/\/www.curavitalis.nl\/webshop\/product\/actief-met-schusslerzouten\/#primaryimage\"},\"image\":{\"@id\":\"https:\/\/www.curavitalis.nl\/webshop\/product\/actief-met-schusslerzouten\/#primaryimage\"},\"thumbnailUrl\":\"https:\/\/www.curavitalis.nl\/webshop\/wp-content\/uploads\/nc\/catalog\/producten\/G-M-overig\/actief-met-schusslerzouten-cura-vitalis.jpg\",\"datePublished\":\"2010-10-16T16:10:58+00:00\",\"dateModified\":\"2026-01-22T15:23:54+00:00\",\"description\":\"Actief met Schusslerzouten - boek (Pfluger \/ Schussler). Actief met Sch\u00fcsslerzouten, P fl\u00fcger, boek homeopathie Alle 27 Sch\u00fcsslerzouten praktisch toegepast voor vitaliteit en gezondheid De 'levenszouten', zoals de celzouten worden genoemd door dr.\",\"breadcrumb\":{\"@id\":\"https:\/\/www.curavitalis.nl\/webshop\/product\/actief-met-schusslerzouten\/#breadcrumb\"},\"inLanguage\":\"nl-NL\",\"potentialAction\":[{\"@type\":\"ReadAction\",\"target\":[\"https:\/\/www.curavitalis.nl\/webshop\/product\/actief-met-schusslerzouten\/\"]}]},{\"@type\":\"ImageObject\",\"inLanguage\":\"nl-NL\",\"@id\":\"https:\/\/www.curavitalis.nl\/webshop\/product\/actief-met-schusslerzouten\/#primaryimage\",\"url\":\"https:\/\/www.curavitalis.nl\/webshop\/wp-content\/uploads\/nc\/catalog\/producten\/G-M-overig\/actief-met-schusslerzouten-cura-vitalis.jpg\",\"contentUrl\":\"https:\/\/www.curavitalis.nl\/webshop\/wp-content\/uploads\/nc\/catalog\/producten\/G-M-overig\/actief-met-schusslerzouten-cura-vitalis.jpg\",\"width\":710,\"height\":600,\"caption\":\"Actief met Schusslerzouten\"},{\"@type\":\"BreadcrumbList\",\"@id\":\"https:\/\/www.curavitalis.nl\/webshop\/product\/actief-met-schusslerzouten\/#breadcrumb\",\"itemListElement\":[{\"@type\":\"ListItem\",\"position\":1,\"name\":\"Home\",\"item\":\"https:\/\/www.curavitalis.nl\/webshop\/\"},{\"@type\":\"ListItem\",\"position\":2,\"name\":\"Webshop\",\"item\":\"https:\/\/www.curavitalis.nl\/webshop\/webshop\/\"},{\"@type\":\"ListItem\",\"position\":3,\"name\":\"Actief met Schusslerzouten\"}]},{\"@type\":\"WebSite\",\"@id\":\"https:\/\/www.curavitalis.nl\/webshop\/#website\",\"url\":\"https:\/\/www.curavitalis.nl\/webshop\/\",\"name\":\"Cura Vitalis\",\"description\":\"Webshop\",\"publisher\":{\"@id\":\"https:\/\/www.curavitalis.nl\/webshop\/#organization\"},\"potentialAction\":[{\"@type\":\"SearchAction\",\"target\":{\"@type\":\"EntryPoint\",\"urlTemplate\":\"https:\/\/www.curavitalis.nl\/webshop\/?s={search_term_string}\"},\"query-input\":{\"@type\":\"PropertyValueSpecification\",\"valueRequired\":true,\"valueName\":\"search_term_string\"}}],\"inLanguage\":\"nl-NL\"},{\"@type\":\"Organization\",\"@id\":\"https:\/\/www.curavitalis.nl\/webshop\/#organization\",\"name\":\"Cura Vitalis\",\"url\":\"https:\/\/www.curavitalis.nl\/webshop\/\",\"logo\":{\"@type\":\"ImageObject\",\"inLanguage\":\"nl-NL\",\"@id\":\"https:\/\/www.curavitalis.nl\/webshop\/#\/schema\/logo\/image\/\",\"url\":\"https:\/\/www.curavitalis.nl\/webshop\/wp-content\/uploads\/2024\/10\/logo-curavitalis-small.png\",\"contentUrl\":\"https:\/\/www.curavitalis.nl\/webshop\/wp-content\/uploads\/2024\/10\/logo-curavitalis-small.png\",\"width\":350,\"height\":158,\"caption\":\"Cura Vitalis\"},\"image\":{\"@id\":\"https:\/\/www.curavitalis.nl\/webshop\/#\/schema\/logo\/image\/\"},\"sameAs\":[\"https:\/\/www.facebook.com\/curavitalisnl\"]}]}<\/script>\n<!-- \/ Yoast SEO plugin. -->","yoast_head_json":{"title":"Actief met Schusslerzouten | Cura Vitalis","description":"Actief met Schusslerzouten - boek (Pfluger \/ Schussler). Actief met Sch\u00fcsslerzouten, P fl\u00fcger, boek homeopathie Alle 27 Sch\u00fcsslerzouten praktisch toegepast voor vitaliteit en gezondheid De 'levenszouten', zoals de celzouten worden genoemd door dr.","robots":{"index":"index","follow":"follow","max-snippet":"max-snippet:-1","max-image-preview":"max-image-preview:large","max-video-preview":"max-video-preview:-1"},"canonical":"https:\/\/www.curavitalis.nl\/webshop\/product\/actief-met-schusslerzouten\/","og_locale":"nl_NL","og_type":"article","og_title":"Actief met Schusslerzouten | Cura Vitalis","og_description":"Actief met Schusslerzouten - boek (Pfluger \/ Schussler). Actief met Sch\u00fcsslerzouten, P fl\u00fcger, boek homeopathie Alle 27 Sch\u00fcsslerzouten praktisch toegepast voor vitaliteit en gezondheid De 'levenszouten', zoals de celzouten worden genoemd door dr.","og_url":"https:\/\/www.curavitalis.nl\/webshop\/product\/actief-met-schusslerzouten\/","og_site_name":"Cura Vitalis","article_publisher":"https:\/\/www.facebook.com\/curavitalisnl","article_modified_time":"2026-01-22T15:23:54+00:00","og_image":[{"width":710,"height":600,"url":"https:\/\/www.curavitalis.nl\/webshop\/wp-content\/uploads\/nc\/catalog\/producten\/G-M-overig\/actief-met-schusslerzouten-cura-vitalis.jpg","type":"image\/jpeg"}],"twitter_card":"summary_large_image","twitter_misc":{"Geschatte leestijd":"1 minuut"},"schema":{"@context":"https:\/\/schema.org","@graph":[{"@type":"WebPage","@id":"https:\/\/www.curavitalis.nl\/webshop\/product\/actief-met-schusslerzouten\/","url":"https:\/\/www.curavitalis.nl\/webshop\/product\/actief-met-schusslerzouten\/","name":"Actief met Schusslerzouten | Cura Vitalis","isPartOf":{"@id":"https:\/\/www.curavitalis.nl\/webshop\/#website"},"primaryImageOfPage":{"@id":"https:\/\/www.curavitalis.nl\/webshop\/product\/actief-met-schusslerzouten\/#primaryimage"},"image":{"@id":"https:\/\/www.curavitalis.nl\/webshop\/product\/actief-met-schusslerzouten\/#primaryimage"},"thumbnailUrl":"https:\/\/www.curavitalis.nl\/webshop\/wp-content\/uploads\/nc\/catalog\/producten\/G-M-overig\/actief-met-schusslerzouten-cura-vitalis.jpg","datePublished":"2010-10-16T16:10:58+00:00","dateModified":"2026-01-22T15:23:54+00:00","description":"Actief met Schusslerzouten - boek (Pfluger \/ Schussler). Actief met Sch\u00fcsslerzouten, P fl\u00fcger, boek homeopathie Alle 27 Sch\u00fcsslerzouten praktisch toegepast voor vitaliteit en gezondheid De 'levenszouten', zoals de celzouten worden genoemd door dr.","breadcrumb":{"@id":"https:\/\/www.curavitalis.nl\/webshop\/product\/actief-met-schusslerzouten\/#breadcrumb"},"inLanguage":"nl-NL","potentialAction":[{"@type":"ReadAction","target":["https:\/\/www.curavitalis.nl\/webshop\/product\/actief-met-schusslerzouten\/"]}]},{"@type":"ImageObject","inLanguage":"nl-NL","@id":"https:\/\/www.curavitalis.nl\/webshop\/product\/actief-met-schusslerzouten\/#primaryimage","url":"https:\/\/www.curavitalis.nl\/webshop\/wp-content\/uploads\/nc\/catalog\/producten\/G-M-overig\/actief-met-schusslerzouten-cura-vitalis.jpg","contentUrl":"https:\/\/www.curavitalis.nl\/webshop\/wp-content\/uploads\/nc\/catalog\/producten\/G-M-overig\/actief-met-schusslerzouten-cura-vitalis.jpg","width":710,"height":600,"caption":"Actief met Schusslerzouten"},{"@type":"BreadcrumbList","@id":"https:\/\/www.curavitalis.nl\/webshop\/product\/actief-met-schusslerzouten\/#breadcrumb","itemListElement":[{"@type":"ListItem","position":1,"name":"Home","item":"https:\/\/www.curavitalis.nl\/webshop\/"},{"@type":"ListItem","position":2,"name":"Webshop","item":"https:\/\/www.curavitalis.nl\/webshop\/webshop\/"},{"@type":"ListItem","position":3,"name":"Actief met Schusslerzouten"}]},{"@type":"WebSite","@id":"https:\/\/www.curavitalis.nl\/webshop\/#website","url":"https:\/\/www.curavitalis.nl\/webshop\/","name":"Cura Vitalis","description":"Webshop","publisher":{"@id":"https:\/\/www.curavitalis.nl\/webshop\/#organization"},"potentialAction":[{"@type":"SearchAction","target":{"@type":"EntryPoint","urlTemplate":"https:\/\/www.curavitalis.nl\/webshop\/?s={search_term_string}"},"query-input":{"@type":"PropertyValueSpecification","valueRequired":true,"valueName":"search_term_string"}}],"inLanguage":"nl-NL"},{"@type":"Organization","@id":"https:\/\/www.curavitalis.nl\/webshop\/#organization","name":"Cura Vitalis","url":"https:\/\/www.curavitalis.nl\/webshop\/","logo":{"@type":"ImageObject","inLanguage":"nl-NL","@id":"https:\/\/www.curavitalis.nl\/webshop\/#\/schema\/logo\/image\/","url":"https:\/\/www.curavitalis.nl\/webshop\/wp-content\/uploads\/2024\/10\/logo-curavitalis-small.png","contentUrl":"https:\/\/www.curavitalis.nl\/webshop\/wp-content\/uploads\/2024\/10\/logo-curavitalis-small.png","width":350,"height":158,"caption":"Cura Vitalis"},"image":{"@id":"https:\/\/www.curavitalis.nl\/webshop\/#\/schema\/logo\/image\/"},"sameAs":["https:\/\/www.facebook.com\/curavitalisnl"]}]}},"_links":{"self":[{"href":"https:\/\/www.curavitalis.nl\/webshop\/wp-json\/wp\/v2\/product\/7451","targetHints":{"allow":["GET"]}}],"collection":[{"href":"https:\/\/www.curavitalis.nl\/webshop\/wp-json\/wp\/v2\/product"}],"about":[{"href":"https:\/\/www.curavitalis.nl\/webshop\/wp-json\/wp\/v2\/types\/product"}],"replies":[{"embeddable":true,"href":"https:\/\/www.curavitalis.nl\/webshop\/wp-json\/wp\/v2\/comments?post=7451"}],"wp:featuredmedia":[{"embeddable":true,"href":"https:\/\/www.curavitalis.nl\/webshop\/wp-json\/wp\/v2\/media\/7452"}],"wp:attachment":[{"href":"https:\/\/www.curavitalis.nl\/webshop\/wp-json\/wp\/v2\/media?parent=7451"}],"wp:term":[{"taxonomy":"product_cat","embeddable":true,"href":"https:\/\/www.curavitalis.nl\/webshop\/wp-json\/wp\/v2\/product_cat?post=7451"},{"taxonomy":"product_tag","embeddable":true,"href":"https:\/\/www.curavitalis.nl\/webshop\/wp-json\/wp\/v2\/product_tag?post=7451"}],"curies":[{"name":"wp","href":"https:\/\/api.w.org\/{rel}","templated":true}]}}