{"id":6949,"date":"2021-12-10T14:33:38","date_gmt":"2021-12-10T14:33:38","guid":{"rendered":"https:\/\/www.curavitalis.nl\/webshop\/?product=nutramedix-ezov"},"modified":"2026-03-01T16:37:18","modified_gmt":"2026-03-01T15:37:18","slug":"nutramedix-ezov","status":"publish","type":"product","link":"https:\/\/www.curavitalis.nl\/webshop\/product\/nutramedix-ezov\/","title":{"rendered":"Nutramedix Ezov"},"content":{"rendered":"<h1><span style=\"font-weight: bold;\">Nutramedix Ezov<\/span><\/h1>\n<p style=\"margin-bottom: 0px; font-stretch: normal; font-size: 13px; line-height: normal; font-family: &quot;Helvetica Neue&quot;;\">Kruidenpreparaat &#8211; Hyssop<\/p>\n<p style=\"margin-bottom: 0px; font-stretch: normal; font-size: 13px; line-height: normal; font-family: &quot;Helvetica Neue&quot;;\">EZOV is een extract van de bloemen van de Hyssop officinalis, ook wel Hyssop genoemd.<\/p>\n<p style=\"margin-bottom: 0px; font-stretch: normal; font-size: 13px; line-height: normal; font-family: &quot;Helvetica Neue&quot;;\"><\/p>\n<p style=\"margin-bottom: 0px; font-stretch: normal; font-size: 13px; line-height: normal; font-family: &quot;Helvetica Neue&quot;;\"><b><br \/><\/b><\/p>\n<p style=\"margin-bottom: 0px; font-stretch: normal; font-size: 13px; line-height: normal; font-family: &quot;Helvetica Neue&quot;;\"><b>Samenstelling per dagdosering van 10 druppels<\/b><br \/>\n10 mg Extract van de bloemen van de <i>Hyssop officinalis<\/i>, ook wel Hyssop genoemd.<\/p>\n<p style=\"margin-bottom: 0px; font-stretch: normal; font-size: 13px; line-height: normal; font-family: &quot;Helvetica Neue&quot;;\"><b><br \/><\/b><\/p>\n<p style=\"margin-bottom: 0px; font-stretch: normal; font-size: 13px; line-height: normal; font-family: &quot;Helvetica Neue&quot;;\"><b>Ingredienten<\/b><br \/>\nExtract van de hyssopbloem,&nbsp;mineraalwater en ethanol.<br \/>\nAlcoholgehalte: 20&nbsp;vol. %<\/p>\n<p style=\"margin-bottom: 0px; font-stretch: normal; font-size: 13px; line-height: normal; font-family: &quot;Helvetica Neue&quot;;\"><b><br \/><\/b><\/p>\n<p style=\"margin-bottom: 0px; font-stretch: normal; font-size: 13px; line-height: normal; font-family: &quot;Helvetica Neue&quot;;\"><b>Gebruik<\/b><br \/>\nAanvangsdosis Ezov is&nbsp;\u00e9\u00e9n druppel voor de nacht, dan&nbsp;\u00e9\u00e9n druppel per week erbij &#8211; opbouwen tot 8-10 druppels. Innemen in een glas water. Meestal kan na 2-3 maanden begonnen worden met het afbouwen van het middel door steeds&nbsp;\u00e9\u00e9n druppel te minderen per dag.<\/p>\n<p style=\"margin-bottom: 0px; font-stretch: normal; font-size: 13px; line-height: normal; font-family: &quot;Helvetica Neue&quot;;\"><b><br \/><\/b><\/p>\n<p style=\"margin-bottom: 0px; font-stretch: normal; font-size: 13px; line-height: normal; font-family: &quot;Helvetica Neue&quot;;\"><b>Fabrikant:<\/b><br \/>\nNutramedix LTD, Jupiter,<br \/>\nFlorida, USA<\/p>\n<p style=\"margin-bottom: 0px; font-stretch: normal; font-size: 13px; line-height: normal; font-family: &quot;Helvetica Neue&quot;;\"><b><br \/><\/b><\/p>\n<p style=\"margin-bottom: 0px; font-stretch: normal; font-size: 13px; line-height: normal; font-family: &quot;Helvetica Neue&quot;;\"><b>Exclusieve distributie:&nbsp;<\/b><br \/>\nNovaro Pharma<br \/>\nNel Vlietsstraat 14 c<br \/>\n6702 DB &nbsp;Wageningen<\/p>\n<p style=\"margin-bottom: 0px; font-stretch: normal; font-size: 13px; line-height: normal; font-family: &quot;Helvetica Neue&quot;;\">Dit product is een voedingssupplement.<\/p>\n<p>Aanbevolen dosering niet overschrijden.<\/p>\n<p>Een gevarieerde, evenwichtige voeding en een gezonde levensstijl zijn belangrijk. Een voedingssupplement is geen vervanging van een gevarieerde voeding.<\/p>\n<p>Buiten bereik van jonge kinderen houden.<\/p>\n<p>Droog, afgesloten en bij kamertemperatuur bewaren, tenzij anders geadviseerd op het etiket.<\/p>\n<p>Raadpleeg een deskundige alvorens supplementen te gebruiken in geval van zwangerschap, lactatie, medicijngebruik en ziekte.<\/p>\n","protected":false},"excerpt":{"rendered":"<p>Nutramedix Ezov Kruidenpreparaat &#8211; Hyssop EZOV is een extract van [&hellip;]<\/p>\n","protected":false},"featured_media":6950,"comment_status":"open","ping_status":"closed","template":"","meta":[],"product_cat":[1002,1000],"product_tag":[3723,3724,1057,1822,1150],"class_list":{"0":"post-6949","1":"product","2":"type-product","3":"status-publish","4":"has-post-thumbnail","6":"product_brand-nutramedix","7":"product_cat-kruidenpreparaat","8":"product_cat-voedingssupplementen","9":"product_tag-ezov","10":"product_tag-hyssop-officinalis","11":"product_tag-kruidenpreparaat","12":"product_tag-nutramedix","13":"product_tag-voedingssupplementen","15":"first","16":"instock","17":"sale","18":"taxable","19":"shipping-taxable","20":"purchasable","21":"product-type-simple"},"yoast_head":"<!-- This site is optimized with the Yoast SEO plugin v25.7 - https:\/\/yoast.com\/wordpress\/plugins\/seo\/ -->\n<title>Nutramedix Ezov | Cura Vitalis<\/title>\n<meta name=\"description\" content=\"Nutramedix Ezov - 30 ml. Hyssop officinalis. Kruidenpreparaat. Op voorraad bij Cura Vitalis | Online aanbieder van medicijnen\" \/>\n<meta name=\"robots\" content=\"index, follow, max-snippet:-1, max-image-preview:large, max-video-preview:-1\" \/>\n<link rel=\"canonical\" href=\"https:\/\/www.curavitalis.nl\/webshop\/product\/nutramedix-ezov\/\" \/>\n<meta property=\"og:locale\" content=\"nl_NL\" \/>\n<meta property=\"og:type\" content=\"article\" \/>\n<meta property=\"og:title\" content=\"Nutramedix Ezov | Cura Vitalis\" \/>\n<meta property=\"og:description\" content=\"Nutramedix Ezov - 30 ml. Hyssop officinalis. Kruidenpreparaat. Op voorraad bij Cura Vitalis | Online aanbieder van medicijnen\" \/>\n<meta property=\"og:url\" content=\"https:\/\/www.curavitalis.nl\/webshop\/product\/nutramedix-ezov\/\" \/>\n<meta property=\"og:site_name\" content=\"Cura Vitalis\" \/>\n<meta property=\"article:publisher\" content=\"https:\/\/www.facebook.com\/curavitalisnl\" \/>\n<meta property=\"article:modified_time\" content=\"2026-03-01T15:37:18+00:00\" \/>\n<meta property=\"og:image\" content=\"https:\/\/www.curavitalis.nl\/webshop\/wp-content\/uploads\/nc\/catalog\/producten\/Nutramedix\/Nutramedix-Ezov-Cura-Vitaliskopie.jpg\" \/>\n\t<meta property=\"og:image:width\" content=\"710\" \/>\n\t<meta property=\"og:image:height\" content=\"600\" \/>\n\t<meta property=\"og:image:type\" content=\"image\/jpeg\" \/>\n<meta name=\"twitter:card\" content=\"summary_large_image\" \/>\n<meta name=\"twitter:label1\" content=\"Geschatte leestijd\" \/>\n\t<meta name=\"twitter:data1\" content=\"1 minuut\" \/>\n<script type=\"application\/ld+json\" class=\"yoast-schema-graph\">{\"@context\":\"https:\/\/schema.org\",\"@graph\":[{\"@type\":\"WebPage\",\"@id\":\"https:\/\/www.curavitalis.nl\/webshop\/product\/nutramedix-ezov\/\",\"url\":\"https:\/\/www.curavitalis.nl\/webshop\/product\/nutramedix-ezov\/\",\"name\":\"Nutramedix Ezov | Cura Vitalis\",\"isPartOf\":{\"@id\":\"https:\/\/www.curavitalis.nl\/webshop\/#website\"},\"primaryImageOfPage\":{\"@id\":\"https:\/\/www.curavitalis.nl\/webshop\/product\/nutramedix-ezov\/#primaryimage\"},\"image\":{\"@id\":\"https:\/\/www.curavitalis.nl\/webshop\/product\/nutramedix-ezov\/#primaryimage\"},\"thumbnailUrl\":\"https:\/\/www.curavitalis.nl\/webshop\/wp-content\/uploads\/nc\/catalog\/producten\/Nutramedix\/Nutramedix-Ezov-Cura-Vitaliskopie.jpg\",\"datePublished\":\"2021-12-10T14:33:38+00:00\",\"dateModified\":\"2026-03-01T15:37:18+00:00\",\"description\":\"Nutramedix Ezov - 30 ml. Hyssop officinalis. Kruidenpreparaat. Op voorraad bij Cura Vitalis | Online aanbieder van medicijnen\",\"breadcrumb\":{\"@id\":\"https:\/\/www.curavitalis.nl\/webshop\/product\/nutramedix-ezov\/#breadcrumb\"},\"inLanguage\":\"nl-NL\",\"potentialAction\":[{\"@type\":\"ReadAction\",\"target\":[\"https:\/\/www.curavitalis.nl\/webshop\/product\/nutramedix-ezov\/\"]}]},{\"@type\":\"ImageObject\",\"inLanguage\":\"nl-NL\",\"@id\":\"https:\/\/www.curavitalis.nl\/webshop\/product\/nutramedix-ezov\/#primaryimage\",\"url\":\"https:\/\/www.curavitalis.nl\/webshop\/wp-content\/uploads\/nc\/catalog\/producten\/Nutramedix\/Nutramedix-Ezov-Cura-Vitaliskopie.jpg\",\"contentUrl\":\"https:\/\/www.curavitalis.nl\/webshop\/wp-content\/uploads\/nc\/catalog\/producten\/Nutramedix\/Nutramedix-Ezov-Cura-Vitaliskopie.jpg\",\"width\":710,\"height\":600,\"caption\":\"Nutramedix Ezov\"},{\"@type\":\"BreadcrumbList\",\"@id\":\"https:\/\/www.curavitalis.nl\/webshop\/product\/nutramedix-ezov\/#breadcrumb\",\"itemListElement\":[{\"@type\":\"ListItem\",\"position\":1,\"name\":\"Home\",\"item\":\"https:\/\/www.curavitalis.nl\/webshop\/\"},{\"@type\":\"ListItem\",\"position\":2,\"name\":\"Webshop\",\"item\":\"https:\/\/www.curavitalis.nl\/webshop\/webshop\/\"},{\"@type\":\"ListItem\",\"position\":3,\"name\":\"Nutramedix Ezov\"}]},{\"@type\":\"WebSite\",\"@id\":\"https:\/\/www.curavitalis.nl\/webshop\/#website\",\"url\":\"https:\/\/www.curavitalis.nl\/webshop\/\",\"name\":\"Cura Vitalis\",\"description\":\"Webshop\",\"publisher\":{\"@id\":\"https:\/\/www.curavitalis.nl\/webshop\/#organization\"},\"potentialAction\":[{\"@type\":\"SearchAction\",\"target\":{\"@type\":\"EntryPoint\",\"urlTemplate\":\"https:\/\/www.curavitalis.nl\/webshop\/?s={search_term_string}\"},\"query-input\":{\"@type\":\"PropertyValueSpecification\",\"valueRequired\":true,\"valueName\":\"search_term_string\"}}],\"inLanguage\":\"nl-NL\"},{\"@type\":\"Organization\",\"@id\":\"https:\/\/www.curavitalis.nl\/webshop\/#organization\",\"name\":\"Cura Vitalis\",\"url\":\"https:\/\/www.curavitalis.nl\/webshop\/\",\"logo\":{\"@type\":\"ImageObject\",\"inLanguage\":\"nl-NL\",\"@id\":\"https:\/\/www.curavitalis.nl\/webshop\/#\/schema\/logo\/image\/\",\"url\":\"https:\/\/www.curavitalis.nl\/webshop\/wp-content\/uploads\/2024\/10\/logo-curavitalis-small.png\",\"contentUrl\":\"https:\/\/www.curavitalis.nl\/webshop\/wp-content\/uploads\/2024\/10\/logo-curavitalis-small.png\",\"width\":350,\"height\":158,\"caption\":\"Cura Vitalis\"},\"image\":{\"@id\":\"https:\/\/www.curavitalis.nl\/webshop\/#\/schema\/logo\/image\/\"},\"sameAs\":[\"https:\/\/www.facebook.com\/curavitalisnl\"]}]}<\/script>\n<!-- \/ Yoast SEO plugin. -->","yoast_head_json":{"title":"Nutramedix Ezov | Cura Vitalis","description":"Nutramedix Ezov - 30 ml. Hyssop officinalis. Kruidenpreparaat. Op voorraad bij Cura Vitalis | Online aanbieder van medicijnen","robots":{"index":"index","follow":"follow","max-snippet":"max-snippet:-1","max-image-preview":"max-image-preview:large","max-video-preview":"max-video-preview:-1"},"canonical":"https:\/\/www.curavitalis.nl\/webshop\/product\/nutramedix-ezov\/","og_locale":"nl_NL","og_type":"article","og_title":"Nutramedix Ezov | Cura Vitalis","og_description":"Nutramedix Ezov - 30 ml. Hyssop officinalis. Kruidenpreparaat. Op voorraad bij Cura Vitalis | Online aanbieder van medicijnen","og_url":"https:\/\/www.curavitalis.nl\/webshop\/product\/nutramedix-ezov\/","og_site_name":"Cura Vitalis","article_publisher":"https:\/\/www.facebook.com\/curavitalisnl","article_modified_time":"2026-03-01T15:37:18+00:00","og_image":[{"width":710,"height":600,"url":"https:\/\/www.curavitalis.nl\/webshop\/wp-content\/uploads\/nc\/catalog\/producten\/Nutramedix\/Nutramedix-Ezov-Cura-Vitaliskopie.jpg","type":"image\/jpeg"}],"twitter_card":"summary_large_image","twitter_misc":{"Geschatte leestijd":"1 minuut"},"schema":{"@context":"https:\/\/schema.org","@graph":[{"@type":"WebPage","@id":"https:\/\/www.curavitalis.nl\/webshop\/product\/nutramedix-ezov\/","url":"https:\/\/www.curavitalis.nl\/webshop\/product\/nutramedix-ezov\/","name":"Nutramedix Ezov | Cura Vitalis","isPartOf":{"@id":"https:\/\/www.curavitalis.nl\/webshop\/#website"},"primaryImageOfPage":{"@id":"https:\/\/www.curavitalis.nl\/webshop\/product\/nutramedix-ezov\/#primaryimage"},"image":{"@id":"https:\/\/www.curavitalis.nl\/webshop\/product\/nutramedix-ezov\/#primaryimage"},"thumbnailUrl":"https:\/\/www.curavitalis.nl\/webshop\/wp-content\/uploads\/nc\/catalog\/producten\/Nutramedix\/Nutramedix-Ezov-Cura-Vitaliskopie.jpg","datePublished":"2021-12-10T14:33:38+00:00","dateModified":"2026-03-01T15:37:18+00:00","description":"Nutramedix Ezov - 30 ml. Hyssop officinalis. Kruidenpreparaat. Op voorraad bij Cura Vitalis | Online aanbieder van medicijnen","breadcrumb":{"@id":"https:\/\/www.curavitalis.nl\/webshop\/product\/nutramedix-ezov\/#breadcrumb"},"inLanguage":"nl-NL","potentialAction":[{"@type":"ReadAction","target":["https:\/\/www.curavitalis.nl\/webshop\/product\/nutramedix-ezov\/"]}]},{"@type":"ImageObject","inLanguage":"nl-NL","@id":"https:\/\/www.curavitalis.nl\/webshop\/product\/nutramedix-ezov\/#primaryimage","url":"https:\/\/www.curavitalis.nl\/webshop\/wp-content\/uploads\/nc\/catalog\/producten\/Nutramedix\/Nutramedix-Ezov-Cura-Vitaliskopie.jpg","contentUrl":"https:\/\/www.curavitalis.nl\/webshop\/wp-content\/uploads\/nc\/catalog\/producten\/Nutramedix\/Nutramedix-Ezov-Cura-Vitaliskopie.jpg","width":710,"height":600,"caption":"Nutramedix Ezov"},{"@type":"BreadcrumbList","@id":"https:\/\/www.curavitalis.nl\/webshop\/product\/nutramedix-ezov\/#breadcrumb","itemListElement":[{"@type":"ListItem","position":1,"name":"Home","item":"https:\/\/www.curavitalis.nl\/webshop\/"},{"@type":"ListItem","position":2,"name":"Webshop","item":"https:\/\/www.curavitalis.nl\/webshop\/webshop\/"},{"@type":"ListItem","position":3,"name":"Nutramedix Ezov"}]},{"@type":"WebSite","@id":"https:\/\/www.curavitalis.nl\/webshop\/#website","url":"https:\/\/www.curavitalis.nl\/webshop\/","name":"Cura Vitalis","description":"Webshop","publisher":{"@id":"https:\/\/www.curavitalis.nl\/webshop\/#organization"},"potentialAction":[{"@type":"SearchAction","target":{"@type":"EntryPoint","urlTemplate":"https:\/\/www.curavitalis.nl\/webshop\/?s={search_term_string}"},"query-input":{"@type":"PropertyValueSpecification","valueRequired":true,"valueName":"search_term_string"}}],"inLanguage":"nl-NL"},{"@type":"Organization","@id":"https:\/\/www.curavitalis.nl\/webshop\/#organization","name":"Cura Vitalis","url":"https:\/\/www.curavitalis.nl\/webshop\/","logo":{"@type":"ImageObject","inLanguage":"nl-NL","@id":"https:\/\/www.curavitalis.nl\/webshop\/#\/schema\/logo\/image\/","url":"https:\/\/www.curavitalis.nl\/webshop\/wp-content\/uploads\/2024\/10\/logo-curavitalis-small.png","contentUrl":"https:\/\/www.curavitalis.nl\/webshop\/wp-content\/uploads\/2024\/10\/logo-curavitalis-small.png","width":350,"height":158,"caption":"Cura Vitalis"},"image":{"@id":"https:\/\/www.curavitalis.nl\/webshop\/#\/schema\/logo\/image\/"},"sameAs":["https:\/\/www.facebook.com\/curavitalisnl"]}]}},"_links":{"self":[{"href":"https:\/\/www.curavitalis.nl\/webshop\/wp-json\/wp\/v2\/product\/6949","targetHints":{"allow":["GET"]}}],"collection":[{"href":"https:\/\/www.curavitalis.nl\/webshop\/wp-json\/wp\/v2\/product"}],"about":[{"href":"https:\/\/www.curavitalis.nl\/webshop\/wp-json\/wp\/v2\/types\/product"}],"replies":[{"embeddable":true,"href":"https:\/\/www.curavitalis.nl\/webshop\/wp-json\/wp\/v2\/comments?post=6949"}],"wp:featuredmedia":[{"embeddable":true,"href":"https:\/\/www.curavitalis.nl\/webshop\/wp-json\/wp\/v2\/media\/6950"}],"wp:attachment":[{"href":"https:\/\/www.curavitalis.nl\/webshop\/wp-json\/wp\/v2\/media?parent=6949"}],"wp:term":[{"taxonomy":"product_cat","embeddable":true,"href":"https:\/\/www.curavitalis.nl\/webshop\/wp-json\/wp\/v2\/product_cat?post=6949"},{"taxonomy":"product_tag","embeddable":true,"href":"https:\/\/www.curavitalis.nl\/webshop\/wp-json\/wp\/v2\/product_tag?post=6949"}],"curies":[{"name":"wp","href":"https:\/\/api.w.org\/{rel}","templated":true}]}}