{"id":6924,"date":"2021-12-03T16:28:22","date_gmt":"2021-12-03T16:28:22","guid":{"rendered":"https:\/\/www.curavitalis.nl\/webshop\/?product=hond-dalmatierjaspis-edelsteen"},"modified":"2024-06-30T14:36:57","modified_gmt":"2024-06-30T14:36:57","slug":"hond-dalmatierjaspis-edelsteen","status":"publish","type":"product","link":"https:\/\/www.curavitalis.nl\/webshop\/product\/hond-dalmatierjaspis-edelsteen\/","title":{"rendered":"Hond Dalmati\u00ebrjaspis edelsteen"},"content":{"rendered":"<h1><span style=\"font-weight: bold;\">Hond Dalmati\u00ebrjaspis edelsteen dier ca 65 mm hoog<\/span><\/h1>\n<p style=\"margin-bottom: 0px; text-align: justify; font-stretch: normal; font-size: 13px; line-height: normal; font-family: &quot;Helvetica Neue&quot;;\">Mooie, grote, handgegraveerde dierfiguur (nog 65x45mm) prachtig uitgevoerd in detail voor een heel zacht prijsje. Wist U dat er in 1 dierfiguur ruim 10-12 graveer werkuren zitten!<\/p>\n<div><\/div>\n","protected":false},"excerpt":{"rendered":"<p>Hond Dalmati\u00ebrjaspis edelsteen dier ca 65 mm hoog Mooie, grote, [&hellip;]<\/p>\n","protected":false},"featured_media":6925,"comment_status":"open","ping_status":"closed","template":"","meta":[],"product_cat":[1004],"product_tag":[3712,1275,1248,3709,1211],"class_list":{"0":"post-6924","1":"product","2":"type-product","3":"status-publish","4":"has-post-thumbnail","6":"product_cat-edelstenen-mineralen","7":"product_tag-dalmatierjaspis","8":"product_tag-edelsteen","9":"product_tag-edelstenen","10":"product_tag-hond","11":"product_tag-mineralen","13":"first","14":"onbackorder","15":"taxable","16":"shipping-taxable","17":"purchasable","18":"product-type-simple"},"yoast_head":"<!-- This site is optimized with the Yoast SEO plugin v25.7 - https:\/\/yoast.com\/wordpress\/plugins\/seo\/ -->\n<title>Hond Dalmati\u00ebrjaspis edelsteen<\/title>\n<meta name=\"description\" content=\"Hond Dalmati\u00ebrjaspis edelsteen - 1 (). Hond Dalmati\u00ebrjaspis edelsteen dier ca 65 mm hoog Mooie, grote, handgegraveerde dierfiguur (nog 65x45mm) prachtig uitgevoerd in detail voor een heel zacht prijsje.\" \/>\n<meta name=\"robots\" content=\"index, follow, max-snippet:-1, max-image-preview:large, max-video-preview:-1\" \/>\n<link rel=\"canonical\" href=\"https:\/\/www.curavitalis.nl\/webshop\/product\/hond-dalmatierjaspis-edelsteen\/\" \/>\n<meta property=\"og:locale\" content=\"nl_NL\" \/>\n<meta property=\"og:type\" content=\"article\" \/>\n<meta property=\"og:title\" content=\"Hond Dalmati\u00ebrjaspis edelsteen\" \/>\n<meta property=\"og:description\" content=\"Hond Dalmati\u00ebrjaspis edelsteen - 1 (). Hond Dalmati\u00ebrjaspis edelsteen dier ca 65 mm hoog Mooie, grote, handgegraveerde dierfiguur (nog 65x45mm) prachtig uitgevoerd in detail voor een heel zacht prijsje.\" \/>\n<meta property=\"og:url\" content=\"https:\/\/www.curavitalis.nl\/webshop\/product\/hond-dalmatierjaspis-edelsteen\/\" \/>\n<meta property=\"og:site_name\" content=\"Cura Vitalis\" \/>\n<meta property=\"article:publisher\" content=\"https:\/\/www.facebook.com\/curavitalisnl\" \/>\n<meta property=\"article:modified_time\" content=\"2024-06-30T14:36:57+00:00\" \/>\n<meta property=\"og:image\" content=\"https:\/\/www.curavitalis.nl\/webshop\/wp-content\/uploads\/nc\/catalog\/producten\/Edelstenen\/dieren\/Hond-dalmatierjaspis-edelsteen-cura-vitalis-3.jpg\" \/>\n\t<meta property=\"og:image:width\" content=\"710\" \/>\n\t<meta property=\"og:image:height\" content=\"600\" \/>\n\t<meta property=\"og:image:type\" content=\"image\/jpeg\" \/>\n<meta name=\"twitter:card\" content=\"summary_large_image\" \/>\n<script type=\"application\/ld+json\" class=\"yoast-schema-graph\">{\"@context\":\"https:\/\/schema.org\",\"@graph\":[{\"@type\":\"WebPage\",\"@id\":\"https:\/\/www.curavitalis.nl\/webshop\/product\/hond-dalmatierjaspis-edelsteen\/\",\"url\":\"https:\/\/www.curavitalis.nl\/webshop\/product\/hond-dalmatierjaspis-edelsteen\/\",\"name\":\"Hond Dalmati\u00ebrjaspis edelsteen\",\"isPartOf\":{\"@id\":\"https:\/\/www.curavitalis.nl\/webshop\/#website\"},\"primaryImageOfPage\":{\"@id\":\"https:\/\/www.curavitalis.nl\/webshop\/product\/hond-dalmatierjaspis-edelsteen\/#primaryimage\"},\"image\":{\"@id\":\"https:\/\/www.curavitalis.nl\/webshop\/product\/hond-dalmatierjaspis-edelsteen\/#primaryimage\"},\"thumbnailUrl\":\"https:\/\/www.curavitalis.nl\/webshop\/wp-content\/uploads\/nc\/catalog\/producten\/Edelstenen\/dieren\/Hond-dalmatierjaspis-edelsteen-cura-vitalis-3.jpg\",\"datePublished\":\"2021-12-03T16:28:22+00:00\",\"dateModified\":\"2024-06-30T14:36:57+00:00\",\"description\":\"Hond Dalmati\u00ebrjaspis edelsteen - 1 (). Hond Dalmati\u00ebrjaspis edelsteen dier ca 65 mm hoog Mooie, grote, handgegraveerde dierfiguur (nog 65x45mm) prachtig uitgevoerd in detail voor een heel zacht prijsje.\",\"breadcrumb\":{\"@id\":\"https:\/\/www.curavitalis.nl\/webshop\/product\/hond-dalmatierjaspis-edelsteen\/#breadcrumb\"},\"inLanguage\":\"nl-NL\",\"potentialAction\":[{\"@type\":\"ReadAction\",\"target\":[\"https:\/\/www.curavitalis.nl\/webshop\/product\/hond-dalmatierjaspis-edelsteen\/\"]}]},{\"@type\":\"ImageObject\",\"inLanguage\":\"nl-NL\",\"@id\":\"https:\/\/www.curavitalis.nl\/webshop\/product\/hond-dalmatierjaspis-edelsteen\/#primaryimage\",\"url\":\"https:\/\/www.curavitalis.nl\/webshop\/wp-content\/uploads\/nc\/catalog\/producten\/Edelstenen\/dieren\/Hond-dalmatierjaspis-edelsteen-cura-vitalis-3.jpg\",\"contentUrl\":\"https:\/\/www.curavitalis.nl\/webshop\/wp-content\/uploads\/nc\/catalog\/producten\/Edelstenen\/dieren\/Hond-dalmatierjaspis-edelsteen-cura-vitalis-3.jpg\",\"width\":710,\"height\":600,\"caption\":\"Hond Dalmati\u00ebrjaspis edelsteen\"},{\"@type\":\"BreadcrumbList\",\"@id\":\"https:\/\/www.curavitalis.nl\/webshop\/product\/hond-dalmatierjaspis-edelsteen\/#breadcrumb\",\"itemListElement\":[{\"@type\":\"ListItem\",\"position\":1,\"name\":\"Home\",\"item\":\"https:\/\/www.curavitalis.nl\/webshop\/\"},{\"@type\":\"ListItem\",\"position\":2,\"name\":\"Webshop\",\"item\":\"https:\/\/www.curavitalis.nl\/webshop\/webshop\/\"},{\"@type\":\"ListItem\",\"position\":3,\"name\":\"Hond Dalmati\u00ebrjaspis edelsteen\"}]},{\"@type\":\"WebSite\",\"@id\":\"https:\/\/www.curavitalis.nl\/webshop\/#website\",\"url\":\"https:\/\/www.curavitalis.nl\/webshop\/\",\"name\":\"Cura Vitalis\",\"description\":\"Webshop\",\"publisher\":{\"@id\":\"https:\/\/www.curavitalis.nl\/webshop\/#organization\"},\"potentialAction\":[{\"@type\":\"SearchAction\",\"target\":{\"@type\":\"EntryPoint\",\"urlTemplate\":\"https:\/\/www.curavitalis.nl\/webshop\/?s={search_term_string}\"},\"query-input\":{\"@type\":\"PropertyValueSpecification\",\"valueRequired\":true,\"valueName\":\"search_term_string\"}}],\"inLanguage\":\"nl-NL\"},{\"@type\":\"Organization\",\"@id\":\"https:\/\/www.curavitalis.nl\/webshop\/#organization\",\"name\":\"Cura Vitalis\",\"url\":\"https:\/\/www.curavitalis.nl\/webshop\/\",\"logo\":{\"@type\":\"ImageObject\",\"inLanguage\":\"nl-NL\",\"@id\":\"https:\/\/www.curavitalis.nl\/webshop\/#\/schema\/logo\/image\/\",\"url\":\"https:\/\/www.curavitalis.nl\/webshop\/wp-content\/uploads\/2024\/10\/logo-curavitalis-small.png\",\"contentUrl\":\"https:\/\/www.curavitalis.nl\/webshop\/wp-content\/uploads\/2024\/10\/logo-curavitalis-small.png\",\"width\":350,\"height\":158,\"caption\":\"Cura Vitalis\"},\"image\":{\"@id\":\"https:\/\/www.curavitalis.nl\/webshop\/#\/schema\/logo\/image\/\"},\"sameAs\":[\"https:\/\/www.facebook.com\/curavitalisnl\"]}]}<\/script>\n<!-- \/ Yoast SEO plugin. -->","yoast_head_json":{"title":"Hond Dalmati\u00ebrjaspis edelsteen","description":"Hond Dalmati\u00ebrjaspis edelsteen - 1 (). Hond Dalmati\u00ebrjaspis edelsteen dier ca 65 mm hoog Mooie, grote, handgegraveerde dierfiguur (nog 65x45mm) prachtig uitgevoerd in detail voor een heel zacht prijsje.","robots":{"index":"index","follow":"follow","max-snippet":"max-snippet:-1","max-image-preview":"max-image-preview:large","max-video-preview":"max-video-preview:-1"},"canonical":"https:\/\/www.curavitalis.nl\/webshop\/product\/hond-dalmatierjaspis-edelsteen\/","og_locale":"nl_NL","og_type":"article","og_title":"Hond Dalmati\u00ebrjaspis edelsteen","og_description":"Hond Dalmati\u00ebrjaspis edelsteen - 1 (). Hond Dalmati\u00ebrjaspis edelsteen dier ca 65 mm hoog Mooie, grote, handgegraveerde dierfiguur (nog 65x45mm) prachtig uitgevoerd in detail voor een heel zacht prijsje.","og_url":"https:\/\/www.curavitalis.nl\/webshop\/product\/hond-dalmatierjaspis-edelsteen\/","og_site_name":"Cura Vitalis","article_publisher":"https:\/\/www.facebook.com\/curavitalisnl","article_modified_time":"2024-06-30T14:36:57+00:00","og_image":[{"width":710,"height":600,"url":"https:\/\/www.curavitalis.nl\/webshop\/wp-content\/uploads\/nc\/catalog\/producten\/Edelstenen\/dieren\/Hond-dalmatierjaspis-edelsteen-cura-vitalis-3.jpg","type":"image\/jpeg"}],"twitter_card":"summary_large_image","schema":{"@context":"https:\/\/schema.org","@graph":[{"@type":"WebPage","@id":"https:\/\/www.curavitalis.nl\/webshop\/product\/hond-dalmatierjaspis-edelsteen\/","url":"https:\/\/www.curavitalis.nl\/webshop\/product\/hond-dalmatierjaspis-edelsteen\/","name":"Hond Dalmati\u00ebrjaspis edelsteen","isPartOf":{"@id":"https:\/\/www.curavitalis.nl\/webshop\/#website"},"primaryImageOfPage":{"@id":"https:\/\/www.curavitalis.nl\/webshop\/product\/hond-dalmatierjaspis-edelsteen\/#primaryimage"},"image":{"@id":"https:\/\/www.curavitalis.nl\/webshop\/product\/hond-dalmatierjaspis-edelsteen\/#primaryimage"},"thumbnailUrl":"https:\/\/www.curavitalis.nl\/webshop\/wp-content\/uploads\/nc\/catalog\/producten\/Edelstenen\/dieren\/Hond-dalmatierjaspis-edelsteen-cura-vitalis-3.jpg","datePublished":"2021-12-03T16:28:22+00:00","dateModified":"2024-06-30T14:36:57+00:00","description":"Hond Dalmati\u00ebrjaspis edelsteen - 1 (). Hond Dalmati\u00ebrjaspis edelsteen dier ca 65 mm hoog Mooie, grote, handgegraveerde dierfiguur (nog 65x45mm) prachtig uitgevoerd in detail voor een heel zacht prijsje.","breadcrumb":{"@id":"https:\/\/www.curavitalis.nl\/webshop\/product\/hond-dalmatierjaspis-edelsteen\/#breadcrumb"},"inLanguage":"nl-NL","potentialAction":[{"@type":"ReadAction","target":["https:\/\/www.curavitalis.nl\/webshop\/product\/hond-dalmatierjaspis-edelsteen\/"]}]},{"@type":"ImageObject","inLanguage":"nl-NL","@id":"https:\/\/www.curavitalis.nl\/webshop\/product\/hond-dalmatierjaspis-edelsteen\/#primaryimage","url":"https:\/\/www.curavitalis.nl\/webshop\/wp-content\/uploads\/nc\/catalog\/producten\/Edelstenen\/dieren\/Hond-dalmatierjaspis-edelsteen-cura-vitalis-3.jpg","contentUrl":"https:\/\/www.curavitalis.nl\/webshop\/wp-content\/uploads\/nc\/catalog\/producten\/Edelstenen\/dieren\/Hond-dalmatierjaspis-edelsteen-cura-vitalis-3.jpg","width":710,"height":600,"caption":"Hond Dalmati\u00ebrjaspis edelsteen"},{"@type":"BreadcrumbList","@id":"https:\/\/www.curavitalis.nl\/webshop\/product\/hond-dalmatierjaspis-edelsteen\/#breadcrumb","itemListElement":[{"@type":"ListItem","position":1,"name":"Home","item":"https:\/\/www.curavitalis.nl\/webshop\/"},{"@type":"ListItem","position":2,"name":"Webshop","item":"https:\/\/www.curavitalis.nl\/webshop\/webshop\/"},{"@type":"ListItem","position":3,"name":"Hond Dalmati\u00ebrjaspis edelsteen"}]},{"@type":"WebSite","@id":"https:\/\/www.curavitalis.nl\/webshop\/#website","url":"https:\/\/www.curavitalis.nl\/webshop\/","name":"Cura Vitalis","description":"Webshop","publisher":{"@id":"https:\/\/www.curavitalis.nl\/webshop\/#organization"},"potentialAction":[{"@type":"SearchAction","target":{"@type":"EntryPoint","urlTemplate":"https:\/\/www.curavitalis.nl\/webshop\/?s={search_term_string}"},"query-input":{"@type":"PropertyValueSpecification","valueRequired":true,"valueName":"search_term_string"}}],"inLanguage":"nl-NL"},{"@type":"Organization","@id":"https:\/\/www.curavitalis.nl\/webshop\/#organization","name":"Cura Vitalis","url":"https:\/\/www.curavitalis.nl\/webshop\/","logo":{"@type":"ImageObject","inLanguage":"nl-NL","@id":"https:\/\/www.curavitalis.nl\/webshop\/#\/schema\/logo\/image\/","url":"https:\/\/www.curavitalis.nl\/webshop\/wp-content\/uploads\/2024\/10\/logo-curavitalis-small.png","contentUrl":"https:\/\/www.curavitalis.nl\/webshop\/wp-content\/uploads\/2024\/10\/logo-curavitalis-small.png","width":350,"height":158,"caption":"Cura Vitalis"},"image":{"@id":"https:\/\/www.curavitalis.nl\/webshop\/#\/schema\/logo\/image\/"},"sameAs":["https:\/\/www.facebook.com\/curavitalisnl"]}]}},"_links":{"self":[{"href":"https:\/\/www.curavitalis.nl\/webshop\/wp-json\/wp\/v2\/product\/6924","targetHints":{"allow":["GET"]}}],"collection":[{"href":"https:\/\/www.curavitalis.nl\/webshop\/wp-json\/wp\/v2\/product"}],"about":[{"href":"https:\/\/www.curavitalis.nl\/webshop\/wp-json\/wp\/v2\/types\/product"}],"replies":[{"embeddable":true,"href":"https:\/\/www.curavitalis.nl\/webshop\/wp-json\/wp\/v2\/comments?post=6924"}],"wp:featuredmedia":[{"embeddable":true,"href":"https:\/\/www.curavitalis.nl\/webshop\/wp-json\/wp\/v2\/media\/6925"}],"wp:attachment":[{"href":"https:\/\/www.curavitalis.nl\/webshop\/wp-json\/wp\/v2\/media?parent=6924"}],"wp:term":[{"taxonomy":"product_cat","embeddable":true,"href":"https:\/\/www.curavitalis.nl\/webshop\/wp-json\/wp\/v2\/product_cat?post=6924"},{"taxonomy":"product_tag","embeddable":true,"href":"https:\/\/www.curavitalis.nl\/webshop\/wp-json\/wp\/v2\/product_tag?post=6924"}],"curies":[{"name":"wp","href":"https:\/\/api.w.org\/{rel}","templated":true}]}}