{"id":6777,"date":"2021-10-23T20:11:41","date_gmt":"2021-10-23T20:11:41","guid":{"rendered":"https:\/\/www.curavitalis.nl\/webshop\/?product=pr-m-chipkaart-prostaat"},"modified":"2026-01-20T19:20:50","modified_gmt":"2026-01-20T18:20:50","slug":"pr-m-chipkaart-baklayan","status":"publish","type":"product","link":"https:\/\/www.curavitalis.nl\/webshop\/product\/pr-m-chipkaart-baklayan\/","title":{"rendered":"Pr-m Chipkaart Prostaat"},"content":{"rendered":"<h1 data-start=\"407\" data-end=\"510\">Pr-m Chipkaart Prostaat Baklayan<\/h1>\n<p class=\"\" data-start=\"407\" data-end=\"510\"><strong data-start=\"407\" data-end=\"420\">Looptijd:<\/strong> 24 minuten<br data-start=\"431\" data-end=\"434\" \/><strong data-start=\"434\" data-end=\"453\">Compatibel met:<\/strong> Diamond Shield Zapper<br data-start=\"475\" data-end=\"478\" \/><strong data-start=\"478\" data-end=\"498\">Ontwikkeld door:<\/strong> Hp Baklayan<\/p>\n<p class=\"\" data-start=\"512\" data-end=\"739\">De <strong data-start=\"515\" data-end=\"533\">Pr-m chipkaart<\/strong> is een frequentieprogramma, gebaseerd op jarenlange ervaring binnen het bio-energetisch werkveld.<\/p>\n<p class=\"\" data-start=\"741\" data-end=\"1211\">Er wordt binnen energetisch werk regelmatig melding gemaakt van invloeden die verband houden met externe belastingfactoren. Op basis van herhaalde observaties zijn er in sommige gevallen terugkerende patronen waargenomen met drie veelgenoemde externe invloeden: <em data-start=\"1003\" data-end=\"1016\">Trichomonas<\/em>, <em data-start=\"1018\" data-end=\"1029\">Chlamydia<\/em> en <em data-start=\"1033\" data-end=\"1045\">Toxoplasma<\/em>. Binnen energetische toepassingen worden deze aspecten soms in verband gebracht met klachten rond ongemak in het prostaatgebied en verstoringen in het urinair ritme.<\/p>\n<hr class=\"\" data-start=\"1213\" data-end=\"1216\" \/>\n<h3 class=\"\" data-start=\"1218\" data-end=\"1233\"><strong data-start=\"1222\" data-end=\"1233\">Gebruik<\/strong><\/h3>\n<p class=\"\" data-start=\"1235\" data-end=\"1416\">Het programma kan in principe dagelijks worden toegepast.<br data-start=\"1292\" data-end=\"1295\" \/>Na afloop van een sessie wordt aanbevolen om <strong data-start=\"1340\" data-end=\"1372\">50 minuten geaard te blijven<\/strong> om het energetisch systeem te stabiliseren.<\/p>\n<p class=\"\" data-start=\"1418\" data-end=\"1543\"><strong data-start=\"1418\" data-end=\"1426\">Tip:<\/strong> Voor gerichte toepassing wordt aanbevolen om \u00e9\u00e9n handelektrode op de onderbuik te plaatsen en \u00e9\u00e9n op het heiligbeen.<\/p>\n<hr class=\"\" data-start=\"1545\" data-end=\"1548\" \/>\n<h3 class=\"\" data-start=\"1550\" data-end=\"1595\"><strong data-start=\"1554\" data-end=\"1595\">Aanbevolen energetische ondersteuning<\/strong><\/h3>\n<ul>\n<li data-start=\"1599\" data-end=\"1635\"><strong data-start=\"1599\" data-end=\"1609\">BiBlo:<\/strong> Voorbereidend programma<\/li>\n<li data-start=\"1638\" data-end=\"1699\"><strong data-start=\"1638\" data-end=\"1646\">DTX:<\/strong> Energetische ondersteuning bij eliminatieprocessen<\/li>\n<li data-start=\"1702\" data-end=\"1752\"><strong data-start=\"1702\" data-end=\"1712\">ImPar:<\/strong> Thema-programma bij externe invloeden<\/li>\n<li data-start=\"1755\" data-end=\"1828\"><strong data-start=\"1755\" data-end=\"1789\">Diamond Shield Basisprogramma:<\/strong> Activering van energetisch evenwicht<\/li>\n<li data-start=\"1831\" data-end=\"1883\"><strong data-start=\"1831\" data-end=\"1843\">Crystal:<\/strong> Dieptewerking in het meridiaansysteem<\/li>\n<li data-start=\"1886\" data-end=\"1946\"><strong data-start=\"1886\" data-end=\"1897\">5E-WrU:<\/strong> Thema: mannelijke vitaliteit<\/li>\n<li data-start=\"1949\" data-end=\"2003\"><strong data-start=\"1949\" data-end=\"1960\">5E-WrD:<\/strong> Thema: verzachting bij langdurige onbalans<\/li>\n<\/ul>\n<hr class=\"\" data-start=\"2005\" data-end=\"2008\" \/>\n<h3 class=\"\" data-start=\"2010\" data-end=\"2061\"><strong data-start=\"2014\" data-end=\"2061\">Waarom aarden na gebruik van een chipkaart?<\/strong><\/h3>\n<p class=\"\" data-start=\"2063\" data-end=\"2312\">Na het toepassen van een chipkaart wordt geadviseerd om gedurende <strong data-start=\"2129\" data-end=\"2156\">45\u201360 minuten te aarden<\/strong>. Dit helpt het lichaam om eventuele energetische spanningen te ontladen en ondersteunt een rustige integratie van het programma. Aarden kan eenvoudig door:<\/p>\n<ul>\n<li data-start=\"2315\" data-end=\"2359\">Buiten blootsvoets op gras of aarde te lopen<\/li>\n<li data-start=\"2362\" data-end=\"2399\">Gebruik van een aardingsmat of -laken<\/li>\n<li data-start=\"2402\" data-end=\"2456\">Contact met stromend water of natuurlijke oppervlakken<\/li>\n<\/ul>\n<p class=\"\" data-start=\"2458\" data-end=\"2512\">Meer hierover lees je in onze <a class=\"\" href=\"https:\/\/www.curavitalis.nl\/webshop\/product\/piggy-m-chipkaart-baklayan\/\" rel=\"noopener\" data-start=\"2488\" data-end=\"2511\">uitleg over aarden<\/a>.<\/p>\n<hr class=\"\" data-start=\"2514\" data-end=\"2517\" \/>\n<h3 class=\"\" data-start=\"2519\" data-end=\"2544\"><strong data-start=\"2523\" data-end=\"2544\">Over de chipkaart<\/strong><\/h3>\n<p class=\"\" data-start=\"2546\" data-end=\"2714\">De Pr-m chipkaart is ontwikkeld door Hp Baklayan, speciaal voor gebruik in combinatie met de <strong data-start=\"2688\" data-end=\"2713\">Diamond Shield Zapper<\/strong>.<\/p>\n<p data-start=\"1598\" data-end=\"1854\"><strong>Wat zijn de verschillen tussen de chipkaarten van Baklayan voor Prostaat?<\/strong><\/p>\n<ul>\n<li data-start=\"748\" data-end=\"797\"><a href=\"https:\/\/www.curavitalis.nl\/webshop\/product\/pb-m-chipkaart-prostaatklachten\/\">chipkaart PB-m<\/a>: <span class=\"relative -mx-px my-[-0.2rem] rounded px-px py-[0.2rem] transition-colors duration-100 ease-in-out\">Specifiek gericht op het prostaatgebied met focus op blaas- en levermeridiaan.<\/span><\/li>\n<li data-start=\"800\" data-end=\"888\">chipkaart PR-m: <span class=\"relative -mx-px my-[-0.2rem] rounded px-px py-[0.2rem] transition-colors duration-100 ease-in-out\">Algemene energetische ondersteuning zonder specifieke focus op \u00e9\u00e9n gebied.<\/span><\/li>\n<\/ul>\n<p class=\"\" data-start=\"2716\" data-end=\"2827\">\ud83d\udcc4 <strong data-start=\"2719\" data-end=\"2780\">Liever een overzicht van alle chipkaarten in PDF-formaat?<\/strong> Stuur een e-mail naar: <strong data-start=\"2804\" data-end=\"2827\"><a class=\"cursor-pointer\" rel=\"noopener\" data-start=\"2806\" data-end=\"2825\">info@curavitalis.nl<\/a><\/strong><\/p>\n<hr class=\"\" data-start=\"2829\" data-end=\"2832\" \/>\n<p class=\"p1\"><b>Disclaimer<\/b><\/p>\n<p class=\"p1\"><i>Sommige van de hier gedane beweringen en de vermelde producten zijn gebaseerd op medische bevindingen die niet worden erkend door de zogenaamde conventionele geneeskunde. De uitspraken over indicaties en werkzaamheid alsmede de toepassingen van de hier vermelde producten zijn geen vervanging voor behandeling door een arts, therapeut of alternatieve behandelaar.<\/i><\/p>\n<p class=\"p1\"><b>Leverancier:<\/b> Mannayan GmbH &amp; Co. KG, Unterer Anger 15 Rgb., 80331 M\u00fcnchen, Tel: +49(0)89-1890846-0, Fax: +49(0)89-1890846-15, <a href=\"mailto:info@mannayan.com\"><span class=\"s1\">info@mannayan.com<\/span><\/a><\/p>\n","protected":false},"excerpt":{"rendered":"<p>Pr-m Chipkaart Prostaat Baklayan Looptijd: 24 minutenCompatibel met: Diamond Shield [&hellip;]<\/p>\n","protected":false},"featured_media":6778,"comment_status":"open","ping_status":"closed","template":"","meta":[],"product_cat":[8676,1008],"product_tag":[6070,6077,5486,6067,6074,6071,6039,6075,6073,6066,6068,6076,6072,6064,6065,6069],"class_list":{"0":"post-6777","1":"product","2":"type-product","3":"status-publish","4":"has-post-thumbnail","6":"product_brand-mannayan","7":"product_cat-chipkaarten","8":"product_cat-chipkaarten-volgens-baklayan","9":"product_tag-5e-wru","10":"product_tag-aarden-bioresonantie","11":"product_tag-baklayan-chipkaart","12":"product_tag-bioresonantie-prostaat","13":"product_tag-chipcard-baklayan","14":"product_tag-chipkaart-erectiestoornis","15":"product_tag-diamond-shield-chipcard","16":"product_tag-diamond-shield-prostaatkaart","17":"product_tag-energetisch-programma-prostaat","18":"product_tag-energetische-prostaat-ondersteuning","19":"product_tag-frequentietherapie-mannen","20":"product_tag-grounding-na-chipkaart","21":"product_tag-impar-chipkaart","22":"product_tag-pr-m-chipkaart","23":"product_tag-prostaat-frequentiekaart","24":"product_tag-urinaire-balans-energetisch","26":"first","27":"instock","28":"taxable","29":"shipping-taxable","30":"purchasable","31":"product-type-simple"},"yoast_head":"<!-- This site is optimized with the Yoast SEO plugin v25.7 - https:\/\/yoast.com\/wordpress\/plugins\/seo\/ -->\n<title>Pr-m Chipkaart Prostaat | Cura Vitalis<\/title>\n<meta name=\"description\" content=\"Pr-m Chipkaart Prostaat. Voor gebruik met Diamond Shield zapper. Cura Vitalis | zappers en chipkaarten Mannayan\" \/>\n<meta name=\"robots\" content=\"index, follow, max-snippet:-1, max-image-preview:large, max-video-preview:-1\" \/>\n<link rel=\"canonical\" href=\"https:\/\/www.curavitalis.nl\/webshop\/product\/pr-m-chipkaart-baklayan\/\" \/>\n<meta property=\"og:locale\" content=\"nl_NL\" \/>\n<meta property=\"og:type\" content=\"article\" \/>\n<meta property=\"og:title\" content=\"Pr-m Chipkaart Prostaat | Cura Vitalis\" \/>\n<meta property=\"og:description\" content=\"Pr-m Chipkaart Prostaat. Voor gebruik met Diamond Shield zapper. Cura Vitalis | zappers en chipkaarten Mannayan\" \/>\n<meta property=\"og:url\" content=\"https:\/\/www.curavitalis.nl\/webshop\/product\/pr-m-chipkaart-baklayan\/\" \/>\n<meta property=\"og:site_name\" content=\"Cura Vitalis\" \/>\n<meta property=\"article:publisher\" content=\"https:\/\/www.facebook.com\/curavitalisnl\" \/>\n<meta property=\"article:modified_time\" content=\"2026-01-20T18:20:50+00:00\" \/>\n<meta property=\"og:image\" content=\"https:\/\/www.curavitalis.nl\/webshop\/wp-content\/uploads\/nc\/catalog\/producten\/Dermavit-Manna\/Pr-m-Baklayan-Chipkaart-Cura-Vitalis.jpg\" \/>\n\t<meta property=\"og:image:width\" content=\"710\" \/>\n\t<meta property=\"og:image:height\" content=\"600\" \/>\n\t<meta property=\"og:image:type\" content=\"image\/jpeg\" \/>\n<meta name=\"twitter:card\" content=\"summary_large_image\" \/>\n<meta name=\"twitter:label1\" content=\"Geschatte leestijd\" \/>\n\t<meta name=\"twitter:data1\" content=\"2 minuten\" \/>\n<script type=\"application\/ld+json\" class=\"yoast-schema-graph\">{\"@context\":\"https:\/\/schema.org\",\"@graph\":[{\"@type\":\"WebPage\",\"@id\":\"https:\/\/www.curavitalis.nl\/webshop\/product\/pr-m-chipkaart-baklayan\/\",\"url\":\"https:\/\/www.curavitalis.nl\/webshop\/product\/pr-m-chipkaart-baklayan\/\",\"name\":\"Pr-m Chipkaart Prostaat | Cura Vitalis\",\"isPartOf\":{\"@id\":\"https:\/\/www.curavitalis.nl\/webshop\/#website\"},\"primaryImageOfPage\":{\"@id\":\"https:\/\/www.curavitalis.nl\/webshop\/product\/pr-m-chipkaart-baklayan\/#primaryimage\"},\"image\":{\"@id\":\"https:\/\/www.curavitalis.nl\/webshop\/product\/pr-m-chipkaart-baklayan\/#primaryimage\"},\"thumbnailUrl\":\"https:\/\/www.curavitalis.nl\/webshop\/wp-content\/uploads\/nc\/catalog\/producten\/Dermavit-Manna\/Pr-m-Baklayan-Chipkaart-Cura-Vitalis.jpg\",\"datePublished\":\"2021-10-23T20:11:41+00:00\",\"dateModified\":\"2026-01-20T18:20:50+00:00\",\"description\":\"Pr-m Chipkaart Prostaat. Voor gebruik met Diamond Shield zapper. Cura Vitalis | zappers en chipkaarten Mannayan\",\"breadcrumb\":{\"@id\":\"https:\/\/www.curavitalis.nl\/webshop\/product\/pr-m-chipkaart-baklayan\/#breadcrumb\"},\"inLanguage\":\"nl-NL\",\"potentialAction\":[{\"@type\":\"ReadAction\",\"target\":[\"https:\/\/www.curavitalis.nl\/webshop\/product\/pr-m-chipkaart-baklayan\/\"]}]},{\"@type\":\"ImageObject\",\"inLanguage\":\"nl-NL\",\"@id\":\"https:\/\/www.curavitalis.nl\/webshop\/product\/pr-m-chipkaart-baklayan\/#primaryimage\",\"url\":\"https:\/\/www.curavitalis.nl\/webshop\/wp-content\/uploads\/nc\/catalog\/producten\/Dermavit-Manna\/Pr-m-Baklayan-Chipkaart-Cura-Vitalis.jpg\",\"contentUrl\":\"https:\/\/www.curavitalis.nl\/webshop\/wp-content\/uploads\/nc\/catalog\/producten\/Dermavit-Manna\/Pr-m-Baklayan-Chipkaart-Cura-Vitalis.jpg\",\"width\":710,\"height\":600,\"caption\":\"Pr-m Chipkaart Prostaat\"},{\"@type\":\"BreadcrumbList\",\"@id\":\"https:\/\/www.curavitalis.nl\/webshop\/product\/pr-m-chipkaart-baklayan\/#breadcrumb\",\"itemListElement\":[{\"@type\":\"ListItem\",\"position\":1,\"name\":\"Home\",\"item\":\"https:\/\/www.curavitalis.nl\/webshop\/\"},{\"@type\":\"ListItem\",\"position\":2,\"name\":\"Webshop\",\"item\":\"https:\/\/www.curavitalis.nl\/webshop\/webshop\/\"},{\"@type\":\"ListItem\",\"position\":3,\"name\":\"Pr-m Chipkaart Prostaat\"}]},{\"@type\":\"WebSite\",\"@id\":\"https:\/\/www.curavitalis.nl\/webshop\/#website\",\"url\":\"https:\/\/www.curavitalis.nl\/webshop\/\",\"name\":\"Cura Vitalis\",\"description\":\"Webshop\",\"publisher\":{\"@id\":\"https:\/\/www.curavitalis.nl\/webshop\/#organization\"},\"potentialAction\":[{\"@type\":\"SearchAction\",\"target\":{\"@type\":\"EntryPoint\",\"urlTemplate\":\"https:\/\/www.curavitalis.nl\/webshop\/?s={search_term_string}\"},\"query-input\":{\"@type\":\"PropertyValueSpecification\",\"valueRequired\":true,\"valueName\":\"search_term_string\"}}],\"inLanguage\":\"nl-NL\"},{\"@type\":\"Organization\",\"@id\":\"https:\/\/www.curavitalis.nl\/webshop\/#organization\",\"name\":\"Cura Vitalis\",\"url\":\"https:\/\/www.curavitalis.nl\/webshop\/\",\"logo\":{\"@type\":\"ImageObject\",\"inLanguage\":\"nl-NL\",\"@id\":\"https:\/\/www.curavitalis.nl\/webshop\/#\/schema\/logo\/image\/\",\"url\":\"https:\/\/www.curavitalis.nl\/webshop\/wp-content\/uploads\/2024\/10\/logo-curavitalis-small.png\",\"contentUrl\":\"https:\/\/www.curavitalis.nl\/webshop\/wp-content\/uploads\/2024\/10\/logo-curavitalis-small.png\",\"width\":350,\"height\":158,\"caption\":\"Cura Vitalis\"},\"image\":{\"@id\":\"https:\/\/www.curavitalis.nl\/webshop\/#\/schema\/logo\/image\/\"},\"sameAs\":[\"https:\/\/www.facebook.com\/curavitalisnl\"]}]}<\/script>\n<!-- \/ Yoast SEO plugin. -->","yoast_head_json":{"title":"Pr-m Chipkaart Prostaat | Cura Vitalis","description":"Pr-m Chipkaart Prostaat. Voor gebruik met Diamond Shield zapper. Cura Vitalis | zappers en chipkaarten Mannayan","robots":{"index":"index","follow":"follow","max-snippet":"max-snippet:-1","max-image-preview":"max-image-preview:large","max-video-preview":"max-video-preview:-1"},"canonical":"https:\/\/www.curavitalis.nl\/webshop\/product\/pr-m-chipkaart-baklayan\/","og_locale":"nl_NL","og_type":"article","og_title":"Pr-m Chipkaart Prostaat | Cura Vitalis","og_description":"Pr-m Chipkaart Prostaat. Voor gebruik met Diamond Shield zapper. Cura Vitalis | zappers en chipkaarten Mannayan","og_url":"https:\/\/www.curavitalis.nl\/webshop\/product\/pr-m-chipkaart-baklayan\/","og_site_name":"Cura Vitalis","article_publisher":"https:\/\/www.facebook.com\/curavitalisnl","article_modified_time":"2026-01-20T18:20:50+00:00","og_image":[{"width":710,"height":600,"url":"https:\/\/www.curavitalis.nl\/webshop\/wp-content\/uploads\/nc\/catalog\/producten\/Dermavit-Manna\/Pr-m-Baklayan-Chipkaart-Cura-Vitalis.jpg","type":"image\/jpeg"}],"twitter_card":"summary_large_image","twitter_misc":{"Geschatte leestijd":"2 minuten"},"schema":{"@context":"https:\/\/schema.org","@graph":[{"@type":"WebPage","@id":"https:\/\/www.curavitalis.nl\/webshop\/product\/pr-m-chipkaart-baklayan\/","url":"https:\/\/www.curavitalis.nl\/webshop\/product\/pr-m-chipkaart-baklayan\/","name":"Pr-m Chipkaart Prostaat | Cura Vitalis","isPartOf":{"@id":"https:\/\/www.curavitalis.nl\/webshop\/#website"},"primaryImageOfPage":{"@id":"https:\/\/www.curavitalis.nl\/webshop\/product\/pr-m-chipkaart-baklayan\/#primaryimage"},"image":{"@id":"https:\/\/www.curavitalis.nl\/webshop\/product\/pr-m-chipkaart-baklayan\/#primaryimage"},"thumbnailUrl":"https:\/\/www.curavitalis.nl\/webshop\/wp-content\/uploads\/nc\/catalog\/producten\/Dermavit-Manna\/Pr-m-Baklayan-Chipkaart-Cura-Vitalis.jpg","datePublished":"2021-10-23T20:11:41+00:00","dateModified":"2026-01-20T18:20:50+00:00","description":"Pr-m Chipkaart Prostaat. Voor gebruik met Diamond Shield zapper. Cura Vitalis | zappers en chipkaarten Mannayan","breadcrumb":{"@id":"https:\/\/www.curavitalis.nl\/webshop\/product\/pr-m-chipkaart-baklayan\/#breadcrumb"},"inLanguage":"nl-NL","potentialAction":[{"@type":"ReadAction","target":["https:\/\/www.curavitalis.nl\/webshop\/product\/pr-m-chipkaart-baklayan\/"]}]},{"@type":"ImageObject","inLanguage":"nl-NL","@id":"https:\/\/www.curavitalis.nl\/webshop\/product\/pr-m-chipkaart-baklayan\/#primaryimage","url":"https:\/\/www.curavitalis.nl\/webshop\/wp-content\/uploads\/nc\/catalog\/producten\/Dermavit-Manna\/Pr-m-Baklayan-Chipkaart-Cura-Vitalis.jpg","contentUrl":"https:\/\/www.curavitalis.nl\/webshop\/wp-content\/uploads\/nc\/catalog\/producten\/Dermavit-Manna\/Pr-m-Baklayan-Chipkaart-Cura-Vitalis.jpg","width":710,"height":600,"caption":"Pr-m Chipkaart Prostaat"},{"@type":"BreadcrumbList","@id":"https:\/\/www.curavitalis.nl\/webshop\/product\/pr-m-chipkaart-baklayan\/#breadcrumb","itemListElement":[{"@type":"ListItem","position":1,"name":"Home","item":"https:\/\/www.curavitalis.nl\/webshop\/"},{"@type":"ListItem","position":2,"name":"Webshop","item":"https:\/\/www.curavitalis.nl\/webshop\/webshop\/"},{"@type":"ListItem","position":3,"name":"Pr-m Chipkaart Prostaat"}]},{"@type":"WebSite","@id":"https:\/\/www.curavitalis.nl\/webshop\/#website","url":"https:\/\/www.curavitalis.nl\/webshop\/","name":"Cura Vitalis","description":"Webshop","publisher":{"@id":"https:\/\/www.curavitalis.nl\/webshop\/#organization"},"potentialAction":[{"@type":"SearchAction","target":{"@type":"EntryPoint","urlTemplate":"https:\/\/www.curavitalis.nl\/webshop\/?s={search_term_string}"},"query-input":{"@type":"PropertyValueSpecification","valueRequired":true,"valueName":"search_term_string"}}],"inLanguage":"nl-NL"},{"@type":"Organization","@id":"https:\/\/www.curavitalis.nl\/webshop\/#organization","name":"Cura Vitalis","url":"https:\/\/www.curavitalis.nl\/webshop\/","logo":{"@type":"ImageObject","inLanguage":"nl-NL","@id":"https:\/\/www.curavitalis.nl\/webshop\/#\/schema\/logo\/image\/","url":"https:\/\/www.curavitalis.nl\/webshop\/wp-content\/uploads\/2024\/10\/logo-curavitalis-small.png","contentUrl":"https:\/\/www.curavitalis.nl\/webshop\/wp-content\/uploads\/2024\/10\/logo-curavitalis-small.png","width":350,"height":158,"caption":"Cura Vitalis"},"image":{"@id":"https:\/\/www.curavitalis.nl\/webshop\/#\/schema\/logo\/image\/"},"sameAs":["https:\/\/www.facebook.com\/curavitalisnl"]}]}},"_links":{"self":[{"href":"https:\/\/www.curavitalis.nl\/webshop\/wp-json\/wp\/v2\/product\/6777","targetHints":{"allow":["GET"]}}],"collection":[{"href":"https:\/\/www.curavitalis.nl\/webshop\/wp-json\/wp\/v2\/product"}],"about":[{"href":"https:\/\/www.curavitalis.nl\/webshop\/wp-json\/wp\/v2\/types\/product"}],"replies":[{"embeddable":true,"href":"https:\/\/www.curavitalis.nl\/webshop\/wp-json\/wp\/v2\/comments?post=6777"}],"wp:featuredmedia":[{"embeddable":true,"href":"https:\/\/www.curavitalis.nl\/webshop\/wp-json\/wp\/v2\/media\/6778"}],"wp:attachment":[{"href":"https:\/\/www.curavitalis.nl\/webshop\/wp-json\/wp\/v2\/media?parent=6777"}],"wp:term":[{"taxonomy":"product_cat","embeddable":true,"href":"https:\/\/www.curavitalis.nl\/webshop\/wp-json\/wp\/v2\/product_cat?post=6777"},{"taxonomy":"product_tag","embeddable":true,"href":"https:\/\/www.curavitalis.nl\/webshop\/wp-json\/wp\/v2\/product_tag?post=6777"}],"curies":[{"name":"wp","href":"https:\/\/api.w.org\/{rel}","templated":true}]}}