{"id":6654,"date":"2021-09-06T19:54:21","date_gmt":"2021-09-06T19:54:21","guid":{"rendered":"https:\/\/www.curavitalis.nl\/webshop\/?product=synofit-premium-plus-groenlipmossel-curcumine"},"modified":"2025-12-31T11:42:39","modified_gmt":"2025-12-31T10:42:39","slug":"synofit-premium-plus-groenlipmossel-and-curcumine","status":"publish","type":"product","link":"https:\/\/www.curavitalis.nl\/webshop\/product\/synofit-premium-plus-groenlipmossel-and-curcumine\/","title":{"rendered":"Synofit Premium Plus groenlipmossel &#038; curcumine"},"content":{"rendered":"<h1><span style=\"font-weight: bold;\">Synofit Premium Plus groenlipmossel &amp; curcumine 120 capsules<\/span><\/h1>\n<p style=\"caret-color: #000000; color: #000000; font-family: Verdana, Geneva, sans-serif;\">Capsules met vloeibare inhoud voor 40 dagen opbouwkuur \u00f3f voor 60-120 dagen onderhoudsdosering.<\/p>\n<p style=\"caret-color: #000000; color: #000000; font-family: Verdana, Geneva, sans-serif;\">Synofit Premium Plus is het enige product met 100% pure GLMax\u00ae Groenlipmossel, Curcumine en Zwarte bes-blad in een vloeibare vorm. De Groenlipmossel in Synofit is g\u00e9\u00e9n extract of poeder!<\/p>\n<p style=\"caret-color: #000000; color: #000000; font-family: Verdana, Geneva, sans-serif;\">+ Kwaliteitsgarantie<br \/>\n+ Reeds duizenden gebruikers<br \/>\n+ Een opbouwkuur duurt 40-80 dagen: na 80 dagen is 70% van de gebruikers tevreden<\/p>\n<p style=\"caret-color: #000000; color: #000000; font-family: Verdana, Geneva, sans-serif;\">Complete formule voor de gewrichten van Synofit:<\/p>\n<p style=\"caret-color: #000000; color: #000000; font-family: Verdana, Geneva, sans-serif;\">+ voor het behoud van soepele gewrichten (Curcuma en Zwarte bes blad)*<br \/>\n+ Voor het behoud van gezond kraakbeen (Vitamine C)<br \/>\n+ Helpt het immuunsysteem (Vitamine C)<\/p>\n<p style=\"caret-color: #000000; color: #000000; font-family: Verdana, Geneva, sans-serif;\">*Gezondheidsclaim in afwachting van goedkeuring door de Europese Commissie<\/p>\n<table style=\"caret-color: #000000; color: #000000; font-family: Verdana, Geneva, sans-serif; width: 550px;\">\n<tbody>\n<tr>\n<td><strong>Samenstelling per dosering van\u00a03 capsules:<\/strong><\/td>\n<td><\/td>\n<td>% RI*<\/td>\n<\/tr>\n<tr>\n<td>Groenlipmossel** (<em>Perna canaliculus<\/em>)<\/td>\n<td>390 mg<\/td>\n<td>&#8211;<\/td>\n<\/tr>\n<tr>\n<td>Zwarte bes (<em>Ribes nigrum<\/em>)-blad<br \/>\nextract 1:10<\/td>\n<td>165 mg<\/td>\n<td>&#8211;<\/td>\n<\/tr>\n<tr>\n<td>Curcumine (Full Spectrum)*** (<em>Curcuma longa<\/em>)<\/td>\n<td>150 mg<\/td>\n<td>&#8211;<\/td>\n<\/tr>\n<tr>\n<td>Vitamine C (Ascorbinezuur)<\/td>\n<td>51 mg<\/td>\n<td>64 %<\/td>\n<\/tr>\n<tr>\n<td>Calcium (Calciumgluconaat)<\/td>\n<td>22,3 mg<\/td>\n<td>2,8 %<\/td>\n<\/tr>\n<tr>\n<td>Vitamine E (RRR-alpha-Tocopherol)<\/td>\n<td>4,5 mg<\/td>\n<td>37 %<\/td>\n<\/tr>\n<tr>\n<td>Vitamine D3 (Cholecalciferol)<\/td>\n<td>5 \u03bcg<\/td>\n<td>100 %<\/td>\n<\/tr>\n<tr>\n<td>* RI = algemene referentie-inname<br \/>\n** 100% pure Groenlipmossel (GLMax\u00ae)<br \/>\n*** Full Spectrum Curcumine bevat Bio-CM100\u00ae Curcumine<br \/>\n(goed opneembaar en biologisch actief, met gegarandeerd meer<br \/>\ndan 95% curcuminoi\u0308den) en Turmerosachariden.<br \/>\nBeide komen uit de geelwortel en zijn 100% natuurlijk.<\/td>\n<td><\/td>\n<td><\/td>\n<\/tr>\n<\/tbody>\n<\/table>\n<p style=\"caret-color: #000000; color: #000000; font-family: Verdana, Geneva, sans-serif;\"><strong>Ingredienten<\/strong><br \/>\nVISOLIE, gelatine (VIS; capsule), GROENLIPMOSSEL (weekdieren; Perna canaliculus; herkomst: Nieuw-Zeeland), zwarte bes (Ribes nigrum)-blad, curcumine* (Curcuma longa), vitaminen (vitamine C, vitamine E, vitamine D3), mineralen (calcium), emulgatoren (zonnebloemlecithine, glycerine), stabilisatoren (bijenwas), kleurstoffen (chlorofyline, ijzeroxide)<\/p>\n<p><strong>Gebruik<\/strong><br \/>\nNeem gedurende de eerste 40-80 dagen \u00e9\u00e9n Synofit Premium Plus Capsule driemaal daags v\u00f3\u00f3r, tijdens of na de maaltijd oraal in. Als uw gewrichten na deze periode soepel en comfortabel blijven aanvoelen, kunt u teruggaan naar de onderhoudsdosering met tweemaal daags \u00e9\u00e9n Synofit Premium Plus Capsule. In sommige gevallen is \u00e9\u00e9n Synofit Premium Plus Capsule per dag voldoende.<\/p>\n<p>Synofit Premium Plus Capsules bij voorkeur bewaren op kamertemperatuur. Niet aan zonlicht blootstellen.<\/p>\n<p><strong>Fabrikant<\/strong><br \/>\nSynofit Europe B.V.<br \/>\nKoninginneweg 11<br \/>\n1217 KP Hilversum<\/p>\n<p>Dit product is een voedingssupplement.<\/p>\n<p>Aanbevolen dosering niet overschrijden.<\/p>\n<p>Een gevarieerde, evenwichtige voeding en een gezonde levensstijl zijn belangrijk. Een voedingssupplement is geen vervanging van een gevarieerde voeding.<\/p>\n<p>Buiten bereik van jonge kinderen houden.<\/p>\n<p>Droog, afgesloten en bij kamertemperatuur bewaren, tenzij anders geadviseerd op het etiket.<\/p>\n<p>Raadpleeg een deskundige alvorens supplementen te gebruiken in geval van zwangerschap, lactatie, medicijngebruik en ziekte.<\/p>\n","protected":false},"excerpt":{"rendered":"<p>Synofit Premium Plus groenlipmossel &amp; curcumine 120 capsules Capsules met [&hellip;]<\/p>\n","protected":false},"featured_media":6655,"comment_status":"open","ping_status":"closed","template":"","meta":[],"product_cat":[976,910,1000],"product_tag":[3368,1113,3367,3283,1317,1405,1404],"class_list":{"0":"post-6654","1":"product","2":"type-product","3":"status-publish","4":"has-post-thumbnail","6":"product_brand-synofit","7":"product_cat-curcuma","8":"product_cat-fytotherapie-gemmotherapie","9":"product_cat-voedingssupplementen","10":"product_tag-curcumine","11":"product_tag-fytotherapie","12":"product_tag-groenlipmossel","13":"product_tag-phyto","14":"product_tag-plus","15":"product_tag-premium","16":"product_tag-synofit","18":"first","19":"onbackorder","20":"taxable","21":"shipping-taxable","22":"purchasable","23":"product-type-simple"},"yoast_head":"<!-- This site is optimized with the Yoast SEO plugin v25.7 - https:\/\/yoast.com\/wordpress\/plugins\/seo\/ -->\n<title>Synofit Premium Plus groenlipmossel &amp; curcumine<\/title>\n<meta name=\"description\" content=\"Synofit Premium Plus groenlipmossel &amp; curcumine - 120 capsules (Synofit). Synofit Premium Plus groenlipmossel &amp; curcumine 120 capsules Capsules met vloeibare inhoud voor 40 dagen opbouwkuur \u00f3f voor 60-120 dagen onderhoudsdosering.\" \/>\n<meta name=\"robots\" content=\"index, follow, max-snippet:-1, max-image-preview:large, max-video-preview:-1\" \/>\n<link rel=\"canonical\" href=\"https:\/\/www.curavitalis.nl\/webshop\/product\/synofit-premium-plus-groenlipmossel-and-curcumine\/\" \/>\n<meta property=\"og:locale\" content=\"nl_NL\" \/>\n<meta property=\"og:type\" content=\"article\" \/>\n<meta property=\"og:title\" content=\"Synofit Premium Plus groenlipmossel &amp; curcumine\" \/>\n<meta property=\"og:description\" content=\"Synofit Premium Plus groenlipmossel &amp; curcumine - 120 capsules (Synofit). Synofit Premium Plus groenlipmossel &amp; curcumine 120 capsules Capsules met vloeibare inhoud voor 40 dagen opbouwkuur \u00f3f voor 60-120 dagen onderhoudsdosering.\" \/>\n<meta property=\"og:url\" content=\"https:\/\/www.curavitalis.nl\/webshop\/product\/synofit-premium-plus-groenlipmossel-and-curcumine\/\" \/>\n<meta property=\"og:site_name\" content=\"Cura Vitalis\" \/>\n<meta property=\"article:publisher\" content=\"https:\/\/www.facebook.com\/curavitalisnl\" \/>\n<meta property=\"article:modified_time\" content=\"2025-12-31T10:42:39+00:00\" \/>\n<meta property=\"og:image\" content=\"https:\/\/www.curavitalis.nl\/webshop\/wp-content\/uploads\/nc\/catalog\/producten\/Synofit\/Synofit-premium-plus-120-cura-vitalis.jpg\" \/>\n\t<meta property=\"og:image:width\" content=\"710\" \/>\n\t<meta property=\"og:image:height\" content=\"600\" \/>\n\t<meta property=\"og:image:type\" content=\"image\/jpeg\" \/>\n<meta name=\"twitter:card\" content=\"summary_large_image\" \/>\n<meta name=\"twitter:label1\" content=\"Geschatte leestijd\" \/>\n\t<meta name=\"twitter:data1\" content=\"3 minuten\" \/>\n<script type=\"application\/ld+json\" class=\"yoast-schema-graph\">{\"@context\":\"https:\/\/schema.org\",\"@graph\":[{\"@type\":\"WebPage\",\"@id\":\"https:\/\/www.curavitalis.nl\/webshop\/product\/synofit-premium-plus-groenlipmossel-and-curcumine\/\",\"url\":\"https:\/\/www.curavitalis.nl\/webshop\/product\/synofit-premium-plus-groenlipmossel-and-curcumine\/\",\"name\":\"Synofit Premium Plus groenlipmossel & curcumine\",\"isPartOf\":{\"@id\":\"https:\/\/www.curavitalis.nl\/webshop\/#website\"},\"primaryImageOfPage\":{\"@id\":\"https:\/\/www.curavitalis.nl\/webshop\/product\/synofit-premium-plus-groenlipmossel-and-curcumine\/#primaryimage\"},\"image\":{\"@id\":\"https:\/\/www.curavitalis.nl\/webshop\/product\/synofit-premium-plus-groenlipmossel-and-curcumine\/#primaryimage\"},\"thumbnailUrl\":\"https:\/\/www.curavitalis.nl\/webshop\/wp-content\/uploads\/nc\/catalog\/producten\/Synofit\/Synofit-premium-plus-120-cura-vitalis.jpg\",\"datePublished\":\"2021-09-06T19:54:21+00:00\",\"dateModified\":\"2025-12-31T10:42:39+00:00\",\"description\":\"Synofit Premium Plus groenlipmossel & curcumine - 120 capsules (Synofit). Synofit Premium Plus groenlipmossel & curcumine 120 capsules Capsules met vloeibare inhoud voor 40 dagen opbouwkuur \u00f3f voor 60-120 dagen onderhoudsdosering.\",\"breadcrumb\":{\"@id\":\"https:\/\/www.curavitalis.nl\/webshop\/product\/synofit-premium-plus-groenlipmossel-and-curcumine\/#breadcrumb\"},\"inLanguage\":\"nl-NL\",\"potentialAction\":[{\"@type\":\"ReadAction\",\"target\":[\"https:\/\/www.curavitalis.nl\/webshop\/product\/synofit-premium-plus-groenlipmossel-and-curcumine\/\"]}]},{\"@type\":\"ImageObject\",\"inLanguage\":\"nl-NL\",\"@id\":\"https:\/\/www.curavitalis.nl\/webshop\/product\/synofit-premium-plus-groenlipmossel-and-curcumine\/#primaryimage\",\"url\":\"https:\/\/www.curavitalis.nl\/webshop\/wp-content\/uploads\/nc\/catalog\/producten\/Synofit\/Synofit-premium-plus-120-cura-vitalis.jpg\",\"contentUrl\":\"https:\/\/www.curavitalis.nl\/webshop\/wp-content\/uploads\/nc\/catalog\/producten\/Synofit\/Synofit-premium-plus-120-cura-vitalis.jpg\",\"width\":710,\"height\":600,\"caption\":\"Synofit Premium Plus groenlipmossel & curcumine\"},{\"@type\":\"BreadcrumbList\",\"@id\":\"https:\/\/www.curavitalis.nl\/webshop\/product\/synofit-premium-plus-groenlipmossel-and-curcumine\/#breadcrumb\",\"itemListElement\":[{\"@type\":\"ListItem\",\"position\":1,\"name\":\"Home\",\"item\":\"https:\/\/www.curavitalis.nl\/webshop\/\"},{\"@type\":\"ListItem\",\"position\":2,\"name\":\"Webshop\",\"item\":\"https:\/\/www.curavitalis.nl\/webshop\/webshop\/\"},{\"@type\":\"ListItem\",\"position\":3,\"name\":\"Synofit Premium Plus groenlipmossel &#038; curcumine\"}]},{\"@type\":\"WebSite\",\"@id\":\"https:\/\/www.curavitalis.nl\/webshop\/#website\",\"url\":\"https:\/\/www.curavitalis.nl\/webshop\/\",\"name\":\"Cura Vitalis\",\"description\":\"Webshop\",\"publisher\":{\"@id\":\"https:\/\/www.curavitalis.nl\/webshop\/#organization\"},\"potentialAction\":[{\"@type\":\"SearchAction\",\"target\":{\"@type\":\"EntryPoint\",\"urlTemplate\":\"https:\/\/www.curavitalis.nl\/webshop\/?s={search_term_string}\"},\"query-input\":{\"@type\":\"PropertyValueSpecification\",\"valueRequired\":true,\"valueName\":\"search_term_string\"}}],\"inLanguage\":\"nl-NL\"},{\"@type\":\"Organization\",\"@id\":\"https:\/\/www.curavitalis.nl\/webshop\/#organization\",\"name\":\"Cura Vitalis\",\"url\":\"https:\/\/www.curavitalis.nl\/webshop\/\",\"logo\":{\"@type\":\"ImageObject\",\"inLanguage\":\"nl-NL\",\"@id\":\"https:\/\/www.curavitalis.nl\/webshop\/#\/schema\/logo\/image\/\",\"url\":\"https:\/\/www.curavitalis.nl\/webshop\/wp-content\/uploads\/2024\/10\/logo-curavitalis-small.png\",\"contentUrl\":\"https:\/\/www.curavitalis.nl\/webshop\/wp-content\/uploads\/2024\/10\/logo-curavitalis-small.png\",\"width\":350,\"height\":158,\"caption\":\"Cura Vitalis\"},\"image\":{\"@id\":\"https:\/\/www.curavitalis.nl\/webshop\/#\/schema\/logo\/image\/\"},\"sameAs\":[\"https:\/\/www.facebook.com\/curavitalisnl\"]}]}<\/script>\n<!-- \/ Yoast SEO plugin. -->","yoast_head_json":{"title":"Synofit Premium Plus groenlipmossel & curcumine","description":"Synofit Premium Plus groenlipmossel & curcumine - 120 capsules (Synofit). Synofit Premium Plus groenlipmossel & curcumine 120 capsules Capsules met vloeibare inhoud voor 40 dagen opbouwkuur \u00f3f voor 60-120 dagen onderhoudsdosering.","robots":{"index":"index","follow":"follow","max-snippet":"max-snippet:-1","max-image-preview":"max-image-preview:large","max-video-preview":"max-video-preview:-1"},"canonical":"https:\/\/www.curavitalis.nl\/webshop\/product\/synofit-premium-plus-groenlipmossel-and-curcumine\/","og_locale":"nl_NL","og_type":"article","og_title":"Synofit Premium Plus groenlipmossel & curcumine","og_description":"Synofit Premium Plus groenlipmossel & curcumine - 120 capsules (Synofit). Synofit Premium Plus groenlipmossel & curcumine 120 capsules Capsules met vloeibare inhoud voor 40 dagen opbouwkuur \u00f3f voor 60-120 dagen onderhoudsdosering.","og_url":"https:\/\/www.curavitalis.nl\/webshop\/product\/synofit-premium-plus-groenlipmossel-and-curcumine\/","og_site_name":"Cura Vitalis","article_publisher":"https:\/\/www.facebook.com\/curavitalisnl","article_modified_time":"2025-12-31T10:42:39+00:00","og_image":[{"width":710,"height":600,"url":"https:\/\/www.curavitalis.nl\/webshop\/wp-content\/uploads\/nc\/catalog\/producten\/Synofit\/Synofit-premium-plus-120-cura-vitalis.jpg","type":"image\/jpeg"}],"twitter_card":"summary_large_image","twitter_misc":{"Geschatte leestijd":"3 minuten"},"schema":{"@context":"https:\/\/schema.org","@graph":[{"@type":"WebPage","@id":"https:\/\/www.curavitalis.nl\/webshop\/product\/synofit-premium-plus-groenlipmossel-and-curcumine\/","url":"https:\/\/www.curavitalis.nl\/webshop\/product\/synofit-premium-plus-groenlipmossel-and-curcumine\/","name":"Synofit Premium Plus groenlipmossel & curcumine","isPartOf":{"@id":"https:\/\/www.curavitalis.nl\/webshop\/#website"},"primaryImageOfPage":{"@id":"https:\/\/www.curavitalis.nl\/webshop\/product\/synofit-premium-plus-groenlipmossel-and-curcumine\/#primaryimage"},"image":{"@id":"https:\/\/www.curavitalis.nl\/webshop\/product\/synofit-premium-plus-groenlipmossel-and-curcumine\/#primaryimage"},"thumbnailUrl":"https:\/\/www.curavitalis.nl\/webshop\/wp-content\/uploads\/nc\/catalog\/producten\/Synofit\/Synofit-premium-plus-120-cura-vitalis.jpg","datePublished":"2021-09-06T19:54:21+00:00","dateModified":"2025-12-31T10:42:39+00:00","description":"Synofit Premium Plus groenlipmossel & curcumine - 120 capsules (Synofit). Synofit Premium Plus groenlipmossel & curcumine 120 capsules Capsules met vloeibare inhoud voor 40 dagen opbouwkuur \u00f3f voor 60-120 dagen onderhoudsdosering.","breadcrumb":{"@id":"https:\/\/www.curavitalis.nl\/webshop\/product\/synofit-premium-plus-groenlipmossel-and-curcumine\/#breadcrumb"},"inLanguage":"nl-NL","potentialAction":[{"@type":"ReadAction","target":["https:\/\/www.curavitalis.nl\/webshop\/product\/synofit-premium-plus-groenlipmossel-and-curcumine\/"]}]},{"@type":"ImageObject","inLanguage":"nl-NL","@id":"https:\/\/www.curavitalis.nl\/webshop\/product\/synofit-premium-plus-groenlipmossel-and-curcumine\/#primaryimage","url":"https:\/\/www.curavitalis.nl\/webshop\/wp-content\/uploads\/nc\/catalog\/producten\/Synofit\/Synofit-premium-plus-120-cura-vitalis.jpg","contentUrl":"https:\/\/www.curavitalis.nl\/webshop\/wp-content\/uploads\/nc\/catalog\/producten\/Synofit\/Synofit-premium-plus-120-cura-vitalis.jpg","width":710,"height":600,"caption":"Synofit Premium Plus groenlipmossel & curcumine"},{"@type":"BreadcrumbList","@id":"https:\/\/www.curavitalis.nl\/webshop\/product\/synofit-premium-plus-groenlipmossel-and-curcumine\/#breadcrumb","itemListElement":[{"@type":"ListItem","position":1,"name":"Home","item":"https:\/\/www.curavitalis.nl\/webshop\/"},{"@type":"ListItem","position":2,"name":"Webshop","item":"https:\/\/www.curavitalis.nl\/webshop\/webshop\/"},{"@type":"ListItem","position":3,"name":"Synofit Premium Plus groenlipmossel &#038; curcumine"}]},{"@type":"WebSite","@id":"https:\/\/www.curavitalis.nl\/webshop\/#website","url":"https:\/\/www.curavitalis.nl\/webshop\/","name":"Cura Vitalis","description":"Webshop","publisher":{"@id":"https:\/\/www.curavitalis.nl\/webshop\/#organization"},"potentialAction":[{"@type":"SearchAction","target":{"@type":"EntryPoint","urlTemplate":"https:\/\/www.curavitalis.nl\/webshop\/?s={search_term_string}"},"query-input":{"@type":"PropertyValueSpecification","valueRequired":true,"valueName":"search_term_string"}}],"inLanguage":"nl-NL"},{"@type":"Organization","@id":"https:\/\/www.curavitalis.nl\/webshop\/#organization","name":"Cura Vitalis","url":"https:\/\/www.curavitalis.nl\/webshop\/","logo":{"@type":"ImageObject","inLanguage":"nl-NL","@id":"https:\/\/www.curavitalis.nl\/webshop\/#\/schema\/logo\/image\/","url":"https:\/\/www.curavitalis.nl\/webshop\/wp-content\/uploads\/2024\/10\/logo-curavitalis-small.png","contentUrl":"https:\/\/www.curavitalis.nl\/webshop\/wp-content\/uploads\/2024\/10\/logo-curavitalis-small.png","width":350,"height":158,"caption":"Cura Vitalis"},"image":{"@id":"https:\/\/www.curavitalis.nl\/webshop\/#\/schema\/logo\/image\/"},"sameAs":["https:\/\/www.facebook.com\/curavitalisnl"]}]}},"_links":{"self":[{"href":"https:\/\/www.curavitalis.nl\/webshop\/wp-json\/wp\/v2\/product\/6654","targetHints":{"allow":["GET"]}}],"collection":[{"href":"https:\/\/www.curavitalis.nl\/webshop\/wp-json\/wp\/v2\/product"}],"about":[{"href":"https:\/\/www.curavitalis.nl\/webshop\/wp-json\/wp\/v2\/types\/product"}],"replies":[{"embeddable":true,"href":"https:\/\/www.curavitalis.nl\/webshop\/wp-json\/wp\/v2\/comments?post=6654"}],"wp:featuredmedia":[{"embeddable":true,"href":"https:\/\/www.curavitalis.nl\/webshop\/wp-json\/wp\/v2\/media\/6655"}],"wp:attachment":[{"href":"https:\/\/www.curavitalis.nl\/webshop\/wp-json\/wp\/v2\/media?parent=6654"}],"wp:term":[{"taxonomy":"product_cat","embeddable":true,"href":"https:\/\/www.curavitalis.nl\/webshop\/wp-json\/wp\/v2\/product_cat?post=6654"},{"taxonomy":"product_tag","embeddable":true,"href":"https:\/\/www.curavitalis.nl\/webshop\/wp-json\/wp\/v2\/product_tag?post=6654"}],"curies":[{"name":"wp","href":"https:\/\/api.w.org\/{rel}","templated":true}]}}