{"id":6624,"date":"2021-08-31T20:59:40","date_gmt":"2021-08-31T20:59:40","guid":{"rendered":"https:\/\/www.curavitalis.nl\/webshop\/?product=akn-m-chipkaart-acne"},"modified":"2026-01-20T11:15:04","modified_gmt":"2026-01-20T10:15:04","slug":"akn-m-chipkaart-baklayan","status":"publish","type":"product","link":"https:\/\/www.curavitalis.nl\/webshop\/product\/akn-m-chipkaart-baklayan\/","title":{"rendered":"Akn-m chipkaart Acn\u00e9"},"content":{"rendered":"<h1 data-start=\"217\" data-end=\"291\"><strong data-start=\"221\" data-end=\"291\">Akn-m Chipkaart Baklayan<\/strong><\/h1>\n<h3 class=\"\" data-start=\"217\" data-end=\"291\"><strong data-start=\"221\" data-end=\"291\">Energetische ondersteuning bij huidbalans (acn\u00e9)<\/strong><\/h3>\n<p class=\"\" data-start=\"293\" data-end=\"596\">De <strong data-start=\"296\" data-end=\"315\">Akn-m chipkaart<\/strong> is ontworpen door Baklayan als toebehoren voor de <strong data-start=\"366\" data-end=\"391\">Diamond Shield Zapper<\/strong>. Deze kaart maakt gebruik van frequenties gebaseerd op het werk van <strong data-start=\"460\" data-end=\"477\">Rife en Clark<\/strong>, gericht op de energetische benadering van verstorende invloeden die in verband worden gebracht met huidonzuiverheden.<\/p>\n<p class=\"\" data-start=\"598\" data-end=\"743\"><strong data-start=\"598\" data-end=\"611\">Looptijd:<\/strong> ca. 47 minuten<br data-start=\"626\" data-end=\"629\" \/><strong data-start=\"629\" data-end=\"648\">Aantal stappen:<\/strong> 10 fasen<br data-start=\"657\" data-end=\"660\" \/><strong data-start=\"660\" data-end=\"675\">Toepassing:<\/strong> Voor gebruik met Diamond Shield Zapper<br data-start=\"714\" data-end=\"717\" \/><strong data-start=\"717\" data-end=\"734\">Ontwikkeling:<\/strong> Baklayan<\/p>\n<hr class=\"\" data-start=\"745\" data-end=\"748\" \/>\n<h3 class=\"\" data-start=\"750\" data-end=\"782\"><strong data-start=\"754\" data-end=\"782\">Gebruik van de chipkaart<\/strong><\/h3>\n<p class=\"\" data-start=\"784\" data-end=\"1014\">Voor energetische ondersteuning van de huidbalans wordt aanbevolen om de Akn-m chipkaart te gebruiken als een kuur van <strong data-start=\"903\" data-end=\"920\">4 tot 5 weken<\/strong>, gevolgd door een <strong data-start=\"939\" data-end=\"961\">pauze van een week<\/strong>. Daarna kan de toepassing eventueel herhaald worden.<\/p>\n<p class=\"\" data-start=\"1016\" data-end=\"1102\">Deze chipkaart wordt vaak gebruikt in combinatie met aanvullende ondersteuning, zoals:<\/p>\n<ul data-start=\"1104\" data-end=\"1360\">\n<li class=\"\" data-start=\"1104\" data-end=\"1149\">\n<p class=\"\" data-start=\"1106\" data-end=\"1149\"><strong data-start=\"1106\" data-end=\"1123\">DTX-chipkaart<\/strong> voor energetische detox<\/p>\n<\/li>\n<li class=\"\" data-start=\"1150\" data-end=\"1215\">\n<p class=\"\" data-start=\"1152\" data-end=\"1215\"><strong data-start=\"1152\" data-end=\"1185\">Diamond Shield basisprogramma<\/strong> (standaard op het apparaat)<\/p>\n<\/li>\n<li class=\"\" data-start=\"1216\" data-end=\"1360\">\n<p class=\"\" data-start=\"1218\" data-end=\"1360\"><strong data-start=\"1218\" data-end=\"1236\">Voedingsadvies<\/strong>, zoals een koolhydraatarm of ketogeen dieet, meer informatie op de site van <a href=\"https:\/\/rinekedijkinga.nl\/weetjes\/het-ketogene-dieet\/\" target=\"_blank\" rel=\"noopener\">Rineke Dijkinga<\/a><\/p>\n<\/li>\n<\/ul>\n<hr class=\"\" data-start=\"1362\" data-end=\"1365\" \/>\n<h3 class=\"\" data-start=\"1367\" data-end=\"1402\"><strong data-start=\"1371\" data-end=\"1402\">Informatie over frequenties<\/strong><\/h3>\n<p class=\"\" data-start=\"1404\" data-end=\"1590\">De Akn-m chipkaart bevat frequenties die zijn afgestemd op 10 veelvoorkomende invloeden die traditioneel in verband worden gebracht met huidproblemen. Denk aan energetische patronen van:<\/p>\n<ul>\n<li data-start=\"1594\" data-end=\"1610\">Staphylococcus<\/li>\n<li data-start=\"1613\" data-end=\"1634\">Nocardia asteroides<\/li>\n<li data-start=\"1637\" data-end=\"1660\">Ascaris megalocephala<\/li>\n<li data-start=\"1663\" data-end=\"1731\">Leishmania donovani<br data-start=\"1682\" data-end=\"1685\" \/>&#8230; en andere micro-energetische verstoringen.<\/li>\n<\/ul>\n<p class=\"\" data-start=\"1733\" data-end=\"1828\">Deze chipkaart werkt uitsluitend met de <strong data-start=\"1773\" data-end=\"1798\">Diamond Shield Zapper<\/strong> met geschikte firmwareversie.<\/p>\n<hr class=\"\" data-start=\"1830\" data-end=\"1833\" \/>\n<h3 class=\"\" data-start=\"1835\" data-end=\"1866\"><strong data-start=\"1839\" data-end=\"1866\">Firmwarecompatibiliteit<\/strong><\/h3>\n<p class=\"\" data-start=\"1868\" data-end=\"1927\">Zorg ervoor dat je zapper over de juiste firmware beschikt:<\/p>\n<ul data-start=\"1929\" data-end=\"2011\">\n<li class=\"\" data-start=\"1929\" data-end=\"1971\">\n<p class=\"\" data-start=\"1931\" data-end=\"1971\">Zonder schermverlichting: versie 2.1.5<\/p>\n<\/li>\n<li class=\"\" data-start=\"1972\" data-end=\"2011\">\n<p class=\"\" data-start=\"1974\" data-end=\"2011\">Met schermverlichting: versie 3.1.0<\/p>\n<\/li>\n<\/ul>\n<p class=\"\" data-start=\"2013\" data-end=\"2128\">De firmware verschijnt automatisch bij het opstarten. Is je versie verouderd? Dan kun je deze gratis laten updaten:<\/p>\n<p class=\"\" data-start=\"2130\" data-end=\"2211\"><strong data-start=\"2130\" data-end=\"2144\">Fabrikant:<\/strong><br data-start=\"2144\" data-end=\"2147\" \/>Mannayan GmbH<br data-start=\"2160\" data-end=\"2163\" \/>Unterer Anger 15\/Rgb<br data-start=\"2183\" data-end=\"2186\" \/>80331 M\u00fcnchen<br data-start=\"2199\" data-end=\"2202\" \/>Duitsland<\/p>\n<hr class=\"\" data-start=\"2213\" data-end=\"2216\" \/>\n<h3 class=\"\" data-start=\"2218\" data-end=\"2254\"><strong data-start=\"2222\" data-end=\"2254\">Chipkaartoverzicht aanvragen<\/strong><\/h3>\n<p class=\"\" data-start=\"2256\" data-end=\"2384\">Wil je een PDF met een compleet overzicht van alle beschikbare chipkaarten?<br data-start=\"2331\" data-end=\"2334\" \/>Stuur dan een e-mail naar: <strong data-start=\"2361\" data-end=\"2384\"><a class=\"cursor-pointer\" rel=\"noopener\" data-start=\"2363\" data-end=\"2382\">info@curavitalis.nl<\/a><\/strong><\/p>\n<hr class=\"\" data-start=\"2386\" data-end=\"2389\" \/>\n<p class=\"\" data-start=\"2391\" data-end=\"2647\"><strong data-start=\"2391\" data-end=\"2402\">Let op:<\/strong><br data-start=\"2402\" data-end=\"2405\" \/>De informatie op deze pagina is uitsluitend bedoeld voor energetische toepassingen. Er worden geen medische claims gedaan. Dit product is geen vervanging voor medische behandeling. Raadpleeg bij klachten altijd een arts of erkend behandelaar.<\/p>\n<p class=\"p1\"><b>Disclaimer<\/b><\/p>\n<p class=\"p1\">Sommige van de hier gedane beweringen en de vermelde producten zijn gebaseerd op medische bevindingen die niet worden erkend door de zogenaamde orthodoxe geneeskunde. De uitspraken over indicaties en werkzaamheid alsmede de toepassingen van de hier vermelde producten zijn geen vervanging voor behandeling door een arts, therapeut of alternatieve behandelaar.<\/p>\n<div><i>\u00a0<\/i><\/div>\n","protected":false},"excerpt":{"rendered":"<p>Acn\u00e9<\/p>\n","protected":false},"featured_media":6625,"comment_status":"open","ping_status":"closed","template":"","meta":[],"product_cat":[8676,1008],"product_tag":[2947,3322,5536,3326,3325,3210,5486,2707,5537,5554,5545,5543,5539,5538,5548,5551,5549,5550,5544,5547,5552,2702,5542,5477,5546,5540,3328,1201,3327,3324,5541,3323,5553],"class_list":{"0":"post-6624","1":"product","2":"type-product","3":"status-publish","4":"has-post-thumbnail","6":"product_brand-mannayan","7":"product_cat-chipkaarten","8":"product_cat-chipkaarten-volgens-baklayan","9":"product_tag-acne","10":"product_tag-akn-m","11":"product_tag-akn-m-chipkaart","12":"product_tag-ascaris","13":"product_tag-asteroides","14":"product_tag-baklayan","15":"product_tag-baklayan-chipkaart","16":"product_tag-chipkaart","17":"product_tag-chipkaart-acne","18":"product_tag-chipkaart-acne-ondersteuning","19":"product_tag-chipkaart-energetische-detox","20":"product_tag-chipkaart-huid","21":"product_tag-chipkaart-huidbalans","22":"product_tag-chipkaart-huidproblemen","23":"product_tag-chipkaart-huidreiniging","24":"product_tag-chipkaart-leishmania-donovani","25":"product_tag-chipkaart-met-ascaris-megalocephala","26":"product_tag-chipkaart-met-staphylococcus","27":"product_tag-chipkaart-tegen-puistjes","28":"product_tag-chipkaart-voor-diamond-shield-zapper","29":"product_tag-chipkaart-voor-zuivere-huid","30":"product_tag-chipkaarten","31":"product_tag-clark-frequenties-acne","32":"product_tag-diamond-shield-chipkaart","33":"product_tag-dtx-chipkaart","34":"product_tag-energetische-chipkaart-acne","35":"product_tag-leishmania-donovani","36":"product_tag-mannayan","37":"product_tag-megalocephala","38":"product_tag-nocardia","39":"product_tag-rife-frequenties-acne","40":"product_tag-staphylococcus","41":"product_tag-tcm-chipkaart-huid","43":"first","44":"instock","45":"taxable","46":"shipping-taxable","47":"purchasable","48":"product-type-simple"},"yoast_head":"<!-- This site is optimized with the Yoast SEO plugin v25.7 - https:\/\/yoast.com\/wordpress\/plugins\/seo\/ -->\n<title>Akn-m chipkaart Acn\u00e9 | Cura Vitalis<\/title>\n<meta name=\"description\" content=\"Akn-m chipkaart Acn\u00e9 Baklayan. Voor Diamond Shield Zapper. Bij Cura Vitalis | Offici\u00eble dealer van Mannayan-producten\" \/>\n<meta name=\"robots\" content=\"index, follow, max-snippet:-1, max-image-preview:large, max-video-preview:-1\" \/>\n<link rel=\"canonical\" href=\"https:\/\/www.curavitalis.nl\/webshop\/product\/akn-m-chipkaart-baklayan\/\" \/>\n<meta property=\"og:locale\" content=\"nl_NL\" \/>\n<meta property=\"og:type\" content=\"article\" \/>\n<meta property=\"og:title\" content=\"Akn-m chipkaart Acn\u00e9 | Cura Vitalis\" \/>\n<meta property=\"og:description\" content=\"Akn-m chipkaart Acn\u00e9 Baklayan. Voor Diamond Shield Zapper. Bij Cura Vitalis | Offici\u00eble dealer van Mannayan-producten\" \/>\n<meta property=\"og:url\" content=\"https:\/\/www.curavitalis.nl\/webshop\/product\/akn-m-chipkaart-baklayan\/\" \/>\n<meta property=\"og:site_name\" content=\"Cura Vitalis\" \/>\n<meta property=\"article:publisher\" content=\"https:\/\/www.facebook.com\/curavitalisnl\" \/>\n<meta property=\"article:modified_time\" content=\"2026-01-20T10:15:04+00:00\" \/>\n<meta property=\"og:image\" content=\"https:\/\/www.curavitalis.nl\/webshop\/wp-content\/uploads\/nc\/catalog\/Akn-m-Baklayan-Chipkaart-Cura-Vitalis.jpg\" \/>\n\t<meta property=\"og:image:width\" content=\"710\" \/>\n\t<meta property=\"og:image:height\" content=\"600\" \/>\n\t<meta property=\"og:image:type\" content=\"image\/jpeg\" \/>\n<meta name=\"twitter:card\" content=\"summary_large_image\" \/>\n<meta name=\"twitter:label1\" content=\"Geschatte leestijd\" \/>\n\t<meta name=\"twitter:data1\" content=\"2 minuten\" \/>\n<script type=\"application\/ld+json\" class=\"yoast-schema-graph\">{\"@context\":\"https:\/\/schema.org\",\"@graph\":[{\"@type\":\"WebPage\",\"@id\":\"https:\/\/www.curavitalis.nl\/webshop\/product\/akn-m-chipkaart-baklayan\/\",\"url\":\"https:\/\/www.curavitalis.nl\/webshop\/product\/akn-m-chipkaart-baklayan\/\",\"name\":\"Akn-m chipkaart Acn\u00e9 | Cura Vitalis\",\"isPartOf\":{\"@id\":\"https:\/\/www.curavitalis.nl\/webshop\/#website\"},\"primaryImageOfPage\":{\"@id\":\"https:\/\/www.curavitalis.nl\/webshop\/product\/akn-m-chipkaart-baklayan\/#primaryimage\"},\"image\":{\"@id\":\"https:\/\/www.curavitalis.nl\/webshop\/product\/akn-m-chipkaart-baklayan\/#primaryimage\"},\"thumbnailUrl\":\"https:\/\/www.curavitalis.nl\/webshop\/wp-content\/uploads\/nc\/catalog\/Akn-m-Baklayan-Chipkaart-Cura-Vitalis.jpg\",\"datePublished\":\"2021-08-31T20:59:40+00:00\",\"dateModified\":\"2026-01-20T10:15:04+00:00\",\"description\":\"Akn-m chipkaart Acn\u00e9 Baklayan. Voor Diamond Shield Zapper. Bij Cura Vitalis | Offici\u00eble dealer van Mannayan-producten\",\"breadcrumb\":{\"@id\":\"https:\/\/www.curavitalis.nl\/webshop\/product\/akn-m-chipkaart-baklayan\/#breadcrumb\"},\"inLanguage\":\"nl-NL\",\"potentialAction\":[{\"@type\":\"ReadAction\",\"target\":[\"https:\/\/www.curavitalis.nl\/webshop\/product\/akn-m-chipkaart-baklayan\/\"]}]},{\"@type\":\"ImageObject\",\"inLanguage\":\"nl-NL\",\"@id\":\"https:\/\/www.curavitalis.nl\/webshop\/product\/akn-m-chipkaart-baklayan\/#primaryimage\",\"url\":\"https:\/\/www.curavitalis.nl\/webshop\/wp-content\/uploads\/nc\/catalog\/Akn-m-Baklayan-Chipkaart-Cura-Vitalis.jpg\",\"contentUrl\":\"https:\/\/www.curavitalis.nl\/webshop\/wp-content\/uploads\/nc\/catalog\/Akn-m-Baklayan-Chipkaart-Cura-Vitalis.jpg\",\"width\":710,\"height\":600,\"caption\":\"Akn-m chipkaart Acn\u00e9\"},{\"@type\":\"BreadcrumbList\",\"@id\":\"https:\/\/www.curavitalis.nl\/webshop\/product\/akn-m-chipkaart-baklayan\/#breadcrumb\",\"itemListElement\":[{\"@type\":\"ListItem\",\"position\":1,\"name\":\"Home\",\"item\":\"https:\/\/www.curavitalis.nl\/webshop\/\"},{\"@type\":\"ListItem\",\"position\":2,\"name\":\"Webshop\",\"item\":\"https:\/\/www.curavitalis.nl\/webshop\/webshop\/\"},{\"@type\":\"ListItem\",\"position\":3,\"name\":\"Akn-m chipkaart Acn\u00e9\"}]},{\"@type\":\"WebSite\",\"@id\":\"https:\/\/www.curavitalis.nl\/webshop\/#website\",\"url\":\"https:\/\/www.curavitalis.nl\/webshop\/\",\"name\":\"Cura Vitalis\",\"description\":\"Webshop\",\"publisher\":{\"@id\":\"https:\/\/www.curavitalis.nl\/webshop\/#organization\"},\"potentialAction\":[{\"@type\":\"SearchAction\",\"target\":{\"@type\":\"EntryPoint\",\"urlTemplate\":\"https:\/\/www.curavitalis.nl\/webshop\/?s={search_term_string}\"},\"query-input\":{\"@type\":\"PropertyValueSpecification\",\"valueRequired\":true,\"valueName\":\"search_term_string\"}}],\"inLanguage\":\"nl-NL\"},{\"@type\":\"Organization\",\"@id\":\"https:\/\/www.curavitalis.nl\/webshop\/#organization\",\"name\":\"Cura Vitalis\",\"url\":\"https:\/\/www.curavitalis.nl\/webshop\/\",\"logo\":{\"@type\":\"ImageObject\",\"inLanguage\":\"nl-NL\",\"@id\":\"https:\/\/www.curavitalis.nl\/webshop\/#\/schema\/logo\/image\/\",\"url\":\"https:\/\/www.curavitalis.nl\/webshop\/wp-content\/uploads\/2024\/10\/logo-curavitalis-small.png\",\"contentUrl\":\"https:\/\/www.curavitalis.nl\/webshop\/wp-content\/uploads\/2024\/10\/logo-curavitalis-small.png\",\"width\":350,\"height\":158,\"caption\":\"Cura Vitalis\"},\"image\":{\"@id\":\"https:\/\/www.curavitalis.nl\/webshop\/#\/schema\/logo\/image\/\"},\"sameAs\":[\"https:\/\/www.facebook.com\/curavitalisnl\"]}]}<\/script>\n<!-- \/ Yoast SEO plugin. -->","yoast_head_json":{"title":"Akn-m chipkaart Acn\u00e9 | Cura Vitalis","description":"Akn-m chipkaart Acn\u00e9 Baklayan. Voor Diamond Shield Zapper. Bij Cura Vitalis | Offici\u00eble dealer van Mannayan-producten","robots":{"index":"index","follow":"follow","max-snippet":"max-snippet:-1","max-image-preview":"max-image-preview:large","max-video-preview":"max-video-preview:-1"},"canonical":"https:\/\/www.curavitalis.nl\/webshop\/product\/akn-m-chipkaart-baklayan\/","og_locale":"nl_NL","og_type":"article","og_title":"Akn-m chipkaart Acn\u00e9 | Cura Vitalis","og_description":"Akn-m chipkaart Acn\u00e9 Baklayan. Voor Diamond Shield Zapper. Bij Cura Vitalis | Offici\u00eble dealer van Mannayan-producten","og_url":"https:\/\/www.curavitalis.nl\/webshop\/product\/akn-m-chipkaart-baklayan\/","og_site_name":"Cura Vitalis","article_publisher":"https:\/\/www.facebook.com\/curavitalisnl","article_modified_time":"2026-01-20T10:15:04+00:00","og_image":[{"width":710,"height":600,"url":"https:\/\/www.curavitalis.nl\/webshop\/wp-content\/uploads\/nc\/catalog\/Akn-m-Baklayan-Chipkaart-Cura-Vitalis.jpg","type":"image\/jpeg"}],"twitter_card":"summary_large_image","twitter_misc":{"Geschatte leestijd":"2 minuten"},"schema":{"@context":"https:\/\/schema.org","@graph":[{"@type":"WebPage","@id":"https:\/\/www.curavitalis.nl\/webshop\/product\/akn-m-chipkaart-baklayan\/","url":"https:\/\/www.curavitalis.nl\/webshop\/product\/akn-m-chipkaart-baklayan\/","name":"Akn-m chipkaart Acn\u00e9 | Cura Vitalis","isPartOf":{"@id":"https:\/\/www.curavitalis.nl\/webshop\/#website"},"primaryImageOfPage":{"@id":"https:\/\/www.curavitalis.nl\/webshop\/product\/akn-m-chipkaart-baklayan\/#primaryimage"},"image":{"@id":"https:\/\/www.curavitalis.nl\/webshop\/product\/akn-m-chipkaart-baklayan\/#primaryimage"},"thumbnailUrl":"https:\/\/www.curavitalis.nl\/webshop\/wp-content\/uploads\/nc\/catalog\/Akn-m-Baklayan-Chipkaart-Cura-Vitalis.jpg","datePublished":"2021-08-31T20:59:40+00:00","dateModified":"2026-01-20T10:15:04+00:00","description":"Akn-m chipkaart Acn\u00e9 Baklayan. Voor Diamond Shield Zapper. Bij Cura Vitalis | Offici\u00eble dealer van Mannayan-producten","breadcrumb":{"@id":"https:\/\/www.curavitalis.nl\/webshop\/product\/akn-m-chipkaart-baklayan\/#breadcrumb"},"inLanguage":"nl-NL","potentialAction":[{"@type":"ReadAction","target":["https:\/\/www.curavitalis.nl\/webshop\/product\/akn-m-chipkaart-baklayan\/"]}]},{"@type":"ImageObject","inLanguage":"nl-NL","@id":"https:\/\/www.curavitalis.nl\/webshop\/product\/akn-m-chipkaart-baklayan\/#primaryimage","url":"https:\/\/www.curavitalis.nl\/webshop\/wp-content\/uploads\/nc\/catalog\/Akn-m-Baklayan-Chipkaart-Cura-Vitalis.jpg","contentUrl":"https:\/\/www.curavitalis.nl\/webshop\/wp-content\/uploads\/nc\/catalog\/Akn-m-Baklayan-Chipkaart-Cura-Vitalis.jpg","width":710,"height":600,"caption":"Akn-m chipkaart Acn\u00e9"},{"@type":"BreadcrumbList","@id":"https:\/\/www.curavitalis.nl\/webshop\/product\/akn-m-chipkaart-baklayan\/#breadcrumb","itemListElement":[{"@type":"ListItem","position":1,"name":"Home","item":"https:\/\/www.curavitalis.nl\/webshop\/"},{"@type":"ListItem","position":2,"name":"Webshop","item":"https:\/\/www.curavitalis.nl\/webshop\/webshop\/"},{"@type":"ListItem","position":3,"name":"Akn-m chipkaart Acn\u00e9"}]},{"@type":"WebSite","@id":"https:\/\/www.curavitalis.nl\/webshop\/#website","url":"https:\/\/www.curavitalis.nl\/webshop\/","name":"Cura Vitalis","description":"Webshop","publisher":{"@id":"https:\/\/www.curavitalis.nl\/webshop\/#organization"},"potentialAction":[{"@type":"SearchAction","target":{"@type":"EntryPoint","urlTemplate":"https:\/\/www.curavitalis.nl\/webshop\/?s={search_term_string}"},"query-input":{"@type":"PropertyValueSpecification","valueRequired":true,"valueName":"search_term_string"}}],"inLanguage":"nl-NL"},{"@type":"Organization","@id":"https:\/\/www.curavitalis.nl\/webshop\/#organization","name":"Cura Vitalis","url":"https:\/\/www.curavitalis.nl\/webshop\/","logo":{"@type":"ImageObject","inLanguage":"nl-NL","@id":"https:\/\/www.curavitalis.nl\/webshop\/#\/schema\/logo\/image\/","url":"https:\/\/www.curavitalis.nl\/webshop\/wp-content\/uploads\/2024\/10\/logo-curavitalis-small.png","contentUrl":"https:\/\/www.curavitalis.nl\/webshop\/wp-content\/uploads\/2024\/10\/logo-curavitalis-small.png","width":350,"height":158,"caption":"Cura Vitalis"},"image":{"@id":"https:\/\/www.curavitalis.nl\/webshop\/#\/schema\/logo\/image\/"},"sameAs":["https:\/\/www.facebook.com\/curavitalisnl"]}]}},"_links":{"self":[{"href":"https:\/\/www.curavitalis.nl\/webshop\/wp-json\/wp\/v2\/product\/6624","targetHints":{"allow":["GET"]}}],"collection":[{"href":"https:\/\/www.curavitalis.nl\/webshop\/wp-json\/wp\/v2\/product"}],"about":[{"href":"https:\/\/www.curavitalis.nl\/webshop\/wp-json\/wp\/v2\/types\/product"}],"replies":[{"embeddable":true,"href":"https:\/\/www.curavitalis.nl\/webshop\/wp-json\/wp\/v2\/comments?post=6624"}],"wp:featuredmedia":[{"embeddable":true,"href":"https:\/\/www.curavitalis.nl\/webshop\/wp-json\/wp\/v2\/media\/6625"}],"wp:attachment":[{"href":"https:\/\/www.curavitalis.nl\/webshop\/wp-json\/wp\/v2\/media?parent=6624"}],"wp:term":[{"taxonomy":"product_cat","embeddable":true,"href":"https:\/\/www.curavitalis.nl\/webshop\/wp-json\/wp\/v2\/product_cat?post=6624"},{"taxonomy":"product_tag","embeddable":true,"href":"https:\/\/www.curavitalis.nl\/webshop\/wp-json\/wp\/v2\/product_tag?post=6624"}],"curies":[{"name":"wp","href":"https:\/\/api.w.org\/{rel}","templated":true}]}}