{"id":6606,"date":"2021-08-29T19:42:43","date_gmt":"2021-08-29T19:42:43","guid":{"rendered":"https:\/\/www.curavitalis.nl\/webshop\/?product=saffraan-complex-plantovitamins-60-capsules"},"modified":"2024-01-20T09:14:24","modified_gmt":"2024-01-20T09:14:24","slug":"saffraan-complex-plantovitamins-60-capsules","status":"publish","type":"product","link":"https:\/\/www.curavitalis.nl\/webshop\/product\/saffraan-complex-plantovitamins-60-capsules\/","title":{"rendered":"Saffraan Complex Plantovitamins 60 capsules"},"content":{"rendered":"<h1><span style=\"font-weight: bold;\">Saffraan Complex Plantovitamins 60 capsules<\/span><\/h1>\n<p style=\"margin-bottom: 0px; font-stretch: normal; font-size: 13px; line-height: normal; font-family: &quot;Helvetica Neue&quot;;\">In dit product is Saffraan verwerkt. Saffraan staat bekend als \u00e9\u00e9n van de duurste specerijen ter wereld. Met zijn rode stampers waar de werkzame stoffen in zitten, wordt saffraan het rode goud genoemd welk een gunstig effect heeft op de mentale gezondheid.**<\/p>\n<p style=\"margin-bottom: 0px; font-stretch: normal; font-size: 13px; line-height: normal; font-family: &quot;Helvetica Neue&quot;;\">&nbsp;<\/p>\n<p style=\"margin-bottom: 0px; font-stretch: normal; font-size: 13px; line-height: normal; font-family: &quot;Helvetica Neue&quot;;\"><b>Samenstelling &#8211; Bevat per capsule&nbsp;<\/b><b>Saffraan Complex<\/b><b>:<\/b><\/p>\n<p style=\"margin-bottom: 0px; font-stretch: normal; font-size: 13px; line-height: normal; font-family: &quot;Helvetica Neue&quot;;\">\u2022 Saffraan extract&nbsp; 40 mg<\/p>\n<p style=\"margin-bottom: 0px; font-stretch: normal; font-size: 13px; line-height: normal; font-family: &quot;Helvetica Neue&quot;;\">\u2022 L-Theanine&nbsp; 125 mg (is een wateroplosbaar, op glutamine gelijkend aminozuur dat thee zijn karakteristieke smaak geeft)<\/p>\n<p style=\"margin-bottom: 0px; font-stretch: normal; font-size: 13px; line-height: normal; font-family: &quot;Helvetica Neue&quot;;\">\u2022 Reishi powder&nbsp; 100 mg<\/p>\n<p style=\"margin-bottom: 0px; font-stretch: normal; font-size: 13px; line-height: normal; font-family: &quot;Helvetica Neue&quot;;\"><b><br \/><\/b><\/p>\n<p style=\"margin-bottom: 0px; font-stretch: normal; font-size: 13px; line-height: normal; font-family: &quot;Helvetica Neue&quot;;\"><b>Overige stoffen:<\/b> Rijstpoeder, Leucine&nbsp;<\/p>\n<p style=\"margin-bottom: 0px; font-stretch: normal; font-size: 13px; line-height: normal; font-family: &quot;Helvetica Neue&quot;;\"><b><br \/><\/b><\/p>\n<p style=\"margin-bottom: 0px; font-stretch: normal; font-size: 13px; line-height: normal; font-family: &quot;Helvetica Neue&quot;;\"><b>Allergenen informatie:<\/b> Bevat geen suiker, zout, gist, tarwe, gluten, ma\u00efs, soja, melk, ei, schelpdieren of conserveringsmiddelen.<\/p>\n<p style=\"margin-bottom: 0px; font-stretch: normal; font-size: 13px; line-height: normal; font-family: &quot;Helvetica Neue&quot;;\"><b><br \/><\/b><\/p>\n<p style=\"margin-bottom: 0px; font-stretch: normal; font-size: 13px; line-height: normal; font-family: &quot;Helvetica Neue&quot;;\"><b>Gebruik:<\/b> Tenzij anders voorgeschreven 2 maal per dag 1 capsule.<\/p>\n<p style=\"margin-bottom: 0px; font-stretch: normal; font-size: 13px; line-height: normal; font-family: &quot;Helvetica Neue&quot;;\"><b><br \/><\/b><\/p>\n<p style=\"margin-bottom: 0px; font-stretch: normal; font-size: 13px; line-height: normal; font-family: &quot;Helvetica Neue&quot;;\"><b>Waarschuwing:<\/b> Natuurlijke middelen kunnen invloed hebben op sommige geneesmiddelen. Bij zwangerschap en borstvoeding eerst overleg met een deskundige. Bij gebruik antidepressiva dient met kennis van dit middel in combinatie met antidepressiva worden gehandeld.&nbsp;<\/p>\n<p style=\"margin-bottom: 0px; font-stretch: normal; font-size: 13px; line-height: normal; font-family: &quot;Helvetica Neue&quot;;\"><b><br \/><\/b><\/p>\n<p style=\"margin-bottom: 0px; font-stretch: normal; font-size: 13px; line-height: normal; font-family: &quot;Helvetica Neue&quot;;\"><b>Bewaaradvies<\/b>: Droog en koel bewaren. Buiten bereik van kinderen bewaren.<\/p>\n<p style=\"margin-bottom: 0px; font-stretch: normal; font-size: 13px; line-height: normal; font-family: &quot;Helvetica Neue&quot;;\"><b><br \/><\/b><\/p>\n<p style=\"margin-bottom: 0px; font-stretch: normal; font-size: 13px; line-height: normal; font-family: &quot;Helvetica Neue&quot;;\"><b>Hoeveelheid:<\/b> 60 Vcaps<\/p>\n<p style=\"margin-bottom: 0px; font-stretch: normal; font-size: 13px; line-height: normal; font-family: &quot;Helvetica Neue&quot;;\">&nbsp;<\/p>\n<p style=\"margin-bottom: 0px; font-stretch: normal; font-size: 13px; line-height: normal; font-family: &quot;Helvetica Neue&quot;;\"><b>Achtergrondinformatie van Saffraan Complex<\/b><\/p>\n<p style=\"margin-bottom: 0px; font-stretch: normal; font-size: 13px; line-height: normal; font-family: &quot;Helvetica Neue&quot;;\">De <b>saffraankrokus<\/b> is een knolgewas uit de lissenfamilie en is al eeuwenlang een waardevolle specerij ter wereld. Saffraan is vaak beschreven als een specerij die meer waard is dan zijn gewicht in goud. De stampers worden handmatig geoogst. Meer dan 100.0000 stampers zijn nodig voor 1 kg saffraan.<\/p>\n<p style=\"margin-bottom: 0px; font-stretch: normal; font-size: 13px; line-height: normal; font-family: &quot;Helvetica Neue&quot;; min-height: 15px;\"><\/p>\n<p style=\"margin-bottom: 0px; font-stretch: normal; font-size: 13px; line-height: normal; font-family: &quot;Helvetica Neue&quot;;\"><b>L-Theanine<\/b> werd ge\u00efdentificeerd in theebladeren door Japanse wetenschappers in de twintigste eeuw. E\u00e9n van de redenen waarom wetenschappers voor het eerst the\u00efne begonnen te bestuderen, was omdat men dacht dat het een bron was van Umami. Onderzoekers geloofden dat de smaak van Umami de hersenen kon be\u00efnvloeden.<\/p>\n<p style=\"margin-bottom: 0px; font-stretch: normal; font-size: 13px; line-height: normal; font-family: &quot;Helvetica Neue&quot;; min-height: 15px;\"><\/p>\n<p style=\"margin-bottom: 0px; font-stretch: normal; font-size: 13px; line-height: normal; font-family: &quot;Helvetica Neue&quot;;\"><b>Reishi<\/b> is een paddenstoel dat voor meer dan tweeduizend jaar traditioneel gebruikt werd. Aziatische volkeren gebruiken de Reishipaddenstoel al eeuwenlang om aan een gezond en lang leven bij te dragen. Men gebruikte deze toen om het immuunsysteem te ondersteunen. Zo wordt de Reishi paddenstoel een eetbare medicinale schimmel genoemd, welke past in de context van een echte superfood vanwege zijn gezondheidsbevorderende eigenschappen.<\/p>\n<p style=\"margin-bottom: 0px; font-stretch: normal; font-size: 13px; line-height: normal; font-family: &quot;Helvetica Neue&quot;;\">&nbsp;<\/p>\n<p style=\"margin-bottom: 0px; font-stretch: normal; font-size: 13px; line-height: normal; font-family: &quot;Helvetica Neue&quot;;\">Waarom is er weinig informatie beschikbaar over dit product? Helaas mogen wij door de strenge EU-wetgeving maar beperkt informatie geven over supplementen. Alleen goedgekeurde claims die in de EU database staan, mogen vermeld worden. Resultaten uit wetenschappelijke onderzoeken die niet ter goedkeuring aan de EU zijn overlegd, mogen we daarom veelal niet delen.&nbsp;<\/p>\n<p><\/p>\n","protected":false},"excerpt":{"rendered":"<p>Saffraan Complex Plantovitamins 60 capsules In dit product is Saffraan [&hellip;]<\/p>\n","protected":false},"featured_media":6607,"comment_status":"open","ping_status":"closed","template":"","meta":[],"product_cat":[911,910,1000],"product_tag":[1376,1018,1113,2009,3283,2011,1921,2012],"class_list":{"0":"post-6606","1":"product","2":"type-product","3":"status-publish","4":"has-post-thumbnail","6":"product_brand-inner-vitamins","7":"product_cat-aminozuren","8":"product_cat-fytotherapie-gemmotherapie","9":"product_cat-voedingssupplementen","10":"product_tag-capsules","11":"product_tag-complex","12":"product_tag-fytotherapie","13":"product_tag-inner","14":"product_tag-phyto","15":"product_tag-plantovitamins","16":"product_tag-saffraan","17":"product_tag-vitamins","19":"first","20":"instock","21":"taxable","22":"shipping-taxable","23":"purchasable","24":"product-type-simple"},"yoast_head":"<!-- This site is optimized with the Yoast SEO plugin v25.7 - https:\/\/yoast.com\/wordpress\/plugins\/seo\/ -->\n<title>Saffraan Complex Plantovitamins 60 capsules<\/title>\n<meta name=\"description\" content=\"Saffraan Complex Plantovitamins 60 capsules - 60 capsules (Inner Vitamins). Saffraan Complex Plantovitamins 60 capsules In dit product is Saffraan verwerkt.\" \/>\n<meta name=\"robots\" content=\"index, follow, max-snippet:-1, max-image-preview:large, max-video-preview:-1\" \/>\n<link rel=\"canonical\" href=\"https:\/\/www.curavitalis.nl\/webshop\/product\/saffraan-complex-plantovitamins-60-capsules\/\" \/>\n<meta property=\"og:locale\" content=\"nl_NL\" \/>\n<meta property=\"og:type\" content=\"article\" \/>\n<meta property=\"og:title\" content=\"Saffraan Complex Plantovitamins 60 capsules\" \/>\n<meta property=\"og:description\" content=\"Saffraan Complex Plantovitamins 60 capsules - 60 capsules (Inner Vitamins). Saffraan Complex Plantovitamins 60 capsules In dit product is Saffraan verwerkt.\" \/>\n<meta property=\"og:url\" content=\"https:\/\/www.curavitalis.nl\/webshop\/product\/saffraan-complex-plantovitamins-60-capsules\/\" \/>\n<meta property=\"og:site_name\" content=\"Cura Vitalis\" \/>\n<meta property=\"article:publisher\" content=\"https:\/\/www.facebook.com\/curavitalisnl\" \/>\n<meta property=\"article:modified_time\" content=\"2024-01-20T09:14:24+00:00\" \/>\n<meta property=\"og:image\" content=\"https:\/\/www.curavitalis.nl\/webshop\/wp-content\/uploads\/nc\/catalog\/producten\/Inner-Vitamins\/Saffraan-complex-inner-vitamins-Cura-Vitalis.jpg\" \/>\n\t<meta property=\"og:image:width\" content=\"710\" \/>\n\t<meta property=\"og:image:height\" content=\"600\" \/>\n\t<meta property=\"og:image:type\" content=\"image\/jpeg\" \/>\n<meta name=\"twitter:card\" content=\"summary_large_image\" \/>\n<meta name=\"twitter:label1\" content=\"Geschatte leestijd\" \/>\n\t<meta name=\"twitter:data1\" content=\"2 minuten\" \/>\n<script type=\"application\/ld+json\" class=\"yoast-schema-graph\">{\"@context\":\"https:\/\/schema.org\",\"@graph\":[{\"@type\":\"WebPage\",\"@id\":\"https:\/\/www.curavitalis.nl\/webshop\/product\/saffraan-complex-plantovitamins-60-capsules\/\",\"url\":\"https:\/\/www.curavitalis.nl\/webshop\/product\/saffraan-complex-plantovitamins-60-capsules\/\",\"name\":\"Saffraan Complex Plantovitamins 60 capsules\",\"isPartOf\":{\"@id\":\"https:\/\/www.curavitalis.nl\/webshop\/#website\"},\"primaryImageOfPage\":{\"@id\":\"https:\/\/www.curavitalis.nl\/webshop\/product\/saffraan-complex-plantovitamins-60-capsules\/#primaryimage\"},\"image\":{\"@id\":\"https:\/\/www.curavitalis.nl\/webshop\/product\/saffraan-complex-plantovitamins-60-capsules\/#primaryimage\"},\"thumbnailUrl\":\"https:\/\/www.curavitalis.nl\/webshop\/wp-content\/uploads\/nc\/catalog\/producten\/Inner-Vitamins\/Saffraan-complex-inner-vitamins-Cura-Vitalis.jpg\",\"datePublished\":\"2021-08-29T19:42:43+00:00\",\"dateModified\":\"2024-01-20T09:14:24+00:00\",\"description\":\"Saffraan Complex Plantovitamins 60 capsules - 60 capsules (Inner Vitamins). Saffraan Complex Plantovitamins 60 capsules In dit product is Saffraan verwerkt.\",\"breadcrumb\":{\"@id\":\"https:\/\/www.curavitalis.nl\/webshop\/product\/saffraan-complex-plantovitamins-60-capsules\/#breadcrumb\"},\"inLanguage\":\"nl-NL\",\"potentialAction\":[{\"@type\":\"ReadAction\",\"target\":[\"https:\/\/www.curavitalis.nl\/webshop\/product\/saffraan-complex-plantovitamins-60-capsules\/\"]}]},{\"@type\":\"ImageObject\",\"inLanguage\":\"nl-NL\",\"@id\":\"https:\/\/www.curavitalis.nl\/webshop\/product\/saffraan-complex-plantovitamins-60-capsules\/#primaryimage\",\"url\":\"https:\/\/www.curavitalis.nl\/webshop\/wp-content\/uploads\/nc\/catalog\/producten\/Inner-Vitamins\/Saffraan-complex-inner-vitamins-Cura-Vitalis.jpg\",\"contentUrl\":\"https:\/\/www.curavitalis.nl\/webshop\/wp-content\/uploads\/nc\/catalog\/producten\/Inner-Vitamins\/Saffraan-complex-inner-vitamins-Cura-Vitalis.jpg\",\"width\":710,\"height\":600,\"caption\":\"Saffraan Complex Plantovitamins 60 capsules\"},{\"@type\":\"BreadcrumbList\",\"@id\":\"https:\/\/www.curavitalis.nl\/webshop\/product\/saffraan-complex-plantovitamins-60-capsules\/#breadcrumb\",\"itemListElement\":[{\"@type\":\"ListItem\",\"position\":1,\"name\":\"Home\",\"item\":\"https:\/\/www.curavitalis.nl\/webshop\/\"},{\"@type\":\"ListItem\",\"position\":2,\"name\":\"Webshop\",\"item\":\"https:\/\/www.curavitalis.nl\/webshop\/webshop\/\"},{\"@type\":\"ListItem\",\"position\":3,\"name\":\"Saffraan Complex Plantovitamins 60 capsules\"}]},{\"@type\":\"WebSite\",\"@id\":\"https:\/\/www.curavitalis.nl\/webshop\/#website\",\"url\":\"https:\/\/www.curavitalis.nl\/webshop\/\",\"name\":\"Cura Vitalis\",\"description\":\"Webshop\",\"publisher\":{\"@id\":\"https:\/\/www.curavitalis.nl\/webshop\/#organization\"},\"potentialAction\":[{\"@type\":\"SearchAction\",\"target\":{\"@type\":\"EntryPoint\",\"urlTemplate\":\"https:\/\/www.curavitalis.nl\/webshop\/?s={search_term_string}\"},\"query-input\":{\"@type\":\"PropertyValueSpecification\",\"valueRequired\":true,\"valueName\":\"search_term_string\"}}],\"inLanguage\":\"nl-NL\"},{\"@type\":\"Organization\",\"@id\":\"https:\/\/www.curavitalis.nl\/webshop\/#organization\",\"name\":\"Cura Vitalis\",\"url\":\"https:\/\/www.curavitalis.nl\/webshop\/\",\"logo\":{\"@type\":\"ImageObject\",\"inLanguage\":\"nl-NL\",\"@id\":\"https:\/\/www.curavitalis.nl\/webshop\/#\/schema\/logo\/image\/\",\"url\":\"https:\/\/www.curavitalis.nl\/webshop\/wp-content\/uploads\/2024\/10\/logo-curavitalis-small.png\",\"contentUrl\":\"https:\/\/www.curavitalis.nl\/webshop\/wp-content\/uploads\/2024\/10\/logo-curavitalis-small.png\",\"width\":350,\"height\":158,\"caption\":\"Cura Vitalis\"},\"image\":{\"@id\":\"https:\/\/www.curavitalis.nl\/webshop\/#\/schema\/logo\/image\/\"},\"sameAs\":[\"https:\/\/www.facebook.com\/curavitalisnl\"]}]}<\/script>\n<!-- \/ Yoast SEO plugin. -->","yoast_head_json":{"title":"Saffraan Complex Plantovitamins 60 capsules","description":"Saffraan Complex Plantovitamins 60 capsules - 60 capsules (Inner Vitamins). Saffraan Complex Plantovitamins 60 capsules In dit product is Saffraan verwerkt.","robots":{"index":"index","follow":"follow","max-snippet":"max-snippet:-1","max-image-preview":"max-image-preview:large","max-video-preview":"max-video-preview:-1"},"canonical":"https:\/\/www.curavitalis.nl\/webshop\/product\/saffraan-complex-plantovitamins-60-capsules\/","og_locale":"nl_NL","og_type":"article","og_title":"Saffraan Complex Plantovitamins 60 capsules","og_description":"Saffraan Complex Plantovitamins 60 capsules - 60 capsules (Inner Vitamins). Saffraan Complex Plantovitamins 60 capsules In dit product is Saffraan verwerkt.","og_url":"https:\/\/www.curavitalis.nl\/webshop\/product\/saffraan-complex-plantovitamins-60-capsules\/","og_site_name":"Cura Vitalis","article_publisher":"https:\/\/www.facebook.com\/curavitalisnl","article_modified_time":"2024-01-20T09:14:24+00:00","og_image":[{"width":710,"height":600,"url":"https:\/\/www.curavitalis.nl\/webshop\/wp-content\/uploads\/nc\/catalog\/producten\/Inner-Vitamins\/Saffraan-complex-inner-vitamins-Cura-Vitalis.jpg","type":"image\/jpeg"}],"twitter_card":"summary_large_image","twitter_misc":{"Geschatte leestijd":"2 minuten"},"schema":{"@context":"https:\/\/schema.org","@graph":[{"@type":"WebPage","@id":"https:\/\/www.curavitalis.nl\/webshop\/product\/saffraan-complex-plantovitamins-60-capsules\/","url":"https:\/\/www.curavitalis.nl\/webshop\/product\/saffraan-complex-plantovitamins-60-capsules\/","name":"Saffraan Complex Plantovitamins 60 capsules","isPartOf":{"@id":"https:\/\/www.curavitalis.nl\/webshop\/#website"},"primaryImageOfPage":{"@id":"https:\/\/www.curavitalis.nl\/webshop\/product\/saffraan-complex-plantovitamins-60-capsules\/#primaryimage"},"image":{"@id":"https:\/\/www.curavitalis.nl\/webshop\/product\/saffraan-complex-plantovitamins-60-capsules\/#primaryimage"},"thumbnailUrl":"https:\/\/www.curavitalis.nl\/webshop\/wp-content\/uploads\/nc\/catalog\/producten\/Inner-Vitamins\/Saffraan-complex-inner-vitamins-Cura-Vitalis.jpg","datePublished":"2021-08-29T19:42:43+00:00","dateModified":"2024-01-20T09:14:24+00:00","description":"Saffraan Complex Plantovitamins 60 capsules - 60 capsules (Inner Vitamins). Saffraan Complex Plantovitamins 60 capsules In dit product is Saffraan verwerkt.","breadcrumb":{"@id":"https:\/\/www.curavitalis.nl\/webshop\/product\/saffraan-complex-plantovitamins-60-capsules\/#breadcrumb"},"inLanguage":"nl-NL","potentialAction":[{"@type":"ReadAction","target":["https:\/\/www.curavitalis.nl\/webshop\/product\/saffraan-complex-plantovitamins-60-capsules\/"]}]},{"@type":"ImageObject","inLanguage":"nl-NL","@id":"https:\/\/www.curavitalis.nl\/webshop\/product\/saffraan-complex-plantovitamins-60-capsules\/#primaryimage","url":"https:\/\/www.curavitalis.nl\/webshop\/wp-content\/uploads\/nc\/catalog\/producten\/Inner-Vitamins\/Saffraan-complex-inner-vitamins-Cura-Vitalis.jpg","contentUrl":"https:\/\/www.curavitalis.nl\/webshop\/wp-content\/uploads\/nc\/catalog\/producten\/Inner-Vitamins\/Saffraan-complex-inner-vitamins-Cura-Vitalis.jpg","width":710,"height":600,"caption":"Saffraan Complex Plantovitamins 60 capsules"},{"@type":"BreadcrumbList","@id":"https:\/\/www.curavitalis.nl\/webshop\/product\/saffraan-complex-plantovitamins-60-capsules\/#breadcrumb","itemListElement":[{"@type":"ListItem","position":1,"name":"Home","item":"https:\/\/www.curavitalis.nl\/webshop\/"},{"@type":"ListItem","position":2,"name":"Webshop","item":"https:\/\/www.curavitalis.nl\/webshop\/webshop\/"},{"@type":"ListItem","position":3,"name":"Saffraan Complex Plantovitamins 60 capsules"}]},{"@type":"WebSite","@id":"https:\/\/www.curavitalis.nl\/webshop\/#website","url":"https:\/\/www.curavitalis.nl\/webshop\/","name":"Cura Vitalis","description":"Webshop","publisher":{"@id":"https:\/\/www.curavitalis.nl\/webshop\/#organization"},"potentialAction":[{"@type":"SearchAction","target":{"@type":"EntryPoint","urlTemplate":"https:\/\/www.curavitalis.nl\/webshop\/?s={search_term_string}"},"query-input":{"@type":"PropertyValueSpecification","valueRequired":true,"valueName":"search_term_string"}}],"inLanguage":"nl-NL"},{"@type":"Organization","@id":"https:\/\/www.curavitalis.nl\/webshop\/#organization","name":"Cura Vitalis","url":"https:\/\/www.curavitalis.nl\/webshop\/","logo":{"@type":"ImageObject","inLanguage":"nl-NL","@id":"https:\/\/www.curavitalis.nl\/webshop\/#\/schema\/logo\/image\/","url":"https:\/\/www.curavitalis.nl\/webshop\/wp-content\/uploads\/2024\/10\/logo-curavitalis-small.png","contentUrl":"https:\/\/www.curavitalis.nl\/webshop\/wp-content\/uploads\/2024\/10\/logo-curavitalis-small.png","width":350,"height":158,"caption":"Cura Vitalis"},"image":{"@id":"https:\/\/www.curavitalis.nl\/webshop\/#\/schema\/logo\/image\/"},"sameAs":["https:\/\/www.facebook.com\/curavitalisnl"]}]}},"_links":{"self":[{"href":"https:\/\/www.curavitalis.nl\/webshop\/wp-json\/wp\/v2\/product\/6606","targetHints":{"allow":["GET"]}}],"collection":[{"href":"https:\/\/www.curavitalis.nl\/webshop\/wp-json\/wp\/v2\/product"}],"about":[{"href":"https:\/\/www.curavitalis.nl\/webshop\/wp-json\/wp\/v2\/types\/product"}],"replies":[{"embeddable":true,"href":"https:\/\/www.curavitalis.nl\/webshop\/wp-json\/wp\/v2\/comments?post=6606"}],"wp:featuredmedia":[{"embeddable":true,"href":"https:\/\/www.curavitalis.nl\/webshop\/wp-json\/wp\/v2\/media\/6607"}],"wp:attachment":[{"href":"https:\/\/www.curavitalis.nl\/webshop\/wp-json\/wp\/v2\/media?parent=6606"}],"wp:term":[{"taxonomy":"product_cat","embeddable":true,"href":"https:\/\/www.curavitalis.nl\/webshop\/wp-json\/wp\/v2\/product_cat?post=6606"},{"taxonomy":"product_tag","embeddable":true,"href":"https:\/\/www.curavitalis.nl\/webshop\/wp-json\/wp\/v2\/product_tag?post=6606"}],"curies":[{"name":"wp","href":"https:\/\/api.w.org\/{rel}","templated":true}]}}