{"id":6561,"date":"2021-08-19T21:13:27","date_gmt":"2021-08-19T21:13:27","guid":{"rendered":"https:\/\/www.curavitalis.nl\/webshop\/?product=hno-m-chipcard-baklayan"},"modified":"2026-01-20T19:23:48","modified_gmt":"2026-01-20T18:23:48","slug":"hno-m-chipcard-baklayan","status":"publish","type":"product","link":"https:\/\/www.curavitalis.nl\/webshop\/product\/hno-m-chipcard-baklayan\/","title":{"rendered":"HNO-m Chipcard Baklayan"},"content":{"rendered":"<h2 data-start=\"159\" data-end=\"192\"><strong data-start=\"163\" data-end=\"190\">HNO-m Chipcard Baklayan<\/strong><\/h2>\n<p data-start=\"193\" data-end=\"255\"><strong data-start=\"193\" data-end=\"255\">Frequenties voor het keel-, neus- en oorgebied<\/strong><\/p>\n<p data-start=\"257\" data-end=\"605\">De HNO-m chipkaart is ontwikkeld op basis van klassieke frequenties die traditioneel worden ingezet bij energetische belasting in het keel-, neus- en oorgebied, mede door streptokokken en stafylokokken. De naam HNO staat voor <em data-start=\"441\" data-end=\"460\">Hals, Nase, Ohren<\/em> (Duits voor keel, neus en oren). Deze chipkaart bevat frequenties die oorspronkelijk geassocieerd worden met specifieke energetische trillingen.<\/p>\n<p data-start=\"607\" data-end=\"710\"><strong data-start=\"607\" data-end=\"621\">Tijdsduur:<\/strong> 38 minuten en 30 seconden<\/p>\n<hr data-start=\"712\" data-end=\"715\" \/>\n<h3 data-start=\"717\" data-end=\"800\"><strong data-start=\"721\" data-end=\"800\">Aanvullende ondersteuning\u00a0<\/strong><\/h3>\n<ul>\n<li data-start=\"803\" data-end=\"864\"><strong data-start=\"803\" data-end=\"812\">BiBlo<\/strong> \u2013 Ter voorbereiding van energetische toepassingen<\/li>\n<li data-start=\"867\" data-end=\"918\"><strong data-start=\"867\" data-end=\"874\">DTX<\/strong> \u2013 Voor ondersteuning bij afvoer en balans<\/li>\n<li data-start=\"921\" data-end=\"983\"><strong data-start=\"921\" data-end=\"939\">Diamond Shield<\/strong> \u2013 Voor algemene energetische harmonisatie<\/li>\n<li data-start=\"986\" data-end=\"1036\"><strong data-start=\"986\" data-end=\"997\">SN Cold<\/strong> \u2013 Trilling voor het verkoudheidsveld<\/li>\n<li data-start=\"1039\" data-end=\"1093\"><strong data-start=\"1039\" data-end=\"1046\">Sin<\/strong> \u2013 Energetische ondersteuning bij sinusvelden<\/li>\n<li data-start=\"1096\" data-end=\"1134\"><strong data-start=\"1096\" data-end=\"1103\">Bak<\/strong> \u2013 Algemeen bacterieprogramma<\/li>\n<li data-start=\"1137\" data-end=\"1234\"><strong data-start=\"1137\" data-end=\"1147\">Aarden<\/strong> \u2013 Na afloop 50 minuten aarden met de elektroden aangesloten voor energetisch herstel<\/li>\n<\/ul>\n<hr data-start=\"1236\" data-end=\"1239\" \/>\n<h3 data-start=\"1241\" data-end=\"1264\"><strong data-start=\"1245\" data-end=\"1262\">Gebruikstips:<\/strong><\/h3>\n<p data-start=\"1265\" data-end=\"1489\">Stel het voltage zo in dat je n\u00e9t geen tinteling voelt: verhoog tot je het voelt en verlaag dan \u00e9\u00e9n stapje. Bij kinderen of gevoelige huid adviseren we om het voltage te verlagen tot ca. 1 volt om huidirritatie te voorkomen.<\/p>\n<hr data-start=\"1491\" data-end=\"1494\" \/>\n<h3 data-start=\"1496\" data-end=\"1526\"><strong data-start=\"1500\" data-end=\"1524\">Let op \/ Disclaimer:<\/strong><\/h3>\n<p data-start=\"1527\" data-end=\"1811\">De informatie op deze pagina is gebaseerd op ervaringen uit de complementaire gezondheidszorg en is niet bedoeld als medisch advies. De genoemde producten en toepassingen vervangen geen diagnose of behandeling door een arts of therapeut. Raadpleeg bij twijfel altijd een professional.<\/p>\n<p style=\"margin-bottom: 0px; font-stretch: normal; font-size: 13px; line-height: normal; font-family: 'Helvetica Neue';\">\n","protected":false},"excerpt":{"rendered":"<p>HNO-m Chipcard Baklayan Frequenties voor het keel-, neus- en oorgebied [&hellip;]<\/p>\n","protected":false},"featured_media":6562,"comment_status":"open","ping_status":"closed","template":"","meta":[],"product_cat":[8676,1008],"product_tag":[3210,3209,3235,3237,5929,3236,1201,2052,7115,3238,7114,1855],"class_list":{"0":"post-6561","1":"product","2":"type-product","3":"status-publish","4":"has-post-thumbnail","6":"product_brand-mannayan","7":"product_cat-chipkaarten","8":"product_cat-chipkaarten-volgens-baklayan","9":"product_tag-baklayan","10":"product_tag-chipcard","11":"product_tag-hno-m","12":"product_tag-keel","13":"product_tag-keel-neus-oren","14":"product_tag-kno","15":"product_tag-mannayan","16":"product_tag-neus","17":"product_tag-oor-eczeem","18":"product_tag-oren","19":"product_tag-stafylokokken","20":"product_tag-streptokokken","22":"first","23":"instock","24":"taxable","25":"shipping-taxable","26":"purchasable","27":"product-type-simple"},"yoast_head":"<!-- This site is optimized with the Yoast SEO plugin v25.7 - https:\/\/yoast.com\/wordpress\/plugins\/seo\/ -->\n<title>HNO-m Chipcard Baklayan| Cura Vitalis<\/title>\n<meta name=\"description\" content=\"HNO-m Chipcard Baklayan - 1 (Mannayan). HNO-m Product Omschrijving De afkorting HNO staat voor keel, neus en oren. Bij Cura Vitalis | offici\u00eble dealer van Mannayan producten.\" \/>\n<meta name=\"robots\" content=\"index, follow, max-snippet:-1, max-image-preview:large, max-video-preview:-1\" \/>\n<link rel=\"canonical\" href=\"https:\/\/www.curavitalis.nl\/webshop\/product\/hno-m-chipcard-baklayan\/\" \/>\n<meta property=\"og:locale\" content=\"nl_NL\" \/>\n<meta property=\"og:type\" content=\"article\" \/>\n<meta property=\"og:title\" content=\"HNO-m Chipcard Baklayan| Cura Vitalis\" \/>\n<meta property=\"og:description\" content=\"HNO-m Chipcard Baklayan - 1 (Mannayan). HNO-m Product Omschrijving De afkorting HNO staat voor keel, neus en oren. Bij Cura Vitalis | offici\u00eble dealer van Mannayan producten.\" \/>\n<meta property=\"og:url\" content=\"https:\/\/www.curavitalis.nl\/webshop\/product\/hno-m-chipcard-baklayan\/\" \/>\n<meta property=\"og:site_name\" content=\"Cura Vitalis\" \/>\n<meta property=\"article:publisher\" content=\"https:\/\/www.facebook.com\/curavitalisnl\" \/>\n<meta property=\"article:modified_time\" content=\"2026-01-20T18:23:48+00:00\" \/>\n<meta property=\"og:image\" content=\"https:\/\/www.curavitalis.nl\/webshop\/wp-content\/uploads\/nc\/catalog\/producten\/Dermavit-Manna\/HNO-m-Baklayan-chipcard-Cura-Vitalis.jpg\" \/>\n\t<meta property=\"og:image:width\" content=\"700\" \/>\n\t<meta property=\"og:image:height\" content=\"610\" \/>\n\t<meta property=\"og:image:type\" content=\"image\/jpeg\" \/>\n<meta name=\"twitter:card\" content=\"summary_large_image\" \/>\n<meta name=\"twitter:label1\" content=\"Geschatte leestijd\" \/>\n\t<meta name=\"twitter:data1\" content=\"1 minuut\" \/>\n<script type=\"application\/ld+json\" class=\"yoast-schema-graph\">{\"@context\":\"https:\/\/schema.org\",\"@graph\":[{\"@type\":\"WebPage\",\"@id\":\"https:\/\/www.curavitalis.nl\/webshop\/product\/hno-m-chipcard-baklayan\/\",\"url\":\"https:\/\/www.curavitalis.nl\/webshop\/product\/hno-m-chipcard-baklayan\/\",\"name\":\"HNO-m Chipcard Baklayan| Cura Vitalis\",\"isPartOf\":{\"@id\":\"https:\/\/www.curavitalis.nl\/webshop\/#website\"},\"primaryImageOfPage\":{\"@id\":\"https:\/\/www.curavitalis.nl\/webshop\/product\/hno-m-chipcard-baklayan\/#primaryimage\"},\"image\":{\"@id\":\"https:\/\/www.curavitalis.nl\/webshop\/product\/hno-m-chipcard-baklayan\/#primaryimage\"},\"thumbnailUrl\":\"https:\/\/www.curavitalis.nl\/webshop\/wp-content\/uploads\/nc\/catalog\/producten\/Dermavit-Manna\/HNO-m-Baklayan-chipcard-Cura-Vitalis.jpg\",\"datePublished\":\"2021-08-19T21:13:27+00:00\",\"dateModified\":\"2026-01-20T18:23:48+00:00\",\"description\":\"HNO-m Chipcard Baklayan - 1 (Mannayan). HNO-m Product Omschrijving De afkorting HNO staat voor keel, neus en oren. Bij Cura Vitalis | offici\u00eble dealer van Mannayan producten.\",\"breadcrumb\":{\"@id\":\"https:\/\/www.curavitalis.nl\/webshop\/product\/hno-m-chipcard-baklayan\/#breadcrumb\"},\"inLanguage\":\"nl-NL\",\"potentialAction\":[{\"@type\":\"ReadAction\",\"target\":[\"https:\/\/www.curavitalis.nl\/webshop\/product\/hno-m-chipcard-baklayan\/\"]}]},{\"@type\":\"ImageObject\",\"inLanguage\":\"nl-NL\",\"@id\":\"https:\/\/www.curavitalis.nl\/webshop\/product\/hno-m-chipcard-baklayan\/#primaryimage\",\"url\":\"https:\/\/www.curavitalis.nl\/webshop\/wp-content\/uploads\/nc\/catalog\/producten\/Dermavit-Manna\/HNO-m-Baklayan-chipcard-Cura-Vitalis.jpg\",\"contentUrl\":\"https:\/\/www.curavitalis.nl\/webshop\/wp-content\/uploads\/nc\/catalog\/producten\/Dermavit-Manna\/HNO-m-Baklayan-chipcard-Cura-Vitalis.jpg\",\"width\":700,\"height\":610,\"caption\":\"HNO-m Chipcard Baklayan\"},{\"@type\":\"BreadcrumbList\",\"@id\":\"https:\/\/www.curavitalis.nl\/webshop\/product\/hno-m-chipcard-baklayan\/#breadcrumb\",\"itemListElement\":[{\"@type\":\"ListItem\",\"position\":1,\"name\":\"Home\",\"item\":\"https:\/\/www.curavitalis.nl\/webshop\/\"},{\"@type\":\"ListItem\",\"position\":2,\"name\":\"Webshop\",\"item\":\"https:\/\/www.curavitalis.nl\/webshop\/webshop\/\"},{\"@type\":\"ListItem\",\"position\":3,\"name\":\"HNO-m Chipcard Baklayan\"}]},{\"@type\":\"WebSite\",\"@id\":\"https:\/\/www.curavitalis.nl\/webshop\/#website\",\"url\":\"https:\/\/www.curavitalis.nl\/webshop\/\",\"name\":\"Cura Vitalis\",\"description\":\"Webshop\",\"publisher\":{\"@id\":\"https:\/\/www.curavitalis.nl\/webshop\/#organization\"},\"potentialAction\":[{\"@type\":\"SearchAction\",\"target\":{\"@type\":\"EntryPoint\",\"urlTemplate\":\"https:\/\/www.curavitalis.nl\/webshop\/?s={search_term_string}\"},\"query-input\":{\"@type\":\"PropertyValueSpecification\",\"valueRequired\":true,\"valueName\":\"search_term_string\"}}],\"inLanguage\":\"nl-NL\"},{\"@type\":\"Organization\",\"@id\":\"https:\/\/www.curavitalis.nl\/webshop\/#organization\",\"name\":\"Cura Vitalis\",\"url\":\"https:\/\/www.curavitalis.nl\/webshop\/\",\"logo\":{\"@type\":\"ImageObject\",\"inLanguage\":\"nl-NL\",\"@id\":\"https:\/\/www.curavitalis.nl\/webshop\/#\/schema\/logo\/image\/\",\"url\":\"https:\/\/www.curavitalis.nl\/webshop\/wp-content\/uploads\/2024\/10\/logo-curavitalis-small.png\",\"contentUrl\":\"https:\/\/www.curavitalis.nl\/webshop\/wp-content\/uploads\/2024\/10\/logo-curavitalis-small.png\",\"width\":350,\"height\":158,\"caption\":\"Cura Vitalis\"},\"image\":{\"@id\":\"https:\/\/www.curavitalis.nl\/webshop\/#\/schema\/logo\/image\/\"},\"sameAs\":[\"https:\/\/www.facebook.com\/curavitalisnl\"]}]}<\/script>\n<!-- \/ Yoast SEO plugin. -->","yoast_head_json":{"title":"HNO-m Chipcard Baklayan| Cura Vitalis","description":"HNO-m Chipcard Baklayan - 1 (Mannayan). HNO-m Product Omschrijving De afkorting HNO staat voor keel, neus en oren. Bij Cura Vitalis | offici\u00eble dealer van Mannayan producten.","robots":{"index":"index","follow":"follow","max-snippet":"max-snippet:-1","max-image-preview":"max-image-preview:large","max-video-preview":"max-video-preview:-1"},"canonical":"https:\/\/www.curavitalis.nl\/webshop\/product\/hno-m-chipcard-baklayan\/","og_locale":"nl_NL","og_type":"article","og_title":"HNO-m Chipcard Baklayan| Cura Vitalis","og_description":"HNO-m Chipcard Baklayan - 1 (Mannayan). HNO-m Product Omschrijving De afkorting HNO staat voor keel, neus en oren. Bij Cura Vitalis | offici\u00eble dealer van Mannayan producten.","og_url":"https:\/\/www.curavitalis.nl\/webshop\/product\/hno-m-chipcard-baklayan\/","og_site_name":"Cura Vitalis","article_publisher":"https:\/\/www.facebook.com\/curavitalisnl","article_modified_time":"2026-01-20T18:23:48+00:00","og_image":[{"width":700,"height":610,"url":"https:\/\/www.curavitalis.nl\/webshop\/wp-content\/uploads\/nc\/catalog\/producten\/Dermavit-Manna\/HNO-m-Baklayan-chipcard-Cura-Vitalis.jpg","type":"image\/jpeg"}],"twitter_card":"summary_large_image","twitter_misc":{"Geschatte leestijd":"1 minuut"},"schema":{"@context":"https:\/\/schema.org","@graph":[{"@type":"WebPage","@id":"https:\/\/www.curavitalis.nl\/webshop\/product\/hno-m-chipcard-baklayan\/","url":"https:\/\/www.curavitalis.nl\/webshop\/product\/hno-m-chipcard-baklayan\/","name":"HNO-m Chipcard Baklayan| Cura Vitalis","isPartOf":{"@id":"https:\/\/www.curavitalis.nl\/webshop\/#website"},"primaryImageOfPage":{"@id":"https:\/\/www.curavitalis.nl\/webshop\/product\/hno-m-chipcard-baklayan\/#primaryimage"},"image":{"@id":"https:\/\/www.curavitalis.nl\/webshop\/product\/hno-m-chipcard-baklayan\/#primaryimage"},"thumbnailUrl":"https:\/\/www.curavitalis.nl\/webshop\/wp-content\/uploads\/nc\/catalog\/producten\/Dermavit-Manna\/HNO-m-Baklayan-chipcard-Cura-Vitalis.jpg","datePublished":"2021-08-19T21:13:27+00:00","dateModified":"2026-01-20T18:23:48+00:00","description":"HNO-m Chipcard Baklayan - 1 (Mannayan). HNO-m Product Omschrijving De afkorting HNO staat voor keel, neus en oren. Bij Cura Vitalis | offici\u00eble dealer van Mannayan producten.","breadcrumb":{"@id":"https:\/\/www.curavitalis.nl\/webshop\/product\/hno-m-chipcard-baklayan\/#breadcrumb"},"inLanguage":"nl-NL","potentialAction":[{"@type":"ReadAction","target":["https:\/\/www.curavitalis.nl\/webshop\/product\/hno-m-chipcard-baklayan\/"]}]},{"@type":"ImageObject","inLanguage":"nl-NL","@id":"https:\/\/www.curavitalis.nl\/webshop\/product\/hno-m-chipcard-baklayan\/#primaryimage","url":"https:\/\/www.curavitalis.nl\/webshop\/wp-content\/uploads\/nc\/catalog\/producten\/Dermavit-Manna\/HNO-m-Baklayan-chipcard-Cura-Vitalis.jpg","contentUrl":"https:\/\/www.curavitalis.nl\/webshop\/wp-content\/uploads\/nc\/catalog\/producten\/Dermavit-Manna\/HNO-m-Baklayan-chipcard-Cura-Vitalis.jpg","width":700,"height":610,"caption":"HNO-m Chipcard Baklayan"},{"@type":"BreadcrumbList","@id":"https:\/\/www.curavitalis.nl\/webshop\/product\/hno-m-chipcard-baklayan\/#breadcrumb","itemListElement":[{"@type":"ListItem","position":1,"name":"Home","item":"https:\/\/www.curavitalis.nl\/webshop\/"},{"@type":"ListItem","position":2,"name":"Webshop","item":"https:\/\/www.curavitalis.nl\/webshop\/webshop\/"},{"@type":"ListItem","position":3,"name":"HNO-m Chipcard Baklayan"}]},{"@type":"WebSite","@id":"https:\/\/www.curavitalis.nl\/webshop\/#website","url":"https:\/\/www.curavitalis.nl\/webshop\/","name":"Cura Vitalis","description":"Webshop","publisher":{"@id":"https:\/\/www.curavitalis.nl\/webshop\/#organization"},"potentialAction":[{"@type":"SearchAction","target":{"@type":"EntryPoint","urlTemplate":"https:\/\/www.curavitalis.nl\/webshop\/?s={search_term_string}"},"query-input":{"@type":"PropertyValueSpecification","valueRequired":true,"valueName":"search_term_string"}}],"inLanguage":"nl-NL"},{"@type":"Organization","@id":"https:\/\/www.curavitalis.nl\/webshop\/#organization","name":"Cura Vitalis","url":"https:\/\/www.curavitalis.nl\/webshop\/","logo":{"@type":"ImageObject","inLanguage":"nl-NL","@id":"https:\/\/www.curavitalis.nl\/webshop\/#\/schema\/logo\/image\/","url":"https:\/\/www.curavitalis.nl\/webshop\/wp-content\/uploads\/2024\/10\/logo-curavitalis-small.png","contentUrl":"https:\/\/www.curavitalis.nl\/webshop\/wp-content\/uploads\/2024\/10\/logo-curavitalis-small.png","width":350,"height":158,"caption":"Cura Vitalis"},"image":{"@id":"https:\/\/www.curavitalis.nl\/webshop\/#\/schema\/logo\/image\/"},"sameAs":["https:\/\/www.facebook.com\/curavitalisnl"]}]}},"_links":{"self":[{"href":"https:\/\/www.curavitalis.nl\/webshop\/wp-json\/wp\/v2\/product\/6561","targetHints":{"allow":["GET"]}}],"collection":[{"href":"https:\/\/www.curavitalis.nl\/webshop\/wp-json\/wp\/v2\/product"}],"about":[{"href":"https:\/\/www.curavitalis.nl\/webshop\/wp-json\/wp\/v2\/types\/product"}],"replies":[{"embeddable":true,"href":"https:\/\/www.curavitalis.nl\/webshop\/wp-json\/wp\/v2\/comments?post=6561"}],"wp:featuredmedia":[{"embeddable":true,"href":"https:\/\/www.curavitalis.nl\/webshop\/wp-json\/wp\/v2\/media\/6562"}],"wp:attachment":[{"href":"https:\/\/www.curavitalis.nl\/webshop\/wp-json\/wp\/v2\/media?parent=6561"}],"wp:term":[{"taxonomy":"product_cat","embeddable":true,"href":"https:\/\/www.curavitalis.nl\/webshop\/wp-json\/wp\/v2\/product_cat?post=6561"},{"taxonomy":"product_tag","embeddable":true,"href":"https:\/\/www.curavitalis.nl\/webshop\/wp-json\/wp\/v2\/product_tag?post=6561"}],"curies":[{"name":"wp","href":"https:\/\/api.w.org\/{rel}","templated":true}]}}