{"id":6215,"date":"2025-08-18T07:29:14","date_gmt":"2025-08-18T06:29:14","guid":{"rendered":"https:\/\/www.curavitalis.nl\/webshop\/?product=diamond-shield-ie-professional-zapper-extra"},"modified":"2026-03-06T10:53:31","modified_gmt":"2026-03-06T09:53:31","slug":"diamond-shield-ie-professional-zapper","status":"publish","type":"product","link":"https:\/\/www.curavitalis.nl\/webshop\/product\/diamond-shield-ie-professional-zapper\/","title":{"rendered":"Diamond Shield IE Professional zapper"},"content":{"rendered":"<h1 data-start=\"0\" data-end=\"39\">Diamond Shield IE Professional Zapper<\/h1>\n<p data-start=\"0\" data-end=\"39\"><strong>+Gratis chipkaarten Biblo en DTX<\/strong><\/p>\n<p data-start=\"41\" data-end=\"49\"><strong>Actie: Complete set +\u00a0 nu met 3 Master chipkaarten (i.p.v. 2)<\/strong><\/p>\n<h2 data-start=\"220\" data-end=\"241\">Korte beschrijving<\/h2>\n<p data-start=\"242\" data-end=\"462\">Topmodel van Diamond Shield voor gevorderde gebruikers en praktijken. Volledig programmeerbaar via chipkaarten, met 15 standaardprogramma\u2019s (zie hieronder). Inclusief Nederlandse handleiding (exclusief bij Cura Vitalis).<\/p>\n<h2 data-start=\"464\" data-end=\"476\">Voor wie?<\/h2>\n<ul data-start=\"477\" data-end=\"616\">\n<li data-start=\"477\" data-end=\"542\">\n<p data-start=\"479\" data-end=\"542\">Therapeuten\/power users die maatwerk en flexibiliteit willen.<\/p>\n<\/li>\n<li data-start=\"543\" data-end=\"616\">\n<p data-start=\"545\" data-end=\"616\">Gebruikers die willen werken met frequentietoepassingen en chipkaarten.<\/p>\n<\/li>\n<\/ul>\n<h2 data-start=\"618\" data-end=\"637\">Unieke kenmerken<\/h2>\n<ul>\n<li data-start=\"640\" data-end=\"721\"><strong data-start=\"640\" data-end=\"660\">Programmeerbaar:<\/strong> stel eigen routines samen en sla op op Master-chipkaarten.<\/li>\n<li data-start=\"724\" data-end=\"791\"><strong data-start=\"724\" data-end=\"742\">Signaalopties:<\/strong> rechthoekgolf, positieve offset, microstromen.<\/li>\n<li data-start=\"794\" data-end=\"872\"><strong data-start=\"794\" data-end=\"803\">Modi:<\/strong> wobble (instelbaar), modulatie, combinaties (o.a. impuls-ontlading).<\/li>\n<\/ul>\n<h2 data-start=\"874\" data-end=\"894\">Inhoud van de set<\/h2>\n<ul>\n<li data-start=\"897\" data-end=\"943\">Diamond Shield IE EMS Professional in koffer<\/li>\n<li data-start=\"946\" data-end=\"973\">Databank-chipkaart <a href=\"https:\/\/www.curavitalis.nl\/webshop\/product\/top121-chipkaart-baklayan\/\" target=\"_blank\" rel=\"noopener\"><strong>TOP121<\/strong><\/a><\/li>\n<li data-start=\"976\" data-end=\"1010\">3\u00d7 Master universele chipkaarten<\/li>\n<li data-start=\"1013\" data-end=\"1059\">1\u00d7 Prof StPr (Dauerzapp, Zapplicator, Plate)<\/li>\n<li data-start=\"1062\" data-end=\"1094\">Aansluitkabels voor elektroden<\/li>\n<li data-start=\"1097\" data-end=\"1151\">2\u00d7 RVS handelektroden, 2\u00d7 plakelektroden (100\u00d750 mm)<\/li>\n<li data-start=\"1154\" data-end=\"1198\">Aardingskabel<\/li>\n<li data-start=\"1154\" data-end=\"1198\">Aardingstester (Pan Schuko)<\/li>\n<li data-start=\"1201\" data-end=\"1220\">9V accu + oplader<\/li>\n<li data-start=\"1223\" data-end=\"1252\">Frequenzfibel II (EN of DE)<\/li>\n<li data-start=\"1255\" data-end=\"1308\"><strong data-start=\"1255\" data-end=\"1308\">Nederlandse handleiding (alleen bij Cura Vitalis)<\/strong><\/li>\n<\/ul>\n<h2 data-start=\"1310\" data-end=\"1329\">Over de TOP121 chipkaart<\/h2>\n<p data-start=\"1330\" data-end=\"1543\">Bundel met o.a. <strong data-start=\"1346\" data-end=\"1352\">88<\/strong> fabrikantfrequenties en <strong data-start=\"1377\" data-end=\"1383\">33<\/strong> veelgebruikte Rife-frequenties.<br data-start=\"1415\" data-end=\"1418\" \/><em data-start=\"1418\" data-end=\"1543\">Bronverwijzing: namen als Clark, Rife, Beck en Baklayan zijn fabrikant-\/historische aanduidingen en geen gezondheidsclaims.<\/em><\/p>\n<h2 data-start=\"1545\" data-end=\"1581\">15 Standaardprogramma\u2019s (codes + looptijd)<\/h2>\n<p data-start=\"1582\" data-end=\"1697\"><em data-start=\"1582\" data-end=\"1697\">Bronverwijzing: onderstaande namen zijn fabrikantcodes\/-benamingen en worden zonder medische duiding weergegeven.<\/em><\/p>\n<ol>\n<li data-start=\"1701\" data-end=\"1726\">Diamond Shield \u2014 \u00b1 6:03<\/li>\n<li data-start=\"1729\" data-end=\"1750\">Feel Good \u2014 \u00b1 14:00<\/li>\n<li data-start=\"1753\" data-end=\"1769\">Relax \u2014 \u00b1 8:22<\/li>\n<li data-start=\"1772\" data-end=\"1801\">Golden Stream (GS) \u2014 \u00b1 6:03<\/li>\n<li data-start=\"1804\" data-end=\"1819\">FL-M \u2014 \u00b1 8:30<\/li>\n<li data-start=\"1822\" data-end=\"1837\">Co-M \u2014 \u00b1 8:00<\/li>\n<li data-start=\"1840\" data-end=\"1855\">Ba-M \u2014 \u00b1 8:00<\/li>\n<li data-start=\"1858\" data-end=\"1874\">Pa-M \u2014 \u00b1 13:00<\/li>\n<li data-start=\"1877\" data-end=\"1893\">Bo-M \u2014 \u00b1 39:00<\/li>\n<li data-start=\"1896\" data-end=\"1917\">Bk 3.92 Hz \u2014 \u00b1 6:03<\/li>\n<li data-start=\"1920\" data-end=\"1963\">7-20-7-20-7 \u2014 \u00b1 61:00 (33,3 kHz cyclisch)<\/li>\n<li data-start=\"1966\" data-end=\"2009\">Constant Zap \u2014 \u00b1 60:00 (33,3 kHz continu)<\/li>\n<li data-start=\"2012\" data-end=\"2062\">Zappicator \u2014 \u00b1 30:00 (1 kHz; vereist accessoire)<\/li>\n<li data-start=\"2065\" data-end=\"2108\">Plate \u2014 \u00b1 30:00 (29 Hz; plaat-accessoire)<\/li>\n<li data-start=\"2111\" data-end=\"2124\">EMS \u2014 \u00b1 40:00<\/li>\n<\/ol>\n<h3 data-start=\"3382\" data-end=\"3418\"><strong data-start=\"3386\" data-end=\"3418\">Garantieverklaring fabrikant<\/strong><\/h3>\n<p data-start=\"3420\" data-end=\"3723\">De fabrikant <strong data-start=\"3433\" data-end=\"3459\">Mannayan GmbH &amp; Co. KG<\/strong> verleent 2 jaar fabrieksgarantie vanaf aankoopdatum. Deze geldt binnen Europa en omvat kosteloze reparatie- en verzendservices bij fabricagefouten. Gebruik moet voldoen aan de handleiding. Schade door onjuist gebruik of normale slijtage valt buiten de garantie.<\/p>\n<p data-start=\"3725\" data-end=\"3940\">Bij beroep op garantie binnen Europa ontvang je gratis retourinstructies. Buiten Europa draag je de verzendkosten zelf. Als een defect niet hersteld kan worden, wordt een gelijkwaardig vervangend product aangeboden.<\/p>\n<h3 data-start=\"3947\" data-end=\"3972\"><strong data-start=\"3951\" data-end=\"3972\">Fabrikantgegevens<\/strong><\/h3>\n<p data-start=\"3974\" data-end=\"4126\"><strong data-start=\"3974\" data-end=\"4000\">Mannayan GmbH &amp; Co. KG<\/strong><br data-start=\"4000\" data-end=\"4003\" \/>Unterer Anger 15 Rgb.<br data-start=\"4024\" data-end=\"4027\" \/>80331 M\u00fcnchen, Duitsland<br data-start=\"4051\" data-end=\"4054\" \/>Tel: +49 (0)89-1890846-0<br data-start=\"4078\" data-end=\"4081\" \/>Fax: +49 (0)89-1890846-15<br data-start=\"4106\" data-end=\"4109\" \/><a class=\"cursor-pointer\" rel=\"noopener\" data-start=\"4109\" data-end=\"4126\">info@mannayan.com<\/a><\/p>\n<h3 data-start=\"4133\" data-end=\"4181\"><strong data-start=\"4137\" data-end=\"4181\">Juridische disclaimer \/ reclamewetgeving<\/strong><\/h3>\n<p data-start=\"4183\" data-end=\"4574\">Om redenen van reclamerecht zijn wij verplicht de volgende verklaring te vermelden:<br data-start=\"4266\" data-end=\"4269\" \/>Wij doen geen uitspraken over genezende werking of medische effectiviteit. De producten kunnen bijdragen aan het algemeen welzijn, maar vervangen geen behandeling door een arts of therapeut. Eventuele genoemde toepassingen zijn gebaseerd op empirische ervaringen en niet op erkend wetenschappelijk bewijs.<\/p>\n","protected":false},"excerpt":{"rendered":"<p data-start=\"785\" data-end=\"863\"><strong>Complete set met accessoires of chipkaarten!<\/strong><\/p>\n","protected":false},"featured_media":7848,"comment_status":"open","ping_status":"closed","template":"","meta":[],"product_cat":[1007],"product_tag":[2700,2707,2723,2715,5296,2721,2720,1201,2717,2716,2722,2719,2718],"class_list":{"0":"post-6215","1":"product","2":"type-product","3":"status-publish","4":"has-post-thumbnail","6":"product_brand-mannayan","7":"product_cat-zapper","8":"product_tag-bioresonantie","9":"product_tag-chipkaart","10":"product_tag-clark","11":"product_tag-diamond-shield","12":"product_tag-diamond-shield-ie-professional-zapper","13":"product_tag-frequentietabellen","14":"product_tag-frequentietabellenboek","15":"product_tag-mannayan","16":"product_tag-master","17":"product_tag-professional-zapper","18":"product_tag-rife","19":"product_tag-top-121","20":"product_tag-wellness","22":"first","23":"instock","24":"taxable","25":"shipping-taxable","26":"purchasable","27":"product-type-simple"},"yoast_head":"<!-- This site is optimized with the Yoast SEO plugin v25.7 - https:\/\/yoast.com\/wordpress\/plugins\/seo\/ -->\n<title>Diamond Shield IE EMS Professional zapper | Cura Vitalis<\/title>\n<meta name=\"description\" content=\"Diamond Shield IE Professional zapper. Het meest uitgebreide bioresonantie-apparaat voor uw praktijk of thuis. Vraag naar de korting voor therapeuten.\" \/>\n<meta name=\"robots\" content=\"index, follow, max-snippet:-1, max-image-preview:large, max-video-preview:-1\" \/>\n<link rel=\"canonical\" href=\"https:\/\/www.curavitalis.nl\/webshop\/product\/diamond-shield-ie-professional-zapper\/\" \/>\n<meta property=\"og:locale\" content=\"nl_NL\" \/>\n<meta property=\"og:type\" content=\"article\" \/>\n<meta property=\"og:title\" content=\"Diamond Shield IE EMS Professional zapper | Cura Vitalis\" \/>\n<meta property=\"og:description\" content=\"Diamond Shield IE Professional zapper. Het meest uitgebreide bioresonantie-apparaat voor uw praktijk of thuis. Vraag naar de korting voor therapeuten.\" \/>\n<meta property=\"og:url\" content=\"https:\/\/www.curavitalis.nl\/webshop\/product\/diamond-shield-ie-professional-zapper\/\" \/>\n<meta property=\"og:site_name\" content=\"Cura Vitalis\" \/>\n<meta property=\"article:publisher\" content=\"https:\/\/www.facebook.com\/curavitalisnl\" \/>\n<meta property=\"article:modified_time\" content=\"2026-03-06T09:53:31+00:00\" \/>\n<meta property=\"og:image\" content=\"https:\/\/www.curavitalis.nl\/webshop\/wp-content\/uploads\/nc\/catalog\/producten\/Dermavit-Manna\/zappers\/Diamond-shield-profesional-cura-vitalis.jpg\" \/>\n\t<meta property=\"og:image:width\" content=\"710\" \/>\n\t<meta property=\"og:image:height\" content=\"600\" \/>\n\t<meta property=\"og:image:type\" content=\"image\/jpeg\" \/>\n<meta name=\"twitter:card\" content=\"summary_large_image\" \/>\n<meta name=\"twitter:label1\" content=\"Geschatte leestijd\" \/>\n\t<meta name=\"twitter:data1\" content=\"3 minuten\" \/>\n<script type=\"application\/ld+json\" class=\"yoast-schema-graph\">{\"@context\":\"https:\/\/schema.org\",\"@graph\":[{\"@type\":\"WebPage\",\"@id\":\"https:\/\/www.curavitalis.nl\/webshop\/product\/diamond-shield-ie-professional-zapper\/\",\"url\":\"https:\/\/www.curavitalis.nl\/webshop\/product\/diamond-shield-ie-professional-zapper\/\",\"name\":\"Diamond Shield IE EMS Professional zapper | Cura Vitalis\",\"isPartOf\":{\"@id\":\"https:\/\/www.curavitalis.nl\/webshop\/#website\"},\"primaryImageOfPage\":{\"@id\":\"https:\/\/www.curavitalis.nl\/webshop\/product\/diamond-shield-ie-professional-zapper\/#primaryimage\"},\"image\":{\"@id\":\"https:\/\/www.curavitalis.nl\/webshop\/product\/diamond-shield-ie-professional-zapper\/#primaryimage\"},\"thumbnailUrl\":\"https:\/\/www.curavitalis.nl\/webshop\/wp-content\/uploads\/nc\/catalog\/producten\/Dermavit-Manna\/zappers\/Diamond-shield-profesional-cura-vitalis.jpg\",\"datePublished\":\"2025-08-18T06:29:14+00:00\",\"dateModified\":\"2026-03-06T09:53:31+00:00\",\"description\":\"Diamond Shield IE Professional zapper. Het meest uitgebreide bioresonantie-apparaat voor uw praktijk of thuis. Vraag naar de korting voor therapeuten.\",\"breadcrumb\":{\"@id\":\"https:\/\/www.curavitalis.nl\/webshop\/product\/diamond-shield-ie-professional-zapper\/#breadcrumb\"},\"inLanguage\":\"nl-NL\",\"potentialAction\":[{\"@type\":\"ReadAction\",\"target\":[\"https:\/\/www.curavitalis.nl\/webshop\/product\/diamond-shield-ie-professional-zapper\/\"]}]},{\"@type\":\"ImageObject\",\"inLanguage\":\"nl-NL\",\"@id\":\"https:\/\/www.curavitalis.nl\/webshop\/product\/diamond-shield-ie-professional-zapper\/#primaryimage\",\"url\":\"https:\/\/www.curavitalis.nl\/webshop\/wp-content\/uploads\/nc\/catalog\/producten\/Dermavit-Manna\/zappers\/Diamond-shield-profesional-cura-vitalis.jpg\",\"contentUrl\":\"https:\/\/www.curavitalis.nl\/webshop\/wp-content\/uploads\/nc\/catalog\/producten\/Dermavit-Manna\/zappers\/Diamond-shield-profesional-cura-vitalis.jpg\",\"width\":710,\"height\":600,\"caption\":\"Diamond Shield IE Professional zapper. De zapper voor therapeuten en gevorderden die zelf frequenties willen programmeren.\"},{\"@type\":\"BreadcrumbList\",\"@id\":\"https:\/\/www.curavitalis.nl\/webshop\/product\/diamond-shield-ie-professional-zapper\/#breadcrumb\",\"itemListElement\":[{\"@type\":\"ListItem\",\"position\":1,\"name\":\"Home\",\"item\":\"https:\/\/www.curavitalis.nl\/webshop\/\"},{\"@type\":\"ListItem\",\"position\":2,\"name\":\"Webshop\",\"item\":\"https:\/\/www.curavitalis.nl\/webshop\/webshop\/\"},{\"@type\":\"ListItem\",\"position\":3,\"name\":\"Diamond Shield IE Professional zapper\"}]},{\"@type\":\"WebSite\",\"@id\":\"https:\/\/www.curavitalis.nl\/webshop\/#website\",\"url\":\"https:\/\/www.curavitalis.nl\/webshop\/\",\"name\":\"Cura Vitalis\",\"description\":\"Webshop\",\"publisher\":{\"@id\":\"https:\/\/www.curavitalis.nl\/webshop\/#organization\"},\"potentialAction\":[{\"@type\":\"SearchAction\",\"target\":{\"@type\":\"EntryPoint\",\"urlTemplate\":\"https:\/\/www.curavitalis.nl\/webshop\/?s={search_term_string}\"},\"query-input\":{\"@type\":\"PropertyValueSpecification\",\"valueRequired\":true,\"valueName\":\"search_term_string\"}}],\"inLanguage\":\"nl-NL\"},{\"@type\":\"Organization\",\"@id\":\"https:\/\/www.curavitalis.nl\/webshop\/#organization\",\"name\":\"Cura Vitalis\",\"url\":\"https:\/\/www.curavitalis.nl\/webshop\/\",\"logo\":{\"@type\":\"ImageObject\",\"inLanguage\":\"nl-NL\",\"@id\":\"https:\/\/www.curavitalis.nl\/webshop\/#\/schema\/logo\/image\/\",\"url\":\"https:\/\/www.curavitalis.nl\/webshop\/wp-content\/uploads\/2024\/10\/logo-curavitalis-small.png\",\"contentUrl\":\"https:\/\/www.curavitalis.nl\/webshop\/wp-content\/uploads\/2024\/10\/logo-curavitalis-small.png\",\"width\":350,\"height\":158,\"caption\":\"Cura Vitalis\"},\"image\":{\"@id\":\"https:\/\/www.curavitalis.nl\/webshop\/#\/schema\/logo\/image\/\"},\"sameAs\":[\"https:\/\/www.facebook.com\/curavitalisnl\"]}]}<\/script>\n<!-- \/ Yoast SEO plugin. -->","yoast_head_json":{"title":"Diamond Shield IE EMS Professional zapper | Cura Vitalis","description":"Diamond Shield IE Professional zapper. Het meest uitgebreide bioresonantie-apparaat voor uw praktijk of thuis. Vraag naar de korting voor therapeuten.","robots":{"index":"index","follow":"follow","max-snippet":"max-snippet:-1","max-image-preview":"max-image-preview:large","max-video-preview":"max-video-preview:-1"},"canonical":"https:\/\/www.curavitalis.nl\/webshop\/product\/diamond-shield-ie-professional-zapper\/","og_locale":"nl_NL","og_type":"article","og_title":"Diamond Shield IE EMS Professional zapper | Cura Vitalis","og_description":"Diamond Shield IE Professional zapper. Het meest uitgebreide bioresonantie-apparaat voor uw praktijk of thuis. Vraag naar de korting voor therapeuten.","og_url":"https:\/\/www.curavitalis.nl\/webshop\/product\/diamond-shield-ie-professional-zapper\/","og_site_name":"Cura Vitalis","article_publisher":"https:\/\/www.facebook.com\/curavitalisnl","article_modified_time":"2026-03-06T09:53:31+00:00","og_image":[{"width":710,"height":600,"url":"https:\/\/www.curavitalis.nl\/webshop\/wp-content\/uploads\/nc\/catalog\/producten\/Dermavit-Manna\/zappers\/Diamond-shield-profesional-cura-vitalis.jpg","type":"image\/jpeg"}],"twitter_card":"summary_large_image","twitter_misc":{"Geschatte leestijd":"3 minuten"},"schema":{"@context":"https:\/\/schema.org","@graph":[{"@type":"WebPage","@id":"https:\/\/www.curavitalis.nl\/webshop\/product\/diamond-shield-ie-professional-zapper\/","url":"https:\/\/www.curavitalis.nl\/webshop\/product\/diamond-shield-ie-professional-zapper\/","name":"Diamond Shield IE EMS Professional zapper | Cura Vitalis","isPartOf":{"@id":"https:\/\/www.curavitalis.nl\/webshop\/#website"},"primaryImageOfPage":{"@id":"https:\/\/www.curavitalis.nl\/webshop\/product\/diamond-shield-ie-professional-zapper\/#primaryimage"},"image":{"@id":"https:\/\/www.curavitalis.nl\/webshop\/product\/diamond-shield-ie-professional-zapper\/#primaryimage"},"thumbnailUrl":"https:\/\/www.curavitalis.nl\/webshop\/wp-content\/uploads\/nc\/catalog\/producten\/Dermavit-Manna\/zappers\/Diamond-shield-profesional-cura-vitalis.jpg","datePublished":"2025-08-18T06:29:14+00:00","dateModified":"2026-03-06T09:53:31+00:00","description":"Diamond Shield IE Professional zapper. Het meest uitgebreide bioresonantie-apparaat voor uw praktijk of thuis. Vraag naar de korting voor therapeuten.","breadcrumb":{"@id":"https:\/\/www.curavitalis.nl\/webshop\/product\/diamond-shield-ie-professional-zapper\/#breadcrumb"},"inLanguage":"nl-NL","potentialAction":[{"@type":"ReadAction","target":["https:\/\/www.curavitalis.nl\/webshop\/product\/diamond-shield-ie-professional-zapper\/"]}]},{"@type":"ImageObject","inLanguage":"nl-NL","@id":"https:\/\/www.curavitalis.nl\/webshop\/product\/diamond-shield-ie-professional-zapper\/#primaryimage","url":"https:\/\/www.curavitalis.nl\/webshop\/wp-content\/uploads\/nc\/catalog\/producten\/Dermavit-Manna\/zappers\/Diamond-shield-profesional-cura-vitalis.jpg","contentUrl":"https:\/\/www.curavitalis.nl\/webshop\/wp-content\/uploads\/nc\/catalog\/producten\/Dermavit-Manna\/zappers\/Diamond-shield-profesional-cura-vitalis.jpg","width":710,"height":600,"caption":"Diamond Shield IE Professional zapper. De zapper voor therapeuten en gevorderden die zelf frequenties willen programmeren."},{"@type":"BreadcrumbList","@id":"https:\/\/www.curavitalis.nl\/webshop\/product\/diamond-shield-ie-professional-zapper\/#breadcrumb","itemListElement":[{"@type":"ListItem","position":1,"name":"Home","item":"https:\/\/www.curavitalis.nl\/webshop\/"},{"@type":"ListItem","position":2,"name":"Webshop","item":"https:\/\/www.curavitalis.nl\/webshop\/webshop\/"},{"@type":"ListItem","position":3,"name":"Diamond Shield IE Professional zapper"}]},{"@type":"WebSite","@id":"https:\/\/www.curavitalis.nl\/webshop\/#website","url":"https:\/\/www.curavitalis.nl\/webshop\/","name":"Cura Vitalis","description":"Webshop","publisher":{"@id":"https:\/\/www.curavitalis.nl\/webshop\/#organization"},"potentialAction":[{"@type":"SearchAction","target":{"@type":"EntryPoint","urlTemplate":"https:\/\/www.curavitalis.nl\/webshop\/?s={search_term_string}"},"query-input":{"@type":"PropertyValueSpecification","valueRequired":true,"valueName":"search_term_string"}}],"inLanguage":"nl-NL"},{"@type":"Organization","@id":"https:\/\/www.curavitalis.nl\/webshop\/#organization","name":"Cura Vitalis","url":"https:\/\/www.curavitalis.nl\/webshop\/","logo":{"@type":"ImageObject","inLanguage":"nl-NL","@id":"https:\/\/www.curavitalis.nl\/webshop\/#\/schema\/logo\/image\/","url":"https:\/\/www.curavitalis.nl\/webshop\/wp-content\/uploads\/2024\/10\/logo-curavitalis-small.png","contentUrl":"https:\/\/www.curavitalis.nl\/webshop\/wp-content\/uploads\/2024\/10\/logo-curavitalis-small.png","width":350,"height":158,"caption":"Cura Vitalis"},"image":{"@id":"https:\/\/www.curavitalis.nl\/webshop\/#\/schema\/logo\/image\/"},"sameAs":["https:\/\/www.facebook.com\/curavitalisnl"]}]}},"_links":{"self":[{"href":"https:\/\/www.curavitalis.nl\/webshop\/wp-json\/wp\/v2\/product\/6215","targetHints":{"allow":["GET"]}}],"collection":[{"href":"https:\/\/www.curavitalis.nl\/webshop\/wp-json\/wp\/v2\/product"}],"about":[{"href":"https:\/\/www.curavitalis.nl\/webshop\/wp-json\/wp\/v2\/types\/product"}],"replies":[{"embeddable":true,"href":"https:\/\/www.curavitalis.nl\/webshop\/wp-json\/wp\/v2\/comments?post=6215"}],"wp:featuredmedia":[{"embeddable":true,"href":"https:\/\/www.curavitalis.nl\/webshop\/wp-json\/wp\/v2\/media\/7848"}],"wp:attachment":[{"href":"https:\/\/www.curavitalis.nl\/webshop\/wp-json\/wp\/v2\/media?parent=6215"}],"wp:term":[{"taxonomy":"product_cat","embeddable":true,"href":"https:\/\/www.curavitalis.nl\/webshop\/wp-json\/wp\/v2\/product_cat?post=6215"},{"taxonomy":"product_tag","embeddable":true,"href":"https:\/\/www.curavitalis.nl\/webshop\/wp-json\/wp\/v2\/product_tag?post=6215"}],"curies":[{"name":"wp","href":"https:\/\/api.w.org\/{rel}","templated":true}]}}