{"id":6039,"date":"2020-08-02T16:29:17","date_gmt":"2020-08-02T16:29:17","guid":{"rendered":"https:\/\/www.curavitalis.nl\/webshop\/?product=de-groene-linde-themabag-kids"},"modified":"2023-10-13T11:57:39","modified_gmt":"2023-10-13T11:57:39","slug":"de-groene-linde-thema-bag-relax","status":"publish","type":"product","link":"https:\/\/www.curavitalis.nl\/webshop\/product\/de-groene-linde-thema-bag-relax\/","title":{"rendered":"De Groene Linde, Themabag kids"},"content":{"rendered":"<h1><b>Thema bag&nbsp;Relax &#8211; 5 super leuke mini sprays voor kinderen<\/b><\/h1>\n<p style=\"margin-bottom: 0px; font-stretch: normal; line-height: normal; font-family: &quot;Helvetica Neue&quot;;\"><span style=\"color: rgb(220, 161, 13);\">Themabag MIni Kids 5 aura sprays. Voor kleintjes die lekker spelen en slapen De Groene Linde<\/span><\/p>\n<p style=\"margin-bottom: 0px; font-stretch: normal; line-height: normal; font-family: &quot;Helvetica Neue&quot;;\"><span style=\"color: #dca10d\"><br \/><\/span><a href=\"https:\/\/www.curavitalis.nl\/webshop\/de-groene-linde-lavendel-10-ml-etherische-olie.html\" target=\"_blank\">Lavendin 10 ml<\/a><span style=\"color: #dca10d\"><br \/><\/span> Een enkelvoudige olie die heerlijk is om een ontspannen sfeer in je huis te cre\u00ebren. Door De Groene Linde zelf ge\u00efmporteerd uit de Franse Ard\u00e8che. De olie wordt nog op ambachtelijke wijze gedestileerd.<\/p>\n<p style=\"margin-bottom: 0px; font-stretch: normal; line-height: normal; font-family: &quot;Helvetica Neue&quot;;\"><span style=\"color: #dca10d\"><br \/><\/span><\/p>\n<p style=\"margin-bottom: 0px; font-stretch: normal; line-height: normal; font-family: &quot;Helvetica Neue&quot;;\"><span style=\"color: #dca10d\">Calming:<\/span> Ontspan je lichaam en je geest en laat de drukke dag van je af glijden. Je kunt deze spray heel goed gebruiken voor het naar bed gaan.<\/p>\n<p style=\"margin-bottom: 0px; font-stretch: normal; line-height: normal; font-family: &quot;Helvetica Neue&quot;;\"><span style=\"color: #dca10d\"><br \/><\/span><a href=\"https:\/\/www.curavitalis.nl\/webshop\/de-groene-linde-innerlijke-rust-auraspray-50-ml.html\" target=\"_blank\">Innerlijke rust:<\/a><span style=\"color: #dca10d\"><br \/><\/span> Deze verschilt van de Calming. Het gevoel van innerlijke rust is iets wat in je systeem gebeurt. Het is een stilte die heerlijk is, je verdwijnt als het ware in jezelf.<\/p>\n<p style=\"margin-bottom: 0px; font-stretch: normal; line-height: normal; font-family: &quot;Helvetica Neue&quot;;\"><span style=\"color: #dca10d\"><br \/><\/span><\/p>\n<p style=\"margin-bottom: 0px; font-stretch: normal; line-height: normal; font-family: &quot;Helvetica Neue&quot;;\"><span style=\"color: #dca10d\">Rust in je hoofd<\/span>: Hou op met denken, hou op met malen je mag het los laten.<\/p>\n<p style=\"margin-bottom: 0px; font-stretch: normal; line-height: normal; font-family: &quot;Helvetica Neue&quot;;\"><span style=\"color: #dca10d\"><br \/><\/span><a href=\"https:\/\/www.curavitalis.nl\/webshop\/de-groene-linde-altai-spray.html\" target=\"_blank\">Altai:<\/a><span style=\"color: #dca10d\"><br \/><\/span> Een gebied in Seberi\u00eb waar de energie het aller hoogst is. Deze frequentie zorgt voor \u2018ziele stilte\u2019. Het is niet goed uit te leggen, ga het ervaren het is een feestje!<\/p>\n<p style=\"margin-bottom: 0px; font-stretch: normal; line-height: normal; font-family: &quot;Helvetica Neue&quot;;\">Spray met gesloten ogen om je heen en laat de nevel even over je neer dalen en voel wat de energie van de geurfrequentie met je doet.<\/p>\n<p style=\"margin-bottom: 0px; font-stretch: normal; line-height: normal; font-family: &quot;Helvetica Neue&quot;;\"><\/p>\n<p style=\"margin-bottom: 0px; font-style: normal; font-variant-caps: normal; font-stretch: normal; font-size: 13px; line-height: normal; font-family: &quot;Helvetica Neue&quot;; font-size-adjust: none; font-kerning: auto; font-variant-alternates: normal; font-variant-ligatures: normal; font-variant-numeric: normal; font-variant-east-asian: normal; font-variant-position: normal; font-feature-settings: normal; font-optical-sizing: auto; font-variation-settings: normal;\">Disclaimer<\/p>\n<p style=\"margin-bottom: 0px; font-style: normal; font-variant-caps: normal; font-stretch: normal; font-size: 13px; line-height: normal; font-family: &quot;Helvetica Neue&quot;; font-size-adjust: none; font-kerning: auto; font-variant-alternates: normal; font-variant-ligatures: normal; font-variant-numeric: normal; font-variant-east-asian: normal; font-variant-position: normal; font-feature-settings: normal; font-optical-sizing: auto; font-variation-settings: normal;\"><i>Sommige van de hier gedane beweringen en de vermelde producten zijn gebaseerd op medische bevindingen die niet worden erkend door de zogenaamde conventionele geneeskunde. De uitspraken over indicaties en werkzaamheid alsmede de toepassingen van de hier vermelde producten zijn geen vervanging voor behandeling door een arts, therapeut of alternatieve behandelaar.<\/i><\/p>\n<p style=\"margin-bottom: 0px; font-stretch: normal; line-height: normal; font-family: &quot;Helvetica Neue&quot;;\"><\/p>\n<p style=\"margin-bottom: 0px; font-stretch: normal; line-height: normal; font-family: &quot;Helvetica Neue&quot;;\"><\/p>\n<p style=\"margin-bottom: 0px; font-stretch: normal; line-height: normal; font-family: &quot;Helvetica Neue&quot;;\"><\/p>\n<div><\/div>\n","protected":false},"excerpt":{"rendered":"<p>Thema bag&nbsp;Relax &#8211; 5 super leuke mini sprays voor kinderen [&hellip;]<\/p>\n","protected":false},"featured_media":6040,"comment_status":"open","ping_status":"closed","template":"","meta":[],"product_cat":[1005],"product_tag":[1481,1442,2459,2462,2249,1438,2463,2297,1439,1261,2460,2461,2458],"class_list":{"0":"post-6039","1":"product","2":"type-product","3":"status-publish","4":"has-post-thumbnail","6":"product_brand-de-groene-linde","7":"product_cat-etherische-olien-essentiele-olien","8":"product_tag-altai","9":"product_tag-aura","10":"product_tag-bag","11":"product_tag-calming","12":"product_tag-gezondheidsproducten","13":"product_tag-groene","14":"product_tag-innerlijke-rust","15":"product_tag-lavendin","16":"product_tag-linde","17":"product_tag-overige","18":"product_tag-relax","19":"product_tag-rust-in-je-hoofd","20":"product_tag-thema","22":"first","23":"instock","24":"taxable","25":"shipping-taxable","26":"purchasable","27":"product-type-simple"},"yoast_head":"<!-- This site is optimized with the Yoast SEO plugin v25.7 - https:\/\/yoast.com\/wordpress\/plugins\/seo\/ -->\n<title>De Groene Linde, Thema bag Relax | Cura Vitalis<\/title>\n<meta name=\"description\" content=\"De Groene Linde, Thema bag Relax - 5 x 10 ml auraspray - 5 super leuke mini sprays voor heerlijke ontspanning! In dit jute zakje vind je de volgende flesjes van 10 ml: Lavendin, Altai, Rust in je hoofd, Calming, Innerlijke rust. Op voorraad bij Cura Vita\" \/>\n<meta name=\"robots\" content=\"index, follow, max-snippet:-1, max-image-preview:large, max-video-preview:-1\" \/>\n<link rel=\"canonical\" href=\"https:\/\/www.curavitalis.nl\/webshop\/product\/de-groene-linde-thema-bag-relax\/\" \/>\n<meta property=\"og:locale\" content=\"nl_NL\" \/>\n<meta property=\"og:type\" content=\"article\" \/>\n<meta property=\"og:title\" content=\"De Groene Linde, Thema bag Relax | Cura Vitalis\" \/>\n<meta property=\"og:description\" content=\"De Groene Linde, Thema bag Relax - 5 x 10 ml auraspray - 5 super leuke mini sprays voor heerlijke ontspanning! In dit jute zakje vind je de volgende flesjes van 10 ml: Lavendin, Altai, Rust in je hoofd, Calming, Innerlijke rust. Op voorraad bij Cura Vita\" \/>\n<meta property=\"og:url\" content=\"https:\/\/www.curavitalis.nl\/webshop\/product\/de-groene-linde-thema-bag-relax\/\" \/>\n<meta property=\"og:site_name\" content=\"Cura Vitalis\" \/>\n<meta property=\"article:publisher\" content=\"https:\/\/www.facebook.com\/curavitalisnl\" \/>\n<meta property=\"article:modified_time\" content=\"2023-10-13T11:57:39+00:00\" \/>\n<meta property=\"og:image\" content=\"https:\/\/www.curavitalis.nl\/webshop\/wp-content\/uploads\/nc\/catalog\/producten\/de-Groene-Linde\/Themabag-take-it-easy-and-relax-de-groene-linde.jpg\" \/>\n\t<meta property=\"og:image:width\" content=\"710\" \/>\n\t<meta property=\"og:image:height\" content=\"600\" \/>\n\t<meta property=\"og:image:type\" content=\"image\/jpeg\" \/>\n<meta name=\"twitter:card\" content=\"summary_large_image\" \/>\n<meta name=\"twitter:label1\" content=\"Geschatte leestijd\" \/>\n\t<meta name=\"twitter:data1\" content=\"1 minuut\" \/>\n<script type=\"application\/ld+json\" class=\"yoast-schema-graph\">{\"@context\":\"https:\/\/schema.org\",\"@graph\":[{\"@type\":\"WebPage\",\"@id\":\"https:\/\/www.curavitalis.nl\/webshop\/product\/de-groene-linde-thema-bag-relax\/\",\"url\":\"https:\/\/www.curavitalis.nl\/webshop\/product\/de-groene-linde-thema-bag-relax\/\",\"name\":\"De Groene Linde, Thema bag Relax | Cura Vitalis\",\"isPartOf\":{\"@id\":\"https:\/\/www.curavitalis.nl\/webshop\/#website\"},\"primaryImageOfPage\":{\"@id\":\"https:\/\/www.curavitalis.nl\/webshop\/product\/de-groene-linde-thema-bag-relax\/#primaryimage\"},\"image\":{\"@id\":\"https:\/\/www.curavitalis.nl\/webshop\/product\/de-groene-linde-thema-bag-relax\/#primaryimage\"},\"thumbnailUrl\":\"https:\/\/www.curavitalis.nl\/webshop\/wp-content\/uploads\/nc\/catalog\/producten\/de-Groene-Linde\/Themabag-take-it-easy-and-relax-de-groene-linde.jpg\",\"datePublished\":\"2020-08-02T16:29:17+00:00\",\"dateModified\":\"2023-10-13T11:57:39+00:00\",\"description\":\"De Groene Linde, Thema bag Relax - 5 x 10 ml auraspray - 5 super leuke mini sprays voor heerlijke ontspanning! In dit jute zakje vind je de volgende flesjes van 10 ml: Lavendin, Altai, Rust in je hoofd, Calming, Innerlijke rust. Op voorraad bij Cura Vita\",\"breadcrumb\":{\"@id\":\"https:\/\/www.curavitalis.nl\/webshop\/product\/de-groene-linde-thema-bag-relax\/#breadcrumb\"},\"inLanguage\":\"nl-NL\",\"potentialAction\":[{\"@type\":\"ReadAction\",\"target\":[\"https:\/\/www.curavitalis.nl\/webshop\/product\/de-groene-linde-thema-bag-relax\/\"]}]},{\"@type\":\"ImageObject\",\"inLanguage\":\"nl-NL\",\"@id\":\"https:\/\/www.curavitalis.nl\/webshop\/product\/de-groene-linde-thema-bag-relax\/#primaryimage\",\"url\":\"https:\/\/www.curavitalis.nl\/webshop\/wp-content\/uploads\/nc\/catalog\/producten\/de-Groene-Linde\/Themabag-take-it-easy-and-relax-de-groene-linde.jpg\",\"contentUrl\":\"https:\/\/www.curavitalis.nl\/webshop\/wp-content\/uploads\/nc\/catalog\/producten\/de-Groene-Linde\/Themabag-take-it-easy-and-relax-de-groene-linde.jpg\",\"width\":710,\"height\":600,\"caption\":\"De Groene Linde, Themabag kids\"},{\"@type\":\"BreadcrumbList\",\"@id\":\"https:\/\/www.curavitalis.nl\/webshop\/product\/de-groene-linde-thema-bag-relax\/#breadcrumb\",\"itemListElement\":[{\"@type\":\"ListItem\",\"position\":1,\"name\":\"Home\",\"item\":\"https:\/\/www.curavitalis.nl\/webshop\/\"},{\"@type\":\"ListItem\",\"position\":2,\"name\":\"Webshop\",\"item\":\"https:\/\/www.curavitalis.nl\/webshop\/webshop\/\"},{\"@type\":\"ListItem\",\"position\":3,\"name\":\"De Groene Linde, Themabag kids\"}]},{\"@type\":\"WebSite\",\"@id\":\"https:\/\/www.curavitalis.nl\/webshop\/#website\",\"url\":\"https:\/\/www.curavitalis.nl\/webshop\/\",\"name\":\"Cura Vitalis\",\"description\":\"Webshop\",\"publisher\":{\"@id\":\"https:\/\/www.curavitalis.nl\/webshop\/#organization\"},\"potentialAction\":[{\"@type\":\"SearchAction\",\"target\":{\"@type\":\"EntryPoint\",\"urlTemplate\":\"https:\/\/www.curavitalis.nl\/webshop\/?s={search_term_string}\"},\"query-input\":{\"@type\":\"PropertyValueSpecification\",\"valueRequired\":true,\"valueName\":\"search_term_string\"}}],\"inLanguage\":\"nl-NL\"},{\"@type\":\"Organization\",\"@id\":\"https:\/\/www.curavitalis.nl\/webshop\/#organization\",\"name\":\"Cura Vitalis\",\"url\":\"https:\/\/www.curavitalis.nl\/webshop\/\",\"logo\":{\"@type\":\"ImageObject\",\"inLanguage\":\"nl-NL\",\"@id\":\"https:\/\/www.curavitalis.nl\/webshop\/#\/schema\/logo\/image\/\",\"url\":\"https:\/\/www.curavitalis.nl\/webshop\/wp-content\/uploads\/2024\/10\/logo-curavitalis-small.png\",\"contentUrl\":\"https:\/\/www.curavitalis.nl\/webshop\/wp-content\/uploads\/2024\/10\/logo-curavitalis-small.png\",\"width\":350,\"height\":158,\"caption\":\"Cura Vitalis\"},\"image\":{\"@id\":\"https:\/\/www.curavitalis.nl\/webshop\/#\/schema\/logo\/image\/\"},\"sameAs\":[\"https:\/\/www.facebook.com\/curavitalisnl\"]}]}<\/script>\n<!-- \/ Yoast SEO plugin. -->","yoast_head_json":{"title":"De Groene Linde, Thema bag Relax | Cura Vitalis","description":"De Groene Linde, Thema bag Relax - 5 x 10 ml auraspray - 5 super leuke mini sprays voor heerlijke ontspanning! In dit jute zakje vind je de volgende flesjes van 10 ml: Lavendin, Altai, Rust in je hoofd, Calming, Innerlijke rust. Op voorraad bij Cura Vita","robots":{"index":"index","follow":"follow","max-snippet":"max-snippet:-1","max-image-preview":"max-image-preview:large","max-video-preview":"max-video-preview:-1"},"canonical":"https:\/\/www.curavitalis.nl\/webshop\/product\/de-groene-linde-thema-bag-relax\/","og_locale":"nl_NL","og_type":"article","og_title":"De Groene Linde, Thema bag Relax | Cura Vitalis","og_description":"De Groene Linde, Thema bag Relax - 5 x 10 ml auraspray - 5 super leuke mini sprays voor heerlijke ontspanning! In dit jute zakje vind je de volgende flesjes van 10 ml: Lavendin, Altai, Rust in je hoofd, Calming, Innerlijke rust. Op voorraad bij Cura Vita","og_url":"https:\/\/www.curavitalis.nl\/webshop\/product\/de-groene-linde-thema-bag-relax\/","og_site_name":"Cura Vitalis","article_publisher":"https:\/\/www.facebook.com\/curavitalisnl","article_modified_time":"2023-10-13T11:57:39+00:00","og_image":[{"width":710,"height":600,"url":"https:\/\/www.curavitalis.nl\/webshop\/wp-content\/uploads\/nc\/catalog\/producten\/de-Groene-Linde\/Themabag-take-it-easy-and-relax-de-groene-linde.jpg","type":"image\/jpeg"}],"twitter_card":"summary_large_image","twitter_misc":{"Geschatte leestijd":"1 minuut"},"schema":{"@context":"https:\/\/schema.org","@graph":[{"@type":"WebPage","@id":"https:\/\/www.curavitalis.nl\/webshop\/product\/de-groene-linde-thema-bag-relax\/","url":"https:\/\/www.curavitalis.nl\/webshop\/product\/de-groene-linde-thema-bag-relax\/","name":"De Groene Linde, Thema bag Relax | Cura Vitalis","isPartOf":{"@id":"https:\/\/www.curavitalis.nl\/webshop\/#website"},"primaryImageOfPage":{"@id":"https:\/\/www.curavitalis.nl\/webshop\/product\/de-groene-linde-thema-bag-relax\/#primaryimage"},"image":{"@id":"https:\/\/www.curavitalis.nl\/webshop\/product\/de-groene-linde-thema-bag-relax\/#primaryimage"},"thumbnailUrl":"https:\/\/www.curavitalis.nl\/webshop\/wp-content\/uploads\/nc\/catalog\/producten\/de-Groene-Linde\/Themabag-take-it-easy-and-relax-de-groene-linde.jpg","datePublished":"2020-08-02T16:29:17+00:00","dateModified":"2023-10-13T11:57:39+00:00","description":"De Groene Linde, Thema bag Relax - 5 x 10 ml auraspray - 5 super leuke mini sprays voor heerlijke ontspanning! In dit jute zakje vind je de volgende flesjes van 10 ml: Lavendin, Altai, Rust in je hoofd, Calming, Innerlijke rust. Op voorraad bij Cura Vita","breadcrumb":{"@id":"https:\/\/www.curavitalis.nl\/webshop\/product\/de-groene-linde-thema-bag-relax\/#breadcrumb"},"inLanguage":"nl-NL","potentialAction":[{"@type":"ReadAction","target":["https:\/\/www.curavitalis.nl\/webshop\/product\/de-groene-linde-thema-bag-relax\/"]}]},{"@type":"ImageObject","inLanguage":"nl-NL","@id":"https:\/\/www.curavitalis.nl\/webshop\/product\/de-groene-linde-thema-bag-relax\/#primaryimage","url":"https:\/\/www.curavitalis.nl\/webshop\/wp-content\/uploads\/nc\/catalog\/producten\/de-Groene-Linde\/Themabag-take-it-easy-and-relax-de-groene-linde.jpg","contentUrl":"https:\/\/www.curavitalis.nl\/webshop\/wp-content\/uploads\/nc\/catalog\/producten\/de-Groene-Linde\/Themabag-take-it-easy-and-relax-de-groene-linde.jpg","width":710,"height":600,"caption":"De Groene Linde, Themabag kids"},{"@type":"BreadcrumbList","@id":"https:\/\/www.curavitalis.nl\/webshop\/product\/de-groene-linde-thema-bag-relax\/#breadcrumb","itemListElement":[{"@type":"ListItem","position":1,"name":"Home","item":"https:\/\/www.curavitalis.nl\/webshop\/"},{"@type":"ListItem","position":2,"name":"Webshop","item":"https:\/\/www.curavitalis.nl\/webshop\/webshop\/"},{"@type":"ListItem","position":3,"name":"De Groene Linde, Themabag kids"}]},{"@type":"WebSite","@id":"https:\/\/www.curavitalis.nl\/webshop\/#website","url":"https:\/\/www.curavitalis.nl\/webshop\/","name":"Cura Vitalis","description":"Webshop","publisher":{"@id":"https:\/\/www.curavitalis.nl\/webshop\/#organization"},"potentialAction":[{"@type":"SearchAction","target":{"@type":"EntryPoint","urlTemplate":"https:\/\/www.curavitalis.nl\/webshop\/?s={search_term_string}"},"query-input":{"@type":"PropertyValueSpecification","valueRequired":true,"valueName":"search_term_string"}}],"inLanguage":"nl-NL"},{"@type":"Organization","@id":"https:\/\/www.curavitalis.nl\/webshop\/#organization","name":"Cura Vitalis","url":"https:\/\/www.curavitalis.nl\/webshop\/","logo":{"@type":"ImageObject","inLanguage":"nl-NL","@id":"https:\/\/www.curavitalis.nl\/webshop\/#\/schema\/logo\/image\/","url":"https:\/\/www.curavitalis.nl\/webshop\/wp-content\/uploads\/2024\/10\/logo-curavitalis-small.png","contentUrl":"https:\/\/www.curavitalis.nl\/webshop\/wp-content\/uploads\/2024\/10\/logo-curavitalis-small.png","width":350,"height":158,"caption":"Cura Vitalis"},"image":{"@id":"https:\/\/www.curavitalis.nl\/webshop\/#\/schema\/logo\/image\/"},"sameAs":["https:\/\/www.facebook.com\/curavitalisnl"]}]}},"_links":{"self":[{"href":"https:\/\/www.curavitalis.nl\/webshop\/wp-json\/wp\/v2\/product\/6039","targetHints":{"allow":["GET"]}}],"collection":[{"href":"https:\/\/www.curavitalis.nl\/webshop\/wp-json\/wp\/v2\/product"}],"about":[{"href":"https:\/\/www.curavitalis.nl\/webshop\/wp-json\/wp\/v2\/types\/product"}],"replies":[{"embeddable":true,"href":"https:\/\/www.curavitalis.nl\/webshop\/wp-json\/wp\/v2\/comments?post=6039"}],"wp:featuredmedia":[{"embeddable":true,"href":"https:\/\/www.curavitalis.nl\/webshop\/wp-json\/wp\/v2\/media\/6040"}],"wp:attachment":[{"href":"https:\/\/www.curavitalis.nl\/webshop\/wp-json\/wp\/v2\/media?parent=6039"}],"wp:term":[{"taxonomy":"product_cat","embeddable":true,"href":"https:\/\/www.curavitalis.nl\/webshop\/wp-json\/wp\/v2\/product_cat?post=6039"},{"taxonomy":"product_tag","embeddable":true,"href":"https:\/\/www.curavitalis.nl\/webshop\/wp-json\/wp\/v2\/product_tag?post=6039"}],"curies":[{"name":"wp","href":"https:\/\/api.w.org\/{rel}","templated":true}]}}