{"id":5860,"date":"2026-01-01T21:53:51","date_gmt":"2026-01-01T20:53:51","guid":{"rendered":"https:\/\/www.curavitalis.nl\/webshop\/?product=altrient-c-liposomale-vitamine-c-30s"},"modified":"2026-01-28T08:05:19","modified_gmt":"2026-01-28T07:05:19","slug":"altrient-c-liposomale-vitamine-c-30s","status":"publish","type":"product","link":"https:\/\/www.curavitalis.nl\/webshop\/product\/altrient-c-liposomale-vitamine-c-30s\/","title":{"rendered":"Altrient C Liposomale Vitamine C &#8211; Liposomaal"},"content":{"rendered":"<h1 data-start=\"863\" data-end=\"912\">Altrient C Liposomale Vitamine C \u2013 30 sachets<\/h1>\n<p data-start=\"939\" data-end=\"1247\">Altrient C is een geavanceerd liposomaal vitamine C-supplement in handige sachets. Dankzij de liposomale technologie is de opname in het lichaam optimaal. Vitamine C ondersteunt het immuunsysteem, helpt vermoeidheid te verminderen en draagt bij aan de vorming van collageen voor huid, botten en bloedvaten.<\/p>\n<hr data-start=\"1249\" data-end=\"1252\" \/>\n<h2 data-start=\"1254\" data-end=\"1276\">Productinformatie<\/h2>\n<p data-start=\"1277\" data-end=\"1603\">Liposomaal betekent dat de vitamine C wordt verpakt in microscopisch kleine vetbolletjes, liposomen genoemd. Deze bestaan uit fosfolipiden, dezelfde bouwstenen als onze lichaamscellen. Liposomen beschermen de vitamine C tijdens het transport door het spijsverteringskanaal en zorgen ervoor dat het effici\u00ebnt wordt opgenomen.<\/p>\n<p data-start=\"1605\" data-end=\"1726\">De vloeibare formule is verpakt in individuele sachets. Dit maakt Altrient C eenvoudig in gebruik en mild voor de maag.<\/p>\n<hr data-start=\"1728\" data-end=\"1731\" \/>\n<h2 data-start=\"1733\" data-end=\"1780\">Gezondheidsvoordelen van vitamine C<\/h2>\n<p data-start=\"1781\" data-end=\"1794\">Vitamine C:<\/p>\n<ul>\n<li data-start=\"1797\" data-end=\"1854\">draagt bij aan de normale werking van het immuunsysteem<\/li>\n<li data-start=\"1857\" data-end=\"1903\">helpt vermoeidheid en moeheid te verminderen<\/li>\n<li data-start=\"1906\" data-end=\"1998\">ondersteunt de normale collageenvorming voor huid, botten, tanden, kraakbeen en bloedvaten<\/li>\n<li data-start=\"2001\" data-end=\"2075\">is een antioxidant en helpt cellen te beschermen tegen oxidatieve schade<\/li>\n<\/ul>\n<hr data-start=\"2077\" data-end=\"2080\" \/>\n<h2 data-start=\"2082\" data-end=\"2115\">Samenstelling \/ Ingredi\u00ebnten<\/h2>\n<p data-start=\"2116\" data-end=\"2138\">Per sachet (5,7 ml):<\/p>\n<ul>\n<li data-start=\"2141\" data-end=\"2181\">1.000 mg vitamine C (natriumascorbaat)<\/li>\n<li data-start=\"2184\" data-end=\"2251\">1.000 mg fosfolipiden uit soja (waarvan 500 mg fosfatidylcholine)<\/li>\n<li data-start=\"2254\" data-end=\"2275\">gede\u00efoniseerd water<\/li>\n<li data-start=\"2278\" data-end=\"2314\">natuurlijke conservering (alcohol)<\/li>\n<li data-start=\"2317\" data-end=\"2342\">citroenzuur (pH-balans)<\/li>\n<li data-start=\"2345\" data-end=\"2375\">lecithine (fosfolipidenbron)<\/li>\n<\/ul>\n<p data-start=\"2377\" data-end=\"2421\"><strong data-start=\"2377\" data-end=\"2392\">Allergenen:<\/strong> bevat soja (fosfolipiden).<\/p>\n<hr data-start=\"2423\" data-end=\"2426\" \/>\n<h2 data-start=\"2428\" data-end=\"2440\">Gebruik<\/h2>\n<ul data-start=\"2441\" data-end=\"2594\">\n<li data-start=\"2441\" data-end=\"2488\">\n<p data-start=\"2443\" data-end=\"2488\">Aanbevolen dagelijkse dosering: 1\u20132 sachets<\/p>\n<\/li>\n<li data-start=\"2489\" data-end=\"2534\">\n<p data-start=\"2491\" data-end=\"2534\">Innemen zoals aangegeven op de verpakking<\/p>\n<\/li>\n<li data-start=\"2535\" data-end=\"2594\">\n<p data-start=\"2537\" data-end=\"2594\">De aanbevolen dagelijkse hoeveelheid niet overschrijden<\/p>\n<\/li>\n<li data-start=\"2535\" data-end=\"2594\">\n<p data-start=\"2537\" data-end=\"2594\">Voor de beste opname neem je Altrient C op een lege maag, idealiter 15 minuten v\u00f3\u00f3r een maaltijd.<\/p>\n<\/li>\n<li data-start=\"2535\" data-end=\"2594\">In sommige gevallen kan een arts of therapeut een aangepaste dosering adviseren \u2013 volg dan altijd hun instructie.<\/li>\n<\/ul>\n<hr data-start=\"2596\" data-end=\"2599\" \/>\n<h2 data-start=\"2601\" data-end=\"2628\">Belangrijke informatie<\/h2>\n<ul>\n<li data-start=\"2631\" data-end=\"2651\">Voedingssupplement<\/li>\n<li data-start=\"2654\" data-end=\"2721\">Geen vervanging van een evenwichtige voeding en gezonde leefstijl<\/li>\n<li data-start=\"2724\" data-end=\"2760\">Buiten bereik van kinderen bewaren<\/li>\n<li data-start=\"2763\" data-end=\"2822\">Bewaren op een koele, droge plaats, beschermd tegen licht<\/li>\n<li data-start=\"2825\" data-end=\"2864\">Houdbaarheid: gemiddeld 12\u201324 maanden<\/li>\n<li data-start=\"2867\" data-end=\"2962\">Tijdelijke overdosering kan milde darmklachten geven; deze verdwijnen vanzelf bij het stoppen<\/li>\n<\/ul>\n<hr data-start=\"2964\" data-end=\"2967\" \/>\n<h2 data-start=\"2969\" data-end=\"2982\">Vrij van<\/h2>\n<p data-start=\"2983\" data-end=\"3089\">\u2714 Suiker<br data-start=\"2991\" data-end=\"2994\" \/>\u2714 Gluten<br data-start=\"3002\" data-end=\"3005\" \/>\u2714 Zuivel\/lactose<br data-start=\"3021\" data-end=\"3024\" \/>\u2714 Tarwe<br data-start=\"3031\" data-end=\"3034\" \/>\u2714 Gist<br data-start=\"3040\" data-end=\"3043\" \/>\u2714 Kunstmatige kleur- en smaakstoffen<br data-start=\"3079\" data-end=\"3082\" \/>\u2714 GMO<\/p>\n<hr data-start=\"3091\" data-end=\"3094\" \/>\n<h2 data-start=\"3096\" data-end=\"3120\">Verpakking &amp; inhoud<\/h2>\n<ul data-start=\"3121\" data-end=\"3214\">\n<li data-start=\"3121\" data-end=\"3144\">\n<p data-start=\"3123\" data-end=\"3144\">Doos met 30 sachets<\/p>\n<\/li>\n<li data-start=\"3145\" data-end=\"3180\">\n<p data-start=\"3147\" data-end=\"3180\">Netto-inhoud per sachet: 5,7 ml<\/p>\n<\/li>\n<li data-start=\"3181\" data-end=\"3214\">\n<p data-start=\"3183\" data-end=\"3214\">THT\/lotnummer: zie verpakking<\/p>\n<\/li>\n<\/ul>\n<h2 data-start=\"1901\" data-end=\"1942\"><strong data-start=\"1905\" data-end=\"1942\">Voordeel bij grotere bestellingen<\/strong><\/h2>\n<p data-start=\"1943\" data-end=\"2201\">Wil je Altrient C kopen met korting? Bestel dan meerdere verpakkingen tegelijk. Bij Cura Vitalis ontvang je aantrekkelijke staffelkortingen wanneer je meerdere producten in \u00e9\u00e9n bestelling plaatst. Zo profiteer je van een langdurige kuur \u00e9n voordeel in prijs.<\/p>\n<p data-pm-slice=\"1 1 []\">Bedrijfsnaam: Dailyvit bv. Adres: Anna Paulownastraat 37, 2518 BB Den Haag. Telefoon: 070-3600 859. E-mail: info@livonlabs.nl. Tel:\u00a0 070-3600859. KvK: 34250063. BTW-nr: NL818784702B01<\/p>\n","protected":false},"excerpt":{"rendered":"<ul>\n<li>3 of meer \u20ac51,99<\/li>\n<li>vanaf 6 \u20ac 47,99<\/li>\n<li>vanaf 12 \u20ac45,99<\/li>\n<\/ul>\n<p>Ondersteunt het immuunsysteem, vermindert vermoeidheid en draagt bij aan collageenvorming.<\/p>\n","protected":false},"featured_media":21158,"comment_status":"open","ping_status":"closed","template":"","meta":[],"product_cat":[944,1000],"product_tag":[6548,1561,6552,6154,8591,6546,6547,6553,6551,6554,8735,6971,1205,6555,8589,8592],"class_list":{"0":"post-5860","1":"product","2":"type-product","3":"status-publish","4":"has-post-thumbnail","6":"product_brand-altrient","7":"product_cat-vitamine-c","8":"product_cat-voedingssupplementen","9":"product_tag-altrient-c","10":"product_tag-collageenvorming","11":"product_tag-hoogwaardige-vitamine-c","12":"product_tag-huidelasticiteit","13":"product_tag-liposomale-c","14":"product_tag-liposomale-vitamine-c","15":"product_tag-liposomale-vitamine-c-sachets","16":"product_tag-liposomen-vitamine-c","17":"product_tag-maagvriendelijke-vitamine-c","18":"product_tag-natuurlijke-vitamine-c","19":"product_tag-onze-kernselectie","20":"product_tag-supplement-bij-vermoeidheid","21":"product_tag-vitamine-c","22":"product_tag-vitamine-c-weerstand","23":"product_tag-vloeibare-c","24":"product_tag-vloeibare-vitamine-c","26":"first","27":"instock","28":"sale","29":"taxable","30":"shipping-taxable","31":"purchasable","32":"product-type-simple"},"yoast_head":"<!-- This site is optimized with the Yoast SEO plugin v25.7 - https:\/\/yoast.com\/wordpress\/plugins\/seo\/ -->\n<title>Altrient C Liposomale Vitamine C - 30 sachets | Cura Vitalis<\/title>\n<meta name=\"description\" content=\"Altrient C liposomale vitamine C in 30 sachets. Ondersteunt het immuunsysteem, vermindert vermoeidheid en draagt bij aan collageenvorming.\" \/>\n<meta name=\"robots\" content=\"index, follow, max-snippet:-1, max-image-preview:large, max-video-preview:-1\" \/>\n<link rel=\"canonical\" href=\"https:\/\/www.curavitalis.nl\/webshop\/product\/altrient-c-liposomale-vitamine-c-30s\/\" \/>\n<meta property=\"og:locale\" content=\"nl_NL\" \/>\n<meta property=\"og:type\" content=\"article\" \/>\n<meta property=\"og:title\" content=\"Altrient C Liposomale Vitamine C - 30 sachets | Cura Vitalis\" \/>\n<meta property=\"og:description\" content=\"Altrient C liposomale vitamine C in 30 sachets. Ondersteunt het immuunsysteem, vermindert vermoeidheid en draagt bij aan collageenvorming.\" \/>\n<meta property=\"og:url\" content=\"https:\/\/www.curavitalis.nl\/webshop\/product\/altrient-c-liposomale-vitamine-c-30s\/\" \/>\n<meta property=\"og:site_name\" content=\"Cura Vitalis\" \/>\n<meta property=\"article:publisher\" content=\"https:\/\/www.facebook.com\/curavitalisnl\" \/>\n<meta property=\"article:modified_time\" content=\"2026-01-28T07:05:19+00:00\" \/>\n<meta property=\"og:image\" content=\"https:\/\/www.curavitalis.nl\/webshop\/wp-content\/uploads\/2019\/09\/altrient-C-30-sachets-cura-vitalis.jpg\" \/>\n\t<meta property=\"og:image:width\" content=\"800\" \/>\n\t<meta property=\"og:image:height\" content=\"800\" \/>\n\t<meta property=\"og:image:type\" content=\"image\/jpeg\" \/>\n<meta name=\"twitter:card\" content=\"summary_large_image\" \/>\n<meta name=\"twitter:label1\" content=\"Geschatte leestijd\" \/>\n\t<meta name=\"twitter:data1\" content=\"3 minuten\" \/>\n<script type=\"application\/ld+json\" class=\"yoast-schema-graph\">{\"@context\":\"https:\/\/schema.org\",\"@graph\":[{\"@type\":\"WebPage\",\"@id\":\"https:\/\/www.curavitalis.nl\/webshop\/product\/altrient-c-liposomale-vitamine-c-30s\/\",\"url\":\"https:\/\/www.curavitalis.nl\/webshop\/product\/altrient-c-liposomale-vitamine-c-30s\/\",\"name\":\"Altrient C Liposomale Vitamine C - 30 sachets | Cura Vitalis\",\"isPartOf\":{\"@id\":\"https:\/\/www.curavitalis.nl\/webshop\/#website\"},\"primaryImageOfPage\":{\"@id\":\"https:\/\/www.curavitalis.nl\/webshop\/product\/altrient-c-liposomale-vitamine-c-30s\/#primaryimage\"},\"image\":{\"@id\":\"https:\/\/www.curavitalis.nl\/webshop\/product\/altrient-c-liposomale-vitamine-c-30s\/#primaryimage\"},\"thumbnailUrl\":\"https:\/\/www.curavitalis.nl\/webshop\/wp-content\/uploads\/2019\/09\/altrient-C-30-sachets-cura-vitalis.jpg\",\"datePublished\":\"2026-01-01T20:53:51+00:00\",\"dateModified\":\"2026-01-28T07:05:19+00:00\",\"description\":\"Altrient C liposomale vitamine C in 30 sachets. Ondersteunt het immuunsysteem, vermindert vermoeidheid en draagt bij aan collageenvorming.\",\"breadcrumb\":{\"@id\":\"https:\/\/www.curavitalis.nl\/webshop\/product\/altrient-c-liposomale-vitamine-c-30s\/#breadcrumb\"},\"inLanguage\":\"nl-NL\",\"potentialAction\":[{\"@type\":\"ReadAction\",\"target\":[\"https:\/\/www.curavitalis.nl\/webshop\/product\/altrient-c-liposomale-vitamine-c-30s\/\"]}]},{\"@type\":\"ImageObject\",\"inLanguage\":\"nl-NL\",\"@id\":\"https:\/\/www.curavitalis.nl\/webshop\/product\/altrient-c-liposomale-vitamine-c-30s\/#primaryimage\",\"url\":\"https:\/\/www.curavitalis.nl\/webshop\/wp-content\/uploads\/2019\/09\/altrient-C-30-sachets-cura-vitalis.jpg\",\"contentUrl\":\"https:\/\/www.curavitalis.nl\/webshop\/wp-content\/uploads\/2019\/09\/altrient-C-30-sachets-cura-vitalis.jpg\",\"width\":800,\"height\":800,\"caption\":\"Altrient C liposomale vitamine C \u2013 doos met 30 sachets van 1.000 mg\"},{\"@type\":\"BreadcrumbList\",\"@id\":\"https:\/\/www.curavitalis.nl\/webshop\/product\/altrient-c-liposomale-vitamine-c-30s\/#breadcrumb\",\"itemListElement\":[{\"@type\":\"ListItem\",\"position\":1,\"name\":\"Home\",\"item\":\"https:\/\/www.curavitalis.nl\/webshop\/\"},{\"@type\":\"ListItem\",\"position\":2,\"name\":\"Webshop\",\"item\":\"https:\/\/www.curavitalis.nl\/webshop\/webshop\/\"},{\"@type\":\"ListItem\",\"position\":3,\"name\":\"Altrient C Liposomale Vitamine C &#8211; Liposomaal\"}]},{\"@type\":\"WebSite\",\"@id\":\"https:\/\/www.curavitalis.nl\/webshop\/#website\",\"url\":\"https:\/\/www.curavitalis.nl\/webshop\/\",\"name\":\"Cura Vitalis\",\"description\":\"Webshop\",\"publisher\":{\"@id\":\"https:\/\/www.curavitalis.nl\/webshop\/#organization\"},\"potentialAction\":[{\"@type\":\"SearchAction\",\"target\":{\"@type\":\"EntryPoint\",\"urlTemplate\":\"https:\/\/www.curavitalis.nl\/webshop\/?s={search_term_string}\"},\"query-input\":{\"@type\":\"PropertyValueSpecification\",\"valueRequired\":true,\"valueName\":\"search_term_string\"}}],\"inLanguage\":\"nl-NL\"},{\"@type\":\"Organization\",\"@id\":\"https:\/\/www.curavitalis.nl\/webshop\/#organization\",\"name\":\"Cura Vitalis\",\"url\":\"https:\/\/www.curavitalis.nl\/webshop\/\",\"logo\":{\"@type\":\"ImageObject\",\"inLanguage\":\"nl-NL\",\"@id\":\"https:\/\/www.curavitalis.nl\/webshop\/#\/schema\/logo\/image\/\",\"url\":\"https:\/\/www.curavitalis.nl\/webshop\/wp-content\/uploads\/2024\/10\/logo-curavitalis-small.png\",\"contentUrl\":\"https:\/\/www.curavitalis.nl\/webshop\/wp-content\/uploads\/2024\/10\/logo-curavitalis-small.png\",\"width\":350,\"height\":158,\"caption\":\"Cura Vitalis\"},\"image\":{\"@id\":\"https:\/\/www.curavitalis.nl\/webshop\/#\/schema\/logo\/image\/\"},\"sameAs\":[\"https:\/\/www.facebook.com\/curavitalisnl\"]}]}<\/script>\n<!-- \/ Yoast SEO plugin. -->","yoast_head_json":{"title":"Altrient C Liposomale Vitamine C - 30 sachets | Cura Vitalis","description":"Altrient C liposomale vitamine C in 30 sachets. Ondersteunt het immuunsysteem, vermindert vermoeidheid en draagt bij aan collageenvorming.","robots":{"index":"index","follow":"follow","max-snippet":"max-snippet:-1","max-image-preview":"max-image-preview:large","max-video-preview":"max-video-preview:-1"},"canonical":"https:\/\/www.curavitalis.nl\/webshop\/product\/altrient-c-liposomale-vitamine-c-30s\/","og_locale":"nl_NL","og_type":"article","og_title":"Altrient C Liposomale Vitamine C - 30 sachets | Cura Vitalis","og_description":"Altrient C liposomale vitamine C in 30 sachets. Ondersteunt het immuunsysteem, vermindert vermoeidheid en draagt bij aan collageenvorming.","og_url":"https:\/\/www.curavitalis.nl\/webshop\/product\/altrient-c-liposomale-vitamine-c-30s\/","og_site_name":"Cura Vitalis","article_publisher":"https:\/\/www.facebook.com\/curavitalisnl","article_modified_time":"2026-01-28T07:05:19+00:00","og_image":[{"width":800,"height":800,"url":"https:\/\/www.curavitalis.nl\/webshop\/wp-content\/uploads\/2019\/09\/altrient-C-30-sachets-cura-vitalis.jpg","type":"image\/jpeg"}],"twitter_card":"summary_large_image","twitter_misc":{"Geschatte leestijd":"3 minuten"},"schema":{"@context":"https:\/\/schema.org","@graph":[{"@type":"WebPage","@id":"https:\/\/www.curavitalis.nl\/webshop\/product\/altrient-c-liposomale-vitamine-c-30s\/","url":"https:\/\/www.curavitalis.nl\/webshop\/product\/altrient-c-liposomale-vitamine-c-30s\/","name":"Altrient C Liposomale Vitamine C - 30 sachets | Cura Vitalis","isPartOf":{"@id":"https:\/\/www.curavitalis.nl\/webshop\/#website"},"primaryImageOfPage":{"@id":"https:\/\/www.curavitalis.nl\/webshop\/product\/altrient-c-liposomale-vitamine-c-30s\/#primaryimage"},"image":{"@id":"https:\/\/www.curavitalis.nl\/webshop\/product\/altrient-c-liposomale-vitamine-c-30s\/#primaryimage"},"thumbnailUrl":"https:\/\/www.curavitalis.nl\/webshop\/wp-content\/uploads\/2019\/09\/altrient-C-30-sachets-cura-vitalis.jpg","datePublished":"2026-01-01T20:53:51+00:00","dateModified":"2026-01-28T07:05:19+00:00","description":"Altrient C liposomale vitamine C in 30 sachets. Ondersteunt het immuunsysteem, vermindert vermoeidheid en draagt bij aan collageenvorming.","breadcrumb":{"@id":"https:\/\/www.curavitalis.nl\/webshop\/product\/altrient-c-liposomale-vitamine-c-30s\/#breadcrumb"},"inLanguage":"nl-NL","potentialAction":[{"@type":"ReadAction","target":["https:\/\/www.curavitalis.nl\/webshop\/product\/altrient-c-liposomale-vitamine-c-30s\/"]}]},{"@type":"ImageObject","inLanguage":"nl-NL","@id":"https:\/\/www.curavitalis.nl\/webshop\/product\/altrient-c-liposomale-vitamine-c-30s\/#primaryimage","url":"https:\/\/www.curavitalis.nl\/webshop\/wp-content\/uploads\/2019\/09\/altrient-C-30-sachets-cura-vitalis.jpg","contentUrl":"https:\/\/www.curavitalis.nl\/webshop\/wp-content\/uploads\/2019\/09\/altrient-C-30-sachets-cura-vitalis.jpg","width":800,"height":800,"caption":"Altrient C liposomale vitamine C \u2013 doos met 30 sachets van 1.000 mg"},{"@type":"BreadcrumbList","@id":"https:\/\/www.curavitalis.nl\/webshop\/product\/altrient-c-liposomale-vitamine-c-30s\/#breadcrumb","itemListElement":[{"@type":"ListItem","position":1,"name":"Home","item":"https:\/\/www.curavitalis.nl\/webshop\/"},{"@type":"ListItem","position":2,"name":"Webshop","item":"https:\/\/www.curavitalis.nl\/webshop\/webshop\/"},{"@type":"ListItem","position":3,"name":"Altrient C Liposomale Vitamine C &#8211; Liposomaal"}]},{"@type":"WebSite","@id":"https:\/\/www.curavitalis.nl\/webshop\/#website","url":"https:\/\/www.curavitalis.nl\/webshop\/","name":"Cura Vitalis","description":"Webshop","publisher":{"@id":"https:\/\/www.curavitalis.nl\/webshop\/#organization"},"potentialAction":[{"@type":"SearchAction","target":{"@type":"EntryPoint","urlTemplate":"https:\/\/www.curavitalis.nl\/webshop\/?s={search_term_string}"},"query-input":{"@type":"PropertyValueSpecification","valueRequired":true,"valueName":"search_term_string"}}],"inLanguage":"nl-NL"},{"@type":"Organization","@id":"https:\/\/www.curavitalis.nl\/webshop\/#organization","name":"Cura Vitalis","url":"https:\/\/www.curavitalis.nl\/webshop\/","logo":{"@type":"ImageObject","inLanguage":"nl-NL","@id":"https:\/\/www.curavitalis.nl\/webshop\/#\/schema\/logo\/image\/","url":"https:\/\/www.curavitalis.nl\/webshop\/wp-content\/uploads\/2024\/10\/logo-curavitalis-small.png","contentUrl":"https:\/\/www.curavitalis.nl\/webshop\/wp-content\/uploads\/2024\/10\/logo-curavitalis-small.png","width":350,"height":158,"caption":"Cura Vitalis"},"image":{"@id":"https:\/\/www.curavitalis.nl\/webshop\/#\/schema\/logo\/image\/"},"sameAs":["https:\/\/www.facebook.com\/curavitalisnl"]}]}},"_links":{"self":[{"href":"https:\/\/www.curavitalis.nl\/webshop\/wp-json\/wp\/v2\/product\/5860","targetHints":{"allow":["GET"]}}],"collection":[{"href":"https:\/\/www.curavitalis.nl\/webshop\/wp-json\/wp\/v2\/product"}],"about":[{"href":"https:\/\/www.curavitalis.nl\/webshop\/wp-json\/wp\/v2\/types\/product"}],"replies":[{"embeddable":true,"href":"https:\/\/www.curavitalis.nl\/webshop\/wp-json\/wp\/v2\/comments?post=5860"}],"wp:featuredmedia":[{"embeddable":true,"href":"https:\/\/www.curavitalis.nl\/webshop\/wp-json\/wp\/v2\/media\/21158"}],"wp:attachment":[{"href":"https:\/\/www.curavitalis.nl\/webshop\/wp-json\/wp\/v2\/media?parent=5860"}],"wp:term":[{"taxonomy":"product_cat","embeddable":true,"href":"https:\/\/www.curavitalis.nl\/webshop\/wp-json\/wp\/v2\/product_cat?post=5860"},{"taxonomy":"product_tag","embeddable":true,"href":"https:\/\/www.curavitalis.nl\/webshop\/wp-json\/wp\/v2\/product_tag?post=5860"}],"curies":[{"name":"wp","href":"https:\/\/api.w.org\/{rel}","templated":true}]}}