{"id":5694,"date":"2018-07-17T09:17:10","date_gmt":"2018-07-17T09:17:10","guid":{"rendered":"https:\/\/www.curavitalis.nl\/webshop\/?product=aov-828-salvia-extract-60-capsules"},"modified":"2024-05-01T09:39:57","modified_gmt":"2024-05-01T09:39:57","slug":"aov-828-salvia-extract-60-capsules","status":"publish","type":"product","link":"https:\/\/www.curavitalis.nl\/webshop\/product\/aov-828-salvia-extract-60-capsules\/","title":{"rendered":"AOV 828 Salvia extract &#8211; 60 capsules"},"content":{"rendered":"<h1><span style=\"color: rgb(0, 49, 99); font-weight: bold;\">AOV 828 Salvia extract<\/span><\/h1>\n<p style=\"margin-bottom: 0px; font-stretch: normal; line-height: normal; font-family: &quot;Helvetica Neue&quot;;\"><span style=\"color: rgb(0, 49, 99); font-family: &quot;Open Sans&quot;, sans-serif;\">Kruidenpreparaat<\/span><\/p>\n<p style=\"margin-bottom: 0px; font-stretch: normal; line-height: normal; font-family: &quot;Helvetica Neue&quot;;\"><span style=\"color: rgb(0, 49, 99);\"><br \/><\/span><\/p>\n<p style=\"margin-bottom: 0px; font-stretch: normal; line-height: normal; font-family: &quot;Helvetica Neue&quot;;\"><span style=\"color: rgb(0, 49, 99);\">Salvia (salie) is een kruid dat van oorsprong voorkomt in het mediterrane gebied. De betekenis van de Latijnse naam salvia is \u2018genezen\u2019 of \u2018redden\u2019. De belangrijkste actieve bestanddelen van dit kruid bevinden zich als terpeno\u00efden in de essenti\u00eble oli\u00ebn. Verder bevat salvia flavono\u00efden, organische zuren waaronder rozemarijnzuur, en bitterstoffen. Salvia-extract kan ondersteuning bieden bij opvliegers en nachtelijk zweten.<\/span><\/p>\n<p style=\"margin-bottom: 0px; font-stretch: normal; line-height: normal; font-family: &quot;Helvetica Neue&quot;;\"><b style=\"color: rgb(0, 49, 99);\"><br \/><\/b><\/p>\n<p style=\"margin-bottom: 0px; font-stretch: normal; line-height: normal; font-family: &quot;Helvetica Neue&quot;;\"><span style=\"color: rgb(0, 49, 99);\"><b>Dit product bevat per dagdosering van 2 vegacaps:<\/b><span class=\"Apple-tab-span\" style=\"white-space:pre\">\t<\/span>&nbsp;<\/span><\/p>\n<p style=\"margin-bottom: 0px; font-stretch: normal; line-height: normal; font-family: &quot;Helvetica Neue&quot;;\"><span style=\"color: rgb(0, 49, 99);\">Salie (Salvia officinalis)-extract&nbsp;<span class=\"Apple-tab-span\" style=\"white-space:pre\">\t<\/span>800mg<\/span><\/p>\n<p style=\"margin-bottom: 0px; font-stretch: normal; line-height: normal; font-family: &quot;Helvetica Neue&quot;;\"><span style=\"color: rgb(0, 49, 99);\">gestandaardiseerd extract (DER 5:1) uit het op 4% essenti\u00eble oli\u00ebn en 2,5% rozemarijnzuur&nbsp;<span class=\"Apple-tab-span\" style=\"white-space:pre\">\t<\/span>&nbsp;<\/span><\/p>\n<p style=\"margin-bottom: 0px; font-stretch: normal; line-height: normal; font-family: &quot;Helvetica Neue&quot;;\"><b style=\"color: rgb(0, 49, 99);\"><br \/><\/b><\/p>\n<p style=\"margin-bottom: 0px; font-stretch: normal; line-height: normal; font-family: &quot;Helvetica Neue&quot;;\"><b style=\"color: rgb(0, 49, 99);\">Ingredi\u00ebnten:&nbsp;<\/b><\/p>\n<p style=\"margin-bottom: 0px; font-stretch: normal; line-height: normal; font-family: &quot;Helvetica Neue&quot;;\"><span style=\"color: rgb(0, 49, 99);\">salie-extract, HPMC (vegacaps).<\/span><\/p>\n<p style=\"margin-bottom: 0px; font-stretch: normal; line-height: normal; font-family: &quot;Helvetica Neue&quot;;\"><span style=\"color: rgb(0, 49, 99);\">Vrij van allergenen &#8211; &nbsp;Geschikt voor vegetari\u00ebrs en veganisten<\/span><\/p>\n<p style=\"margin-bottom: 0px; font-stretch: normal; line-height: normal; font-family: &quot;Helvetica Neue&quot;;\"><b style=\"color: rgb(0, 49, 99);\"><br \/><\/b><\/p>\n<p style=\"margin-bottom: 0px; font-stretch: normal; line-height: normal; font-family: &quot;Helvetica Neue&quot;;\"><span style=\"color: rgb(0, 49, 99);\"><b>Gebruik<\/b><br \/>\n1 maal daags 2 vegacaps innemen<\/span><\/p>\n<p style=\"margin-bottom: 0px; font-stretch: normal; line-height: normal; font-family: &quot;Helvetica Neue&quot;;\"><b style=\"color: rgb(0, 49, 99);\"><br \/><\/b><\/p>\n<p style=\"margin-bottom: 0px; font-stretch: normal; line-height: normal; font-family: &quot;Helvetica Neue&quot;;\"><b style=\"color: rgb(0, 49, 99);\">Fabrikant:<\/b><\/p>\n<p style=\"margin-bottom: 0px; font-stretch: normal; line-height: normal; font-family: &quot;Helvetica Neue&quot;;\"><span style=\"color: rgb(0, 49, 99);\">AOV&nbsp;<\/span><\/p>\n<p style=\"margin-bottom: 0px; font-stretch: normal; line-height: normal; font-family: &quot;Helvetica Neue&quot;;\"><span style=\"color: rgb(0, 49, 99);\">Wormerweg 1<\/span><\/p>\n<p style=\"margin-bottom: 0px; font-stretch: normal; line-height: normal; font-family: &quot;Helvetica Neue&quot;;\"><span style=\"color: rgb(0, 49, 99);\">1311XA &nbsp;Almere<\/span><\/p>\n<p style=\"margin-bottom: 0px; font-stretch: normal; line-height: normal; font-family: &quot;Helvetica Neue&quot;;\"><span style=\"color: rgb(0, 49, 99);\">Dit product is een voedingssupplement.<\/span><\/p>\n<p style=\"margin-bottom: 0px; font-stretch: normal; line-height: normal; font-family: &quot;Helvetica Neue&quot;; min-height: 14px;\"><span style=\"color: rgb(0, 49, 99);\"><br \/><\/span><\/p>\n<p style=\"margin-bottom: 0px; font-stretch: normal; line-height: normal; font-family: &quot;Helvetica Neue&quot;;\"><span style=\"color: rgb(0, 49, 99);\">Aanbevolen dosering niet overschrijden.<\/span><\/p>\n<p style=\"margin-bottom: 0px; font-stretch: normal; line-height: normal; font-family: &quot;Helvetica Neue&quot;; min-height: 14px;\"><span style=\"color: rgb(0, 49, 99);\"><br \/><\/span><\/p>\n<p style=\"margin-bottom: 0px; font-stretch: normal; line-height: normal; font-family: &quot;Helvetica Neue&quot;;\"><span style=\"color: rgb(0, 49, 99);\">Een gevarieerde, evenwichtige voeding en een gezonde levensstijl zijn belangrijk. Een voedingssupplement is geen vervanging van een gevarieerde voeding.<\/span><\/p>\n<p style=\"margin-bottom: 0px; font-stretch: normal; line-height: normal; font-family: &quot;Helvetica Neue&quot;; min-height: 14px;\"><span style=\"color: rgb(0, 49, 99);\"><br \/><\/span><\/p>\n<p style=\"margin-bottom: 0px; font-stretch: normal; line-height: normal; font-family: &quot;Helvetica Neue&quot;;\"><span style=\"color: rgb(0, 49, 99);\">Buiten bereik van jonge kinderen houden.<\/span><\/p>\n<p style=\"margin-bottom: 0px; font-stretch: normal; line-height: normal; font-family: &quot;Helvetica Neue&quot;; min-height: 14px;\"><span style=\"color: rgb(0, 49, 99);\"><br \/><\/span><\/p>\n<p style=\"margin-bottom: 0px; font-stretch: normal; line-height: normal; font-family: &quot;Helvetica Neue&quot;;\"><span style=\"color: rgb(0, 49, 99);\">Droog, afgesloten en bij kamertemperatuur bewaren, tenzij anders geadviseerd op het etiket.<\/span><\/p>\n<p style=\"margin-bottom: 0px; font-stretch: normal; line-height: normal; font-family: &quot;Helvetica Neue&quot;; min-height: 14px;\"><span style=\"color: rgb(0, 49, 99);\"><br \/><\/span><\/p>\n<p style=\"margin-bottom: 0px; font-stretch: normal; line-height: normal; font-family: &quot;Helvetica Neue&quot;;\"><span style=\"color: rgb(0, 49, 99);\">Raadpleeg een deskundige alvorens supplementen te gebruiken in geval van zwangerschap, lactatie, medicijngebruik en ziekte.<\/span><\/p>\n<\/p>\n<p style=\"margin-bottom: 0px; font-stretch: normal; line-height: normal; font-family: &quot;Helvetica Neue&quot;; color: rgb(69, 69, 69); min-height: 14px;\"><\/p>\n","protected":false},"excerpt":{"rendered":"<p>AOV 828 Salvia extract Kruidenpreparaat Salvia (salie) is een kruid [&hellip;]<\/p>\n","protected":false},"featured_media":5695,"comment_status":"open","ping_status":"closed","template":"","meta":[],"product_cat":[1002,1000],"product_tag":[1670,1669,1376,1124,1673,1057,1672,1675,1674,1473,1671,1150],"class_list":{"0":"post-5694","1":"product","2":"type-product","3":"status-publish","4":"has-post-thumbnail","6":"product_brand-aov","7":"product_cat-kruidenpreparaat","8":"product_cat-voedingssupplementen","9":"product_tag-1670","10":"product_tag-aov","11":"product_tag-capsules","12":"product_tag-extract","13":"product_tag-kruid","14":"product_tag-kruidenpreparaat","15":"product_tag-mediterraan","16":"product_tag-plant","17":"product_tag-plantaardig","18":"product_tag-salie","19":"product_tag-salvia","20":"product_tag-voedingssupplementen","22":"first","23":"instock","24":"taxable","25":"shipping-taxable","26":"purchasable","27":"product-type-simple"},"yoast_head":"<!-- This site is optimized with the Yoast SEO plugin v25.7 - https:\/\/yoast.com\/wordpress\/plugins\/seo\/ -->\n<title>AOV 828 Salvia extract - 60 capsules | Cura Vitalis<\/title>\n<meta name=\"description\" content=\"AOV 828 Salvia extract - 60 capsules Kruidenpreparaat. Salvia (salie) is een kruid dat van oorsprong voorkomt in het mediterrane gebied. Op voorraad bij Cura Vitalis | Online aanbieder van medicijnen.\" \/>\n<meta name=\"robots\" content=\"index, follow, max-snippet:-1, max-image-preview:large, max-video-preview:-1\" \/>\n<link rel=\"canonical\" href=\"https:\/\/www.curavitalis.nl\/webshop\/product\/aov-828-salvia-extract-60-capsules\/\" \/>\n<meta property=\"og:locale\" content=\"nl_NL\" \/>\n<meta property=\"og:type\" content=\"article\" \/>\n<meta property=\"og:title\" content=\"AOV 828 Salvia extract - 60 capsules | Cura Vitalis\" \/>\n<meta property=\"og:description\" content=\"AOV 828 Salvia extract - 60 capsules Kruidenpreparaat. Salvia (salie) is een kruid dat van oorsprong voorkomt in het mediterrane gebied. Op voorraad bij Cura Vitalis | Online aanbieder van medicijnen.\" \/>\n<meta property=\"og:url\" content=\"https:\/\/www.curavitalis.nl\/webshop\/product\/aov-828-salvia-extract-60-capsules\/\" \/>\n<meta property=\"og:site_name\" content=\"Cura Vitalis\" \/>\n<meta property=\"article:publisher\" content=\"https:\/\/www.facebook.com\/curavitalisnl\" \/>\n<meta property=\"article:modified_time\" content=\"2024-05-01T09:39:57+00:00\" \/>\n<meta property=\"og:image\" content=\"https:\/\/www.curavitalis.nl\/webshop\/wp-content\/uploads\/nc\/catalog\/producten\/AOV\/AOV-828-Salvia-extract.jpg\" \/>\n\t<meta property=\"og:image:width\" content=\"710\" \/>\n\t<meta property=\"og:image:height\" content=\"600\" \/>\n\t<meta property=\"og:image:type\" content=\"image\/jpeg\" \/>\n<meta name=\"twitter:card\" content=\"summary_large_image\" \/>\n<meta name=\"twitter:label1\" content=\"Geschatte leestijd\" \/>\n\t<meta name=\"twitter:data1\" content=\"1 minuut\" \/>\n<script type=\"application\/ld+json\" class=\"yoast-schema-graph\">{\"@context\":\"https:\/\/schema.org\",\"@graph\":[{\"@type\":\"WebPage\",\"@id\":\"https:\/\/www.curavitalis.nl\/webshop\/product\/aov-828-salvia-extract-60-capsules\/\",\"url\":\"https:\/\/www.curavitalis.nl\/webshop\/product\/aov-828-salvia-extract-60-capsules\/\",\"name\":\"AOV 828 Salvia extract - 60 capsules | Cura Vitalis\",\"isPartOf\":{\"@id\":\"https:\/\/www.curavitalis.nl\/webshop\/#website\"},\"primaryImageOfPage\":{\"@id\":\"https:\/\/www.curavitalis.nl\/webshop\/product\/aov-828-salvia-extract-60-capsules\/#primaryimage\"},\"image\":{\"@id\":\"https:\/\/www.curavitalis.nl\/webshop\/product\/aov-828-salvia-extract-60-capsules\/#primaryimage\"},\"thumbnailUrl\":\"https:\/\/www.curavitalis.nl\/webshop\/wp-content\/uploads\/nc\/catalog\/producten\/AOV\/AOV-828-Salvia-extract.jpg\",\"datePublished\":\"2018-07-17T09:17:10+00:00\",\"dateModified\":\"2024-05-01T09:39:57+00:00\",\"description\":\"AOV 828 Salvia extract - 60 capsules Kruidenpreparaat. Salvia (salie) is een kruid dat van oorsprong voorkomt in het mediterrane gebied. Op voorraad bij Cura Vitalis | Online aanbieder van medicijnen.\",\"breadcrumb\":{\"@id\":\"https:\/\/www.curavitalis.nl\/webshop\/product\/aov-828-salvia-extract-60-capsules\/#breadcrumb\"},\"inLanguage\":\"nl-NL\",\"potentialAction\":[{\"@type\":\"ReadAction\",\"target\":[\"https:\/\/www.curavitalis.nl\/webshop\/product\/aov-828-salvia-extract-60-capsules\/\"]}]},{\"@type\":\"ImageObject\",\"inLanguage\":\"nl-NL\",\"@id\":\"https:\/\/www.curavitalis.nl\/webshop\/product\/aov-828-salvia-extract-60-capsules\/#primaryimage\",\"url\":\"https:\/\/www.curavitalis.nl\/webshop\/wp-content\/uploads\/nc\/catalog\/producten\/AOV\/AOV-828-Salvia-extract.jpg\",\"contentUrl\":\"https:\/\/www.curavitalis.nl\/webshop\/wp-content\/uploads\/nc\/catalog\/producten\/AOV\/AOV-828-Salvia-extract.jpg\",\"width\":710,\"height\":600,\"caption\":\"AOV 828 Salvia extract - 60 capsules\"},{\"@type\":\"BreadcrumbList\",\"@id\":\"https:\/\/www.curavitalis.nl\/webshop\/product\/aov-828-salvia-extract-60-capsules\/#breadcrumb\",\"itemListElement\":[{\"@type\":\"ListItem\",\"position\":1,\"name\":\"Home\",\"item\":\"https:\/\/www.curavitalis.nl\/webshop\/\"},{\"@type\":\"ListItem\",\"position\":2,\"name\":\"Webshop\",\"item\":\"https:\/\/www.curavitalis.nl\/webshop\/webshop\/\"},{\"@type\":\"ListItem\",\"position\":3,\"name\":\"AOV 828 Salvia extract &#8211; 60 capsules\"}]},{\"@type\":\"WebSite\",\"@id\":\"https:\/\/www.curavitalis.nl\/webshop\/#website\",\"url\":\"https:\/\/www.curavitalis.nl\/webshop\/\",\"name\":\"Cura Vitalis\",\"description\":\"Webshop\",\"publisher\":{\"@id\":\"https:\/\/www.curavitalis.nl\/webshop\/#organization\"},\"potentialAction\":[{\"@type\":\"SearchAction\",\"target\":{\"@type\":\"EntryPoint\",\"urlTemplate\":\"https:\/\/www.curavitalis.nl\/webshop\/?s={search_term_string}\"},\"query-input\":{\"@type\":\"PropertyValueSpecification\",\"valueRequired\":true,\"valueName\":\"search_term_string\"}}],\"inLanguage\":\"nl-NL\"},{\"@type\":\"Organization\",\"@id\":\"https:\/\/www.curavitalis.nl\/webshop\/#organization\",\"name\":\"Cura Vitalis\",\"url\":\"https:\/\/www.curavitalis.nl\/webshop\/\",\"logo\":{\"@type\":\"ImageObject\",\"inLanguage\":\"nl-NL\",\"@id\":\"https:\/\/www.curavitalis.nl\/webshop\/#\/schema\/logo\/image\/\",\"url\":\"https:\/\/www.curavitalis.nl\/webshop\/wp-content\/uploads\/2024\/10\/logo-curavitalis-small.png\",\"contentUrl\":\"https:\/\/www.curavitalis.nl\/webshop\/wp-content\/uploads\/2024\/10\/logo-curavitalis-small.png\",\"width\":350,\"height\":158,\"caption\":\"Cura Vitalis\"},\"image\":{\"@id\":\"https:\/\/www.curavitalis.nl\/webshop\/#\/schema\/logo\/image\/\"},\"sameAs\":[\"https:\/\/www.facebook.com\/curavitalisnl\"]}]}<\/script>\n<!-- \/ Yoast SEO plugin. -->","yoast_head_json":{"title":"AOV 828 Salvia extract - 60 capsules | Cura Vitalis","description":"AOV 828 Salvia extract - 60 capsules Kruidenpreparaat. Salvia (salie) is een kruid dat van oorsprong voorkomt in het mediterrane gebied. Op voorraad bij Cura Vitalis | Online aanbieder van medicijnen.","robots":{"index":"index","follow":"follow","max-snippet":"max-snippet:-1","max-image-preview":"max-image-preview:large","max-video-preview":"max-video-preview:-1"},"canonical":"https:\/\/www.curavitalis.nl\/webshop\/product\/aov-828-salvia-extract-60-capsules\/","og_locale":"nl_NL","og_type":"article","og_title":"AOV 828 Salvia extract - 60 capsules | Cura Vitalis","og_description":"AOV 828 Salvia extract - 60 capsules Kruidenpreparaat. Salvia (salie) is een kruid dat van oorsprong voorkomt in het mediterrane gebied. Op voorraad bij Cura Vitalis | Online aanbieder van medicijnen.","og_url":"https:\/\/www.curavitalis.nl\/webshop\/product\/aov-828-salvia-extract-60-capsules\/","og_site_name":"Cura Vitalis","article_publisher":"https:\/\/www.facebook.com\/curavitalisnl","article_modified_time":"2024-05-01T09:39:57+00:00","og_image":[{"width":710,"height":600,"url":"https:\/\/www.curavitalis.nl\/webshop\/wp-content\/uploads\/nc\/catalog\/producten\/AOV\/AOV-828-Salvia-extract.jpg","type":"image\/jpeg"}],"twitter_card":"summary_large_image","twitter_misc":{"Geschatte leestijd":"1 minuut"},"schema":{"@context":"https:\/\/schema.org","@graph":[{"@type":"WebPage","@id":"https:\/\/www.curavitalis.nl\/webshop\/product\/aov-828-salvia-extract-60-capsules\/","url":"https:\/\/www.curavitalis.nl\/webshop\/product\/aov-828-salvia-extract-60-capsules\/","name":"AOV 828 Salvia extract - 60 capsules | Cura Vitalis","isPartOf":{"@id":"https:\/\/www.curavitalis.nl\/webshop\/#website"},"primaryImageOfPage":{"@id":"https:\/\/www.curavitalis.nl\/webshop\/product\/aov-828-salvia-extract-60-capsules\/#primaryimage"},"image":{"@id":"https:\/\/www.curavitalis.nl\/webshop\/product\/aov-828-salvia-extract-60-capsules\/#primaryimage"},"thumbnailUrl":"https:\/\/www.curavitalis.nl\/webshop\/wp-content\/uploads\/nc\/catalog\/producten\/AOV\/AOV-828-Salvia-extract.jpg","datePublished":"2018-07-17T09:17:10+00:00","dateModified":"2024-05-01T09:39:57+00:00","description":"AOV 828 Salvia extract - 60 capsules Kruidenpreparaat. Salvia (salie) is een kruid dat van oorsprong voorkomt in het mediterrane gebied. Op voorraad bij Cura Vitalis | Online aanbieder van medicijnen.","breadcrumb":{"@id":"https:\/\/www.curavitalis.nl\/webshop\/product\/aov-828-salvia-extract-60-capsules\/#breadcrumb"},"inLanguage":"nl-NL","potentialAction":[{"@type":"ReadAction","target":["https:\/\/www.curavitalis.nl\/webshop\/product\/aov-828-salvia-extract-60-capsules\/"]}]},{"@type":"ImageObject","inLanguage":"nl-NL","@id":"https:\/\/www.curavitalis.nl\/webshop\/product\/aov-828-salvia-extract-60-capsules\/#primaryimage","url":"https:\/\/www.curavitalis.nl\/webshop\/wp-content\/uploads\/nc\/catalog\/producten\/AOV\/AOV-828-Salvia-extract.jpg","contentUrl":"https:\/\/www.curavitalis.nl\/webshop\/wp-content\/uploads\/nc\/catalog\/producten\/AOV\/AOV-828-Salvia-extract.jpg","width":710,"height":600,"caption":"AOV 828 Salvia extract - 60 capsules"},{"@type":"BreadcrumbList","@id":"https:\/\/www.curavitalis.nl\/webshop\/product\/aov-828-salvia-extract-60-capsules\/#breadcrumb","itemListElement":[{"@type":"ListItem","position":1,"name":"Home","item":"https:\/\/www.curavitalis.nl\/webshop\/"},{"@type":"ListItem","position":2,"name":"Webshop","item":"https:\/\/www.curavitalis.nl\/webshop\/webshop\/"},{"@type":"ListItem","position":3,"name":"AOV 828 Salvia extract &#8211; 60 capsules"}]},{"@type":"WebSite","@id":"https:\/\/www.curavitalis.nl\/webshop\/#website","url":"https:\/\/www.curavitalis.nl\/webshop\/","name":"Cura Vitalis","description":"Webshop","publisher":{"@id":"https:\/\/www.curavitalis.nl\/webshop\/#organization"},"potentialAction":[{"@type":"SearchAction","target":{"@type":"EntryPoint","urlTemplate":"https:\/\/www.curavitalis.nl\/webshop\/?s={search_term_string}"},"query-input":{"@type":"PropertyValueSpecification","valueRequired":true,"valueName":"search_term_string"}}],"inLanguage":"nl-NL"},{"@type":"Organization","@id":"https:\/\/www.curavitalis.nl\/webshop\/#organization","name":"Cura Vitalis","url":"https:\/\/www.curavitalis.nl\/webshop\/","logo":{"@type":"ImageObject","inLanguage":"nl-NL","@id":"https:\/\/www.curavitalis.nl\/webshop\/#\/schema\/logo\/image\/","url":"https:\/\/www.curavitalis.nl\/webshop\/wp-content\/uploads\/2024\/10\/logo-curavitalis-small.png","contentUrl":"https:\/\/www.curavitalis.nl\/webshop\/wp-content\/uploads\/2024\/10\/logo-curavitalis-small.png","width":350,"height":158,"caption":"Cura Vitalis"},"image":{"@id":"https:\/\/www.curavitalis.nl\/webshop\/#\/schema\/logo\/image\/"},"sameAs":["https:\/\/www.facebook.com\/curavitalisnl"]}]}},"_links":{"self":[{"href":"https:\/\/www.curavitalis.nl\/webshop\/wp-json\/wp\/v2\/product\/5694","targetHints":{"allow":["GET"]}}],"collection":[{"href":"https:\/\/www.curavitalis.nl\/webshop\/wp-json\/wp\/v2\/product"}],"about":[{"href":"https:\/\/www.curavitalis.nl\/webshop\/wp-json\/wp\/v2\/types\/product"}],"replies":[{"embeddable":true,"href":"https:\/\/www.curavitalis.nl\/webshop\/wp-json\/wp\/v2\/comments?post=5694"}],"wp:featuredmedia":[{"embeddable":true,"href":"https:\/\/www.curavitalis.nl\/webshop\/wp-json\/wp\/v2\/media\/5695"}],"wp:attachment":[{"href":"https:\/\/www.curavitalis.nl\/webshop\/wp-json\/wp\/v2\/media?parent=5694"}],"wp:term":[{"taxonomy":"product_cat","embeddable":true,"href":"https:\/\/www.curavitalis.nl\/webshop\/wp-json\/wp\/v2\/product_cat?post=5694"},{"taxonomy":"product_tag","embeddable":true,"href":"https:\/\/www.curavitalis.nl\/webshop\/wp-json\/wp\/v2\/product_tag?post=5694"}],"curies":[{"name":"wp","href":"https:\/\/api.w.org\/{rel}","templated":true}]}}