{"id":5684,"date":"2018-03-04T15:06:19","date_gmt":"2018-03-04T15:06:19","guid":{"rendered":"https:\/\/www.curavitalis.nl\/webshop\/?product=verasupplements-biovitaal-ultra-probioticum"},"modified":"2025-04-10T05:27:09","modified_gmt":"2025-04-10T04:27:09","slug":"verasupplements-biovitaal-ultra-probioticum","status":"publish","type":"product","link":"https:\/\/www.curavitalis.nl\/webshop\/product\/verasupplements-biovitaal-ultra-probioticum\/","title":{"rendered":"VeraSupplements (Biovitaal) Ultra Probioticum"},"content":{"rendered":"<h1 class=\"p1\"><strong>Ultra Probioticum 100 Vecaps.<\/strong><\/h1>\n<p class=\"p1\">Modern multi-species complex, met negen stammen van bacteri\u00ebn die van nature voorkomen in het spijsverteringsstelsel van de mens en een kiemgetal van minimaal 10<sup>9<\/sup>\u00a0levensvatbare kiemen per gram.<\/p>\n<p class=\"p1\">Voor een optimaal synergisme is bewust gekozen voor een multi-strain formule. Deze formule is niet alleen uitgerust met meer soorten bacteriestammen dan gebruikelijk is bij dit soort producten, maar bevat tevens amylase-enzymen die de vertering van ma\u00efszetmeel en maltodextrines stimuleren, waardoor de stofwisseling en de deling van de bacteri\u00ebn op gang kunnen komen.<\/p>\n<p class=\"p1\"><b>Ingredi\u00ebnten per 3 vegicapsules (gemiddelde dagdosering):<\/b><\/p>\n<table class=\"t1\" cellspacing=\"0\" cellpadding=\"0\">\n<tbody>\n<tr>\n<td class=\"td1\" valign=\"top\">\n<p class=\"p1\">Blend*<\/p>\n<\/td>\n<td class=\"td1\" valign=\"top\">\n<p class=\"p2\">1650 mg<\/p>\n<\/td>\n<\/tr>\n<\/tbody>\n<\/table>\n<p class=\"p1\"><b>*<\/b>\u00a0Mengsel in gelijke delen van: Bifidobacterium infantis W52, Bifidobacterium lactis W18, Bifidobacterium longum W51, Enterococcus faecium W54, Lactobacillus acidophilus W22,\u00a0Lactobacillus casei W20, Lactobacillus plantarum W21, Lactobacillus salivarius W24 en\u00a0Lactococcus lactis W19 verwerkt in een gestabiliseerde voedingsbasis, met maiszetmeel, maltodextrines, inuline, FOS en enzymen (amylases). Bevat 10<sup>9<\/sup>\u00a0levensvatbare kiemen per gram.<\/p>\n<p class=\"p1\"><i>Dit product bevat g\u00e9\u00e9n gluten, lactose of melkeiwitten. Bewaaradvies: buiten de koelkast, op een droge plaats. Na gebruik verpakking goed sluiten. Gegarandeerde houdbaarheid van 2 jaar.<\/i><\/p>\n<p class=\"p1\"><b>Gebruik:<\/b><\/p>\n<p class=\"p1\">Volwassenen: 3 x daags, ruim voor de maaltijd, 1-2 capsules of 1 x daags voor het slapengaan 2-6 capsules innemen. Bij het gebruik van antibiotische stoffen ruim twee uur laten tussen inname van dit product en het antiobioticum.<\/p>\n<p class=\"p1\"><b><i>Het hoogste kiemgetal wordt bereikt door de capsule te openen en de inhoud op te lossen in een glas lauw water, te roeren, een half uur te laten staan, nogmaals goed omroeren en dan op een lege maag op te drinken.<\/i><\/b><\/p>\n<p class=\"p1\">Dit product is zowel geschikt voor volwassenen als kinderen vanaf 6 maanden.<\/p>\n<p class=\"p1\">Aanbevolen dosering niet overschrijden. Buiten bereik van kinderen bewaren. Niet gebruiken bij overgevoeligheid voor \u00e9\u00e9n van de ingredi\u00ebnten in dit product. Een voedingssupplement is geen vervanging voor een evenwichtige voeding.<\/p>\n<p>&nbsp;<\/p>\n<p class=\"p1\">BioVitaal.\u00a0<b>Vestigingsadres: Utrechtseweg 51 6866 CJ Heelsum<\/b>. Postadres: Postbus 64 6870 AB Renkum. www.biovitaal.nl \u00b7 info@biovitaal.nl. Telefoon: 06-39846151<\/p>\n","protected":false},"excerpt":{"rendered":"<p>Modern multi-species complex<\/p>\n","protected":false},"featured_media":5685,"comment_status":"open","ping_status":"closed","template":"","meta":[],"product_cat":[913,1000],"product_tag":[1074,1636,1596,1222,1155,1632,1638,1639,1631,1134,1597,1640,1635,1634,1645,1158,1641,1642,1633,1643,1223,1646,1644,1133,1637,1647,1648,1390],"class_list":{"0":"post-5684","1":"product","2":"type-product","3":"status-publish","4":"has-post-thumbnail","6":"product_brand-verasupplements-biovitaal","7":"product_cat-probiotica-prebiotica-en-vezels","8":"product_cat-voedingssupplementen","9":"product_tag-amylase","10":"product_tag-antibiotische","11":"product_tag-bacterien","12":"product_tag-bacteriestammen","13":"product_tag-bifidobacterium","14":"product_tag-bifidobacterium-infantis","15":"product_tag-bifidobacterium-lactis","16":"product_tag-bifidobacterium-longum","17":"product_tag-biovitaal","18":"product_tag-darmen","19":"product_tag-darmflora","20":"product_tag-enterococcus-faecium","21":"product_tag-fos","22":"product_tag-kiemgetal","23":"product_tag-lactisultra","24":"product_tag-lactobacillus","25":"product_tag-lactobacillus-acidophilus","26":"product_tag-lactobacillus-casei","27":"product_tag-multi-strain","28":"product_tag-plantarum","29":"product_tag-probiotica","30":"product_tag-probioticum","31":"product_tag-salivarius","32":"product_tag-spijsvertering","33":"product_tag-stoffen","34":"product_tag-vecaps","35":"product_tag-verasupplements","36":"product_tag-voedingssupplement","38":"first","39":"instock","40":"taxable","41":"shipping-taxable","42":"purchasable","43":"product-type-simple"},"yoast_head":"<!-- This site is optimized with the Yoast SEO plugin v25.7 - https:\/\/yoast.com\/wordpress\/plugins\/seo\/ -->\n<title>VeraSupplements (Biovitaal) Ultra Probioticum| Cura Vitalis<\/title>\n<meta name=\"description\" content=\"VeraSupplements (Biovitaal) Ultra Probioticum. \u20ac31,- Modern multi-species complex, met negen stammen van bacteri\u00ebn. Op voorraad bij Cura Vitalis | Online aanbieder van medicijnen.\" \/>\n<meta name=\"robots\" content=\"index, follow, max-snippet:-1, max-image-preview:large, max-video-preview:-1\" \/>\n<link rel=\"canonical\" href=\"https:\/\/www.curavitalis.nl\/webshop\/product\/verasupplements-biovitaal-ultra-probioticum\/\" \/>\n<meta property=\"og:locale\" content=\"nl_NL\" \/>\n<meta property=\"og:type\" content=\"article\" \/>\n<meta property=\"og:title\" content=\"VeraSupplements (Biovitaal) Ultra Probioticum| Cura Vitalis\" \/>\n<meta property=\"og:description\" content=\"VeraSupplements (Biovitaal) Ultra Probioticum. \u20ac31,- Modern multi-species complex, met negen stammen van bacteri\u00ebn. Op voorraad bij Cura Vitalis | Online aanbieder van medicijnen.\" \/>\n<meta property=\"og:url\" content=\"https:\/\/www.curavitalis.nl\/webshop\/product\/verasupplements-biovitaal-ultra-probioticum\/\" \/>\n<meta property=\"og:site_name\" content=\"Cura Vitalis\" \/>\n<meta property=\"article:publisher\" content=\"https:\/\/www.facebook.com\/curavitalisnl\" \/>\n<meta property=\"article:modified_time\" content=\"2025-04-10T04:27:09+00:00\" \/>\n<meta property=\"og:image\" content=\"https:\/\/www.curavitalis.nl\/webshop\/wp-content\/uploads\/nc\/catalog\/producten\/overige-producten\/Cura-Vitalis-Ultra-Probioticum.jpg\" \/>\n\t<meta property=\"og:image:width\" content=\"710\" \/>\n\t<meta property=\"og:image:height\" content=\"600\" \/>\n\t<meta property=\"og:image:type\" content=\"image\/jpeg\" \/>\n<meta name=\"twitter:card\" content=\"summary_large_image\" \/>\n<meta name=\"twitter:label1\" content=\"Geschatte leestijd\" \/>\n\t<meta name=\"twitter:data1\" content=\"2 minuten\" \/>\n<script type=\"application\/ld+json\" class=\"yoast-schema-graph\">{\"@context\":\"https:\/\/schema.org\",\"@graph\":[{\"@type\":\"WebPage\",\"@id\":\"https:\/\/www.curavitalis.nl\/webshop\/product\/verasupplements-biovitaal-ultra-probioticum\/\",\"url\":\"https:\/\/www.curavitalis.nl\/webshop\/product\/verasupplements-biovitaal-ultra-probioticum\/\",\"name\":\"VeraSupplements (Biovitaal) Ultra Probioticum| Cura Vitalis\",\"isPartOf\":{\"@id\":\"https:\/\/www.curavitalis.nl\/webshop\/#website\"},\"primaryImageOfPage\":{\"@id\":\"https:\/\/www.curavitalis.nl\/webshop\/product\/verasupplements-biovitaal-ultra-probioticum\/#primaryimage\"},\"image\":{\"@id\":\"https:\/\/www.curavitalis.nl\/webshop\/product\/verasupplements-biovitaal-ultra-probioticum\/#primaryimage\"},\"thumbnailUrl\":\"https:\/\/www.curavitalis.nl\/webshop\/wp-content\/uploads\/nc\/catalog\/producten\/overige-producten\/Cura-Vitalis-Ultra-Probioticum.jpg\",\"datePublished\":\"2018-03-04T15:06:19+00:00\",\"dateModified\":\"2025-04-10T04:27:09+00:00\",\"description\":\"VeraSupplements (Biovitaal) Ultra Probioticum. \u20ac31,- Modern multi-species complex, met negen stammen van bacteri\u00ebn. Op voorraad bij Cura Vitalis | Online aanbieder van medicijnen.\",\"breadcrumb\":{\"@id\":\"https:\/\/www.curavitalis.nl\/webshop\/product\/verasupplements-biovitaal-ultra-probioticum\/#breadcrumb\"},\"inLanguage\":\"nl-NL\",\"potentialAction\":[{\"@type\":\"ReadAction\",\"target\":[\"https:\/\/www.curavitalis.nl\/webshop\/product\/verasupplements-biovitaal-ultra-probioticum\/\"]}]},{\"@type\":\"ImageObject\",\"inLanguage\":\"nl-NL\",\"@id\":\"https:\/\/www.curavitalis.nl\/webshop\/product\/verasupplements-biovitaal-ultra-probioticum\/#primaryimage\",\"url\":\"https:\/\/www.curavitalis.nl\/webshop\/wp-content\/uploads\/nc\/catalog\/producten\/overige-producten\/Cura-Vitalis-Ultra-Probioticum.jpg\",\"contentUrl\":\"https:\/\/www.curavitalis.nl\/webshop\/wp-content\/uploads\/nc\/catalog\/producten\/overige-producten\/Cura-Vitalis-Ultra-Probioticum.jpg\",\"width\":710,\"height\":600,\"caption\":\"VeraSupplements (Biovitaal) Ultra Probioticum\"},{\"@type\":\"BreadcrumbList\",\"@id\":\"https:\/\/www.curavitalis.nl\/webshop\/product\/verasupplements-biovitaal-ultra-probioticum\/#breadcrumb\",\"itemListElement\":[{\"@type\":\"ListItem\",\"position\":1,\"name\":\"Home\",\"item\":\"https:\/\/www.curavitalis.nl\/webshop\/\"},{\"@type\":\"ListItem\",\"position\":2,\"name\":\"Webshop\",\"item\":\"https:\/\/www.curavitalis.nl\/webshop\/webshop\/\"},{\"@type\":\"ListItem\",\"position\":3,\"name\":\"VeraSupplements (Biovitaal) Ultra Probioticum\"}]},{\"@type\":\"WebSite\",\"@id\":\"https:\/\/www.curavitalis.nl\/webshop\/#website\",\"url\":\"https:\/\/www.curavitalis.nl\/webshop\/\",\"name\":\"Cura Vitalis\",\"description\":\"Webshop\",\"publisher\":{\"@id\":\"https:\/\/www.curavitalis.nl\/webshop\/#organization\"},\"potentialAction\":[{\"@type\":\"SearchAction\",\"target\":{\"@type\":\"EntryPoint\",\"urlTemplate\":\"https:\/\/www.curavitalis.nl\/webshop\/?s={search_term_string}\"},\"query-input\":{\"@type\":\"PropertyValueSpecification\",\"valueRequired\":true,\"valueName\":\"search_term_string\"}}],\"inLanguage\":\"nl-NL\"},{\"@type\":\"Organization\",\"@id\":\"https:\/\/www.curavitalis.nl\/webshop\/#organization\",\"name\":\"Cura Vitalis\",\"url\":\"https:\/\/www.curavitalis.nl\/webshop\/\",\"logo\":{\"@type\":\"ImageObject\",\"inLanguage\":\"nl-NL\",\"@id\":\"https:\/\/www.curavitalis.nl\/webshop\/#\/schema\/logo\/image\/\",\"url\":\"https:\/\/www.curavitalis.nl\/webshop\/wp-content\/uploads\/2024\/10\/logo-curavitalis-small.png\",\"contentUrl\":\"https:\/\/www.curavitalis.nl\/webshop\/wp-content\/uploads\/2024\/10\/logo-curavitalis-small.png\",\"width\":350,\"height\":158,\"caption\":\"Cura Vitalis\"},\"image\":{\"@id\":\"https:\/\/www.curavitalis.nl\/webshop\/#\/schema\/logo\/image\/\"},\"sameAs\":[\"https:\/\/www.facebook.com\/curavitalisnl\"]}]}<\/script>\n<!-- \/ Yoast SEO plugin. -->","yoast_head_json":{"title":"VeraSupplements (Biovitaal) Ultra Probioticum| Cura Vitalis","description":"VeraSupplements (Biovitaal) Ultra Probioticum. \u20ac31,- Modern multi-species complex, met negen stammen van bacteri\u00ebn. Op voorraad bij Cura Vitalis | Online aanbieder van medicijnen.","robots":{"index":"index","follow":"follow","max-snippet":"max-snippet:-1","max-image-preview":"max-image-preview:large","max-video-preview":"max-video-preview:-1"},"canonical":"https:\/\/www.curavitalis.nl\/webshop\/product\/verasupplements-biovitaal-ultra-probioticum\/","og_locale":"nl_NL","og_type":"article","og_title":"VeraSupplements (Biovitaal) Ultra Probioticum| Cura Vitalis","og_description":"VeraSupplements (Biovitaal) Ultra Probioticum. \u20ac31,- Modern multi-species complex, met negen stammen van bacteri\u00ebn. Op voorraad bij Cura Vitalis | Online aanbieder van medicijnen.","og_url":"https:\/\/www.curavitalis.nl\/webshop\/product\/verasupplements-biovitaal-ultra-probioticum\/","og_site_name":"Cura Vitalis","article_publisher":"https:\/\/www.facebook.com\/curavitalisnl","article_modified_time":"2025-04-10T04:27:09+00:00","og_image":[{"width":710,"height":600,"url":"https:\/\/www.curavitalis.nl\/webshop\/wp-content\/uploads\/nc\/catalog\/producten\/overige-producten\/Cura-Vitalis-Ultra-Probioticum.jpg","type":"image\/jpeg"}],"twitter_card":"summary_large_image","twitter_misc":{"Geschatte leestijd":"2 minuten"},"schema":{"@context":"https:\/\/schema.org","@graph":[{"@type":"WebPage","@id":"https:\/\/www.curavitalis.nl\/webshop\/product\/verasupplements-biovitaal-ultra-probioticum\/","url":"https:\/\/www.curavitalis.nl\/webshop\/product\/verasupplements-biovitaal-ultra-probioticum\/","name":"VeraSupplements (Biovitaal) Ultra Probioticum| Cura Vitalis","isPartOf":{"@id":"https:\/\/www.curavitalis.nl\/webshop\/#website"},"primaryImageOfPage":{"@id":"https:\/\/www.curavitalis.nl\/webshop\/product\/verasupplements-biovitaal-ultra-probioticum\/#primaryimage"},"image":{"@id":"https:\/\/www.curavitalis.nl\/webshop\/product\/verasupplements-biovitaal-ultra-probioticum\/#primaryimage"},"thumbnailUrl":"https:\/\/www.curavitalis.nl\/webshop\/wp-content\/uploads\/nc\/catalog\/producten\/overige-producten\/Cura-Vitalis-Ultra-Probioticum.jpg","datePublished":"2018-03-04T15:06:19+00:00","dateModified":"2025-04-10T04:27:09+00:00","description":"VeraSupplements (Biovitaal) Ultra Probioticum. \u20ac31,- Modern multi-species complex, met negen stammen van bacteri\u00ebn. Op voorraad bij Cura Vitalis | Online aanbieder van medicijnen.","breadcrumb":{"@id":"https:\/\/www.curavitalis.nl\/webshop\/product\/verasupplements-biovitaal-ultra-probioticum\/#breadcrumb"},"inLanguage":"nl-NL","potentialAction":[{"@type":"ReadAction","target":["https:\/\/www.curavitalis.nl\/webshop\/product\/verasupplements-biovitaal-ultra-probioticum\/"]}]},{"@type":"ImageObject","inLanguage":"nl-NL","@id":"https:\/\/www.curavitalis.nl\/webshop\/product\/verasupplements-biovitaal-ultra-probioticum\/#primaryimage","url":"https:\/\/www.curavitalis.nl\/webshop\/wp-content\/uploads\/nc\/catalog\/producten\/overige-producten\/Cura-Vitalis-Ultra-Probioticum.jpg","contentUrl":"https:\/\/www.curavitalis.nl\/webshop\/wp-content\/uploads\/nc\/catalog\/producten\/overige-producten\/Cura-Vitalis-Ultra-Probioticum.jpg","width":710,"height":600,"caption":"VeraSupplements (Biovitaal) Ultra Probioticum"},{"@type":"BreadcrumbList","@id":"https:\/\/www.curavitalis.nl\/webshop\/product\/verasupplements-biovitaal-ultra-probioticum\/#breadcrumb","itemListElement":[{"@type":"ListItem","position":1,"name":"Home","item":"https:\/\/www.curavitalis.nl\/webshop\/"},{"@type":"ListItem","position":2,"name":"Webshop","item":"https:\/\/www.curavitalis.nl\/webshop\/webshop\/"},{"@type":"ListItem","position":3,"name":"VeraSupplements (Biovitaal) Ultra Probioticum"}]},{"@type":"WebSite","@id":"https:\/\/www.curavitalis.nl\/webshop\/#website","url":"https:\/\/www.curavitalis.nl\/webshop\/","name":"Cura Vitalis","description":"Webshop","publisher":{"@id":"https:\/\/www.curavitalis.nl\/webshop\/#organization"},"potentialAction":[{"@type":"SearchAction","target":{"@type":"EntryPoint","urlTemplate":"https:\/\/www.curavitalis.nl\/webshop\/?s={search_term_string}"},"query-input":{"@type":"PropertyValueSpecification","valueRequired":true,"valueName":"search_term_string"}}],"inLanguage":"nl-NL"},{"@type":"Organization","@id":"https:\/\/www.curavitalis.nl\/webshop\/#organization","name":"Cura Vitalis","url":"https:\/\/www.curavitalis.nl\/webshop\/","logo":{"@type":"ImageObject","inLanguage":"nl-NL","@id":"https:\/\/www.curavitalis.nl\/webshop\/#\/schema\/logo\/image\/","url":"https:\/\/www.curavitalis.nl\/webshop\/wp-content\/uploads\/2024\/10\/logo-curavitalis-small.png","contentUrl":"https:\/\/www.curavitalis.nl\/webshop\/wp-content\/uploads\/2024\/10\/logo-curavitalis-small.png","width":350,"height":158,"caption":"Cura Vitalis"},"image":{"@id":"https:\/\/www.curavitalis.nl\/webshop\/#\/schema\/logo\/image\/"},"sameAs":["https:\/\/www.facebook.com\/curavitalisnl"]}]}},"_links":{"self":[{"href":"https:\/\/www.curavitalis.nl\/webshop\/wp-json\/wp\/v2\/product\/5684","targetHints":{"allow":["GET"]}}],"collection":[{"href":"https:\/\/www.curavitalis.nl\/webshop\/wp-json\/wp\/v2\/product"}],"about":[{"href":"https:\/\/www.curavitalis.nl\/webshop\/wp-json\/wp\/v2\/types\/product"}],"replies":[{"embeddable":true,"href":"https:\/\/www.curavitalis.nl\/webshop\/wp-json\/wp\/v2\/comments?post=5684"}],"wp:featuredmedia":[{"embeddable":true,"href":"https:\/\/www.curavitalis.nl\/webshop\/wp-json\/wp\/v2\/media\/5685"}],"wp:attachment":[{"href":"https:\/\/www.curavitalis.nl\/webshop\/wp-json\/wp\/v2\/media?parent=5684"}],"wp:term":[{"taxonomy":"product_cat","embeddable":true,"href":"https:\/\/www.curavitalis.nl\/webshop\/wp-json\/wp\/v2\/product_cat?post=5684"},{"taxonomy":"product_tag","embeddable":true,"href":"https:\/\/www.curavitalis.nl\/webshop\/wp-json\/wp\/v2\/product_tag?post=5684"}],"curies":[{"name":"wp","href":"https:\/\/api.w.org\/{rel}","templated":true}]}}