{"id":5555,"date":"2017-10-25T16:18:47","date_gmt":"2017-10-25T16:18:47","guid":{"rendered":"https:\/\/www.curavitalis.nl\/webshop\/?product=synofit-premium-plus-groenlipmossel-curcumine"},"modified":"2025-12-31T11:43:35","modified_gmt":"2025-12-31T10:43:35","slug":"synofit-60-premium-capsules","status":"publish","type":"product","link":"https:\/\/www.curavitalis.nl\/webshop\/product\/synofit-60-premium-capsules\/","title":{"rendered":"Synofit Premium Plus groenlipmossel &#038; curcumine"},"content":{"rendered":"<h1><span style=\"font-weight: bold;\">Synofit Premium Plus groenlipmossel &amp; curcumine<\/span><\/h1>\n<p style=\"margin-bottom: 0px; font-stretch: normal; font-size: 13px; line-height: normal; font-family: 'Helvetica Neue';\"><span style=\"font-weight: bold;\">Capsules met vloeibare inhoud voor 20 dagen opbouwkuur \u00f3f voor 30-60 dagen onderhoudsdosering.<\/span><\/p>\n<h3>Synofit Premium Plus is het enige product met 100% pure GLMax\u00ae Groenlipmossel, Curcumine en Zwarte bes-blad in een vloeibare vorm. De <span style=\"font-weight: bold;\">Groenlipmossel in Synofit is g\u00e9\u00e9n extract of poeder!<\/span><\/h3>\n<p style=\"margin-bottom: 0px; font-stretch: normal; font-size: 13px; line-height: normal; font-family: 'Helvetica Neue';\">+ Kwaliteitsgarantie<\/p>\n<p style=\"margin-bottom: 0px; font-stretch: normal; font-size: 13px; line-height: normal; font-family: 'Helvetica Neue';\">+ Reeds duizenden gebruikers<\/p>\n<p style=\"margin-bottom: 0px; font-stretch: normal; font-size: 13px; line-height: normal; font-family: 'Helvetica Neue';\">+ Een opbouwkuur duurt 40-80 dagen: na 80 dagen is 70% van de gebruikers tevreden<\/p>\n<p style=\"margin-bottom: 0px; font-stretch: normal; font-size: 13px; line-height: normal; font-family: 'Helvetica Neue';\">\n<h3><span style=\"font-weight: bold;\">Complete formule voor de gewrichten van Synofit:<\/span><\/h3>\n<p style=\"margin-bottom: 0px; font-stretch: normal; font-size: 13px; line-height: normal; font-family: 'Helvetica Neue';\">+ Voor soepele gewrichten (Curcuma en Zwarte bes blad)*<\/p>\n<p style=\"margin-bottom: 0px; font-stretch: normal; font-size: 13px; line-height: normal; font-family: 'Helvetica Neue';\">+ Voor het behoud van gezond kraakbeen (Vitamine C)<\/p>\n<p style=\"margin-bottom: 0px; font-stretch: normal; font-size: 13px; line-height: normal; font-family: 'Helvetica Neue';\">+ Helpt het immuunsysteem (Vitamine C)<\/p>\n<p style=\"margin-bottom: 0px; font-stretch: normal; font-size: 13px; line-height: normal; font-family: 'Helvetica Neue';\">\n<p style=\"margin-bottom: 0px; font-stretch: normal; font-size: 13px; line-height: normal; font-family: 'Helvetica Neue';\">*Gezondheidsclaim in afwachting van goedkeuring door de Europese Commissie<\/p>\n<table cellspacing=\"0\" cellpadding=\"0\">\n<tbody>\n<tr>\n<td style=\"padding: 1.0px 5.0px 1.0px 5.0px; border: 1.0px solid #9a9a9a;\" valign=\"top\">\n<p style=\"margin-bottom: 0px; font-stretch: normal; font-size: 13px; line-height: normal; font-family: 'Helvetica Neue';\"><b>Samenstelling per dosering van\u00a03 capsules:<\/b><\/p>\n<\/td>\n<td style=\"padding: 1.0px 5.0px 1.0px 5.0px; border: 1.0px solid #9a9a9a;\" valign=\"top\">\n<p style=\"margin-bottom: 0px; font-stretch: normal; line-height: normal; font-family: Helvetica; min-height: 14px;\">\n<\/td>\n<td style=\"padding: 1.0px 5.0px 1.0px 5.0px; border: 1.0px solid #9a9a9a;\" valign=\"top\">\n<p style=\"margin-bottom: 0px; font-stretch: normal; font-size: 13px; line-height: normal; font-family: 'Helvetica Neue';\">% RI*<\/p>\n<\/td>\n<\/tr>\n<tr>\n<td style=\"padding: 1.0px 5.0px 1.0px 5.0px; border: 1.0px solid #9a9a9a;\" valign=\"top\">\n<p style=\"margin-bottom: 0px; font-stretch: normal; font-size: 13px; line-height: normal; font-family: 'Helvetica Neue';\">Groenlipmossel** (<i>Perna canaliculus<\/i>)<\/p>\n<\/td>\n<td style=\"padding: 1.0px 5.0px 1.0px 5.0px; border: 1.0px solid #9a9a9a;\" valign=\"top\">\n<p style=\"margin-bottom: 0px; font-stretch: normal; font-size: 13px; line-height: normal; font-family: 'Helvetica Neue';\">390 mg<\/p>\n<\/td>\n<td style=\"padding: 1.0px 5.0px 1.0px 5.0px; border: 1.0px solid #9a9a9a;\" valign=\"top\">\n<p style=\"margin-bottom: 0px; font-stretch: normal; font-size: 13px; line-height: normal; font-family: 'Helvetica Neue';\">&#8211;<\/p>\n<\/td>\n<\/tr>\n<tr>\n<td style=\"padding: 1.0px 5.0px 1.0px 5.0px; border: 1.0px solid #9a9a9a;\" valign=\"top\">\n<p style=\"margin-bottom: 0px; font-stretch: normal; font-size: 13px; line-height: normal; font-family: 'Helvetica Neue';\">Zwarte bes (<i>Ribes nigrum)<\/i>-blad<\/p>\n<p style=\"margin-bottom: 0px; font-stretch: normal; font-size: 13px; line-height: normal; font-family: 'Helvetica Neue';\">extract 1:10<\/p>\n<\/td>\n<td style=\"padding: 1.0px 5.0px 1.0px 5.0px; border: 1.0px solid #9a9a9a;\" valign=\"top\">\n<p style=\"margin-bottom: 0px; font-stretch: normal; font-size: 13px; line-height: normal; font-family: 'Helvetica Neue';\">165 mg<\/p>\n<\/td>\n<td style=\"padding: 1.0px 5.0px 1.0px 5.0px; border: 1.0px solid #9a9a9a;\" valign=\"top\">\n<p style=\"margin-bottom: 0px; font-stretch: normal; font-size: 13px; line-height: normal; font-family: 'Helvetica Neue';\">&#8211;<\/p>\n<\/td>\n<\/tr>\n<tr>\n<td style=\"padding: 1.0px 5.0px 1.0px 5.0px; border: 1.0px solid #9a9a9a;\" valign=\"top\">\n<p style=\"margin-bottom: 0px; font-stretch: normal; font-size: 13px; line-height: normal; font-family: 'Helvetica Neue';\">Curcumine (Full spectrum)*** (<i>Curcuma longa<\/i>)<\/p>\n<\/td>\n<td style=\"padding: 1.0px 5.0px 1.0px 5.0px; border: 1.0px solid #9a9a9a;\" valign=\"top\">\n<p style=\"margin-bottom: 0px; font-stretch: normal; font-size: 13px; line-height: normal; font-family: 'Helvetica Neue';\">150 mg<\/p>\n<\/td>\n<td style=\"padding: 1.0px 5.0px 1.0px 5.0px; border: 1.0px solid #9a9a9a;\" valign=\"top\">\n<p style=\"margin-bottom: 0px; font-stretch: normal; font-size: 13px; line-height: normal; font-family: 'Helvetica Neue';\">&#8211;<\/p>\n<\/td>\n<\/tr>\n<tr>\n<td style=\"padding: 1.0px 5.0px 1.0px 5.0px; border: 1.0px solid #9a9a9a;\" valign=\"top\">\n<p style=\"margin-bottom: 0px; font-stretch: normal; font-size: 13px; line-height: normal; font-family: 'Helvetica Neue';\">Vitamine C (Ascorbinezuur)<\/p>\n<\/td>\n<td style=\"padding: 1.0px 5.0px 1.0px 5.0px; border: 1.0px solid #9a9a9a;\" valign=\"top\">\n<p style=\"margin-bottom: 0px; font-stretch: normal; font-size: 13px; line-height: normal; font-family: 'Helvetica Neue';\">51 mg<\/p>\n<\/td>\n<td style=\"padding: 1.0px 5.0px 1.0px 5.0px; border: 1.0px solid #9a9a9a;\" valign=\"top\">\n<p style=\"margin-bottom: 0px; font-stretch: normal; font-size: 13px; line-height: normal; font-family: 'Helvetica Neue';\">64 %<\/p>\n<\/td>\n<\/tr>\n<tr>\n<td style=\"padding: 1.0px 5.0px 1.0px 5.0px; border: 1.0px solid #9a9a9a;\" valign=\"top\">\n<p style=\"margin-bottom: 0px; font-stretch: normal; font-size: 13px; line-height: normal; font-family: 'Helvetica Neue';\">Calcium (Calciumgluconaat)<\/p>\n<\/td>\n<td style=\"padding: 1.0px 5.0px 1.0px 5.0px; border: 1.0px solid #9a9a9a;\" valign=\"top\">\n<p style=\"margin-bottom: 0px; font-stretch: normal; font-size: 13px; line-height: normal; font-family: 'Helvetica Neue';\">22,3 mg<\/p>\n<\/td>\n<td style=\"padding: 1.0px 5.0px 1.0px 5.0px; border: 1.0px solid #9a9a9a;\" valign=\"top\">\n<p style=\"margin-bottom: 0px; font-stretch: normal; font-size: 13px; line-height: normal; font-family: 'Helvetica Neue';\">2,8 %<\/p>\n<\/td>\n<\/tr>\n<tr>\n<td style=\"padding: 1.0px 5.0px 1.0px 5.0px; border: 1.0px solid #9a9a9a;\" valign=\"top\">\n<p style=\"margin-bottom: 0px; font-stretch: normal; font-size: 13px; line-height: normal; font-family: 'Helvetica Neue';\">Vitamine E (RRR-alpha-Tocopherol)<\/p>\n<\/td>\n<td style=\"padding: 1.0px 5.0px 1.0px 5.0px; border: 1.0px solid #9a9a9a;\" valign=\"top\">\n<p style=\"margin-bottom: 0px; font-stretch: normal; font-size: 13px; line-height: normal; font-family: 'Helvetica Neue';\">4,5 mg<\/p>\n<\/td>\n<td style=\"padding: 1.0px 5.0px 1.0px 5.0px; border: 1.0px solid #9a9a9a;\" valign=\"top\">\n<p style=\"margin-bottom: 0px; font-stretch: normal; font-size: 13px; line-height: normal; font-family: 'Helvetica Neue';\">37 %<\/p>\n<\/td>\n<\/tr>\n<tr>\n<td style=\"padding: 1.0px 5.0px 1.0px 5.0px; border: 1.0px solid #9a9a9a;\" valign=\"top\">\n<p style=\"margin-bottom: 0px; font-stretch: normal; font-size: 13px; line-height: normal; font-family: 'Helvetica Neue';\">Vitamine D3 (Cholecalciferol)<\/p>\n<\/td>\n<td style=\"padding: 1.0px 5.0px 1.0px 5.0px; border: 1.0px solid #9a9a9a;\" valign=\"top\">\n<p style=\"margin-bottom: 0px; font-stretch: normal; font-size: 13px; line-height: normal; font-family: 'Helvetica Neue';\">5 \u03bcg<\/p>\n<\/td>\n<td style=\"padding: 1.0px 5.0px 1.0px 5.0px; border: 1.0px solid #9a9a9a;\" valign=\"top\">\n<p style=\"margin-bottom: 0px; font-stretch: normal; font-size: 13px; line-height: normal; font-family: 'Helvetica Neue';\">100 %<\/p>\n<\/td>\n<\/tr>\n<\/tbody>\n<\/table>\n<p style=\"margin-bottom: 0px; font-stretch: normal; font-size: 13px; line-height: normal; font-family: 'Helvetica Neue';\">* RI = algemene referentie-inname<\/p>\n<p style=\"margin-bottom: 0px; font-stretch: normal; font-size: 13px; line-height: normal; font-family: 'Helvetica Neue';\">** 100% pure Groenlipmossel (GLMax\u00ae)<\/p>\n<p style=\"margin-bottom: 0px; font-stretch: normal; font-size: 13px; line-height: normal; font-family: 'Helvetica Neue';\">*** Full Spectrum Curcumine bevat Bio-CM100\u00ae Curcumine<\/p>\n<p style=\"margin-bottom: 0px; font-stretch: normal; font-size: 13px; line-height: normal; font-family: 'Helvetica Neue';\">(goed opneembaar en biologisch actief, met gegarandeerd meer dan 95% curcumino\u00efden) en Turmerosachariden.<\/p>\n<p style=\"margin-bottom: 0px; font-stretch: normal; font-size: 13px; line-height: normal; font-family: 'Helvetica Neue';\">Beide komen uit de geelwortel en zijn 100% natuurlijk.<\/p>\n<p style=\"margin-bottom: 0px; font-stretch: normal; font-size: 13px; line-height: normal; font-family: 'Helvetica Neue';\"><b>\u00a0<\/b><\/p>\n<p style=\"margin-bottom: 0px; font-stretch: normal; font-size: 13px; line-height: normal; font-family: 'Helvetica Neue';\"><b>Ingredienten<\/b><\/p>\n<p style=\"margin-bottom: 0px; font-stretch: normal; font-size: 13px; line-height: normal; font-family: 'Helvetica Neue';\">VISolie, VIS gelatine (capsule), groenlipmossel (WEEKDIEREN; Perna canaliculus; herkomst: Nieuw-Zeeland), zwarte bes (Ribes nigrum)-blad, curcumine (Curcuma longa), vitaminen (vitamine C, vitamine E, vitamine D3), mineralen (calcium), emulgatoren (zonnebloemlecithine, glycerine), stabilisatoren (bijenwas), kleurstoffen (chlorofyline, ijzeroxide)<\/p>\n<p style=\"margin-bottom: 0px; font-stretch: normal; font-size: 13px; line-height: normal; font-family: 'Helvetica Neue';\"><b>\u00a0<\/b><\/p>\n<p style=\"margin-bottom: 0px; font-stretch: normal; font-size: 13px; line-height: normal; font-family: 'Helvetica Neue';\"><b>Gebruik van\u00a0<\/b><span style=\"font-family: 'Open Sans', sans-serif; font-size: 12px; font-weight: bold;\">Synofit Premium Plus groenlipmossel &amp; curcumine<\/span><\/p>\n<p style=\"margin-bottom: 0px; font-stretch: normal; font-size: 13px; line-height: normal; font-family: 'Helvetica Neue';\">Neem gedurende de eerste 40-80 dagen \u00e9\u00e9n Synofit Premium Plus Capsule driemaal daags voor, tijdens of na de maaltijd oraal in. Als uw gewrichten na deze periode soepel en comfortabel blijven aanvoelen, kunt u teruggaan naar de onderhoudsdosering met tweemaal daags \u00e9\u00e9n Synofit Premium Plus Capsule. In sommige gevallen is \u00e9\u00e9n Synofit Premium Plus Capsule per dag voldoende.<\/p>\n<p style=\"margin-bottom: 0px; font-stretch: normal; font-size: 13px; line-height: normal; font-family: 'Helvetica Neue';\">Synofit Premium Plus Capsules bij voorkeur bewaren op kamertemperatuur.<\/p>\n<p style=\"margin-bottom: 0px; font-stretch: normal; font-size: 13px; line-height: normal; font-family: 'Helvetica Neue';\">Niet aan zonlicht blootstellen.<\/p>\n<p style=\"margin-bottom: 0px; font-stretch: normal; font-size: 13px; line-height: normal; font-family: 'Helvetica Neue';\"><b>\u00a0<\/b><\/p>\n<p style=\"margin-bottom: 0px; font-stretch: normal; font-size: 13px; line-height: normal; font-family: 'Helvetica Neue';\"><b>Fabrikant<\/b><\/p>\n<p style=\"margin-bottom: 0px; font-stretch: normal; font-size: 13px; line-height: normal; font-family: 'Helvetica Neue';\">Synofit Europe B.V.<\/p>\n<p style=\"margin-bottom: 0px; font-stretch: normal; font-size: 13px; line-height: normal; font-family: 'Helvetica Neue';\">Koninginneweg 11<\/p>\n<p style=\"margin-bottom: 0px; font-stretch: normal; font-size: 13px; line-height: normal; font-family: 'Helvetica Neue';\">1217 KP Hilversum<\/p>\n<p style=\"margin-bottom: 0px; font-stretch: normal; font-size: 13px; line-height: normal; font-family: 'Helvetica Neue';\">Dit product is een voedingssupplement.<\/p>\n<p style=\"margin-bottom: 0px; font-stretch: normal; font-size: 13px; line-height: normal; font-family: 'Helvetica Neue'; min-height: 15px;\">\n<p style=\"margin-bottom: 0px; font-stretch: normal; font-size: 13px; line-height: normal; font-family: 'Helvetica Neue';\">Aanbevolen dosering niet overschrijden.<\/p>\n<p style=\"margin-bottom: 0px; font-stretch: normal; font-size: 13px; line-height: normal; font-family: 'Helvetica Neue'; min-height: 15px;\">\n<p style=\"margin-bottom: 0px; font-stretch: normal; font-size: 13px; line-height: normal; font-family: 'Helvetica Neue';\">Een gevarieerde, evenwichtige voeding en een gezonde levensstijl zijn belangrijk. Een voedingssupplement is geen vervanging van een gevarieerde voeding.<\/p>\n<p style=\"margin-bottom: 0px; font-stretch: normal; font-size: 13px; line-height: normal; font-family: 'Helvetica Neue'; min-height: 15px;\">\n<p style=\"margin-bottom: 0px; font-stretch: normal; font-size: 13px; line-height: normal; font-family: 'Helvetica Neue';\">Buiten bereik van jonge kinderen houden.<\/p>\n<p style=\"margin-bottom: 0px; font-stretch: normal; font-size: 13px; line-height: normal; font-family: 'Helvetica Neue'; min-height: 15px;\">\n<p style=\"margin-bottom: 0px; font-stretch: normal; font-size: 13px; line-height: normal; font-family: 'Helvetica Neue';\">Droog, afgesloten en bij kamertemperatuur bewaren, tenzij anders geadviseerd op het etiket.<\/p>\n<p style=\"margin-bottom: 0px; font-stretch: normal; font-size: 13px; line-height: normal; font-family: 'Helvetica Neue'; min-height: 15px;\">\n<p style=\"margin-bottom: 0px; font-stretch: normal; font-size: 13px; line-height: normal; font-family: 'Helvetica Neue';\">Raadpleeg een deskundige alvorens supplementen te gebruiken in geval van zwangerschap, lactatie, medicijngebruik en ziekte<\/p>\n","protected":false},"excerpt":{"rendered":"<p>Synofit Premium Plus groenlipmossel &amp; curcumine Capsules met vloeibare inhoud [&hellip;]<\/p>\n","protected":false},"featured_media":5556,"comment_status":"open","ping_status":"closed","template":"","meta":[],"product_cat":[976,906,1000],"product_tag":[1376,1405,1214,1404],"class_list":{"0":"post-5555","1":"product","2":"type-product","3":"status-publish","4":"has-post-thumbnail","6":"product_brand-synofit","7":"product_cat-curcuma","8":"product_cat-producten","9":"product_cat-voedingssupplementen","10":"product_tag-capsules","11":"product_tag-premium","12":"product_tag-producten","13":"product_tag-synofit","15":"first","16":"onbackorder","17":"taxable","18":"shipping-taxable","19":"purchasable","20":"product-type-simple"},"yoast_head":"<!-- This site is optimized with the Yoast SEO plugin v25.7 - https:\/\/yoast.com\/wordpress\/plugins\/seo\/ -->\n<title>Synofit 60 premium capsules<\/title>\n<meta name=\"description\" content=\"Synofit 60 premium capsules - 60 capsules (). Synofit 60 premium capsules\u00a0.\" \/>\n<meta name=\"robots\" content=\"index, follow, max-snippet:-1, max-image-preview:large, max-video-preview:-1\" \/>\n<link rel=\"canonical\" href=\"https:\/\/www.curavitalis.nl\/webshop\/product\/synofit-60-premium-capsules\/\" \/>\n<meta property=\"og:locale\" content=\"nl_NL\" \/>\n<meta property=\"og:type\" content=\"article\" \/>\n<meta property=\"og:title\" content=\"Synofit 60 premium capsules\" \/>\n<meta property=\"og:description\" content=\"Synofit 60 premium capsules - 60 capsules (). Synofit 60 premium capsules\u00a0.\" \/>\n<meta property=\"og:url\" content=\"https:\/\/www.curavitalis.nl\/webshop\/product\/synofit-60-premium-capsules\/\" \/>\n<meta property=\"og:site_name\" content=\"Cura Vitalis\" \/>\n<meta property=\"article:publisher\" content=\"https:\/\/www.facebook.com\/curavitalisnl\" \/>\n<meta property=\"article:modified_time\" content=\"2025-12-31T10:43:35+00:00\" \/>\n<meta property=\"og:image\" content=\"https:\/\/www.curavitalis.nl\/webshop\/wp-content\/uploads\/nc\/catalog\/producten\/Synofit\/Synofit-premium-groenlipmossel.jpg\" \/>\n\t<meta property=\"og:image:width\" content=\"710\" \/>\n\t<meta property=\"og:image:height\" content=\"600\" \/>\n\t<meta property=\"og:image:type\" content=\"image\/jpeg\" \/>\n<meta name=\"twitter:card\" content=\"summary_large_image\" \/>\n<meta name=\"twitter:label1\" content=\"Geschatte leestijd\" \/>\n\t<meta name=\"twitter:data1\" content=\"3 minuten\" \/>\n<script type=\"application\/ld+json\" class=\"yoast-schema-graph\">{\"@context\":\"https:\/\/schema.org\",\"@graph\":[{\"@type\":\"WebPage\",\"@id\":\"https:\/\/www.curavitalis.nl\/webshop\/product\/synofit-60-premium-capsules\/\",\"url\":\"https:\/\/www.curavitalis.nl\/webshop\/product\/synofit-60-premium-capsules\/\",\"name\":\"Synofit 60 premium capsules\",\"isPartOf\":{\"@id\":\"https:\/\/www.curavitalis.nl\/webshop\/#website\"},\"primaryImageOfPage\":{\"@id\":\"https:\/\/www.curavitalis.nl\/webshop\/product\/synofit-60-premium-capsules\/#primaryimage\"},\"image\":{\"@id\":\"https:\/\/www.curavitalis.nl\/webshop\/product\/synofit-60-premium-capsules\/#primaryimage\"},\"thumbnailUrl\":\"https:\/\/www.curavitalis.nl\/webshop\/wp-content\/uploads\/nc\/catalog\/producten\/Synofit\/Synofit-premium-groenlipmossel.jpg\",\"datePublished\":\"2017-10-25T16:18:47+00:00\",\"dateModified\":\"2025-12-31T10:43:35+00:00\",\"description\":\"Synofit 60 premium capsules - 60 capsules (). Synofit 60 premium capsules\u00a0.\",\"breadcrumb\":{\"@id\":\"https:\/\/www.curavitalis.nl\/webshop\/product\/synofit-60-premium-capsules\/#breadcrumb\"},\"inLanguage\":\"nl-NL\",\"potentialAction\":[{\"@type\":\"ReadAction\",\"target\":[\"https:\/\/www.curavitalis.nl\/webshop\/product\/synofit-60-premium-capsules\/\"]}]},{\"@type\":\"ImageObject\",\"inLanguage\":\"nl-NL\",\"@id\":\"https:\/\/www.curavitalis.nl\/webshop\/product\/synofit-60-premium-capsules\/#primaryimage\",\"url\":\"https:\/\/www.curavitalis.nl\/webshop\/wp-content\/uploads\/nc\/catalog\/producten\/Synofit\/Synofit-premium-groenlipmossel.jpg\",\"contentUrl\":\"https:\/\/www.curavitalis.nl\/webshop\/wp-content\/uploads\/nc\/catalog\/producten\/Synofit\/Synofit-premium-groenlipmossel.jpg\",\"width\":710,\"height\":600,\"caption\":\"Synofit Premium Plus groenlipmossel & curcumine\"},{\"@type\":\"BreadcrumbList\",\"@id\":\"https:\/\/www.curavitalis.nl\/webshop\/product\/synofit-60-premium-capsules\/#breadcrumb\",\"itemListElement\":[{\"@type\":\"ListItem\",\"position\":1,\"name\":\"Home\",\"item\":\"https:\/\/www.curavitalis.nl\/webshop\/\"},{\"@type\":\"ListItem\",\"position\":2,\"name\":\"Webshop\",\"item\":\"https:\/\/www.curavitalis.nl\/webshop\/webshop\/\"},{\"@type\":\"ListItem\",\"position\":3,\"name\":\"Synofit Premium Plus groenlipmossel &#038; curcumine\"}]},{\"@type\":\"WebSite\",\"@id\":\"https:\/\/www.curavitalis.nl\/webshop\/#website\",\"url\":\"https:\/\/www.curavitalis.nl\/webshop\/\",\"name\":\"Cura Vitalis\",\"description\":\"Webshop\",\"publisher\":{\"@id\":\"https:\/\/www.curavitalis.nl\/webshop\/#organization\"},\"potentialAction\":[{\"@type\":\"SearchAction\",\"target\":{\"@type\":\"EntryPoint\",\"urlTemplate\":\"https:\/\/www.curavitalis.nl\/webshop\/?s={search_term_string}\"},\"query-input\":{\"@type\":\"PropertyValueSpecification\",\"valueRequired\":true,\"valueName\":\"search_term_string\"}}],\"inLanguage\":\"nl-NL\"},{\"@type\":\"Organization\",\"@id\":\"https:\/\/www.curavitalis.nl\/webshop\/#organization\",\"name\":\"Cura Vitalis\",\"url\":\"https:\/\/www.curavitalis.nl\/webshop\/\",\"logo\":{\"@type\":\"ImageObject\",\"inLanguage\":\"nl-NL\",\"@id\":\"https:\/\/www.curavitalis.nl\/webshop\/#\/schema\/logo\/image\/\",\"url\":\"https:\/\/www.curavitalis.nl\/webshop\/wp-content\/uploads\/2024\/10\/logo-curavitalis-small.png\",\"contentUrl\":\"https:\/\/www.curavitalis.nl\/webshop\/wp-content\/uploads\/2024\/10\/logo-curavitalis-small.png\",\"width\":350,\"height\":158,\"caption\":\"Cura Vitalis\"},\"image\":{\"@id\":\"https:\/\/www.curavitalis.nl\/webshop\/#\/schema\/logo\/image\/\"},\"sameAs\":[\"https:\/\/www.facebook.com\/curavitalisnl\"]}]}<\/script>\n<!-- \/ Yoast SEO plugin. -->","yoast_head_json":{"title":"Synofit 60 premium capsules","description":"Synofit 60 premium capsules - 60 capsules (). Synofit 60 premium capsules\u00a0.","robots":{"index":"index","follow":"follow","max-snippet":"max-snippet:-1","max-image-preview":"max-image-preview:large","max-video-preview":"max-video-preview:-1"},"canonical":"https:\/\/www.curavitalis.nl\/webshop\/product\/synofit-60-premium-capsules\/","og_locale":"nl_NL","og_type":"article","og_title":"Synofit 60 premium capsules","og_description":"Synofit 60 premium capsules - 60 capsules (). Synofit 60 premium capsules\u00a0.","og_url":"https:\/\/www.curavitalis.nl\/webshop\/product\/synofit-60-premium-capsules\/","og_site_name":"Cura Vitalis","article_publisher":"https:\/\/www.facebook.com\/curavitalisnl","article_modified_time":"2025-12-31T10:43:35+00:00","og_image":[{"width":710,"height":600,"url":"https:\/\/www.curavitalis.nl\/webshop\/wp-content\/uploads\/nc\/catalog\/producten\/Synofit\/Synofit-premium-groenlipmossel.jpg","type":"image\/jpeg"}],"twitter_card":"summary_large_image","twitter_misc":{"Geschatte leestijd":"3 minuten"},"schema":{"@context":"https:\/\/schema.org","@graph":[{"@type":"WebPage","@id":"https:\/\/www.curavitalis.nl\/webshop\/product\/synofit-60-premium-capsules\/","url":"https:\/\/www.curavitalis.nl\/webshop\/product\/synofit-60-premium-capsules\/","name":"Synofit 60 premium capsules","isPartOf":{"@id":"https:\/\/www.curavitalis.nl\/webshop\/#website"},"primaryImageOfPage":{"@id":"https:\/\/www.curavitalis.nl\/webshop\/product\/synofit-60-premium-capsules\/#primaryimage"},"image":{"@id":"https:\/\/www.curavitalis.nl\/webshop\/product\/synofit-60-premium-capsules\/#primaryimage"},"thumbnailUrl":"https:\/\/www.curavitalis.nl\/webshop\/wp-content\/uploads\/nc\/catalog\/producten\/Synofit\/Synofit-premium-groenlipmossel.jpg","datePublished":"2017-10-25T16:18:47+00:00","dateModified":"2025-12-31T10:43:35+00:00","description":"Synofit 60 premium capsules - 60 capsules (). Synofit 60 premium capsules\u00a0.","breadcrumb":{"@id":"https:\/\/www.curavitalis.nl\/webshop\/product\/synofit-60-premium-capsules\/#breadcrumb"},"inLanguage":"nl-NL","potentialAction":[{"@type":"ReadAction","target":["https:\/\/www.curavitalis.nl\/webshop\/product\/synofit-60-premium-capsules\/"]}]},{"@type":"ImageObject","inLanguage":"nl-NL","@id":"https:\/\/www.curavitalis.nl\/webshop\/product\/synofit-60-premium-capsules\/#primaryimage","url":"https:\/\/www.curavitalis.nl\/webshop\/wp-content\/uploads\/nc\/catalog\/producten\/Synofit\/Synofit-premium-groenlipmossel.jpg","contentUrl":"https:\/\/www.curavitalis.nl\/webshop\/wp-content\/uploads\/nc\/catalog\/producten\/Synofit\/Synofit-premium-groenlipmossel.jpg","width":710,"height":600,"caption":"Synofit Premium Plus groenlipmossel & curcumine"},{"@type":"BreadcrumbList","@id":"https:\/\/www.curavitalis.nl\/webshop\/product\/synofit-60-premium-capsules\/#breadcrumb","itemListElement":[{"@type":"ListItem","position":1,"name":"Home","item":"https:\/\/www.curavitalis.nl\/webshop\/"},{"@type":"ListItem","position":2,"name":"Webshop","item":"https:\/\/www.curavitalis.nl\/webshop\/webshop\/"},{"@type":"ListItem","position":3,"name":"Synofit Premium Plus groenlipmossel &#038; curcumine"}]},{"@type":"WebSite","@id":"https:\/\/www.curavitalis.nl\/webshop\/#website","url":"https:\/\/www.curavitalis.nl\/webshop\/","name":"Cura Vitalis","description":"Webshop","publisher":{"@id":"https:\/\/www.curavitalis.nl\/webshop\/#organization"},"potentialAction":[{"@type":"SearchAction","target":{"@type":"EntryPoint","urlTemplate":"https:\/\/www.curavitalis.nl\/webshop\/?s={search_term_string}"},"query-input":{"@type":"PropertyValueSpecification","valueRequired":true,"valueName":"search_term_string"}}],"inLanguage":"nl-NL"},{"@type":"Organization","@id":"https:\/\/www.curavitalis.nl\/webshop\/#organization","name":"Cura Vitalis","url":"https:\/\/www.curavitalis.nl\/webshop\/","logo":{"@type":"ImageObject","inLanguage":"nl-NL","@id":"https:\/\/www.curavitalis.nl\/webshop\/#\/schema\/logo\/image\/","url":"https:\/\/www.curavitalis.nl\/webshop\/wp-content\/uploads\/2024\/10\/logo-curavitalis-small.png","contentUrl":"https:\/\/www.curavitalis.nl\/webshop\/wp-content\/uploads\/2024\/10\/logo-curavitalis-small.png","width":350,"height":158,"caption":"Cura Vitalis"},"image":{"@id":"https:\/\/www.curavitalis.nl\/webshop\/#\/schema\/logo\/image\/"},"sameAs":["https:\/\/www.facebook.com\/curavitalisnl"]}]}},"_links":{"self":[{"href":"https:\/\/www.curavitalis.nl\/webshop\/wp-json\/wp\/v2\/product\/5555","targetHints":{"allow":["GET"]}}],"collection":[{"href":"https:\/\/www.curavitalis.nl\/webshop\/wp-json\/wp\/v2\/product"}],"about":[{"href":"https:\/\/www.curavitalis.nl\/webshop\/wp-json\/wp\/v2\/types\/product"}],"replies":[{"embeddable":true,"href":"https:\/\/www.curavitalis.nl\/webshop\/wp-json\/wp\/v2\/comments?post=5555"}],"wp:featuredmedia":[{"embeddable":true,"href":"https:\/\/www.curavitalis.nl\/webshop\/wp-json\/wp\/v2\/media\/5556"}],"wp:attachment":[{"href":"https:\/\/www.curavitalis.nl\/webshop\/wp-json\/wp\/v2\/media?parent=5555"}],"wp:term":[{"taxonomy":"product_cat","embeddable":true,"href":"https:\/\/www.curavitalis.nl\/webshop\/wp-json\/wp\/v2\/product_cat?post=5555"},{"taxonomy":"product_tag","embeddable":true,"href":"https:\/\/www.curavitalis.nl\/webshop\/wp-json\/wp\/v2\/product_tag?post=5555"}],"curies":[{"name":"wp","href":"https:\/\/api.w.org\/{rel}","templated":true}]}}