{"id":17770,"date":"2025-05-10T18:19:08","date_gmt":"2025-05-10T17:19:08","guid":{"rendered":"https:\/\/www.curavitalis.nl\/webshop\/?post_type=product&#038;p=17770"},"modified":"2026-01-20T11:26:15","modified_gmt":"2026-01-20T10:26:15","slug":"schi-ub-hyperthyreoidie-chipkaart-mauermann","status":"publish","type":"product","link":"https:\/\/www.curavitalis.nl\/webshop\/product\/schi-ub-hyperthyreoidie-chipkaart-mauermann\/","title":{"rendered":"Schi-\u00dcb Hyperthyreo\u00efdie chipkaart Mauermann"},"content":{"rendered":"<h1><strong>Schi-\u00dcb H<b>yperthyreo\u00efdie<\/b> chipkaart Mauermann<\/strong><\/h1>\n<p>De chipkaarten die worden aangeboden op de website van Cura Vitalis kunnen worden gebruikt in combinatie met alle <a href=\"https:\/\/www.curavitalis.nl\/webshop\/zapper\/\"><strong>Diamond Shield zappers.<\/strong><\/a><\/p>\n<p>12 Frequenties | Duur: 36 minuten<\/p>\n<p><strong>Ondersteunende chipkaarten zijn:<\/strong><\/p>\n<ul>\n<li>Chipkaart DR\u00dc Mauermann<\/li>\n<li>Chipkaart SD Baklayan<\/li>\n<\/ul>\n<p>Vraag de complete lijst aan met chipkaarten van Baklayan, Hulda Clark en Mauermann:\u00a0<a href=\"mailto:info@curavitalis.nl\"><strong>info@curavitalis.nl<\/strong><\/a><\/p>\n<p class=\"p1\"><b>Klachten die een te snel werkende schildklier (hyperthyreo\u00efdie) kunnen veroorzaken:<\/b><\/p>\n<ul class=\"ul1\">\n<li class=\"li1\">hartkloppingen.<\/li>\n<li class=\"li1\">koorts.<\/li>\n<li class=\"li1\">vermoeidheid.<\/li>\n<li class=\"li1\">snelle, regelmatige polsslag.<\/li>\n<li class=\"li1\">opgejaagd en\/of zenuwachtig gevoel.<\/li>\n<li class=\"li1\">stemmingswisselingen.<\/li>\n<li class=\"li1\">overmatig transpireren.<\/li>\n<li class=\"li1\">trillende handen\/vingers.<\/li>\n<li>Ga bij klachten en voor een diagnose naar je huisarts of specialist<\/li>\n<\/ul>\n<p><strong>Disclaimer: <\/strong><\/p>\n<p>De informatie over de aangeboden chipkaarten en frequentieprogramma&#8217;s is gebaseerd op inzichten en ervaringen uit de alternatieve gezondheidszorg. De werking van deze producten en de bijbehorende toepassingen worden niet erkend door de reguliere geneeskunde. De producten zijn niet bedoeld ter vervanging van professioneel medisch advies, diagnose of behandeling door een arts, therapeut of andere gekwalificeerde zorgverlener. Ze zijn geen medische hulpmiddelen en niet bedoeld om ziekten te diagnosticeren, behandelen, genezen of voorkomen. Raadpleeg bij gezondheidsklachten altijd een bevoegd arts.<\/p>\n<p>&nbsp;<\/p>\n<p><strong>Leverancier<\/strong><\/p>\n<p>Daniel Mauermann<br \/>\nBahnhofstr. 17, 86919 Utting<\/p>\n<p>Duitsland<br \/>\nTel: (+49) \u2013 8806 \u2013 643 97 12<\/p>\n","protected":false},"excerpt":{"rendered":"<p>Schi-\u00dcb Hyperthyreo\u00efdie chipkaart Mauermann De chipkaarten die worden aangeboden op [&hellip;]<\/p>\n","protected":false},"featured_media":17394,"comment_status":"open","ping_status":"closed","template":"","meta":[],"product_cat":[8676,5246],"product_tag":[2707,5875,5380,5874],"class_list":{"0":"post-17770","1":"product","2":"type-product","3":"status-publish","4":"has-post-thumbnail","6":"product_brand-mauermann","7":"product_cat-chipkaarten","8":"product_cat-chipkaarten-volgens-jutta-mauermann-diamond-shield-zapper-toebehoren","9":"product_tag-chipkaart","10":"product_tag-hyperthyreoidie","11":"product_tag-jutta-mauermann","12":"product_tag-schi-ub-chipkaart","14":"first","15":"instock","16":"taxable","17":"shipping-taxable","18":"purchasable","19":"product-type-simple"},"yoast_head":"<!-- This site is optimized with the Yoast SEO plugin v25.7 - https:\/\/yoast.com\/wordpress\/plugins\/seo\/ -->\n<title>Schi-\u00dcb Hyperthyreo\u00efdie chipkaart Mauermann - Cura Vitalis<\/title>\n<meta name=\"robots\" content=\"index, follow, max-snippet:-1, max-image-preview:large, max-video-preview:-1\" \/>\n<link rel=\"canonical\" href=\"https:\/\/www.curavitalis.nl\/webshop\/product\/schi-ub-hyperthyreoidie-chipkaart-mauermann\/\" \/>\n<meta property=\"og:locale\" content=\"nl_NL\" \/>\n<meta property=\"og:type\" content=\"article\" \/>\n<meta property=\"og:title\" content=\"Schi-\u00dcb Hyperthyreo\u00efdie chipkaart Mauermann - Cura Vitalis\" \/>\n<meta property=\"og:description\" content=\"Schi-\u00dcb Hyperthyreo\u00efdie chipkaart Mauermann De chipkaarten die worden aangeboden op [&hellip;]\" \/>\n<meta property=\"og:url\" content=\"https:\/\/www.curavitalis.nl\/webshop\/product\/schi-ub-hyperthyreoidie-chipkaart-mauermann\/\" \/>\n<meta property=\"og:site_name\" content=\"Cura Vitalis\" \/>\n<meta property=\"article:publisher\" content=\"https:\/\/www.facebook.com\/curavitalisnl\" \/>\n<meta property=\"article:modified_time\" content=\"2026-01-20T10:26:15+00:00\" \/>\n<meta property=\"og:image\" content=\"https:\/\/www.curavitalis.nl\/webshop\/wp-content\/uploads\/2025\/04\/Mauermann-chipkaart-Cura-Vitalis-1.jpg\" \/>\n\t<meta property=\"og:image:width\" content=\"1000\" \/>\n\t<meta property=\"og:image:height\" content=\"1000\" \/>\n\t<meta property=\"og:image:type\" content=\"image\/jpeg\" \/>\n<meta name=\"twitter:card\" content=\"summary_large_image\" \/>\n<meta name=\"twitter:label1\" content=\"Geschatte leestijd\" \/>\n\t<meta name=\"twitter:data1\" content=\"1 minuut\" \/>\n<script type=\"application\/ld+json\" class=\"yoast-schema-graph\">{\"@context\":\"https:\/\/schema.org\",\"@graph\":[{\"@type\":\"WebPage\",\"@id\":\"https:\/\/www.curavitalis.nl\/webshop\/product\/schi-ub-hyperthyreoidie-chipkaart-mauermann\/\",\"url\":\"https:\/\/www.curavitalis.nl\/webshop\/product\/schi-ub-hyperthyreoidie-chipkaart-mauermann\/\",\"name\":\"Schi-\u00dcb Hyperthyreo\u00efdie chipkaart Mauermann - Cura Vitalis\",\"isPartOf\":{\"@id\":\"https:\/\/www.curavitalis.nl\/webshop\/#website\"},\"primaryImageOfPage\":{\"@id\":\"https:\/\/www.curavitalis.nl\/webshop\/product\/schi-ub-hyperthyreoidie-chipkaart-mauermann\/#primaryimage\"},\"image\":{\"@id\":\"https:\/\/www.curavitalis.nl\/webshop\/product\/schi-ub-hyperthyreoidie-chipkaart-mauermann\/#primaryimage\"},\"thumbnailUrl\":\"https:\/\/www.curavitalis.nl\/webshop\/wp-content\/uploads\/2025\/04\/Mauermann-chipkaart-Cura-Vitalis-1.jpg\",\"datePublished\":\"2025-05-10T17:19:08+00:00\",\"dateModified\":\"2026-01-20T10:26:15+00:00\",\"breadcrumb\":{\"@id\":\"https:\/\/www.curavitalis.nl\/webshop\/product\/schi-ub-hyperthyreoidie-chipkaart-mauermann\/#breadcrumb\"},\"inLanguage\":\"nl-NL\",\"potentialAction\":[{\"@type\":\"ReadAction\",\"target\":[\"https:\/\/www.curavitalis.nl\/webshop\/product\/schi-ub-hyperthyreoidie-chipkaart-mauermann\/\"]}]},{\"@type\":\"ImageObject\",\"inLanguage\":\"nl-NL\",\"@id\":\"https:\/\/www.curavitalis.nl\/webshop\/product\/schi-ub-hyperthyreoidie-chipkaart-mauermann\/#primaryimage\",\"url\":\"https:\/\/www.curavitalis.nl\/webshop\/wp-content\/uploads\/2025\/04\/Mauermann-chipkaart-Cura-Vitalis-1.jpg\",\"contentUrl\":\"https:\/\/www.curavitalis.nl\/webshop\/wp-content\/uploads\/2025\/04\/Mauermann-chipkaart-Cura-Vitalis-1.jpg\",\"width\":1000,\"height\":1000,\"caption\":\"De chipkaarten van Mauermann, die worden aangeboden op de website van Cura Vitalis kunnen worden gebruikt in combinatie met alle Diamond Shield zappers.\"},{\"@type\":\"BreadcrumbList\",\"@id\":\"https:\/\/www.curavitalis.nl\/webshop\/product\/schi-ub-hyperthyreoidie-chipkaart-mauermann\/#breadcrumb\",\"itemListElement\":[{\"@type\":\"ListItem\",\"position\":1,\"name\":\"Home\",\"item\":\"https:\/\/www.curavitalis.nl\/webshop\/\"},{\"@type\":\"ListItem\",\"position\":2,\"name\":\"Webshop\",\"item\":\"https:\/\/www.curavitalis.nl\/webshop\/webshop\/\"},{\"@type\":\"ListItem\",\"position\":3,\"name\":\"Schi-\u00dcb Hyperthyreo\u00efdie chipkaart Mauermann\"}]},{\"@type\":\"WebSite\",\"@id\":\"https:\/\/www.curavitalis.nl\/webshop\/#website\",\"url\":\"https:\/\/www.curavitalis.nl\/webshop\/\",\"name\":\"Cura Vitalis\",\"description\":\"Webshop\",\"publisher\":{\"@id\":\"https:\/\/www.curavitalis.nl\/webshop\/#organization\"},\"potentialAction\":[{\"@type\":\"SearchAction\",\"target\":{\"@type\":\"EntryPoint\",\"urlTemplate\":\"https:\/\/www.curavitalis.nl\/webshop\/?s={search_term_string}\"},\"query-input\":{\"@type\":\"PropertyValueSpecification\",\"valueRequired\":true,\"valueName\":\"search_term_string\"}}],\"inLanguage\":\"nl-NL\"},{\"@type\":\"Organization\",\"@id\":\"https:\/\/www.curavitalis.nl\/webshop\/#organization\",\"name\":\"Cura Vitalis\",\"url\":\"https:\/\/www.curavitalis.nl\/webshop\/\",\"logo\":{\"@type\":\"ImageObject\",\"inLanguage\":\"nl-NL\",\"@id\":\"https:\/\/www.curavitalis.nl\/webshop\/#\/schema\/logo\/image\/\",\"url\":\"https:\/\/www.curavitalis.nl\/webshop\/wp-content\/uploads\/2024\/10\/logo-curavitalis-small.png\",\"contentUrl\":\"https:\/\/www.curavitalis.nl\/webshop\/wp-content\/uploads\/2024\/10\/logo-curavitalis-small.png\",\"width\":350,\"height\":158,\"caption\":\"Cura Vitalis\"},\"image\":{\"@id\":\"https:\/\/www.curavitalis.nl\/webshop\/#\/schema\/logo\/image\/\"},\"sameAs\":[\"https:\/\/www.facebook.com\/curavitalisnl\"]}]}<\/script>\n<!-- \/ Yoast SEO plugin. -->","yoast_head_json":{"title":"Schi-\u00dcb Hyperthyreo\u00efdie chipkaart Mauermann - Cura Vitalis","robots":{"index":"index","follow":"follow","max-snippet":"max-snippet:-1","max-image-preview":"max-image-preview:large","max-video-preview":"max-video-preview:-1"},"canonical":"https:\/\/www.curavitalis.nl\/webshop\/product\/schi-ub-hyperthyreoidie-chipkaart-mauermann\/","og_locale":"nl_NL","og_type":"article","og_title":"Schi-\u00dcb Hyperthyreo\u00efdie chipkaart Mauermann - Cura Vitalis","og_description":"Schi-\u00dcb Hyperthyreo\u00efdie chipkaart Mauermann De chipkaarten die worden aangeboden op [&hellip;]","og_url":"https:\/\/www.curavitalis.nl\/webshop\/product\/schi-ub-hyperthyreoidie-chipkaart-mauermann\/","og_site_name":"Cura Vitalis","article_publisher":"https:\/\/www.facebook.com\/curavitalisnl","article_modified_time":"2026-01-20T10:26:15+00:00","og_image":[{"width":1000,"height":1000,"url":"https:\/\/www.curavitalis.nl\/webshop\/wp-content\/uploads\/2025\/04\/Mauermann-chipkaart-Cura-Vitalis-1.jpg","type":"image\/jpeg"}],"twitter_card":"summary_large_image","twitter_misc":{"Geschatte leestijd":"1 minuut"},"schema":{"@context":"https:\/\/schema.org","@graph":[{"@type":"WebPage","@id":"https:\/\/www.curavitalis.nl\/webshop\/product\/schi-ub-hyperthyreoidie-chipkaart-mauermann\/","url":"https:\/\/www.curavitalis.nl\/webshop\/product\/schi-ub-hyperthyreoidie-chipkaart-mauermann\/","name":"Schi-\u00dcb Hyperthyreo\u00efdie chipkaart Mauermann - Cura Vitalis","isPartOf":{"@id":"https:\/\/www.curavitalis.nl\/webshop\/#website"},"primaryImageOfPage":{"@id":"https:\/\/www.curavitalis.nl\/webshop\/product\/schi-ub-hyperthyreoidie-chipkaart-mauermann\/#primaryimage"},"image":{"@id":"https:\/\/www.curavitalis.nl\/webshop\/product\/schi-ub-hyperthyreoidie-chipkaart-mauermann\/#primaryimage"},"thumbnailUrl":"https:\/\/www.curavitalis.nl\/webshop\/wp-content\/uploads\/2025\/04\/Mauermann-chipkaart-Cura-Vitalis-1.jpg","datePublished":"2025-05-10T17:19:08+00:00","dateModified":"2026-01-20T10:26:15+00:00","breadcrumb":{"@id":"https:\/\/www.curavitalis.nl\/webshop\/product\/schi-ub-hyperthyreoidie-chipkaart-mauermann\/#breadcrumb"},"inLanguage":"nl-NL","potentialAction":[{"@type":"ReadAction","target":["https:\/\/www.curavitalis.nl\/webshop\/product\/schi-ub-hyperthyreoidie-chipkaart-mauermann\/"]}]},{"@type":"ImageObject","inLanguage":"nl-NL","@id":"https:\/\/www.curavitalis.nl\/webshop\/product\/schi-ub-hyperthyreoidie-chipkaart-mauermann\/#primaryimage","url":"https:\/\/www.curavitalis.nl\/webshop\/wp-content\/uploads\/2025\/04\/Mauermann-chipkaart-Cura-Vitalis-1.jpg","contentUrl":"https:\/\/www.curavitalis.nl\/webshop\/wp-content\/uploads\/2025\/04\/Mauermann-chipkaart-Cura-Vitalis-1.jpg","width":1000,"height":1000,"caption":"De chipkaarten van Mauermann, die worden aangeboden op de website van Cura Vitalis kunnen worden gebruikt in combinatie met alle Diamond Shield zappers."},{"@type":"BreadcrumbList","@id":"https:\/\/www.curavitalis.nl\/webshop\/product\/schi-ub-hyperthyreoidie-chipkaart-mauermann\/#breadcrumb","itemListElement":[{"@type":"ListItem","position":1,"name":"Home","item":"https:\/\/www.curavitalis.nl\/webshop\/"},{"@type":"ListItem","position":2,"name":"Webshop","item":"https:\/\/www.curavitalis.nl\/webshop\/webshop\/"},{"@type":"ListItem","position":3,"name":"Schi-\u00dcb Hyperthyreo\u00efdie chipkaart Mauermann"}]},{"@type":"WebSite","@id":"https:\/\/www.curavitalis.nl\/webshop\/#website","url":"https:\/\/www.curavitalis.nl\/webshop\/","name":"Cura Vitalis","description":"Webshop","publisher":{"@id":"https:\/\/www.curavitalis.nl\/webshop\/#organization"},"potentialAction":[{"@type":"SearchAction","target":{"@type":"EntryPoint","urlTemplate":"https:\/\/www.curavitalis.nl\/webshop\/?s={search_term_string}"},"query-input":{"@type":"PropertyValueSpecification","valueRequired":true,"valueName":"search_term_string"}}],"inLanguage":"nl-NL"},{"@type":"Organization","@id":"https:\/\/www.curavitalis.nl\/webshop\/#organization","name":"Cura Vitalis","url":"https:\/\/www.curavitalis.nl\/webshop\/","logo":{"@type":"ImageObject","inLanguage":"nl-NL","@id":"https:\/\/www.curavitalis.nl\/webshop\/#\/schema\/logo\/image\/","url":"https:\/\/www.curavitalis.nl\/webshop\/wp-content\/uploads\/2024\/10\/logo-curavitalis-small.png","contentUrl":"https:\/\/www.curavitalis.nl\/webshop\/wp-content\/uploads\/2024\/10\/logo-curavitalis-small.png","width":350,"height":158,"caption":"Cura Vitalis"},"image":{"@id":"https:\/\/www.curavitalis.nl\/webshop\/#\/schema\/logo\/image\/"},"sameAs":["https:\/\/www.facebook.com\/curavitalisnl"]}]}},"_links":{"self":[{"href":"https:\/\/www.curavitalis.nl\/webshop\/wp-json\/wp\/v2\/product\/17770","targetHints":{"allow":["GET"]}}],"collection":[{"href":"https:\/\/www.curavitalis.nl\/webshop\/wp-json\/wp\/v2\/product"}],"about":[{"href":"https:\/\/www.curavitalis.nl\/webshop\/wp-json\/wp\/v2\/types\/product"}],"replies":[{"embeddable":true,"href":"https:\/\/www.curavitalis.nl\/webshop\/wp-json\/wp\/v2\/comments?post=17770"}],"wp:featuredmedia":[{"embeddable":true,"href":"https:\/\/www.curavitalis.nl\/webshop\/wp-json\/wp\/v2\/media\/17394"}],"wp:attachment":[{"href":"https:\/\/www.curavitalis.nl\/webshop\/wp-json\/wp\/v2\/media?parent=17770"}],"wp:term":[{"taxonomy":"product_cat","embeddable":true,"href":"https:\/\/www.curavitalis.nl\/webshop\/wp-json\/wp\/v2\/product_cat?post=17770"},{"taxonomy":"product_tag","embeddable":true,"href":"https:\/\/www.curavitalis.nl\/webshop\/wp-json\/wp\/v2\/product_tag?post=17770"}],"curies":[{"name":"wp","href":"https:\/\/api.w.org\/{rel}","templated":true}]}}