{"id":4756,"date":"2024-10-16T13:57:39","date_gmt":"2024-10-16T13:57:39","guid":{"rendered":"https:\/\/www.curavitalis.nl\/webshop\/?page_id=4756"},"modified":"2025-03-09T13:58:12","modified_gmt":"2025-03-09T12:58:12","slug":"dailyvit-bv","status":"publish","type":"page","link":"https:\/\/www.curavitalis.nl\/webshop\/dailyvit-bv\/","title":{"rendered":"Dailyvit BV"},"content":{"rendered":"<div class=\"fusion-fullwidth fullwidth-box fusion-builder-row-1 fusion-flex-container nonhundred-percent-fullwidth non-hundred-percent-height-scrolling\" style=\"--awb-border-radius-top-left:0px;--awb-border-radius-top-right:0px;--awb-border-radius-bottom-right:0px;--awb-border-radius-bottom-left:0px;--awb-flex-wrap:wrap;\" ><div class=\"fusion-builder-row fusion-row fusion-flex-align-items-flex-start fusion-flex-content-wrap\" style=\"max-width:1430px;margin-left: calc(-4% \/ 2 );margin-right: calc(-4% \/ 2 );\"><div class=\"fusion-layout-column fusion_builder_column fusion-builder-column-0 fusion_builder_column_1_1 1_1 fusion-flex-column\" style=\"--awb-bg-blend:overlay;--awb-bg-size:cover;--awb-width-large:100%;--awb-margin-top-large:0px;--awb-spacing-right-large:1.92%;--awb-margin-bottom-large:0px;--awb-spacing-left-large:1.92%;--awb-width-medium:100%;--awb-spacing-right-medium:1.92%;--awb-spacing-left-medium:1.92%;--awb-width-small:100%;--awb-spacing-right-small:1.92%;--awb-spacing-left-small:1.92%;\"><div class=\"fusion-column-wrapper fusion-flex-justify-content-flex-start fusion-content-layout-column\"><div class=\"fusion-title title fusion-title-1 fusion-sep-none fusion-title-text fusion-title-size-two\"><h2 class=\"fusion-title-heading title-heading-left\" style=\"font-family:&quot;Roboto&quot;;font-style:normal;font-weight:700;margin:0;text-transform:none;\">Dailyvit BV<\/h2><\/div><div class=\"fusion-text fusion-text-1\"><h2>Distributeur van Altrient<\/h2>\n<p>De best verkochte liposomale vitamine C bij Cura Vitalis!<\/p>\n<p>Altrient wordt gedistribueerd door Dailyvit B.V. Cura Vitalis verkoopt Altrient liposomale vitamine C. Deze doet alles wat je van vitamine C mag verwachten. De werking is 5x effici\u00ebnter dan de Vitamine C pillen die je online koopt of in de winkel ziet. Door de liposomale vorm wordt tot 98% van dit vitamine C supplement direct opgenomen in je bloedbaan. Deze microscopisch kleine \u2018vetbolletjes\u2019, ofwel liposomen, beschermen de werkzame stof. Hierdoor wordt Altrient vitamine C niet afgebroken in het maag-darm kanaal.&nbsp;<a href=\"https:\/\/www.curavitalis.nl\/webshop\/altrient-c-liposomale-vitamine-c-30s.html\" target=\"_blank\" rel=\"noopener\">Bestel je Altrient C nu online bij Cura Vitalis.<\/a><\/p>\n<ul>\n<li>Vitamine C ondersteunt het immuunsysteem.<\/li>\n<li>Vitamine C helpt bij de verzorging van de huid van binnenuit.<\/li>\n<\/ul>\n<p>De liposomen in Livon Vitamine C fungeren als een soort \u2018schoenlepel\u2019 en leveren de werkzame stof van Altrient C razendsnel in je cellen af. Deze voordelen van liposomale vitamine C zorgen mede voor een goede weerstand wanneer je lichaam dat nodig heeft, zoals in een periode van kou en griep in de winter.<\/p>\n<p><strong>Muriel Rijper, eigenaar van Dailyvit bv<\/strong><\/p>\n<p>Muriel Rijper&nbsp;is exclusief Nederlands distributeur voor de Altrient producten van LivOn Laboratories.15 Jaar geleden is Muriel begonnen met het importeren van natuurlijke voedingssupplementen vanuit de USA, omdat ze daar vaak n\u00e9t een stapje v\u00f3\u00f3r lopen qua kennis en ontwikkeling van de meest werkzame en kwalitatief hoogwaardige voedingssupplementen.<\/p>\n<p>Kwaliteit is voor Muriel Rijper altijd een belangrijke maatstaf geweest, dat mensen terugkomen voor een product omdat ze daadwerkelijk verschil merken in hun eigen gezondheid en welzijn. Verder is ze persoonlijk overtuigd van de kwaliteit van Altrient C omdat het een product is dat op hoogwaardige manier geproduceerd wordt, dat door de jaren heen is blijven ontwikkelen om zo een n\u00f3g betere kwaliteit en effectiviteit te garanderen en waarvan er, qua ingredienten, kwaliteit, structuur, houdbaarheid en bewezen effectiviteit,&nbsp;<strong>geen gelijke op de markt bestaat.`<\/strong><\/p>\n<\/div><div class=\"fusion-text fusion-text-2\"><div class=\"woocommerce columns-4\"><\/div>\n<\/div><\/div><\/div><\/div><\/div>\n","protected":false},"excerpt":{"rendered":"","protected":false},"author":1,"featured_media":0,"parent":0,"menu_order":0,"comment_status":"closed","ping_status":"closed","template":"","meta":{"footnotes":""},"class_list":["post-4756","page","type-page","status-publish","hentry"],"yoast_head":"<!-- This site is optimized with the Yoast SEO plugin v25.7 - https:\/\/yoast.com\/wordpress\/plugins\/seo\/ -->\n<title>Dailyvit BV - Cura Vitalis<\/title>\n<meta name=\"robots\" content=\"index, follow, max-snippet:-1, max-image-preview:large, max-video-preview:-1\" \/>\n<link rel=\"canonical\" href=\"https:\/\/www.curavitalis.nl\/webshop\/dailyvit-bv\/\" \/>\n<meta property=\"og:locale\" content=\"nl_NL\" \/>\n<meta property=\"og:type\" content=\"article\" \/>\n<meta property=\"og:title\" content=\"Dailyvit BV - Cura Vitalis\" \/>\n<meta property=\"og:url\" content=\"https:\/\/www.curavitalis.nl\/webshop\/dailyvit-bv\/\" \/>\n<meta property=\"og:site_name\" content=\"Cura Vitalis\" \/>\n<meta property=\"article:publisher\" content=\"https:\/\/www.facebook.com\/curavitalisnl\" \/>\n<meta property=\"article:modified_time\" content=\"2025-03-09T12:58:12+00:00\" \/>\n<meta name=\"twitter:card\" content=\"summary_large_image\" \/>\n<meta name=\"twitter:label1\" content=\"Geschatte leestijd\" \/>\n\t<meta name=\"twitter:data1\" content=\"3 minuten\" \/>\n<script type=\"application\/ld+json\" class=\"yoast-schema-graph\">{\"@context\":\"https:\/\/schema.org\",\"@graph\":[{\"@type\":\"WebPage\",\"@id\":\"https:\/\/www.curavitalis.nl\/webshop\/dailyvit-bv\/\",\"url\":\"https:\/\/www.curavitalis.nl\/webshop\/dailyvit-bv\/\",\"name\":\"Dailyvit BV - Cura Vitalis\",\"isPartOf\":{\"@id\":\"https:\/\/www.curavitalis.nl\/webshop\/#website\"},\"datePublished\":\"2024-10-16T13:57:39+00:00\",\"dateModified\":\"2025-03-09T12:58:12+00:00\",\"breadcrumb\":{\"@id\":\"https:\/\/www.curavitalis.nl\/webshop\/dailyvit-bv\/#breadcrumb\"},\"inLanguage\":\"nl-NL\",\"potentialAction\":[{\"@type\":\"ReadAction\",\"target\":[\"https:\/\/www.curavitalis.nl\/webshop\/dailyvit-bv\/\"]}]},{\"@type\":\"BreadcrumbList\",\"@id\":\"https:\/\/www.curavitalis.nl\/webshop\/dailyvit-bv\/#breadcrumb\",\"itemListElement\":[{\"@type\":\"ListItem\",\"position\":1,\"name\":\"Home\",\"item\":\"https:\/\/www.curavitalis.nl\/webshop\/\"},{\"@type\":\"ListItem\",\"position\":2,\"name\":\"Dailyvit BV\"}]},{\"@type\":\"WebSite\",\"@id\":\"https:\/\/www.curavitalis.nl\/webshop\/#website\",\"url\":\"https:\/\/www.curavitalis.nl\/webshop\/\",\"name\":\"Cura Vitalis\",\"description\":\"Webshop\",\"publisher\":{\"@id\":\"https:\/\/www.curavitalis.nl\/webshop\/#organization\"},\"potentialAction\":[{\"@type\":\"SearchAction\",\"target\":{\"@type\":\"EntryPoint\",\"urlTemplate\":\"https:\/\/www.curavitalis.nl\/webshop\/?s={search_term_string}\"},\"query-input\":{\"@type\":\"PropertyValueSpecification\",\"valueRequired\":true,\"valueName\":\"search_term_string\"}}],\"inLanguage\":\"nl-NL\"},{\"@type\":\"Organization\",\"@id\":\"https:\/\/www.curavitalis.nl\/webshop\/#organization\",\"name\":\"Cura Vitalis\",\"url\":\"https:\/\/www.curavitalis.nl\/webshop\/\",\"logo\":{\"@type\":\"ImageObject\",\"inLanguage\":\"nl-NL\",\"@id\":\"https:\/\/www.curavitalis.nl\/webshop\/#\/schema\/logo\/image\/\",\"url\":\"https:\/\/www.curavitalis.nl\/webshop\/wp-content\/uploads\/2024\/10\/logo-curavitalis-small.png\",\"contentUrl\":\"https:\/\/www.curavitalis.nl\/webshop\/wp-content\/uploads\/2024\/10\/logo-curavitalis-small.png\",\"width\":350,\"height\":158,\"caption\":\"Cura Vitalis\"},\"image\":{\"@id\":\"https:\/\/www.curavitalis.nl\/webshop\/#\/schema\/logo\/image\/\"},\"sameAs\":[\"https:\/\/www.facebook.com\/curavitalisnl\"]}]}<\/script>\n<!-- \/ Yoast SEO plugin. -->","yoast_head_json":{"title":"Dailyvit BV - Cura Vitalis","robots":{"index":"index","follow":"follow","max-snippet":"max-snippet:-1","max-image-preview":"max-image-preview:large","max-video-preview":"max-video-preview:-1"},"canonical":"https:\/\/www.curavitalis.nl\/webshop\/dailyvit-bv\/","og_locale":"nl_NL","og_type":"article","og_title":"Dailyvit BV - Cura Vitalis","og_url":"https:\/\/www.curavitalis.nl\/webshop\/dailyvit-bv\/","og_site_name":"Cura Vitalis","article_publisher":"https:\/\/www.facebook.com\/curavitalisnl","article_modified_time":"2025-03-09T12:58:12+00:00","twitter_card":"summary_large_image","twitter_misc":{"Geschatte leestijd":"3 minuten"},"schema":{"@context":"https:\/\/schema.org","@graph":[{"@type":"WebPage","@id":"https:\/\/www.curavitalis.nl\/webshop\/dailyvit-bv\/","url":"https:\/\/www.curavitalis.nl\/webshop\/dailyvit-bv\/","name":"Dailyvit BV - Cura Vitalis","isPartOf":{"@id":"https:\/\/www.curavitalis.nl\/webshop\/#website"},"datePublished":"2024-10-16T13:57:39+00:00","dateModified":"2025-03-09T12:58:12+00:00","breadcrumb":{"@id":"https:\/\/www.curavitalis.nl\/webshop\/dailyvit-bv\/#breadcrumb"},"inLanguage":"nl-NL","potentialAction":[{"@type":"ReadAction","target":["https:\/\/www.curavitalis.nl\/webshop\/dailyvit-bv\/"]}]},{"@type":"BreadcrumbList","@id":"https:\/\/www.curavitalis.nl\/webshop\/dailyvit-bv\/#breadcrumb","itemListElement":[{"@type":"ListItem","position":1,"name":"Home","item":"https:\/\/www.curavitalis.nl\/webshop\/"},{"@type":"ListItem","position":2,"name":"Dailyvit BV"}]},{"@type":"WebSite","@id":"https:\/\/www.curavitalis.nl\/webshop\/#website","url":"https:\/\/www.curavitalis.nl\/webshop\/","name":"Cura Vitalis","description":"Webshop","publisher":{"@id":"https:\/\/www.curavitalis.nl\/webshop\/#organization"},"potentialAction":[{"@type":"SearchAction","target":{"@type":"EntryPoint","urlTemplate":"https:\/\/www.curavitalis.nl\/webshop\/?s={search_term_string}"},"query-input":{"@type":"PropertyValueSpecification","valueRequired":true,"valueName":"search_term_string"}}],"inLanguage":"nl-NL"},{"@type":"Organization","@id":"https:\/\/www.curavitalis.nl\/webshop\/#organization","name":"Cura Vitalis","url":"https:\/\/www.curavitalis.nl\/webshop\/","logo":{"@type":"ImageObject","inLanguage":"nl-NL","@id":"https:\/\/www.curavitalis.nl\/webshop\/#\/schema\/logo\/image\/","url":"https:\/\/www.curavitalis.nl\/webshop\/wp-content\/uploads\/2024\/10\/logo-curavitalis-small.png","contentUrl":"https:\/\/www.curavitalis.nl\/webshop\/wp-content\/uploads\/2024\/10\/logo-curavitalis-small.png","width":350,"height":158,"caption":"Cura Vitalis"},"image":{"@id":"https:\/\/www.curavitalis.nl\/webshop\/#\/schema\/logo\/image\/"},"sameAs":["https:\/\/www.facebook.com\/curavitalisnl"]}]}},"_links":{"self":[{"href":"https:\/\/www.curavitalis.nl\/webshop\/wp-json\/wp\/v2\/pages\/4756","targetHints":{"allow":["GET"]}}],"collection":[{"href":"https:\/\/www.curavitalis.nl\/webshop\/wp-json\/wp\/v2\/pages"}],"about":[{"href":"https:\/\/www.curavitalis.nl\/webshop\/wp-json\/wp\/v2\/types\/page"}],"author":[{"embeddable":true,"href":"https:\/\/www.curavitalis.nl\/webshop\/wp-json\/wp\/v2\/users\/1"}],"replies":[{"embeddable":true,"href":"https:\/\/www.curavitalis.nl\/webshop\/wp-json\/wp\/v2\/comments?post=4756"}],"version-history":[{"count":0,"href":"https:\/\/www.curavitalis.nl\/webshop\/wp-json\/wp\/v2\/pages\/4756\/revisions"}],"wp:attachment":[{"href":"https:\/\/www.curavitalis.nl\/webshop\/wp-json\/wp\/v2\/media?parent=4756"}],"curies":[{"name":"wp","href":"https:\/\/api.w.org\/{rel}","templated":true}]}}